{"id":33992,"date":"2021-06-04T19:14:35","date_gmt":"2021-06-04T17:14:35","guid":{"rendered":"http:\/\/andersa6.sg-host.com\/karlshamn\/?page_id=33992"},"modified":"2021-11-16T15:44:53","modified_gmt":"2021-11-16T14:44:53","slug":"verksamhetsberattelse","status":"publish","type":"page","link":"https:\/\/marinkamraterna.se\/karlshamn\/om-foreningen\/verksamhetsberattelse\/","title":{"rendered":"Verksamhetsber\u00e4ttelse"},"content":{"rendered":"<p><strong>Verksamhetsber\u00e4ttelse f\u00f6r Flottans m\u00e4n i Karlshamn mars 2020 \u2013 mars 2021<\/strong><\/p>\n<p><strong>F\u00f6reningen:<\/strong><\/p>\n<p>Vi har under \u00e5ret haft 89 medlemmar<br \/>\nAvlidna 2020<br \/>\nG\u00f6ran Persson, mars, han var under l\u00e5ng tid styrelsemedlem,\u00a0vice ordf\u00f6rande, klubbm\u00e4stare och stugv\u00e4rd<br \/>\nBj\u00f6rn Ericson, juli, han var styrelsemedlem, kass\u00f6r, stugv\u00e4rd och stugfogde\u00a0samt medlem i s\u00e5ng och musikgruppen under l\u00e5ng tid.<br \/>\nAvlidna 2021<br \/>\nLennart Paulsson, februari, han var v\u00e5r hedersmedlem och \u00e4ldste medlem i f\u00f6reningen som sk\u00e4nkt ett flertal konstverk till oss.<\/p>\n<p><strong>Styrelse<\/strong><\/p>\n<p>Ordf\u00f6rande\u00a0\u00a0 \u00a0\u00a0\u00a0\u00a0 \u00a0\u00a0\u00a0Sewe Lindberg<br \/>\nVice Ordf\u00f6rande\u00a0\u00a0 Bengt Mars<br \/>\nKass\u00f6r\u00a0\u00a0\u00a0\u00a0\u00a0\u00a0\u00a0\u00a0\u00a0\u00a0 \u00a0\u00a0\u00a0\u00a0 \u00a0\u00a0\u00a0G\u00f6ran Fridh<br \/>\nSekreterare\u00a0\u00a0\u00a0\u00a0\u00a0\u00a0\u00a0\u00a0\u00a0\u00a0 Nils Odenberger<br \/>\nLedamot\u00a0\u00a0\u00a0\u00a0\u00a0\u00a0\u00a0\u00a0\u00a0\u00a0\u00a0\u00a0\u00a0\u00a0 Bo Ringdahl, ansvarig f\u00f6r f\u00f6reningsstugan<br \/>\nLedamot\u00a0\u00a0\u00a0\u00a0\u00a0\u00a0\u00a0\u00a0\u00a0\u00a0\u00a0\u00a0\u00a0\u00a0 Irene Ericson<br \/>\nLedamot\u00a0\u00a0\u00a0\u00a0\u00a0 \u00a0\u00a0\u00a0\u00a0\u00a0\u00a0\u00a0\u00a0\u00a0Lars Ingvar Elofsson<br \/>\nAdjungerad\u00a0\u00a0\u00a0\u00a0\u00a0\u00a0\u00a0\u00a0\u00a0 Britt Marie Landgren, bokningsansvarig f\u00f6r klubbstugan<\/p>\n<p>Revisorer\u00a0 \u00a0\u00a0\u00a0 \u00a0\u00a0\u00a0\u00a0\u00a0\u00a0\u00a0Tord Hallberg, Lars Erik Johansson<\/p>\n<p>\u00d6vriga funktioner<br \/>\nValberedning\u00a0 Lars-Erik Johansson, Bertil Carlsson<br \/>\nRiksstyrelse Flottans m\u00e4n ledamot valberedning Sewe Lindberg<br \/>\nWebmaster \u00a0\u00a0 \u00a0\u00a0\u00a0\u00a0\u00a0\u00a0Sewe Lindberg<br \/>\nLedamot styrelse Lars Ingvar Elofsson<\/p>\n<p><strong>Inre verksamhet 2020<\/strong>Under verksamhets\u00e5ret kunde vi, med de restriktioner som d\u00e5 fanns, genomf\u00f6ra en grilltr\u00e4ff den 15 september. Det serverades\u00a0potatissallad och grillad\u00a0fl\u00e4skfil\u00e9. Kaffe och hembakad kaka. Ett<br \/>\ntrettiotal medlemmar nj\u00f6t av str\u00e5lande v\u00e4der och trevlig samvaro. En tyst minut h\u00f6lls f\u00f6r G\u00f6ran Persson och Bj\u00f6rn Ericson\u00a0som avlidit. M\u00e5nadsm\u00f6tet den 12 oktober genomf\u00f6rdes utan g\u00e4stf\u00f6rel\u00e4sning p\u00e5 grund av r\u00e5dande corona situation. V\u00e5r ordf\u00f6rande\u00a0redogjorde f\u00f6r l\u00e4get i f\u00f6reningen och planeringen av en st\u00f6rre renovering av v\u00e5r lokal, som\u00a0styrelsen t\u00e4nkte p\u00e5b\u00f6rja medan all\u00a0uthyrning \u00e4nd\u00e5 \u00e4r vilande. \u00c4ven denna g\u00e5ng hade ett trettiotal medlemmar anslutet.<\/p>\n<p>Vi har under senh\u00f6sten samt nu i b\u00f6rjan p\u00e5 \u00e5ret m\u00e5lat om i k\u00f6k, 3 toaletter samt hallen.<br \/>\nVi h\u00e5ller p\u00e5 att renovera i stora salen d\u00e4r vi bytt tv\u00e5 plankor i golvet, m\u00e5lat v\u00e4ggarna samt kommer att slipa och lacka furugolvet. Dansgolvet kommer vi att olja in n\u00e4r allt \u00e4r klart.<br \/>\n<strong>Slutord<\/strong><br \/>\nAlla Flottans m\u00e4ns f\u00f6reningar har f\u00e5tt ett v\u00e4rdf\u00f6rband och vi fick F17 i Kallinge.<br \/>\nSpontant k\u00e4nns det som vi drog en vinstlott, vi har ett mycket bra samarbete och st\u00f6d med bland annat porto\/kuvert till v\u00e5ra utskick.<br \/>\nVad vi \u00f6nskar nu \u00e4r att vi alla snarast blir vaccinerade och kan b\u00f6rja tr\u00e4ffas igen till v\u00e5rt fina kamratskap och den goda anda som finns i f\u00f6reningen.<\/p>\n<p>Vi planerar f\u00f6r att tr\u00e4ffas och grilla s\u00e5 fort det \u00e4r m\u00f6jligt och att f\u00e5 tr\u00e4ffas igen<\/p>\n<p>&nbsp;<\/p>\n<p>Sewe Lindberg\u00a0\u00a0\u00a0\u00a0\u00a0\u00a0\u00a0\u00a0\u00a0\u00a0\u00a0\u00a0\u00a0\u00a0\u00a0\u00a0\u00a0\u00a0 \u00a0\u00a0\u00a0\u00a0\u00a0\u00a0\u00a0\u00a0\u00a0\u00a0\u00a0\u00a0\u00a0\u00a0\u00a0\u00a0\u00a0\u00a0\u00a0\u00a0\u00a0\u00a0\u00a0\u00a0\u00a0\u00a0\u00a0\u00a0\u00a0\u00a0\u00a0\u00a0\u00a0\u00a0\u00a0\u00a0\u00a0\u00a0\u00a0\u00a0\u00a0\u00a0\u00a0 Bo Ringdahl<\/p>\n<p>Bengt Mars\u00a0\u00a0\u00a0\u00a0\u00a0\u00a0\u00a0\u00a0\u00a0\u00a0\u00a0\u00a0\u00a0\u00a0\u00a0\u00a0\u00a0\u00a0\u00a0\u00a0\u00a0\u00a0\u00a0\u00a0 \u00a0\u00a0\u00a0\u00a0\u00a0\u00a0\u00a0\u00a0\u00a0\u00a0\u00a0\u00a0\u00a0\u00a0\u00a0\u00a0\u00a0\u00a0\u00a0\u00a0\u00a0\u00a0\u00a0\u00a0\u00a0\u00a0\u00a0\u00a0\u00a0\u00a0\u00a0\u00a0\u00a0\u00a0\u00a0\u00a0\u00a0\u00a0\u00a0\u00a0\u00a0\u00a0\u00a0 Irene Ericsso<\/p>\n<p>G\u00f6ran Fridh<\/p>\n","protected":false},"excerpt":{"rendered":"<p>Verksamhetsber\u00e4ttelse f\u00f6r Flottans m\u00e4n i Karlshamn mars 2020 \u2013 mars 2021 F\u00f6reningen: Vi har under \u00e5ret haft 89 medlemmar Avlidna 2020 G\u00f6ran Persson, mars, han var under l\u00e5ng tid styrelsemedlem,\u00a0vice ordf\u00f6rande, klubbm\u00e4stare och stugv\u00e4rd Bj\u00f6rn Ericson, juli, han var styrelsemedlem, kass\u00f6r, stugv\u00e4rd och stugfogde\u00a0samt medlem i s\u00e5ng och musikgruppen under l\u00e5ng tid. Avlidna 2021 Lennart [&hellip;]<\/p>\n","protected":false},"author":1,"featured_media":0,"parent":33152,"menu_order":5,"comment_status":"closed","ping_status":"closed","template":"","meta":{"_et_pb_use_builder":"off","_et_pb_old_content":"","_et_gb_content_width":"","iawp_total_views":240,"footnotes":""},"class_list":["post-33992","page","type-page","status-publish","hentry"],"_links":{"self":[{"href":"https:\/\/marinkamraterna.se\/karlshamn\/wp-json\/wp\/v2\/pages\/33992","targetHints":{"allow":["GET"]}}],"collection":[{"href":"https:\/\/marinkamraterna.se\/karlshamn\/wp-json\/wp\/v2\/pages"}],"about":[{"href":"https:\/\/marinkamraterna.se\/karlshamn\/wp-json\/wp\/v2\/types\/page"}],"author":[{"embeddable":true,"href":"https:\/\/marinkamraterna.se\/karlshamn\/wp-json\/wp\/v2\/users\/1"}],"replies":[{"embeddable":true,"href":"https:\/\/marinkamraterna.se\/karlshamn\/wp-json\/wp\/v2\/comments?post=33992"}],"version-history":[{"count":22,"href":"https:\/\/marinkamraterna.se\/karlshamn\/wp-json\/wp\/v2\/pages\/33992\/revisions"}],"predecessor-version":[{"id":35413,"href":"https:\/\/marinkamraterna.se\/karlshamn\/wp-json\/wp\/v2\/pages\/33992\/revisions\/35413"}],"up":[{"embeddable":true,"href":"https:\/\/marinkamraterna.se\/karlshamn\/wp-json\/wp\/v2\/pages\/33152"}],"wp:attachment":[{"href":"https:\/\/marinkamraterna.se\/karlshamn\/wp-json\/wp\/v2\/media?parent=33992"}],"curies":[{"name":"wp","href":"https:\/\/api.w.org\/{rel}","templated":true}]}}