{"id":23,"date":"2020-12-09T16:01:15","date_gmt":"2020-12-09T15:01:15","guid":{"rendered":"https:\/\/wwps.se\/?page_id=23"},"modified":"2026-04-23T20:56:53","modified_gmt":"2026-04-23T18:56:53","slug":"startsidan","status":"publish","type":"page","link":"https:\/\/marinkamraterna.se\/karlskrona\/","title":{"rendered":"Startsidan"},"content":{"rendered":"<p>[et_pb_section fb_built=&#8221;1&#8243; use_custom_gutter=&#8221;on&#8221; gutter_width=&#8221;2&#8243; specialty=&#8221;on&#8221; padding_top_1=&#8221;45px&#8221; padding_top_2=&#8221;45px&#8221; padding_right_1=&#8221;50px&#8221; padding_right_2=&#8221;30px&#8221; padding_left_1=&#8221;50px&#8221; padding_left_2=&#8221;30px&#8221; padding_top_bottom_link_1=&#8221;false&#8221; padding_top_bottom_link_2=&#8221;false&#8221; padding_left_right_link_1=&#8221;true&#8221; padding_left_right_link_2=&#8221;true&#8221; padding_1_tablet=&#8221;&#8221; padding_1_phone=&#8221;&#8221; padding_1_last_edited=&#8221;on|desktop&#8221; custom_css_main_2=&#8221;border-left: 1px solid #eeeeee&#8221; _builder_version=&#8221;4.27.5&#8243; _module_preset=&#8221;default&#8221; inner_width=&#8221;100%&#8221; custom_margin=&#8221;||||false|false&#8221; custom_padding=&#8221;0px||||false|false&#8221; global_colors_info=&#8221;{}&#8221;][et_pb_column type=&#8221;2_3&#8243; specialty_columns=&#8221;2&#8243; _builder_version=&#8221;4.16&#8243; custom_padding=&#8221;|||&#8221; global_colors_info=&#8221;{}&#8221; custom_padding__hover=&#8221;|||&#8221;][et_pb_row_inner _builder_version=&#8221;4.27.5&#8243; _module_preset=&#8221;default&#8221; custom_margin=&#8221;0px||||false|false&#8221; custom_padding=&#8221;0px||||false|false&#8221; hover_enabled=&#8221;0&#8243; global_colors_info=&#8221;{}&#8221; sticky_enabled=&#8221;0&#8243;][et_pb_column_inner saved_specialty_column_type=&#8221;2_3&#8243; _builder_version=&#8221;4.16&#8243; _module_preset=&#8221;default&#8221; global_colors_info=&#8221;{}&#8221;][et_pb_text _builder_version=&#8221;4.27.5&#8243; _module_preset=&#8221;default&#8221; global_colors_info=&#8221;{}&#8221;]<\/p>\n<p><img decoding=\"async\" src=\"https:\/\/marinkamraterna.se\/karlskrona\/wp-content\/uploads\/sites\/24\/2022\/02\/VisbyGbg-1.png\" \/><\/p>\n<p>[\/et_pb_text][et_pb_text _builder_version=&#8221;4.27.5&#8243; _module_preset=&#8221;default&#8221; global_colors_info=&#8221;{}&#8221;][\/et_pb_text][et_pb_text _builder_version=&#8221;4.27.5&#8243; _module_preset=&#8221;default&#8221; global_colors_info=&#8221;{}&#8221;][\/et_pb_text][et_pb_text _builder_version=&#8221;4.19.4&#8243; _module_preset=&#8221;default&#8221; global_colors_info=&#8221;{}&#8221;]<\/p>\n<h1><strong>V\u00e4lkommen till Marinkamraterna i Karlskrona!<\/strong><\/h1>\n<p>[\/et_pb_text][et_pb_text _builder_version=&#8221;4.21.0&#8243; _module_preset=&#8221;default&#8221; global_colors_info=&#8221;{}&#8221;]<\/p>\n<p>Flottans m\u00e4n \u00e4r en kamratf\u00f6rening med 25 lokalf\u00f6reningar \u00f6ver hela Sverige. Totalt finns i Sverige ca 3 000 medlemmar och v\u00e5r f\u00f6rening i Karlskrona har ca 210 medlemmar. Vi \u00e4r den st\u00f6rsta lokalf\u00f6reningen inom Region Syd.<\/p>\n<p>FM Karlskrona bildades den 25 januari 1938 d\u00e5 150 intresserade personer samlats och beslutade om f\u00f6reningens bildande. Det betyder att vi f\u00f6rra \u00e5ret, 2023, firade v\u00e5r 85-\u00e5riga tillvaro. Verksamheten har utan avbrott fungerat under alla \u00e5ren. V\u00e5rt jubileum uppm\u00e4rksammades i samband med f\u00f6rra sommarens grillfest. En mindre jubileumsskrift har framtagits och har delats ut till v\u00e5ra medlemmar under \u00e5ret.<\/p>\n<p>Flottan M\u00e4n Karlskrona arbetar aktivt f\u00f6r att rekrytera ytterligare medlemmar med inriktning p\u00e5 f\u00f6ryngring och f\u00f6rnyelse.\u00a0 Som medlem s\u00f6ker vi dig som har en tidigare eller p\u00e5g\u00e5ende anst\u00e4llning inom Flottan men \u00e4ven du som har ett genuint f\u00f6rsvarsintresse av svensk marin och dess historia och framtid. Man eller kvinna, alla \u00e4r lika v\u00e4lkomna, som medlemmar i v\u00e5r f\u00f6rening, en kamratf\u00f6rening, vilken har ordet <strong>kamratskap<\/strong> som ledord.<\/p>\n<p>Vi har tidigare haft Fylgia p\u00e5 Sk\u00f6nstavik som v\u00e5r hemvist men med anledning av det f\u00f6r\u00e4ndrade omv\u00e4rldsl\u00e4get har Marinbasens funnit sig n\u00f6dsakad att s\u00e4ga upp oss som hyresg\u00e4ster f\u00f6r att kunna utnyttja lokalerna f\u00f6r sin v\u00e4xande verksamhet.\u00a0 Vi har nu f\u00f6rr\u00e5dsst\u00e4llt v\u00e5ra inventarier i v\u00e4ntan p\u00e5 en ny lokalisering. Vi har fortsatt f\u00f6rhoppningen om att kunna vara p\u00e5 Sk\u00f6nstavik f\u00f6r m\u00f6ten och grillkv\u00e4llar, vilket har utlovats av MarinB, n\u00e4r inte verksamheten s\u00e4tter hinder i v\u00e4gen.\u00a0 Vi har blivit erbjudna att etablera oss i en lokal i Milit\u00e4rhemmet. F\u00f6reningen har st\u00e4llt sig positiv till erbjudandet och f\u00f6rbereder sig f\u00f6r en flytt av verksamheten.\u00a0<\/p>\n<p>Medlemsavgiften \u00e4r f\u00f6r n\u00e4rvarande 250 kr\/\u00e5r, varav 120 kr g\u00e5r till Riksf\u00f6rbundet f\u00f6r att t\u00e4cka deras kostnader. Som medlem f\u00e5r du tidskriften \u201dFlottans M\u00e4n\u201d 4 ggr\/\u00e5r. Varje h\u00f6st utformar vi v\u00e5rt verksamhetsprogram f\u00f6r n\u00e4stkommande \u00e5r, vilket inneh\u00e5ller f\u00f6rel\u00e4sningar, studiebes\u00f6k, resor mm.<\/p>\n<p>\u00c4r du intresserad \u00e4r det enkelt att bli medlem. G\u00e5 in p\u00e5 \u201d<u>Bli medlem<\/u>\u201d \u00f6verst p\u00e5 denna sida eller kontakta n\u00e5gon i <u>styrelsen<\/u> f\u00f6r vidare information.<\/p>\n<p>V\u00e4lkommen som medlem till FM Karlskrona!<\/p>\n<p>[\/et_pb_text][et_pb_image src=&#8221;https:\/\/marinkamraterna.se\/karlskrona\/wp-content\/uploads\/sites\/24\/2023\/11\/85ar_sid1.png&#8221; title_text=&#8221;85\u00e5r Sid1&#8243; _builder_version=&#8221;4.23.1&#8243; _module_preset=&#8221;default&#8221; global_colors_info=&#8221;{}&#8221;][\/et_pb_image][et_pb_image src=&#8221;https:\/\/marinkamraterna.se\/karlskrona\/wp-content\/uploads\/sites\/24\/2023\/11\/85ar_sid2.png&#8221; title_text=&#8221;85\u00e5r Sid2&#8243; _builder_version=&#8221;4.23.1&#8243; _module_preset=&#8221;default&#8221; global_colors_info=&#8221;{}&#8221;][\/et_pb_image][et_pb_image src=&#8221;https:\/\/marinkamraterna.se\/karlskrona\/wp-content\/uploads\/sites\/24\/2023\/11\/85ar_sid3.png&#8221; title_text=&#8221;85\u00e5r Sid3&#8243; _builder_version=&#8221;4.23.1&#8243; _module_preset=&#8221;default&#8221; global_colors_info=&#8221;{}&#8221;][\/et_pb_image][et_pb_image src=&#8221;https:\/\/marinkamraterna.se\/karlskrona\/wp-content\/uploads\/sites\/24\/2023\/11\/85ar_sid4.png&#8221; title_text=&#8221;85\u00e5r Sid4&#8243; _builder_version=&#8221;4.23.1&#8243; _module_preset=&#8221;default&#8221; global_colors_info=&#8221;{}&#8221;][\/et_pb_image][et_pb_image src=&#8221;https:\/\/marinkamraterna.se\/karlskrona\/wp-content\/uploads\/sites\/24\/2022\/08\/IMG_3430.jpg&#8221; title_text=&#8221;IMG 3430&#8243; _builder_version=&#8221;4.18.0&#8243; _module_preset=&#8221;default&#8221; global_colors_info=&#8221;{}&#8221;][\/et_pb_image][\/et_pb_column_inner][\/et_pb_row_inner][et_pb_row_inner _builder_version=&#8221;4.16&#8243; _module_preset=&#8221;default&#8221; global_colors_info=&#8221;{}&#8221;][et_pb_column_inner saved_specialty_column_type=&#8221;2_3&#8243; _builder_version=&#8221;4.16&#8243; _module_preset=&#8221;default&#8221; global_colors_info=&#8221;{}&#8221;][et_pb_image src=&#8221;https:\/\/marinkamraterna.se\/karlskrona\/wp-content\/uploads\/sites\/24\/2022\/02\/CK75614.jpg&#8221; title_text=&#8221; CK75614&#8243; _builder_version=&#8221;4.16&#8243; _module_preset=&#8221;default&#8221; global_colors_info=&#8221;{}&#8221;][\/et_pb_image][\/et_pb_column_inner][\/et_pb_row_inner][\/et_pb_column][et_pb_column type=&#8221;1_3&#8243; _builder_version=&#8221;4.16&#8243; custom_padding=&#8221;|||&#8221; global_colors_info=&#8221;{}&#8221; custom_padding__hover=&#8221;|||&#8221;][et_pb_blurb title=&#8221;Aktuellt&#8221; use_icon=&#8221;on&#8221; font_icon=&#8221;&#xe080;||divi||400&#8243; icon_placement=&#8221;left&#8221; _builder_version=&#8221;4.16&#8243; _module_preset=&#8221;default&#8221; header_font=&#8221;|600||on|||||&#8221; header_font_size=&#8221;20px&#8221; border_width_bottom=&#8221;2px&#8221; border_color_bottom=&#8221;#0C71C3&#8243; locked=&#8221;on&#8221; global_colors_info=&#8221;{}&#8221;][\/et_pb_blurb][et_pb_blog posts_number=&#8221;3&#8243; meta_date=&#8221;j F, Y&#8221; show_thumbnail=&#8221;off&#8221; use_manual_excerpt=&#8221;off&#8221; show_more=&#8221;on&#8221; show_author=&#8221;off&#8221; show_categories=&#8221;off&#8221; show_pagination=&#8221;off&#8221; module_class=&#8221;aktuellt-startsidan&#8221; _builder_version=&#8221;4.16&#8243; _module_preset=&#8221;default&#8221; header_font=&#8221;||||||||&#8221; header_font_size=&#8221;20px&#8221; body_font_size=&#8221;14px&#8221; meta_font=&#8221;||on||||||&#8221; meta_font_size=&#8221;14px&#8221; meta_line_height=&#8221;1em&#8221; read_more_font=&#8221;|600||on|||||&#8221; custom_margin=&#8221;||||false|false&#8221; custom_padding=&#8221;||||false|false&#8221; locked=&#8221;on&#8221; global_colors_info=&#8221;{}&#8221;][\/et_pb_blog][et_pb_button button_url=&#8221;\/mall\/kategori\/nyheter\/&#8221; button_text=&#8221;Se alla nyheter&#8221; button_alignment=&#8221;right&#8221; _builder_version=&#8221;4.16&#8243; _module_preset=&#8221;default&#8221; custom_button=&#8221;on&#8221; button_text_size=&#8221;15px&#8221; button_on_hover=&#8221;off&#8221; custom_margin=&#8221;||50px||false|false&#8221; locked=&#8221;on&#8221; global_colors_info=&#8221;{}&#8221;][\/et_pb_button][et_pb_blurb title=&#8221;Kalendarium&#8221; use_icon=&#8221;on&#8221; font_icon=&#8221;&#xe025;||divi||400&#8243; icon_placement=&#8221;left&#8221; _builder_version=&#8221;4.16&#8243; _module_preset=&#8221;default&#8221; header_font=&#8221;|600||on|||||&#8221; header_font_size=&#8221;20px&#8221; border_width_bottom=&#8221;2px&#8221; border_color_bottom=&#8221;#0C71C3&#8243; locked=&#8221;on&#8221; global_colors_info=&#8221;{}&#8221;]<\/p>\n<p><a href=\"http:\/\/marinkamraterna.se\/karlskrona\/wp-content\/uploads\/sites\/24\/2021\/10\/Minnenas-afton-1.docx\" rel=\"attachment wp-att-35361\"><\/a><\/p>\n<p>[\/et_pb_blurb][et_pb_sidebar area=&#8221;et_pb_widget_area_1&#8243; _builder_version=&#8221;4.27.4&#8243; _module_preset=&#8221;default&#8221; locked=&#8221;on&#8221; global_colors_info=&#8221;{}&#8221;][\/et_pb_sidebar][et_pb_text _builder_version=&#8221;4.16&#8243; _module_preset=&#8221;default&#8221; global_colors_info=&#8221;{}&#8221;][\/et_pb_text][et_pb_blurb title=&#8221;Aktuellt F\u00f6rbundet&#8221; use_icon=&#8221;on&#8221; font_icon=&#8221;&#xe080;||divi||400&#8243; icon_placement=&#8221;left&#8221; _builder_version=&#8221;4.16&#8243; _module_preset=&#8221;default&#8221; header_font=&#8221;|600||on|||||&#8221; header_font_size=&#8221;20px&#8221; border_width_bottom=&#8221;2px&#8221; border_color_bottom=&#8221;#0C71C3&#8243; locked=&#8221;on&#8221; global_colors_info=&#8221;{}&#8221;][\/et_pb_blurb][et_pb_code _builder_version=&#8221;4.16&#8243; _module_preset=&#8221;default&#8221; locked=&#8221;on&#8221; global_colors_info=&#8221;{}&#8221;]<div class=\"wpra-display align\" data-display-id=\"1\" hx-target=\"this\" hx-swap=\"outerHTML\">    <div class=\"wp-rss-aggregator wpra-list-template \">\n        <ul class=\"rss-aggregator wpra-item-list \" start=\"1\">\n                <li class=\"wpra-item feed-item \">\n        <a href=\"https:\/\/marinkamraterna.se\/aktuellt\/2026\/04\/02\/forlangd-anmalningstid-till-riks-26\/\" class=\"\" target=\"_blank\" rel=\"noopener noreferrer nofollow\" style=\"\">F\u00f6rl\u00e4ngd anm\u00e4lningstid till Riks 26<\/a>\n\n        <div class=\"wprss-feed-meta\">\n            \n                <span class=\"feed-date\">\n        Publicerad 2026-04-02\n    <\/span>\n            \n        <\/div>\n\n        \n    <\/li>    <li class=\"wpra-item feed-item \">\n        <a href=\"https:\/\/marinkamraterna.se\/aktuellt\/2026\/02\/10\/riksarsmotet-2026\/\" class=\"\" target=\"_blank\" rel=\"noopener noreferrer nofollow\" style=\"\">Riks\u00e5rsm\u00f6tet 2026<\/a>\n\n        <div class=\"wprss-feed-meta\">\n            \n                <span class=\"feed-date\">\n        Publicerad 2026-02-10\n    <\/span>\n            \n        <\/div>\n\n        \n    <\/li>    <li class=\"wpra-item feed-item \">\n        <a href=\"https:\/\/marinkamraterna.se\/aktuellt\/2025\/12\/02\/hemsidorna-har-nu-bytt-adress\/\" class=\"\" target=\"_blank\" rel=\"noopener noreferrer nofollow\" style=\"\">Hemsidorna har nu bytt adress<\/a>\n\n        <div class=\"wprss-feed-meta\">\n            \n                <span class=\"feed-date\">\n        Publicerad 2025-12-02\n    <\/span>\n            \n        <\/div>\n\n        \n    <\/li>\n        <\/ul>\n    <\/div> <\/div>[\/et_pb_code][et_pb_button button_url=&#8221;\/kategori\/riksnyheter\/&#8221; url_new_window=&#8221;on&#8221; button_text=&#8221;Se alla f\u00f6rbundsnyheter&#8221; button_alignment=&#8221;right&#8221; _builder_version=&#8221;4.16&#8243; _module_preset=&#8221;default&#8221; custom_button=&#8221;on&#8221; button_text_size=&#8221;15px&#8221; button_on_hover=&#8221;off&#8221; custom_margin=&#8221;||||false|false&#8221; locked=&#8221;on&#8221; global_colors_info=&#8221;{}&#8221;][\/et_pb_button][\/et_pb_column][\/et_pb_section]<\/p>\n","protected":false},"excerpt":{"rendered":"<p>V\u00e4lkommen till Marinkamraterna i Karlskrona!Flottans m\u00e4n \u00e4r en kamratf\u00f6rening med 25 lokalf\u00f6reningar \u00f6ver hela Sverige. Totalt finns i Sverige ca 3 000 medlemmar och v\u00e5r f\u00f6rening i Karlskrona har ca 210 medlemmar. Vi \u00e4r den st\u00f6rsta lokalf\u00f6reningen inom Region Syd. FM Karlskrona bildades den 25 januari 1938 d\u00e5 150 intresserade personer samlats och beslutade om [&hellip;]<\/p>\n","protected":false},"author":1,"featured_media":0,"parent":0,"menu_order":0,"comment_status":"closed","ping_status":"closed","template":"","meta":{"_et_pb_use_builder":"on","_et_pb_old_content":"","_et_gb_content_width":"","iawp_total_views":5154,"footnotes":""},"class_list":["post-23","page","type-page","status-publish","hentry"],"_links":{"self":[{"href":"https:\/\/marinkamraterna.se\/karlskrona\/wp-json\/wp\/v2\/pages\/23","targetHints":{"allow":["GET"]}}],"collection":[{"href":"https:\/\/marinkamraterna.se\/karlskrona\/wp-json\/wp\/v2\/pages"}],"about":[{"href":"https:\/\/marinkamraterna.se\/karlskrona\/wp-json\/wp\/v2\/types\/page"}],"author":[{"embeddable":true,"href":"https:\/\/marinkamraterna.se\/karlskrona\/wp-json\/wp\/v2\/users\/1"}],"replies":[{"embeddable":true,"href":"https:\/\/marinkamraterna.se\/karlskrona\/wp-json\/wp\/v2\/comments?post=23"}],"version-history":[{"count":103,"href":"https:\/\/marinkamraterna.se\/karlskrona\/wp-json\/wp\/v2\/pages\/23\/revisions"}],"predecessor-version":[{"id":41099,"href":"https:\/\/marinkamraterna.se\/karlskrona\/wp-json\/wp\/v2\/pages\/23\/revisions\/41099"}],"wp:attachment":[{"href":"https:\/\/marinkamraterna.se\/karlskrona\/wp-json\/wp\/v2\/media?parent=23"}],"curies":[{"name":"wp","href":"https:\/\/api.w.org\/{rel}","templated":true}]}}