{"id":33990,"date":"2021-06-04T19:13:45","date_gmt":"2021-06-04T17:13:45","guid":{"rendered":"http:\/\/andersa6.sg-host.com\/karlskrona\/?page_id=33990"},"modified":"2021-10-12T12:11:48","modified_gmt":"2021-10-12T10:11:48","slug":"stadgar","status":"publish","type":"page","link":"https:\/\/marinkamraterna.se\/karlskrona\/om-foreningen\/stadgar\/","title":{"rendered":"Stadgar"},"content":{"rendered":"<p>[et_pb_section fb_built=&#8221;1&#8243; specialty=&#8221;on&#8221; padding_top_1=&#8221;45px&#8221; padding_top_2=&#8221;45px&#8221; _builder_version=&#8221;4.10.8&#8243; _module_preset=&#8221;default&#8221; custom_padding=&#8221;0px||||false|false&#8221; locked=&#8221;off&#8221; global_colors_info=&#8221;{}&#8221;][et_pb_column type=&#8221;3_4&#8243; specialty_columns=&#8221;3&#8243; _builder_version=&#8221;3.25&#8243; custom_padding=&#8221;|||&#8221; global_colors_info=&#8221;{}&#8221; custom_padding__hover=&#8221;|||&#8221;][et_pb_row_inner _builder_version=&#8221;4.10.8&#8243; _module_preset=&#8221;default&#8221; custom_padding=&#8221;0px||||false|false&#8221; global_colors_info=&#8221;{}&#8221;][et_pb_column_inner saved_specialty_column_type=&#8221;3_4&#8243; _builder_version=&#8221;4.9.3&#8243; _module_preset=&#8221;default&#8221; global_colors_info=&#8221;{}&#8221;][et_pb_post_title meta=&#8221;off&#8221; featured_image=&#8221;off&#8221; _builder_version=&#8221;4.9.3&#8243; _module_preset=&#8221;default&#8221; title_font_size=&#8221;35px&#8221; global_colors_info=&#8221;{}&#8221;][\/et_pb_post_title][et_pb_text _builder_version=&#8221;4.10.8&#8243; _module_preset=&#8221;default&#8221; global_colors_info=&#8221;{}&#8221;]<\/p>\n<p>STADGAR F\u00d6R KAMRATF\u00d6RENINGEN FLOTTANS M\u00c4N KARLSKRONA.<\/p>\n<p>[\/et_pb_text][et_pb_text _builder_version=&#8221;4.10.8&#8243; _module_preset=&#8221;default&#8221; global_colors_info=&#8221;{}&#8221;]<\/p>\n<p>&nbsp;<\/p>\n<p>Fastst\u00e4llda vid sammantr\u00e4den den 23 febr. och 22 nov. 1937, 4 mars 1938 med \u00e4ndringar gjorda 22 febr. 1941 och 21 maj 1964.<\/p>\n<p>Reviderade enligt beslut vid \u00e5rsm\u00f6ten 1984, 2002 och 2021.<\/p>\n<p>&nbsp;<\/p>\n<p>\u00a7 1.\u00a0\u00a0\u00a0\u00a0\u00a0\u00a0\u00a0\u00a0\u00a0\u00a0\u00a0\u00a0\u00a0\u00a0 \u00c4ndam\u00e5l.<\/p>\n<p>Flottans M\u00e4n i Karlskrona \u00e4r en opolitisk lokalf\u00f6rening (LoF) f\u00f6r Karlskrona med omnejd av Riksf\u00f6rbundet Flottans M\u00e4n och har till \u00e4ndam\u00e5l:<\/p>\n<p>\u00b7\u00a0\u00a0\u00a0\u00a0\u00a0\u00a0\u00a0\u00a0 att i samverkan med Riksf\u00f6rbundet bedriva f\u00f6rsvarsupplysningsverksamhet.<\/p>\n<p>\u00b7\u00a0\u00a0\u00a0\u00a0\u00a0\u00a0\u00a0\u00a0 att som ideell f\u00f6rening med \u00f6ppenhet betr\u00e4ffande medlemskap fr\u00e4mja verksamhet av intresse f\u00f6r medlemmarna.<\/p>\n<p>\u00b7\u00a0\u00a0\u00a0\u00a0\u00a0\u00a0\u00a0\u00a0 att utg\u00f6ra en f\u00f6reningsl\u00e4nk mellan dem som tj\u00e4nstg\u00f6r eller har tj\u00e4nstgjort vid Marinen.<\/p>\n<p>\u00b7\u00a0\u00a0\u00a0\u00a0\u00a0\u00a0\u00a0\u00a0 att v\u00e5rda Flottans traditioner men ocks\u00e5 f\u00f6lja det moderna sj\u00f6f\u00f6rsvarets uppgifter, verksamheter och utveckling s\u00e5v\u00e4l inom som utom landet.<\/p>\n<p>\u00b7\u00a0\u00a0\u00a0\u00a0\u00a0\u00a0\u00a0\u00a0 att genom fri och otvungen samvaro p\u00e5 gemensamma minnens grundval fr\u00e4mja ett gott kamratskap mellan f\u00f6reningens medlemmar och med liknande f\u00f6reningar.<\/p>\n<p>&nbsp;<\/p>\n<p>\u00a7 2.\u00a0\u00a0\u00a0\u00a0\u00a0\u00a0\u00a0\u00a0\u00a0\u00a0\u00a0\u00a0\u00a0\u00a0 Medlemskap<\/p>\n<p>F\u00f6r att erh\u00e5lla medlemskap fordras, d\u00e4rest styrelsen ej annorlunda medger, att vara eller ha varit anst\u00e4lld i Marinen. alternativt att d\u00e4r tj\u00e4nstg\u00f6ra eller ha tj\u00e4nstgjort som v\u00e4rnpliktig. Medlemskap kan ocks\u00e5 vinnas av svensk medborgare med stort och aktivt intresse f\u00f6r Marinen och f\u00f6reningens verksamhet.<\/p>\n<p>Beslut ang\u00e5ende medlemskap fattas av f\u00f6reningsstyrelsen genom dess arbetsutskott (AU).<\/p>\n<p>Styrelsen \u00e4ger till f\u00f6reningen kalla hedersmedlem och korresponderande medlem.<\/p>\n<p>Medlem kan efter beslut i styrelsen uteslutas ur f\u00f6reningen. Beslutet skall vara enh\u00e4lligt.<\/p>\n<p>&nbsp;<\/p>\n<p>Medlem skall f\u00f6re februari m\u00e5nads utg\u00e5ng erl\u00e4gga \u00e5rsavgift. \u00c4r denna d\u00e4refter ej erlagd inom en m\u00e5nad efter p\u00e5minnelse, anses medlemmen efter beslut i AU, ha uttr\u00e4tt ur f\u00f6reningen.<\/p>\n<p>Aktuellt medlemsregister skall finnas.<\/p>\n<p>Betr\u00e4ffande medlemsregistrets f\u00f6rande skall anvisningar fr\u00e5n Riksf\u00f6rbundets kansli f\u00f6ljas.<\/p>\n<p>&nbsp;<\/p>\n<p>\u00a7 3.\u00a0\u00a0\u00a0\u00a0\u00a0\u00a0\u00a0\u00a0\u00a0\u00a0\u00a0\u00a0\u00a0\u00a0 Styrelse<\/p>\n<p>F\u00f6reningens angel\u00e4genheter handhas av en styrelse om \u00e5tta ordinarie ledam\u00f6ter. Styrelsen utser vid f\u00f6rsta sammantr\u00e4de efter \u00e5rsm\u00f6te inom sig vice ordf\u00f6rande, kass\u00f6r, sekreterare, vice sekreterare, intendent och milit\u00e4r kontaktman.<\/p>\n<p>F\u00f6reningens firma tecknas av ordf\u00f6randen och kass\u00f6ren gemensamt eller var f\u00f6r sig.<\/p>\n<p>Styrelsen sammantr\u00e4der p\u00e5 kallelse av ordf\u00f6randen eller d\u00e5 minst tre ordinarie ledam\u00f6ter s\u00e5 p\u00e5fordrar. Styrelsen \u00e4r beslutsm\u00e4ssig d\u00e5 minst fem av dess ledam\u00f6ter, d\u00e4ribland ordf\u00f6randen eller vice ordf\u00f6randen \u00e4r n\u00e4rvarande. Kallelse kan ske p\u00e5 enklaste s\u00e4tt.<\/p>\n<p>Styrelsen \u00e4ger kalla adjungerad ledamot, liksom ocks\u00e5 att tills\u00e4tta permanenta eller tillf\u00e4lliga arbetsgrupper\/ kommitt\u00e9er.<\/p>\n<p>&nbsp;<\/p>\n<p>\u00a7 4.\u00a0\u00a0\u00a0\u00a0\u00a0\u00a0\u00a0\u00a0\u00a0\u00a0\u00a0\u00a0\u00a0\u00a0 Arbetsutskott (AU).<\/p>\n<p>Syftet med arbetsutskottet \u00e4r att avlasta styrelsen mindre rutin\u00e4renden och verkst\u00e4llighetsdiskussioner samt att handl\u00e4gga \u00e4renden, som enligt stadgarna och av styrelsen delegerats till arbetsutskottet.<\/p>\n<p>Utskottet utg\u00f6res av ordf\u00f6randen eller vice ordf\u00f6randen, sekreteraren och kass\u00f6ren. Det sammantr\u00e4der p\u00e5 kallelse av tj\u00e4nstf\u00f6rr\u00e4ttande ordf.<\/p>\n<p>AU \u00e4ger inte att ta beslut i principiella fr\u00e5gor.<\/p>\n<p>AU sammantr\u00e4der vid behov och \u00e4ger att till sig adjungera andra personer.<\/p>\n<p>Vid sammantr\u00e4de med AU skall f\u00f6ras protokoll, som vid n\u00e4rmast f\u00f6ljande styrelsesammantr\u00e4de i sin helhet delgives styrelsen.<\/p>\n<p>&nbsp;<\/p>\n<p>&nbsp;<\/p>\n<p>&nbsp;<\/p>\n<p>\u00a7 5.\u00a0\u00a0\u00a0\u00a0\u00a0\u00a0\u00a0\u00a0\u00a0\u00a0\u00a0\u00a0\u00a0\u00a0 Avgifter.<\/p>\n<p>\u00c5rsavgift skall t\u00e4cka f\u00f6reningens l\u00f6pande kostnader inklusive avgifter till Riksf\u00f6rbundet.<\/p>\n<p>\u00c5rsavgift skall h\u00e5llas s\u00e5 l\u00e5g som det \u00e4r m\u00f6jligt. Storleken best\u00e4ms p\u00e5 \u00e5rsm\u00f6te att g\u00e4lla n\u00e4stkommande verksamhets\u00e5r.<\/p>\n<p>Samtliga medlemmars avgifter till Riksf\u00f6rbundet betalas av f\u00f6reningen. Antalet avgifter p\u00e5 medlemsantalet 31 december f\u00f6rlidet kalender\u00e5r.<\/p>\n<p>Hedersmedlem \u00e4r befriad fr\u00e5n \u00e5rsavgift.<\/p>\n<p>Medlem, vars medlemskap upph\u00f6rt, \u00e4ger ej r\u00e4tt att f\u00e5 ers\u00e4ttning f\u00f6r avgifter och insatser.<\/p>\n<p>&nbsp;<\/p>\n<p>\u00a7 6. \u00a0\u00a0\u00a0\u00a0\u00a0\u00a0\u00a0\u00a0\u00a0\u00a0\u00a0\u00a0\u00a0 Revision.<\/p>\n<p>F\u00f6reningens verksamhets- och arbets\u00e5r \u00e4r kalender\u00e5ret. F\u00f6reningens r\u00e4kenskaper skall, avslutade av kass\u00f6ren, l\u00e4mnas till f\u00f6reningens revisorer senast den 20 februari. Revisorerna skall senast vid \u00e5rsm\u00f6tet avl\u00e4mna sin revisionsber\u00e4ttelse.<\/p>\n<p>&nbsp;<\/p>\n<p>\u00a7 7.\u00a0\u00a0\u00a0\u00a0\u00a0\u00a0\u00a0\u00a0\u00a0\u00a0\u00a0\u00a0\u00a0\u00a0 \u00c5rsm\u00f6te<\/p>\n<p>\u00c5rsm\u00f6tet \u00e4r f\u00f6reningens h\u00f6gsta beslutade instans. Det h\u00e5lles under mars m\u00e5nad och skall p\u00e5 vederb\u00f6rligt s\u00e4tt utlysas senast tjugo dagar f\u00f6re m\u00f6tet.<\/p>\n<p>Vid \u00e5rsm\u00f6te skall f\u00f6ljande \u00e4renden behandlas:<\/p>\n<p>1.\u00a0\u00a0\u00a0\u00a0\u00a0 Fr\u00e5ga om m\u00f6tets stadgeenliga utlysande.<\/p>\n<p>2.\u00a0\u00a0\u00a0\u00a0\u00a0 Val av \u00e5rsm\u00f6tespresidium (ordf\u00f6rande och sekreterare).<\/p>\n<p>3.\u00a0\u00a0\u00a0\u00a0\u00a0 Val av tvenne justeringsm\u00e4n, tillika r\u00f6str\u00e4knare, att j\u00e4mte \u00e5rsm\u00f6tesordf\u00f6randen justera dagens protokoll.<\/p>\n<p>4.\u00a0\u00a0\u00a0\u00a0\u00a0 Styrelsens verksamhetsber\u00e4ttelse och ekonomiska redovisning.<\/p>\n<p>5.\u00a0\u00a0\u00a0\u00a0\u00a0 Revisorernas ber\u00e4ttelse.<\/p>\n<p>6.\u00a0\u00a0\u00a0\u00a0\u00a0 Beslut ang\u00e5ende ansvarsfrihet.<\/p>\n<p>7.\u00a0\u00a0\u00a0\u00a0\u00a0 Fastst\u00e4llande av budget och avgifter.<\/p>\n<p>8.\u00a0\u00a0\u00a0\u00a0\u00a0 \u00c4renden som av Riksf\u00f6rbundsstyrelsen h\u00e4nskjutits till v\u00e5r LoF.<\/p>\n<p>9.\u00a0\u00a0\u00a0\u00a0\u00a0 Fr\u00e5gor som stadgeenligt v\u00e4ckts av enskilda medlemmar.<\/p>\n<p>10.\u00a0 Val enligt \u00a7 8.<\/p>\n<p>&nbsp;<\/p>\n<p>&nbsp;<\/p>\n<p>\u00a7 8. \u00a0\u00a0\u00a0\u00a0\u00a0\u00a0\u00a0\u00a0\u00a0\u00a0\u00a0\u00a0\u00a0 Val.<\/p>\n<p>Ordf\u00f6randen v\u00e4ljes av \u00e5rsm\u00f6tet f\u00f6r en tid av ett \u00e5r.<\/p>\n<p>Vid \u00e5rsm\u00f6tet skall v\u00e4ljas, f\u00f6rutom i \u00a7 3 n\u00e4mnd styrelse, tv\u00e5 revisorer j\u00e4mte ers\u00e4ttare, en valberedning om tre personer samt klubbm\u00e4stare. Dessa v\u00e4ljes till halva antalet f\u00f6r en tid av tv\u00e5 \u00e5r.<\/p>\n<p>Avg\u00e5r funktion\u00e4r innan mandattidens utg\u00e5ng, sker fyllnadsval vid \u00e5rsm\u00f6tet.<\/p>\n<p>&nbsp;<\/p>\n<p>\u00a7 9. \u00a0\u00a0\u00a0\u00a0\u00a0\u00a0\u00a0\u00a0\u00a0\u00a0\u00a0\u00a0\u00a0 Valberedning.<\/p>\n<p>Valberedning skall vara representativ och kunna arbeta helt oberoende.<\/p>\n<p>Valberedning utser inom sig ordf\u00f6rande\/sammankallande.<\/p>\n<p>Valberedning \u00e5ligger att senast en m\u00e5nad f\u00f6re \u00e5rsm\u00f6te till styrelsen inge f\u00f6rslag p\u00e5 kandidater enligt \u00a7 8, utom valberedning.<\/p>\n<p>&nbsp;<\/p>\n<p>\u00a7 10.\u00a0\u00a0\u00a0\u00a0\u00a0\u00a0\u00a0\u00a0\u00a0\u00a0\u00a0 R\u00f6str\u00e4tt och beslut.<\/p>\n<p>R\u00f6stber\u00e4ttigad \u00e4r varje medlem, f\u00f6r vilken stadgad avgift till Riksf\u00f6rbundet erlagts.<\/p>\n<p>Beslut fattas med enkel r\u00f6st\u00f6vervikt utom i fr\u00e5gor som omfattas av \u00a7 12 och 13 samt d\u00e5 det g\u00e4ller uteslutning enligt \u00a7 2.<\/p>\n<p>Vid lika r\u00f6stetal g\u00e4ller den mening, som ordf\u00f6randen f\u00f6retr\u00e4der utom vid val och vid sluten omr\u00f6stning, d\u00e4r lottning sker.<\/p>\n<p>Ordf\u00f6randens utslagsr\u00e4tt g\u00e4ller \u00e4ven vid sammantr\u00e4de med styrelse och arbetsutskott.<\/p>\n<p>&nbsp;<\/p>\n<p>\u00a7 11.\u00a0\u00a0\u00a0\u00a0\u00a0\u00a0\u00a0\u00a0\u00a0\u00a0\u00a0 F\u00f6rslagsr\u00e4tt.<\/p>\n<p>Enskild medlem som \u00f6nskar f\u00e5 \u00e4rende pr\u00f6vat av f\u00f6reningens \u00e5rsm\u00f6te, skall f\u00f6re den<\/p>\n<p>1 februari l\u00e4mna fr\u00e5gan skriftligen till styrelsen, som l\u00e4gger fram den med eget yttrande.<\/p>\n<p>&nbsp;<\/p>\n<p>\u00a7 12.\u00a0\u00a0\u00a0\u00a0\u00a0\u00a0\u00a0\u00a0\u00a0\u00a0\u00a0 \u00c4ndring av stadgar.<\/p>\n<p>Beslut om stadge\u00e4ndring fattas av \u00e5rsm\u00f6te och skall, f\u00f6r att \u00e4ga giltighet, bitr\u00e4das av minst tv\u00e5 tredjedelar av de r\u00f6stande medlemmarna.<\/p>\n<p>\u00c4ndrade stadgar \u00e4ger giltighet f.o.m. ing\u00e5ngen av n\u00e4stkommande verksamhets\u00e5r.<\/p>\n<p>\u00a7 13.\u00a0\u00a0\u00a0\u00a0\u00a0\u00a0\u00a0\u00a0\u00a0\u00a0\u00a0 F\u00f6reningens \u00e4godelar.<\/p>\n<p>\u00d6ver f\u00f6reningen \u00e4gda f\u00f6rem\u00e5l och inventarier, \u00e4ven hos f\u00f6reningen deponerade s\u00e5dana, skall f\u00f6rteckning f\u00f6ras. F\u00f6rteckningen j\u00e4mte f\u00f6rs\u00e4kringshandlingar skall f\u00f6rvaras p\u00e5 s\u00e4kert s\u00e4tt. Deponerade f\u00f6rem\u00e5l f\u00f6rses med \u00e4garens namn.<\/p>\n<p>F\u00f6rem\u00e5l av musealt v\u00e4rde f\u00e5r ej avyttras utan s\u00e4rskilda sk\u00e4l och skall dessf\u00f6rinnan ha erbjudits annan LoF av Flottans M\u00e4n samt d\u00e4refter museer inom f\u00f6reningens intresseomr\u00e5de.<\/p>\n<p>Beslut av avyttring av f\u00f6rem\u00e5l och inventarier tas av styrelsen efter EN bordl\u00e4ggning. Saken skall rapporteras till \u00e5rsm\u00f6tet.<\/p>\n<p>&nbsp;<\/p>\n<p>\u00a7 14. \u00a0\u00a0\u00a0\u00a0\u00a0\u00a0\u00a0\u00a0\u00a0\u00a0 Uppl\u00f6sande av lokalf\u00f6reningen.<\/p>\n<p>Beslut om f\u00f6reningens uppl\u00f6sande skall, f\u00f6r att vara giltigt, ha fattats av tv\u00e5 p\u00e5 varandra f\u00f6ljande allm\u00e4nna sammantr\u00e4den, varav det ena skall vara ett \u00e5rsm\u00f6te. Beslutet om uppl\u00f6sning skall vid vart och ett av dessa m\u00f6ten ha bitr\u00e4tts av minst tv\u00e5 tredjedelar av de r\u00f6stande.<\/p>\n<p>D\u00e5 fr\u00e5ga om f\u00f6reningens upplysande v\u00e4ckts, \u00e5ligger det LoF-styrelsen att vid \u00e5rsm\u00f6tet framl\u00e4gga f\u00f6rslag till disponerande av f\u00f6reningens tillg\u00e5ngar p\u00e5 s\u00e4tt. som gagnar Flottans M\u00e4ns syften.<\/p>\n<p>N\u00e4r beslut ang\u00e5ende f\u00f6reningens upph\u00f6rande fattats, skall dess handlingar \u00f6verl\u00e4mnas till Flottans M\u00e4ns Riksf\u00f6rbunds kansli.<\/p>\n<p>Ovanst\u00e5ende stadgar fastlagda genom beslut vid \u00e5rsm\u00f6tet 2002.d<\/p>\n<p>F\u00f6r lokalf\u00f6reningens styrelse:<\/p>\n<p>Kjell Hartvig\u00a0\u00a0\u00a0\u00a0\u00a0\u00a0\u00a0\u00a0\u00a0\u00a0\u00a0\u00a0\u00a0\u00a0\u00a0\u00a0\u00a0\u00a0\u00a0\u00a0\u00a0\u00a0\u00a0\u00a0\u00a0\u00a0\u00a0\u00a0\u00a0\u00a0\u00a0\u00a0\u00a0\u00a0\u00a0\u00a0\u00a0\u00a0\u00a0\u00a0\u00a0\u00a0\u00a0\u00a0<\/p>\n<p>Ordf\u00f6rande\u00a0\u00a0\u00a0\u00a0\u00a0\u00a0\u00a0\u00a0\u00a0\u00a0\u00a0\u00a0\u00a0\u00a0\u00a0\u00a0\u00a0\u00a0\u00a0\u00a0\u00a0\u00a0\u00a0\u00a0\u00a0\u00a0\u00a0\u00a0\u00a0\u00a0\u00a0\u00a0\u00a0\u00a0\u00a0\u00a0\u00a0\u00a0\u00a0\u00a0\u00a0\u00a0\u00a0\u00a0\u00a0 Vidimeras:<\/p>\n<p>\u00a0\u00a0\u00a0\u00a0\u00a0\u00a0\u00a0\u00a0\u00a0\u00a0\u00a0\u00a0\u00a0\u00a0\u00a0\u00a0\u00a0\u00a0\u00a0\u00a0\u00a0\u00a0\u00a0\u00a0\u00a0\u00a0\u00a0\u00a0\u00a0\u00a0\u00a0\u00a0\u00a0\u00a0\u00a0\u00a0\u00a0\u00a0\u00a0\u00a0\u00a0\u00a0\u00a0\u00a0\u00a0\u00a0\u00a0\u00a0\u00a0\u00a0\u00a0\u00a0\u00a0\u00a0\u00a0\u00a0\u00a0\u00a0\u00a0\u00a0\u00a0\u00a0\u00a0\u00a0 Folke Pettersson<\/p>\n<p>\u00a0\u00a0\u00a0\u00a0\u00a0\u00a0\u00a0\u00a0\u00a0\u00a0\u00a0\u00a0\u00a0\u00a0\u00a0\u00a0\u00a0\u00a0\u00a0\u00a0\u00a0\u00a0\u00a0\u00a0\u00a0\u00a0\u00a0\u00a0\u00a0\u00a0\u00a0\u00a0\u00a0\u00a0\u00a0\u00a0\u00a0\u00a0\u00a0\u00a0\u00a0\u00a0\u00a0\u00a0\u00a0\u00a0\u00a0\u00a0\u00a0\u00a0\u00a0\u00a0\u00a0\u00a0\u00a0\u00a0\u00a0\u00a0\u00a0\u00a0\u00a0\u00a0\u00a0\u00a0 Sekreterare<\/p>\n<p>R\u00e4tt avskrivit och \u00f6verf\u00f6rt till Word-dokument den 14 november 2018 intygas av:<\/p>\n<p>G\u00f6ran L\u00f6fgren\u00a0\u00a0\u00a0\u00a0\u00a0\u00a0\u00a0\u00a0\u00a0\u00a0\u00a0\u00a0\u00a0\u00a0\u00a0\u00a0\u00a0\u00a0\u00a0\u00a0\u00a0\u00a0\u00a0\u00a0\u00a0\u00a0\u00a0\u00a0\u00a0\u00a0\u00a0\u00a0\u00a0\u00a0\u00a0\u00a0\u00a0\u00a0\u00a0\u00a0\u00a0 Stellan Andersson<\/p>\n<p>Ordf\u00f6rande\u00a0\u00a0\u00a0\u00a0\u00a0\u00a0\u00a0\u00a0\u00a0\u00a0\u00a0\u00a0\u00a0\u00a0\u00a0\u00a0\u00a0\u00a0\u00a0\u00a0\u00a0\u00a0\u00a0\u00a0\u00a0\u00a0\u00a0\u00a0\u00a0\u00a0\u00a0\u00a0\u00a0\u00a0\u00a0\u00a0\u00a0\u00a0\u00a0\u00a0\u00a0\u00a0\u00a0\u00a0\u00a0 Sekreterare<\/p>\n<p>Stadgedokumentet reviderat vid \u00e5rsm\u00f6te den 12 augusti 2021 d\u00e5 beslut togs att styrelsen fr\u00e5n \u00e5r 2022 skall best\u00e5 av 8 (\u00e5tta) ordinarie ledam\u00f6ter.\u00a0\u00a0\u00a0\u00a0\u00a0\u00a0\u00a0\u00a0\u00a0\u00a0\u00a0\u00a0\u00a0<\/p>\n<p>Your content goes here. Edit or remove this text inline or in the module Content settings. You can also style every aspect of this content in the module Design settings and even apply custom CSS to this text in the module Advanced settings.<\/p>\n<p>[\/et_pb_text][et_pb_text _builder_version=&#8221;4.10.8&#8243; _module_preset=&#8221;default&#8221; global_colors_info=&#8221;{}&#8221;]<\/p>\n<p>Your content goes here. Edit or remove this text inline or in the module Content settings. You can also style every aspect of this content in the module Design settings and even apply custom CSS to this text in the module Advanced settings.<\/p>\n<p>[\/et_pb_text][et_pb_text _builder_version=&#8221;4.10.8&#8243; _module_preset=&#8221;default&#8221; global_colors_info=&#8221;{}&#8221;]<\/p>\n<p>Your content goes here. Edit or remove this text inline or in the module Content settings. You can also style every aspect of this content in the module Design settings and even apply custom CSS to this text in the module Advanced settings.<\/p>\n<p>[\/et_pb_text][\/et_pb_column_inner][\/et_pb_row_inner][et_pb_row_inner column_structure=&#8221;1_2,1_2&#8243; _builder_version=&#8221;4.10.8&#8243; _module_preset=&#8221;default&#8221; custom_padding=&#8221;0px||||false|false&#8221; global_colors_info=&#8221;{}&#8221;][et_pb_column_inner type=&#8221;1_2&#8243; saved_specialty_column_type=&#8221;3_4&#8243; _builder_version=&#8221;4.9.3&#8243; _module_preset=&#8221;default&#8221; global_colors_info=&#8221;{}&#8221;][et_pb_text _builder_version=&#8221;4.9.4&#8243; _module_preset=&#8221;default&#8221; global_colors_info=&#8221;{}&#8221;]<\/p>\n<p>Lorem ipsum dolor sit amet, consectetur adipisicing elit, sed do eiusmod tempor incididunt ut labore et dolore magna aliqua. Ut enim ad minim veniam, quis nostrud exercitation ullamco laboris nisi ut aliquip ex ea commodo consequat. Duis aute irure dolor in reprehenderit in voluptate velit esse cillum dolore eu fugiat nulla pariatur. Excepteur sint occaecat cupidatat non proident, sunt in culpa qui officia deserunt mollit anim id est laborum.<\/p>\n<p>[\/et_pb_text][\/et_pb_column_inner][et_pb_column_inner type=&#8221;1_2&#8243; saved_specialty_column_type=&#8221;3_4&#8243; _builder_version=&#8221;4.9.3&#8243; _module_preset=&#8221;default&#8221; global_colors_info=&#8221;{}&#8221;][et_pb_image src=&#8221;http:\/\/marinkamraterna.se\/karlskrona\/wp-content\/uploads\/sites\/3\/2021\/04\/eumewe-7ewg-1024&#215;683.jpg&#8221; alt=&#8221;ship helm&#8221; title_text=&#8221;Photo by Joseph Barrientos&#8221; _builder_version=&#8221;4.9.4&#8243; _module_preset=&#8221;default&#8221; global_colors_info=&#8221;{}&#8221;][\/et_pb_image][\/et_pb_column_inner][\/et_pb_row_inner][et_pb_row_inner column_structure=&#8221;1_3,1_3,1_3&#8243; _builder_version=&#8221;4.9.3&#8243; _module_preset=&#8221;default&#8221; custom_padding=&#8221;0px||||false|false&#8221; global_colors_info=&#8221;{}&#8221;][et_pb_column_inner type=&#8221;1_3&#8243; saved_specialty_column_type=&#8221;3_4&#8243; _builder_version=&#8221;4.9.3&#8243; _module_preset=&#8221;default&#8221; global_colors_info=&#8221;{}&#8221;][et_pb_image src=&#8221;http:\/\/marinkamraterna.se\/karlskrona\/wp-content\/uploads\/sites\/3\/2021\/04\/i7olrdm9yiw.jpg&#8221; alt=&#8221;green trees on cliff&#8221; title_text=&#8221;Photo by Tom Winckels&#8221; _builder_version=&#8221;4.9.4&#8243; _module_preset=&#8221;default&#8221; global_colors_info=&#8221;{}&#8221;][\/et_pb_image][\/et_pb_column_inner][et_pb_column_inner type=&#8221;1_3&#8243; saved_specialty_column_type=&#8221;3_4&#8243; _builder_version=&#8221;4.9.3&#8243; _module_preset=&#8221;default&#8221; global_colors_info=&#8221;{}&#8221;][et_pb_image src=&#8221;http:\/\/marinkamraterna.se\/karlskrona\/wp-content\/uploads\/sites\/3\/2021\/04\/eumewe-7ewg-1024&#215;683.jpg&#8221; alt=&#8221;ship helm&#8221; title_text=&#8221;Photo by Joseph Barrientos&#8221; _builder_version=&#8221;4.9.4&#8243; _module_preset=&#8221;default&#8221; global_colors_info=&#8221;{}&#8221;][\/et_pb_image][\/et_pb_column_inner][et_pb_column_inner type=&#8221;1_3&#8243; saved_specialty_column_type=&#8221;3_4&#8243; _builder_version=&#8221;4.9.3&#8243; _module_preset=&#8221;default&#8221; global_colors_info=&#8221;{}&#8221;][et_pb_image src=&#8221;http:\/\/marinkamraterna.se\/karlskrona\/wp-content\/uploads\/sites\/3\/2021\/04\/j1ega73qp7c.jpg&#8221; alt=&#8221;black and white sailboat in body of water during sunset&#8221; title_text=&#8221;Photo by Katherine McCormack&#8221; _builder_version=&#8221;4.9.4&#8243; _module_preset=&#8221;default&#8221; global_colors_info=&#8221;{}&#8221;][\/et_pb_image][\/et_pb_column_inner][\/et_pb_row_inner][\/et_pb_column][et_pb_column type=&#8221;1_4&#8243; _builder_version=&#8221;3.25&#8243; custom_padding=&#8221;|||&#8221; global_colors_info=&#8221;{}&#8221; custom_padding__hover=&#8221;|||&#8221;][et_pb_image src=&#8221;http:\/\/marinkamraterna.se\/karlskrona\/wp-content\/uploads\/sites\/3\/2021\/04\/oql0evyd_n8.jpg&#8221; alt=&#8221;body of water during golden hour&#8221; title_text=&#8221;Photo by Joseph Barrientos&#8221; _builder_version=&#8221;4.9.4&#8243; _module_preset=&#8221;default&#8221; custom_margin=&#8221;||10px||false|false&#8221; custom_padding=&#8221;||||false|false&#8221; global_colors_info=&#8221;{}&#8221;][\/et_pb_image][et_pb_text _builder_version=&#8221;4.10.8&#8243; _module_preset=&#8221;default&#8221; text_font=&#8221;||on||||||&#8221; text_font_size=&#8221;14px&#8221; global_colors_info=&#8221;{}&#8221;][\/et_pb_text][et_pb_sidebar orientation=&#8221;right&#8221; area=&#8221;et_pb_widget_area_5&#8243; module_class=&#8221;right-menues&#8221; _builder_version=&#8221;4.9.11&#8243; _module_preset=&#8221;default&#8221; custom_margin=&#8221;||0px||false|false&#8221; global_module=&#8221;35107&#8243; saved_tabs=&#8221;all&#8221; global_colors_info=&#8221;{}&#8221;][\/et_pb_sidebar][et_pb_sidebar orientation=&#8221;right&#8221; _builder_version=&#8221;4.9.4&#8243; _module_preset=&#8221;default&#8221; header_font=&#8221;|600||on|||||&#8221; header_font_size=&#8221;20px&#8221; global_module=&#8221;33531&#8243; saved_tabs=&#8221;all&#8221; locked=&#8221;on&#8221; global_colors_info=&#8221;{}&#8221;][\/et_pb_sidebar][\/et_pb_column][\/et_pb_section]<\/p>\n","protected":false},"excerpt":{"rendered":"<p>STADGAR F\u00d6R KAMRATF\u00d6RENINGEN FLOTTANS M\u00c4N KARLSKRONA.&nbsp; Fastst\u00e4llda vid sammantr\u00e4den den 23 febr. och 22 nov. 1937, 4 mars 1938 med \u00e4ndringar gjorda 22 febr. 1941 och 21 maj 1964. Reviderade enligt beslut vid \u00e5rsm\u00f6ten 1984, 2002 och 2021. &nbsp; \u00a7 1.\u00a0\u00a0\u00a0\u00a0\u00a0\u00a0\u00a0\u00a0\u00a0\u00a0\u00a0\u00a0\u00a0\u00a0 \u00c4ndam\u00e5l. Flottans M\u00e4n i Karlskrona \u00e4r en opolitisk lokalf\u00f6rening (LoF) f\u00f6r Karlskrona med omnejd [&hellip;]<\/p>\n","protected":false},"author":1,"featured_media":0,"parent":33152,"menu_order":4,"comment_status":"closed","ping_status":"closed","template":"","meta":{"_et_pb_use_builder":"on","_et_pb_old_content":"","_et_gb_content_width":"","iawp_total_views":104,"footnotes":""},"class_list":["post-33990","page","type-page","status-publish","hentry"],"_links":{"self":[{"href":"https:\/\/marinkamraterna.se\/karlskrona\/wp-json\/wp\/v2\/pages\/33990","targetHints":{"allow":["GET"]}}],"collection":[{"href":"https:\/\/marinkamraterna.se\/karlskrona\/wp-json\/wp\/v2\/pages"}],"about":[{"href":"https:\/\/marinkamraterna.se\/karlskrona\/wp-json\/wp\/v2\/types\/page"}],"author":[{"embeddable":true,"href":"https:\/\/marinkamraterna.se\/karlskrona\/wp-json\/wp\/v2\/users\/1"}],"replies":[{"embeddable":true,"href":"https:\/\/marinkamraterna.se\/karlskrona\/wp-json\/wp\/v2\/comments?post=33990"}],"version-history":[{"count":13,"href":"https:\/\/marinkamraterna.se\/karlskrona\/wp-json\/wp\/v2\/pages\/33990\/revisions"}],"predecessor-version":[{"id":35483,"href":"https:\/\/marinkamraterna.se\/karlskrona\/wp-json\/wp\/v2\/pages\/33990\/revisions\/35483"}],"up":[{"embeddable":true,"href":"https:\/\/marinkamraterna.se\/karlskrona\/wp-json\/wp\/v2\/pages\/33152"}],"wp:attachment":[{"href":"https:\/\/marinkamraterna.se\/karlskrona\/wp-json\/wp\/v2\/media?parent=33990"}],"curies":[{"name":"wp","href":"https:\/\/api.w.org\/{rel}","templated":true}]}}