{"id":33992,"date":"2021-06-04T19:14:35","date_gmt":"2021-06-04T17:14:35","guid":{"rendered":"http:\/\/andersa6.sg-host.com\/karlskrona\/?page_id=33992"},"modified":"2026-03-16T14:19:11","modified_gmt":"2026-03-16T13:19:11","slug":"verksamhetsberattelse","status":"publish","type":"page","link":"https:\/\/marinkamraterna.se\/karlskrona\/om-foreningen\/verksamhetsberattelse\/","title":{"rendered":"Verksamhetsber\u00e4ttelse"},"content":{"rendered":"<p>[et_pb_section fb_built=&#8221;1&#8243; admin_label=&#8221;section&#8221; _builder_version=&#8221;4.16&#8243; global_colors_info=&#8221;{}&#8221;][et_pb_row _builder_version=&#8221;4.27.4&#8243; _module_preset=&#8221;default&#8221; global_colors_info=&#8221;{}&#8221;][et_pb_column type=&#8221;4_4&#8243; _builder_version=&#8221;4.27.4&#8243; _module_preset=&#8221;default&#8221; global_colors_info=&#8221;{}&#8221;][et_pb_text _builder_version=&#8221;4.27.4&#8243; _module_preset=&#8221;default&#8221; global_colors_info=&#8221;{}&#8221;]<\/p>\n<p><strong>Verksamhetsber\u00e4ttelse 2025-01-01 &#8211; 2025-12-31.<\/strong><\/p>\n<p>I enlighet med stadgarna \u00a7 7 f\u00e5r styrelsen f\u00f6r Kamratf\u00f6reningen Flottans M\u00e4n Karlskrona avl\u00e4mna f\u00f6ljande verksamhetsber\u00e4ttelse.<\/p>\n<p><strong><u>Styrelse.<\/u><\/strong><\/p>\n<p>F\u00f6reningens styrelse f\u00f6r 2025 har best\u00e5tt av:<\/p>\n<p><strong>Ordinarie ledam\u00f6ter.<\/strong><\/p>\n<p>Lars Sager\u00a0 \u00a0 \u00a0 \u00a0 \u00a0 \u00a0 \u00a0 \u00a0 \u00a0 \u00a0 \u00a0 \u00a0 \u00a0 \u00a0 Ordf\u00f6rande<\/p>\n<p>Hans Tornerhjelm\u00a0\u00a0\u00a0\u00a0\u00a0\u00a0\u00a0\u00a0\u00a0\u00a0\u00a0\u00a0\u00a0 Vice ordf\u00f6rande<\/p>\n<p>Tommy Johansson\u00a0\u00a0\u00a0\u00a0\u00a0\u00a0\u00a0\u00a0\u00a0\u00a0\u00a0\u00a0\u00a0 Sekreterare\/WEB-ansvarig<\/p>\n<p>Anders Bj\u00f6rk\u00a0 \u00a0 \u00a0 \u00a0 \u00a0 \u00a0 \u00a0 \u00a0 \u00a0 \u00a0 \u00a0 \u00a0 Kass\u00f6r<\/p>\n<p>Lennart H\u00e5kansson\u00a0\u00a0\u00a0\u00a0\u00a0\u00a0\u00a0\u00a0\u00a0\u00a0\u00a0\u00a0 Intendent<\/p>\n<p>Ulf Gustafsson\u00a0 \u00a0 \u00a0 \u00a0 \u00a0 \u00a0 \u00a0 \u00a0 \u00a0 \u00a0 \u00a0Ledamot<\/p>\n<p>Anders Olofsson\u00a0 \u00a0 \u00a0 \u00a0 \u00a0 \u00a0 \u00a0 \u00a0 \u00a0Ledamot<\/p>\n<p>Kenneth J\u00f6nsson\u00a0 \u00a0 \u00a0 \u00a0 \u00a0 \u00a0 \u00a0 \u00a0 Ledamot<\/p>\n<p>Per Nejdefelt\u00a0\u00a0\u00a0\u00a0\u00a0\u00a0\u00a0\u00a0\u00a0\u00a0\u00a0\u00a0\u00a0\u00a0\u00a0\u00a0\u00a0\u00a0\u00a0\u00a0\u00a0 Adjungerad<\/p>\n<p><strong>\u00a0<\/strong><strong style=\"font-size: 15px\">Klubbm\u00e4stare.<\/strong><\/p>\n<p>Vakant<\/p>\n<p><strong>Revisorer.<\/strong><\/p>\n<p>Rolf Johansson\u00a0\u00a0\u00a0\u00a0\u00a0\u00a0\u00a0\u00a0\u00a0\u00a0\u00a0\u00a0\u00a0\u00a0\u00a0\u00a0\u00a0\u00a0\u00a0 Ordinarie<\/p>\n<p>Peter Fjellvind\u00a0\u00a0\u00a0\u00a0\u00a0\u00a0\u00a0\u00a0\u00a0\u00a0\u00a0\u00a0\u00a0\u00a0\u00a0\u00a0\u00a0\u00a0\u00a0 Ordinarie<\/p>\n<p>Philip Nielsen\u00a0\u00a0\u00a0\u00a0\u00a0\u00a0\u00a0\u00a0\u00a0\u00a0\u00a0\u00a0\u00a0\u00a0\u00a0\u00a0\u00a0\u00a0\u00a0\u00a0\u00a0 Suppleant<\/p>\n<p><strong>Valberedning.<\/strong><\/p>\n<p>Ingeman J\u00f6nsson (sammankallande)<\/p>\n<p>Lars Gelderman<\/p>\n<p>Carl-Olof Nordb\u00e4ck<\/p>\n<p>\u00a0<strong><u>F\u00f6reningens medlemsantal.<\/u><\/strong><\/p>\n<p>Medlemsantalet uppgick den 31 december 2025 till 206 medlemmar<\/p>\n<p>Detta \u00e4r en \u00f6kning med 2 medlemmar j\u00e4mf\u00f6rt med f\u00f6reg\u00e5ende \u00e5r.<\/p>\n<p>Under 2025 fick vi 14 nya medlemmar.<\/p>\n<p>Under \u00e5ret avled 6 av v\u00e5ra kamrater.<\/p>\n<p>Sex medlemmar valde att inte f\u00f6rnya sitt medlemskap.<\/p>\n<p><strong><u>M\u00f6tesverksamheten i sammandrag<\/u><\/strong><strong>.<\/strong><\/p>\n<p>Under verksamhets\u00e5ret har f\u00f6reningens styrelse haft 11 protokollf\u00f6rda sammantr\u00e4den.<\/p>\n<p>Medlemmarna har varit kallade till fem medlemsm\u00f6ten, ut\u00f6ver \u00e5rsm\u00f6te, med intressanta f\u00f6rel\u00e4sningar och oktoberfest.<\/p>\n<p><u>Verksamheten i sammandrag:<\/u><\/p>\n<ul>\n<li>Medlemsm\u00f6tet den 16 januari inneh\u00f6ll ett mycket intressant f\u00f6redrag om den siste b\u00e5tsmannen. F\u00f6redragsh\u00e5llare var Karl-Erik Andersson som gav en initierad beskrivning av b\u00e5tsmanshush\u00e5llet. 27 deltagare.<\/li>\n<\/ul>\n<p>\u00a0<span style=\"font-size: 15px\">Vid medlemsm\u00f6tet den 13 februari ber\u00e4ttade v\u00e5r medlem Ingvar Alml\u00f6f om sina kommenderingar p\u00e5 12 torped- och robotb\u00e5tar. 35 deltagare.<\/span><\/p>\n<p>\u00a0<span style=\"font-size: 15px\">Stadgeenligt \u00e5rsm\u00f6te h\u00f6lls den 13 mars med 27 deltagare. \u00c5rsm\u00f6tet beslutade f\u00f6ljande sammans\u00e4ttning av styrelsen f\u00f6r 2025:<\/span><\/p>\n<p>Omval av Lars Sager som ordf\u00f6rande. Omval av Anders Olofsson, Hans Tornerhjelm och Tommy Johansson. Fyllnadsval av Kenneth J\u00f6nsson och Ulf Gustafsson. Kvarvarande mandat har Lennart H\u00e5kansson och Anders Bj\u00f6rk.<\/p>\n<p>\u00a0Rolf Johansson omvaldes som revisor och som revisorssuppleant omvaldes Christer Cardell. De \u00f6vriga revisorerna kvarst\u00e5r i sina funktioner.<\/p>\n<p>Valberedning valdes och best\u00e5r under 2025 av Ingeman J\u00f6nsson, Carl Nordb\u00e4ck och Lars Gelderman.<\/p>\n<p>F\u00f6reningen hade tre medlemmar som efter 18 \u00e5r \u00e4r ber\u00e4ttigade att erh\u00e5lla FM Veterantecken. Av veteranerna var Stellan Andersson n\u00e4rvarande vid m\u00f6tet och erh\u00f6ll veterantecknet av ordf\u00f6randen. Anders M\u00e5rtensson och Carl-Johan Andersson hade inte m\u00f6jlighet n\u00e4rvara vid \u00e5rsm\u00f6tet. De har erh\u00e5llit sina Veterantecken med post.<\/p>\n<p>\u00a0Avg\u00e5ende styrelseledamoten Per Nejdefelt avtackades f\u00f6r sina insatser till f\u00f6reningens fromma av ordf\u00f6randen och erh\u00f6ll blommor som tack.<\/p>\n<p>Avg\u00e5ende ledamoten i styrelsen Carl Nordb\u00e4ck kunde inte n\u00e4rvar och avtackas vid senare tillf\u00e4lle.<\/p>\n<p>Efter \u00e5rsm\u00f6tet bj\u00f6ds p\u00e5 f\u00f6rfriskning och d\u00e4refter en v\u00e4llagad 3-r\u00e4tters meny.<\/p>\n<p>\u00a0<span style=\"font-size: 15px\">Den 10 april genomf\u00f6rdes ett studiebes\u00f6k till Gr\u00f6na G\u00e5ngen. 13 deltagare.<\/span><\/p>\n<p>\u00a0<span style=\"font-size: 15px\">Den 11\u201313 maj genomf\u00f6rdes \u00e5rets Riks\u00e5rsm\u00f6te i Ronneby. FM Karlskrona ansvarade f\u00f6r planering och genomf\u00f6rande vilket innebar en stor arbetsbelastning f\u00f6r styrelsen under v\u00e5ren. M\u00f6tet genomf\u00f6rdes enligt fastst\u00e4llt program och blev mycket uppskattat. Bland annat genomf\u00f6rdes en guidad busstur till Karlskrona och en vandring i Brunnsparken med lokal guid.<\/span><\/p>\n<p>Ekonomiskt blev det ett nollresultat vilket f\u00e5r anses bra med tanke p\u00e5 alla os\u00e4kerheter som ett arrangemang i den h\u00e4r storleken inneb\u00e4r.<\/p>\n<p>&nbsp;<\/p>\n<p>\u00a0<span style=\"font-size: 15px\">Den 14 augusti genomf\u00f6rdes v\u00e5r traditionella grillfest vid Fylgia med 55 deltagare.<\/span><\/p>\n<p>Ordf\u00f6randen h\u00e4lsade alla v\u00e4lkomna till en trevlig eftermiddag varefter svenska flaggan hissades under h\u00f6gtidliga former.<\/p>\n<p>Det blev en verkligt trevlig eftermiddag d\u00e5 Hans-Peter Nilsson serverade en grillbuff\u00e9 till deltagarna med assistans av styrelsen.<\/p>\n<p>&nbsp;<\/p>\n<ul>\n<li>Den 11 september genomf\u00f6rdes v\u00e5rt f\u00f6rsta medlemsm\u00f6te i Milit\u00e4rhemmet. Kv\u00e4llens tema var filmafton. Hans Tornerhjelm visade filmerna\u201d G\u00f6ta Lejon\u201d och\u201d Jagaren Hallands sista resa 1982\u201d till allm\u00e4n f\u00f6rn\u00f6jelse. 21 deltagare.<\/li>\n<\/ul>\n<p>V\u00e5ra nya lokaler i Milit\u00e4rhemmet f\u00e5r d\u00e4rmed anses invigda!<\/p>\n<p>&nbsp;<\/p>\n<ul>\n<li>Den 18 september h\u00f6lls ett extra \u00e5rsm\u00f6te I Stockholm. M\u00f6tet beslutade att \u00e4ndra f\u00f6reningens namn till \u201cF\u00f6reningen Marinkamraterna\u201d. FM Karlskrona deltog med sex medlemmar.<\/li>\n<\/ul>\n<p>&nbsp;<\/p>\n<ul>\n<li>Den 16 oktober genomf\u00f6rdes medlemsm\u00f6te i Fylgia med temat \u201dOktoberfest\u201d. 19 deltagare. Efter m\u00f6tet vidtog ett sedvanligt firande till oktober och \u00f6lets \u00e4ra.<\/li>\n<\/ul>\n<p>Kv\u00e4llen blev mycket lyckad och kv\u00e4llen avslutades betydligt senare \u00e4n vanligt!<\/p>\n<p>&nbsp;<\/p>\n<ul>\n<li>Den 13 november var temat f\u00f6r medlemsm\u00f6tet \u201cF\u00f6rsvarsinformation\u201d. 24 medlemmar kom f\u00f6r att lyssna till Fredrik Elofsson, chef 31. Helikopterdivisionen p\u00e5 F17. Fredrik h\u00f6ll ett intressant f\u00f6redrag som bl.a. handlade om hur samverkan med Flottan utvecklas.<\/li>\n<\/ul>\n<p>&nbsp;<\/p>\n<ul>\n<li>Verksamhets\u00e5ret avslutades med traditionellt julsamkv\u00e4m den 6 december med 34 deltagare. Det blev en mycket trevlig sammankomst med ett v\u00e4lkomponerat och smakrikt julbord d\u00e4r inget saknades.<\/li>\n<\/ul>\n<p>&nbsp;<\/p>\n<p><strong>\u00d6vriga verksamhetsaktiviteter.<\/strong><\/p>\n<p>\u00a0<strong style=\"font-size: 15px\">Veterandagen den 29 maj.<\/strong><\/p>\n<p>Veterandagen firades vis Amiralitetskyrkan. Lennart H\u00e5kansson representerade FM Karlskrona med f\u00f6reningens fana.<\/p>\n<p><span style=\"font-size: 15px\">Nationaldagen firades sedvanligt den 6\/6 p\u00e5 Stortorget. Lennart H\u00e5kansson och Lars Sager representerade FM Karlskrona med f\u00f6reningens fana.<\/span><\/p>\n<p>\u00a0<strong style=\"font-size: 15px\">Flaggvakt i Amiralitetskyrkan.<\/strong><\/p>\n<p>FM Karlskrona deltog med Flaggvakt i Amiralitetskyrkan vid 1. adventsgudstj\u00e4nsten den 30 november.\u00a0 Som flaggvakter tj\u00e4nstgjorde Lennart H\u00e5kansson och Bo-Inge Andersson.\u00a0<\/p>\n<p>\u00a0<strong style=\"font-size: 15px\">Specialistofficersexamen i Amiralitetskyrkan.<\/strong><\/p>\n<p>Den 11 december genomf\u00f6rdes avslutning av specialistofficerarnas utbildning i Amiralitetskyrkan. Hans Tornerhjelm f\u00f6retr\u00e4dde FM Karlskrona och delade ut bokpremier f\u00f6r \u201dFramst\u00e5ende Idrottsprestation\u201d till b\u00e4sta kvinnliga och manliga idrottare.<\/p>\n<p>\u00a0<strong><u>Regionm\u00f6ten Syd.<\/u><\/strong><\/p>\n<p>F\u00f6reningen har under verksamhets\u00e5ret deltagit vid tv\u00e5 Regionm\u00f6ten Syd.<\/p>\n<ul>\n<li><u>Den 9 mars i V\u00e4xj\u00f6 som var v\u00e4rdf\u00f6rening.<\/u><\/li>\n<\/ul>\n<p>Vid m\u00f6tet deltog fyra Syd-f\u00f6reningar.<\/p>\n<p>FM Karlskronarepresenterades av Lars Sager och Tommy Johansson.<\/p>\n<p>Ett antal gemensamma fr\u00e5gor behandlades:<\/p>\n<ol>\n<li>Rapportering fr\u00e5n Riksf\u00f6rbundet.<\/li>\n<li>Lokalf\u00f6reningarnas st\u00f6d fr\u00e5n F\u00f6rsvarsmakten.<\/li>\n<li>Riks\u00e5rsm\u00f6tet 2025 i Ronneby.<\/li>\n<li><\/li>\n<\/ol>\n<ul>\n<li><u>Den 17\u201318 oktober i Karlshamn.<\/u><\/li>\n<\/ul>\n<p>Vid m\u00f6tet deltog 6 av de 8 f\u00f6reningarna fr\u00e5n Region Syd.<\/p>\n<p>FM Karlskrona representerades av Lars Sager och Anders Olofsson.<\/p>\n<p>Ett antal gemensamma fr\u00e5gor behandlades:<\/p>\n<ol>\n<li>M\u00e5ls\u00e4ttning f\u00f6r v\u00e5r framtida utveckling.<\/li>\n<li>Rekrytering och medlemsv\u00e5rd.<\/li>\n<li>Lokalf\u00f6reningarnas ekonomiska st\u00f6d.<\/li>\n<li>Lars Sager rapporterade fr\u00e5n Riksf\u00f6rbundet\/extra riks\u00e5rsm\u00f6te. Namnbytet klart vilket skall vara genomf\u00f6rt och inf\u00f6rt I document, skyltning mm. senast vid Riks\u00e5rsm\u00f6tet 2027.<\/li>\n<li>Disskusionen om Stora Tratten avslutad utan vidare \u00e5tg\u00e4rder.<\/li>\n<li>Sewe Lindberg f\u00f6resl\u00e5s som ers\u00e4ttare f\u00f6r Lars Sager I Riksf\u00f6rbundets styrelse.<\/li>\n<\/ol>\n<p>\u00a0<strong>Ekonomisk redovisning.<\/strong><\/p>\n<p>Avseende den ekonomiska redovisningen av resultat- och balansr\u00e4kningar samt revisionsber\u00e4ttelse kommer dessa att redovisas av kass\u00f6ren respektive revisorerna.<\/p>\n<p>F\u00f6reningen har under \u00e5ret haft st\u00f6rre utgifter \u00e4n int\u00e4kter m.a.a flytten till Milit\u00e4rhemmet.<\/p>\n<p>\u00a0F\u00f6reningen st\u00e5r trots detta v\u00e4l rustad ekonomiskt inf\u00f6r kommande \u00e5r.<\/p>\n<p>\u00a0<strong>Slutord.<\/strong><\/p>\n<p>Styrelsen har aktivt arbetat f\u00f6r f\u00f6reningens intressen och att v\u00e5ra aktiviteter och sammankomster skall vara intressanta och v\u00e4l bes\u00f6kta och uppskattade av medlemmarna. Vi har arbetat f\u00f6r att ha ett gott och utvecklande samarbete med f\u00f6reningarna i Region Syd. Under \u00e5ret har vi ocks\u00e5 arbetat mycket aktivt med att rekrytera nya medlemmar och haft framg\u00e5ng i detta arbete.<\/p>\n<p>\u00a0Styrelsen vill ocks\u00e5 framf\u00f6ra tack till f\u00f6reningens medlemmar och till enskilda personer f\u00f6r allt st\u00f6d och de g\u00e5vor vi erh\u00e5llit under \u00e5ret i v\u00e5rt arbete. Ett stort tack till Marinbasen f\u00f6r det goda samarbete och det st\u00f6d vi f\u00e5tt i olika former under \u00e5ret till v\u00e5r verksamhet.<\/p>\n<p>Vi har f\u00f6rhoppningen att \u00e5r 2026 skall bli fylld av aktiviteter till medlemmarnas b\u00e4sta.\u00a0<\/p>\n<p>&nbsp;<\/p>\n<p>\u00a0Karlskrona den 6 mars 2026<\/p>\n<p>&nbsp;<\/p>\n<p>&nbsp;<\/p>\n<p>Lars Sager<\/p>\n<p>Ordf\u00f6rande<\/p>\n<p>&nbsp;<\/p>\n<p>&nbsp;<\/p>\n<p>Hans Tornerhjelm\u00a0\u00a0\u00a0\u00a0\u00a0\u00a0\u00a0\u00a0\u00a0\u00a0\u00a0\u00a0\u00a0 \u00a0\u00a0\u00a0\u00a0\u00a0 Tommy Johansson\u00a0\u00a0\u00a0\u00a0\u00a0\u00a0\u00a0\u00a0 \u00a0\u00a0\u00a0\u00a0\u00a0\u00a0\u00a0\u00a0\u00a0\u00a0\u00a0\u00a0 Anders Bj\u00f6rk<\/p>\n<p>Vice ordf\u00f6rande\u00a0 \u00a0 \u00a0 \u00a0 \u00a0 \u00a0 \u00a0 \u00a0 \u00a0 \u00a0 \u00a0 \u00a0 Sekreterare\u00a0 \u00a0 \u00a0 \u00a0 \u00a0 \u00a0 \u00a0 \u00a0 \u00a0 \u00a0 \u00a0 \u00a0 \u00a0 \u00a0 \u00a0 \u00a0 \u00a0 Kass\u00f6r<\/p>\n<p>&nbsp;<\/p>\n<p>&nbsp;<\/p>\n<p>Lennart H\u00e5kansson\u00a0\u00a0\u00a0\u00a0\u00a0\u00a0\u00a0\u00a0\u00a0\u00a0\u00a0\u00a0 \u00a0\u00a0\u00a0\u00a0\u00a0 Anders Olofsson\u00a0\u00a0\u00a0\u00a0\u00a0\u00a0\u00a0\u00a0\u00a0\u00a0\u00a0 \u00a0\u00a0\u00a0\u00a0\u00a0\u00a0\u00a0\u00a0\u00a0\u00a0\u00a0 Ulf Gustafsson<\/p>\n<p>Intendent\u00a0 \u00a0 \u00a0 \u00a0 \u00a0 \u00a0 \u00a0 \u00a0 \u00a0 \u00a0 \u00a0 \u00a0 \u00a0 \u00a0 \u00a0 \u00a0 \u00a0 \u00a0 Ledamot\u00a0 \u00a0 \u00a0 \u00a0 \u00a0 \u00a0 \u00a0 \u00a0 \u00a0 \u00a0 \u00a0 \u00a0 \u00a0 \u00a0 \u00a0 \u00a0 \u00a0 \u00a0 \u00a0 Ledamot<\/p>\n<p>&nbsp;<\/p>\n<p>&nbsp;<\/p>\n<p>Kenneth J\u00f6nsson\u00a0\u00a0\u00a0\u00a0\u00a0\u00a0\u00a0\u00a0\u00a0\u00a0\u00a0\u00a0\u00a0\u00a0\u00a0\u00a0 \u00a0\u00a0\u00a0\u00a0\u00a0 \u00a0\u00a0\u00a0\u00a0\u00a0\u00a0\u00a0\u00a0\u00a0\u00a0\u00a0\u00a0\u00a0\u00a0\u00a0 \u00a0\u00a0\u00a0\u00a0\u00a0Per Nejdefelt\u00a0\u00a0\u00a0\u00a0\u00a0\u00a0\u00a0\u00a0\u00a0\u00a0\u00a0\u00a0\u00a0\u00a0\u00a0\u00a0\u00a0<\/p>\n<p>Ledamot\u00a0\u00a0\u00a0\u00a0\u00a0\u00a0\u00a0\u00a0\u00a0\u00a0\u00a0\u00a0\u00a0\u00a0\u00a0\u00a0\u00a0\u00a0\u00a0\u00a0\u00a0\u00a0\u00a0\u00a0\u00a0\u00a0\u00a0\u00a0 \u00a0\u00a0\u00a0\u00a0\u00a0\u00a0 \u00a0\u00a0\u00a0\u00a0\u00a0\u00a0\u00a0\u00a0\u00a0\u00a0\u00a0\u00a0\u00a0\u00a0\u00a0 \u00a0\u00a0\u00a0\u00a0\u00a0Adjungerad\u00a0\u00a0\u00a0\u00a0\u00a0\u00a0\u00a0\u00a0\u00a0\u00a0\u00a0\u00a0\u00a0\u00a0\u00a0\u00a0\u00a0\u00a0\u00a0 \u00a0\u00a0 \u00a0\u00a0\u00a0\u00a0\u00a0\u00a0\u00a0\u00a0\u00a0\u00a0\u00a0\u00a0\u00a0\u00a0\u00a0\u00a0\u00a0\u00a0\u00a0\u00a0\u00a0\u00a0\u00a0\u00a0\u00a0\u00a0\u00a0\u00a0\u00a0\u00a0\u00a0\u00a0\u00a0\u00a0\u00a0\u00a0\u00a0\u00a0\u00a0\u00a0\u00a0\u00a0\u00a0\u00a0\u00a0\u00a0\u00a0\u00a0\u00a0\u00a0\u00a0\u00a0\u00a0\u00a0\u00a0\u00a0\u00a0\u00a0\u00a0\u00a0\u00a0<\/p>\n<p>&nbsp;<\/p>\n<p>&nbsp;<\/p>\n<p>&nbsp;<\/p>\n<p><strong>\u00a0<\/strong>\u00a0\u00a0\u00a0\u00a0\u00a0\u00a0\u00a0\u00a0\u00a0\u00a0\u00a0 \u00a0\u00a0 \u00a0\u00a0\u00a0\u00a0\u00a0\u00a0\u00a0\u00a0\u00a0\u00a0\u00a0\u00a0\u00a0\u00a0\u00a0\u00a0\u00a0\u00a0\u00a0\u00a0\u00a0\u00a0\u00a0\u00a0\u00a0\u00a0\u00a0\u00a0\u00a0\u00a0\u00a0\u00a0\u00a0\u00a0\u00a0\u00a0\u00a0\u00a0\u00a0\u00a0\u00a0\u00a0\u00a0\u00a0\u00a0\u00a0\u00a0\u00a0\u00a0\u00a0\u00a0\u00a0\u00a0\u00a0\u00a0\u00a0\u00a0\u00a0\u00a0\u00a0\u00a0<\/p>\n<p>[\/et_pb_text][\/et_pb_column][\/et_pb_row][et_pb_row _builder_version=&#8221;4.27.4&#8243; _module_preset=&#8221;default&#8221; global_colors_info=&#8221;{}&#8221;][et_pb_column type=&#8221;4_4&#8243; _builder_version=&#8221;4.27.4&#8243; _module_preset=&#8221;default&#8221; global_colors_info=&#8221;{}&#8221;][et_pb_text _builder_version=&#8221;4.27.4&#8243; _module_preset=&#8221;default&#8221; global_colors_info=&#8221;{}&#8221;]<\/p>\n<p><strong>\u00a0<\/strong>\u00a0\u00a0\u00a0\u00a0\u00a0\u00a0\u00a0\u00a0\u00a0\u00a0\u00a0 \u00a0\u00a0 \u00a0\u00a0\u00a0\u00a0\u00a0\u00a0\u00a0\u00a0\u00a0\u00a0\u00a0\u00a0\u00a0\u00a0\u00a0\u00a0\u00a0\u00a0\u00a0\u00a0\u00a0\u00a0\u00a0\u00a0\u00a0\u00a0\u00a0\u00a0\u00a0\u00a0\u00a0\u00a0\u00a0\u00a0\u00a0\u00a0\u00a0\u00a0\u00a0\u00a0\u00a0\u00a0\u00a0\u00a0\u00a0\u00a0\u00a0\u00a0\u00a0\u00a0\u00a0\u00a0\u00a0\u00a0\u00a0\u00a0\u00a0\u00a0\u00a0\u00a0\u00a0<\/p>\n<p>[\/et_pb_text][\/et_pb_column][\/et_pb_row][et_pb_row _builder_version=&#8221;4.27.4&#8243; _module_preset=&#8221;default&#8221; global_colors_info=&#8221;{}&#8221;][et_pb_column type=&#8221;4_4&#8243; _builder_version=&#8221;4.27.4&#8243; _module_preset=&#8221;default&#8221; global_colors_info=&#8221;{}&#8221;][et_pb_text _builder_version=&#8221;4.27.4&#8243; _module_preset=&#8221;default&#8221; global_colors_info=&#8221;{}&#8221;]<\/p>\n<p><strong>\u00a0<\/strong>\u00a0\u00a0\u00a0\u00a0\u00a0\u00a0\u00a0\u00a0\u00a0\u00a0\u00a0 \u00a0\u00a0 \u00a0\u00a0\u00a0\u00a0\u00a0\u00a0\u00a0\u00a0\u00a0\u00a0\u00a0\u00a0\u00a0\u00a0\u00a0\u00a0\u00a0\u00a0\u00a0\u00a0\u00a0\u00a0\u00a0\u00a0\u00a0\u00a0\u00a0\u00a0\u00a0\u00a0\u00a0\u00a0\u00a0\u00a0\u00a0\u00a0\u00a0\u00a0\u00a0\u00a0\u00a0\u00a0\u00a0\u00a0\u00a0\u00a0\u00a0\u00a0\u00a0\u00a0\u00a0\u00a0\u00a0\u00a0\u00a0\u00a0\u00a0\u00a0\u00a0\u00a0\u00a0<\/p>\n<p>[\/et_pb_text][\/et_pb_column][\/et_pb_row][\/et_pb_section][et_pb_section fb_built=&#8221;1&#8243; admin_label=&#8221;section&#8221; _builder_version=&#8221;4.16&#8243; global_colors_info=&#8221;{}&#8221;][et_pb_row _builder_version=&#8221;4.27.4&#8243; _module_preset=&#8221;default&#8221; global_colors_info=&#8221;{}&#8221;][et_pb_column type=&#8221;4_4&#8243; _builder_version=&#8221;4.27.4&#8243; _module_preset=&#8221;default&#8221; global_colors_info=&#8221;{}&#8221;][et_pb_text _builder_version=&#8221;4.27.4&#8243; _module_preset=&#8221;default&#8221; global_colors_info=&#8221;{}&#8221;]<\/p>\n<p><strong>\u00a0<\/strong>\u00a0\u00a0\u00a0\u00a0\u00a0\u00a0\u00a0\u00a0\u00a0\u00a0\u00a0 \u00a0\u00a0 \u00a0\u00a0\u00a0\u00a0\u00a0\u00a0\u00a0\u00a0\u00a0\u00a0\u00a0\u00a0\u00a0\u00a0\u00a0\u00a0\u00a0\u00a0\u00a0\u00a0\u00a0\u00a0\u00a0\u00a0\u00a0\u00a0\u00a0\u00a0\u00a0\u00a0\u00a0\u00a0\u00a0\u00a0\u00a0\u00a0\u00a0\u00a0\u00a0\u00a0\u00a0\u00a0\u00a0\u00a0\u00a0\u00a0\u00a0\u00a0\u00a0\u00a0\u00a0\u00a0\u00a0\u00a0\u00a0\u00a0\u00a0\u00a0\u00a0\u00a0\u00a0<\/p>\n<p>[\/et_pb_text][\/et_pb_column][\/et_pb_row][\/et_pb_section][et_pb_section fb_built=&#8221;1&#8243; admin_label=&#8221;section&#8221; _builder_version=&#8221;4.16&#8243; global_colors_info=&#8221;{}&#8221;][et_pb_row _builder_version=&#8221;4.27.4&#8243; _module_preset=&#8221;default&#8221; global_colors_info=&#8221;{}&#8221;][et_pb_column type=&#8221;4_4&#8243; _builder_version=&#8221;4.27.4&#8243; _module_preset=&#8221;default&#8221; global_colors_info=&#8221;{}&#8221;][et_pb_text _builder_version=&#8221;4.27.4&#8243; _module_preset=&#8221;default&#8221; global_colors_info=&#8221;{}&#8221;]<\/p>\n<p><strong>\u00a0<\/strong>\u00a0\u00a0\u00a0\u00a0\u00a0\u00a0\u00a0\u00a0\u00a0\u00a0\u00a0 \u00a0\u00a0 \u00a0\u00a0\u00a0\u00a0\u00a0\u00a0\u00a0\u00a0\u00a0\u00a0\u00a0\u00a0\u00a0\u00a0\u00a0\u00a0\u00a0\u00a0\u00a0\u00a0\u00a0\u00a0\u00a0\u00a0\u00a0\u00a0\u00a0\u00a0\u00a0\u00a0\u00a0\u00a0\u00a0\u00a0\u00a0\u00a0\u00a0\u00a0\u00a0\u00a0\u00a0\u00a0\u00a0\u00a0\u00a0\u00a0\u00a0\u00a0\u00a0\u00a0\u00a0\u00a0\u00a0\u00a0\u00a0\u00a0\u00a0\u00a0\u00a0\u00a0\u00a0<\/p>\n<p>[\/et_pb_text][\/et_pb_column][\/et_pb_row][\/et_pb_section]<\/p>\n","protected":false},"excerpt":{"rendered":"<p>Verksamhetsber\u00e4ttelse 2025-01-01 &#8211; 2025-12-31. I enlighet med stadgarna \u00a7 7 f\u00e5r styrelsen f\u00f6r Kamratf\u00f6reningen Flottans M\u00e4n Karlskrona avl\u00e4mna f\u00f6ljande verksamhetsber\u00e4ttelse. Styrelse. F\u00f6reningens styrelse f\u00f6r 2025 har best\u00e5tt av: Ordinarie ledam\u00f6ter. Lars Sager\u00a0 \u00a0 \u00a0 \u00a0 \u00a0 \u00a0 \u00a0 \u00a0 \u00a0 \u00a0 \u00a0 \u00a0 \u00a0 \u00a0 Ordf\u00f6rande Hans Tornerhjelm\u00a0\u00a0\u00a0\u00a0\u00a0\u00a0\u00a0\u00a0\u00a0\u00a0\u00a0\u00a0\u00a0 Vice ordf\u00f6rande Tommy Johansson\u00a0\u00a0\u00a0\u00a0\u00a0\u00a0\u00a0\u00a0\u00a0\u00a0\u00a0\u00a0\u00a0 Sekreterare\/WEB-ansvarig Anders Bj\u00f6rk\u00a0 [&hellip;]<\/p>\n","protected":false},"author":1,"featured_media":0,"parent":33152,"menu_order":5,"comment_status":"closed","ping_status":"closed","template":"","meta":{"_et_pb_use_builder":"on","_et_pb_old_content":"Du kan ta del av f\u00f6reningens verksamhetsber\u00e4ttelse genom att klicka p\u00e5 dessa l\u00e4nkar:","_et_gb_content_width":"","iawp_total_views":164,"footnotes":""},"class_list":["post-33992","page","type-page","status-publish","hentry"],"_links":{"self":[{"href":"https:\/\/marinkamraterna.se\/karlskrona\/wp-json\/wp\/v2\/pages\/33992","targetHints":{"allow":["GET"]}}],"collection":[{"href":"https:\/\/marinkamraterna.se\/karlskrona\/wp-json\/wp\/v2\/pages"}],"about":[{"href":"https:\/\/marinkamraterna.se\/karlskrona\/wp-json\/wp\/v2\/types\/page"}],"author":[{"embeddable":true,"href":"https:\/\/marinkamraterna.se\/karlskrona\/wp-json\/wp\/v2\/users\/1"}],"replies":[{"embeddable":true,"href":"https:\/\/marinkamraterna.se\/karlskrona\/wp-json\/wp\/v2\/comments?post=33992"}],"version-history":[{"count":44,"href":"https:\/\/marinkamraterna.se\/karlskrona\/wp-json\/wp\/v2\/pages\/33992\/revisions"}],"predecessor-version":[{"id":41057,"href":"https:\/\/marinkamraterna.se\/karlskrona\/wp-json\/wp\/v2\/pages\/33992\/revisions\/41057"}],"up":[{"embeddable":true,"href":"https:\/\/marinkamraterna.se\/karlskrona\/wp-json\/wp\/v2\/pages\/33152"}],"wp:attachment":[{"href":"https:\/\/marinkamraterna.se\/karlskrona\/wp-json\/wp\/v2\/media?parent=33992"}],"curies":[{"name":"wp","href":"https:\/\/api.w.org\/{rel}","templated":true}]}}