{"id":37800,"date":"2022-03-05T15:54:45","date_gmt":"2022-03-05T14:54:45","guid":{"rendered":"https:\/\/marinkamraterna.se\/karlskrona\/?page_id=37800"},"modified":"2022-03-05T15:54:56","modified_gmt":"2022-03-05T14:54:56","slug":"medlemsmote-oktober-2021","status":"publish","type":"page","link":"https:\/\/marinkamraterna.se\/karlskrona\/startsidan\/bilder\/medlemsmote-oktober-2021\/","title":{"rendered":"Medlemsm\u00f6te oktober 2021"},"content":{"rendered":"<p>[et_pb_section fb_built=&#8221;1&#8243; use_custom_gutter=&#8221;on&#8221; gutter_width=&#8221;2&#8243; specialty=&#8221;on&#8221; padding_top_bottom_link_1=&#8221;false&#8221; padding_left_right_link_1=&#8221;false&#8221; padding_top_1=&#8221;10px&#8221; _builder_version=&#8221;4.9.4&#8243; _module_preset=&#8221;default&#8221; custom_margin=&#8221;|10px||||&#8221; custom_padding=&#8221;||||false|false&#8221; global_colors_info=&#8221;{}&#8221;][et_pb_column type=&#8221;1_4&#8243; _builder_version=&#8221;3.25&#8243; custom_padding=&#8221;|||&#8221; global_colors_info=&#8221;{}&#8221; custom_padding__hover=&#8221;|||&#8221;][et_pb_sidebar area=&#8221;et_pb_widget_area_3&#8243; _builder_version=&#8221;4.9.4&#8243; _module_preset=&#8221;default&#8221; header_font=&#8221;|600||on|||||&#8221; body_text_color=&#8221;#0C71C3&#8243; body_font_size=&#8221;14px&#8221; custom_margin=&#8221;||||false|false&#8221; custom_padding=&#8221;||||false|false&#8221; global_module=&#8221;33600&#8243; locked=&#8221;on&#8221; global_colors_info=&#8221;{}&#8221;][\/et_pb_sidebar][\/et_pb_column][et_pb_column type=&#8221;3_4&#8243; specialty_columns=&#8221;3&#8243; _builder_version=&#8221;3.25&#8243; custom_padding=&#8221;|||&#8221; global_colors_info=&#8221;{}&#8221; custom_padding__hover=&#8221;|||&#8221;][et_pb_row_inner use_custom_gutter=&#8221;on&#8221; gutter_width=&#8221;1&#8243; make_equal=&#8221;on&#8221; _builder_version=&#8221;4.9.4&#8243; _module_preset=&#8221;default&#8221; custom_padding=&#8221;0px||||false|false&#8221; global_colors_info=&#8221;{}&#8221;][et_pb_column_inner saved_specialty_column_type=&#8221;3_4&#8243; _builder_version=&#8221;4.9.3&#8243; _module_preset=&#8221;default&#8221; global_colors_info=&#8221;{}&#8221;][et_pb_post_title meta=&#8221;off&#8221; featured_image=&#8221;off&#8221; _builder_version=&#8221;4.9.4&#8243; _module_preset=&#8221;default&#8221; title_font_size=&#8221;35px&#8221; global_colors_info=&#8221;{}&#8221;][\/et_pb_post_title][et_pb_text _builder_version=&#8221;4.14.8&#8243; _module_preset=&#8221;default&#8221; global_colors_info=&#8221;{}&#8221;]<\/p>\n<p><span>M\u00e5nadsm\u00f6te har h\u00e5llits i FYLGIA. Ordf\u00f6randen G\u00f6ran L\u00f6fgren h\u00e4lsade ett 30-tal medlemmar v\u00e4lkomna till kv\u00e4llens medlemsm\u00f6te. Kv\u00e4llens f\u00f6rel\u00e4sare, Christer Warfvinge fr\u00e5n FM V\u00e4stervik, h\u00e4lsades varmt v\u00e4lkommen.<\/span><\/p>\n<p><span>Efter medlemsm\u00f6tet intogs \u00e4rtsoppa, pannkakor och kaffe. Efter m\u00e5ltiden gav Christer Warfvinge en mycket intressant f\u00f6rel\u00e4sning om B\u00e5tsman Humblas v\u00e4rldsomsegling 1883-1885 med \u00e5ngfregatten Vanadis. Christer Warfvinge avtackades med appl\u00e5der och ordf\u00f6randen \u00f6verl\u00e4mnade boken \u201cV\u00e5rt vackra Blekinge\u201d av Tommy Nilsson.<\/span><\/p>\n<p>[\/et_pb_text][\/et_pb_column_inner][\/et_pb_row_inner][et_pb_row_inner use_custom_gutter=&#8221;on&#8221; gutter_width=&#8221;1&#8243; _builder_version=&#8221;4.9.4&#8243; _module_preset=&#8221;default&#8221; hover_enabled=&#8221;0&#8243; global_colors_info=&#8221;{}&#8221; sticky_enabled=&#8221;0&#8243;][et_pb_column_inner saved_specialty_column_type=&#8221;3_4&#8243; _builder_version=&#8221;4.9.4&#8243; _module_preset=&#8221;default&#8221; global_colors_info=&#8221;{}&#8221;][et_pb_gallery gallery_ids=&#8221;33430,35540,35539,35543,35542,35541,35544,35545&#8243; posts_number=&#8221;100&#8243; show_title_and_caption=&#8221;off&#8221; show_pagination=&#8221;off&#8221; _builder_version=&#8221;4.14.8&#8243; _module_preset=&#8221;default&#8221; hover_enabled=&#8221;0&#8243; global_colors_info=&#8221;{}&#8221; sticky_enabled=&#8221;0&#8243;][\/et_pb_gallery][\/et_pb_column_inner][\/et_pb_row_inner][\/et_pb_column][\/et_pb_section]<\/p>\n","protected":false},"excerpt":{"rendered":"<p>M\u00e5nadsm\u00f6te har h\u00e5llits i FYLGIA. Ordf\u00f6randen G\u00f6ran L\u00f6fgren h\u00e4lsade ett 30-tal medlemmar v\u00e4lkomna till kv\u00e4llens medlemsm\u00f6te. Kv\u00e4llens f\u00f6rel\u00e4sare, Christer Warfvinge fr\u00e5n FM V\u00e4stervik, h\u00e4lsades varmt v\u00e4lkommen. Efter medlemsm\u00f6tet intogs \u00e4rtsoppa, pannkakor och kaffe. Efter m\u00e5ltiden gav Christer Warfvinge en mycket intressant f\u00f6rel\u00e4sning om B\u00e5tsman Humblas v\u00e4rldsomsegling 1883-1885 med \u00e5ngfregatten Vanadis. Christer Warfvinge avtackades med appl\u00e5der [&hellip;]<\/p>\n","protected":false},"author":21,"featured_media":0,"parent":33357,"menu_order":0,"comment_status":"closed","ping_status":"closed","template":"","meta":{"_et_pb_use_builder":"on","_et_pb_old_content":"","_et_gb_content_width":"","iawp_total_views":168,"footnotes":""},"class_list":["post-37800","page","type-page","status-publish","hentry"],"_links":{"self":[{"href":"https:\/\/marinkamraterna.se\/karlskrona\/wp-json\/wp\/v2\/pages\/37800","targetHints":{"allow":["GET"]}}],"collection":[{"href":"https:\/\/marinkamraterna.se\/karlskrona\/wp-json\/wp\/v2\/pages"}],"about":[{"href":"https:\/\/marinkamraterna.se\/karlskrona\/wp-json\/wp\/v2\/types\/page"}],"author":[{"embeddable":true,"href":"https:\/\/marinkamraterna.se\/karlskrona\/wp-json\/wp\/v2\/users\/21"}],"replies":[{"embeddable":true,"href":"https:\/\/marinkamraterna.se\/karlskrona\/wp-json\/wp\/v2\/comments?post=37800"}],"version-history":[{"count":6,"href":"https:\/\/marinkamraterna.se\/karlskrona\/wp-json\/wp\/v2\/pages\/37800\/revisions"}],"predecessor-version":[{"id":37827,"href":"https:\/\/marinkamraterna.se\/karlskrona\/wp-json\/wp\/v2\/pages\/37800\/revisions\/37827"}],"up":[{"embeddable":true,"href":"https:\/\/marinkamraterna.se\/karlskrona\/wp-json\/wp\/v2\/pages\/33357"}],"wp:attachment":[{"href":"https:\/\/marinkamraterna.se\/karlskrona\/wp-json\/wp\/v2\/media?parent=37800"}],"curies":[{"name":"wp","href":"https:\/\/api.w.org\/{rel}","templated":true}]}}