{"id":37833,"date":"2022-03-06T16:26:58","date_gmt":"2022-03-06T15:26:58","guid":{"rendered":"https:\/\/marinkamraterna.se\/karlskrona\/?page_id=37833"},"modified":"2022-03-06T16:27:43","modified_gmt":"2022-03-06T15:27:43","slug":"julsamkvam-2021","status":"publish","type":"page","link":"https:\/\/marinkamraterna.se\/karlskrona\/startsidan\/bilder\/julsamkvam-2021\/","title":{"rendered":"Julsamkv\u00e4m 2021"},"content":{"rendered":"<p>[et_pb_section fb_built=&#8221;1&#8243; use_custom_gutter=&#8221;on&#8221; gutter_width=&#8221;2&#8243; specialty=&#8221;on&#8221; padding_top_bottom_link_1=&#8221;false&#8221; padding_left_right_link_1=&#8221;false&#8221; padding_top_1=&#8221;10px&#8221; _builder_version=&#8221;4.9.4&#8243; _module_preset=&#8221;default&#8221; custom_margin=&#8221;|10px||||&#8221; custom_padding=&#8221;||||false|false&#8221; global_colors_info=&#8221;{}&#8221;][et_pb_column type=&#8221;1_4&#8243; _builder_version=&#8221;3.25&#8243; custom_padding=&#8221;|||&#8221; global_colors_info=&#8221;{}&#8221; custom_padding__hover=&#8221;|||&#8221;][et_pb_sidebar area=&#8221;et_pb_widget_area_3&#8243; _builder_version=&#8221;4.9.4&#8243; _module_preset=&#8221;default&#8221; header_font=&#8221;|600||on|||||&#8221; body_text_color=&#8221;#0C71C3&#8243; body_font_size=&#8221;14px&#8221; custom_margin=&#8221;||||false|false&#8221; custom_padding=&#8221;||||false|false&#8221; global_module=&#8221;33600&#8243; locked=&#8221;on&#8221; global_colors_info=&#8221;{}&#8221;][\/et_pb_sidebar][\/et_pb_column][et_pb_column type=&#8221;3_4&#8243; specialty_columns=&#8221;3&#8243; _builder_version=&#8221;3.25&#8243; custom_padding=&#8221;|||&#8221; global_colors_info=&#8221;{}&#8221; custom_padding__hover=&#8221;|||&#8221;][et_pb_row_inner use_custom_gutter=&#8221;on&#8221; gutter_width=&#8221;1&#8243; make_equal=&#8221;on&#8221; _builder_version=&#8221;4.9.4&#8243; _module_preset=&#8221;default&#8221; custom_padding=&#8221;0px||||false|false&#8221; global_colors_info=&#8221;{}&#8221;][et_pb_column_inner saved_specialty_column_type=&#8221;3_4&#8243; _builder_version=&#8221;4.9.3&#8243; _module_preset=&#8221;default&#8221; global_colors_info=&#8221;{}&#8221;][et_pb_post_title meta=&#8221;off&#8221; featured_image=&#8221;off&#8221; _builder_version=&#8221;4.9.4&#8243; _module_preset=&#8221;default&#8221; title_font_size=&#8221;35px&#8221; global_colors_info=&#8221;{}&#8221;][\/et_pb_post_title][et_pb_text _builder_version=&#8221;4.14.8&#8243; _module_preset=&#8221;default&#8221; global_colors_info=&#8221;{}&#8221;]<\/p>\n<p>Julsamkv\u00e4m har genomf\u00f6rts i FYLGIA. Ordf\u00f6randen G\u00f6ran L\u00f6fgren h\u00e4lsade 37 medlemmar v\u00e4lkomna till kv\u00e4llens samkv\u00e4m som inleddes med gl\u00f6gg och mingel. Julbordet designat av klubbm\u00e4staren Ingvar Stenmark h\u00f6ll som vanligt h\u00f6gsta klass. Medlemmarna l\u00e4t sig v\u00e4l smaka och st\u00e4mningen var p\u00e5 topp.\u00a0<\/p>\n<p>Under kv\u00e4llen bel\u00f6nades Lars Iger och Bj\u00f6rn Wallmert med FM Hederstecken f\u00f6r m\u00e5ng\u00e5riga arbetsinsatserinsatser f\u00f6r f\u00f6reningen.\u00a0<\/p>\n<p>Ingvar Stenmark och Elving Gustafsson som st\u00e5tt f\u00f6r julbordet tackades av ordf\u00f6randen med sedvanligt julblomster.<\/p>\n<p>[\/et_pb_text][\/et_pb_column_inner][\/et_pb_row_inner][et_pb_row_inner use_custom_gutter=&#8221;on&#8221; gutter_width=&#8221;1&#8243; _builder_version=&#8221;4.9.4&#8243; _module_preset=&#8221;default&#8221; global_colors_info=&#8221;{}&#8221;][et_pb_column_inner saved_specialty_column_type=&#8221;3_4&#8243; _builder_version=&#8221;4.9.4&#8243; _module_preset=&#8221;default&#8221; global_colors_info=&#8221;{}&#8221;][et_pb_gallery gallery_ids=&#8221;33430,35739,35736,35730,35727,35724,35721,35718,35715,35712,35709,35706,35703,35700&#8243; posts_number=&#8221;100&#8243; show_title_and_caption=&#8221;off&#8221; show_pagination=&#8221;off&#8221; _builder_version=&#8221;4.14.8&#8243; _module_preset=&#8221;default&#8221; global_colors_info=&#8221;{}&#8221;][\/et_pb_gallery][\/et_pb_column_inner][\/et_pb_row_inner][\/et_pb_column][\/et_pb_section]<\/p>\n","protected":false},"excerpt":{"rendered":"<p>Julsamkv\u00e4m har genomf\u00f6rts i FYLGIA. Ordf\u00f6randen G\u00f6ran L\u00f6fgren h\u00e4lsade 37 medlemmar v\u00e4lkomna till kv\u00e4llens samkv\u00e4m som inleddes med gl\u00f6gg och mingel. Julbordet designat av klubbm\u00e4staren Ingvar Stenmark h\u00f6ll som vanligt h\u00f6gsta klass. Medlemmarna l\u00e4t sig v\u00e4l smaka och st\u00e4mningen var p\u00e5 topp.\u00a0 Under kv\u00e4llen bel\u00f6nades Lars Iger och Bj\u00f6rn Wallmert med FM Hederstecken f\u00f6r m\u00e5ng\u00e5riga [&hellip;]<\/p>\n","protected":false},"author":21,"featured_media":0,"parent":33357,"menu_order":0,"comment_status":"closed","ping_status":"closed","template":"","meta":{"_et_pb_use_builder":"on","_et_pb_old_content":"","_et_gb_content_width":"","iawp_total_views":196,"footnotes":""},"class_list":["post-37833","page","type-page","status-publish","hentry"],"_links":{"self":[{"href":"https:\/\/marinkamraterna.se\/karlskrona\/wp-json\/wp\/v2\/pages\/37833","targetHints":{"allow":["GET"]}}],"collection":[{"href":"https:\/\/marinkamraterna.se\/karlskrona\/wp-json\/wp\/v2\/pages"}],"about":[{"href":"https:\/\/marinkamraterna.se\/karlskrona\/wp-json\/wp\/v2\/types\/page"}],"author":[{"embeddable":true,"href":"https:\/\/marinkamraterna.se\/karlskrona\/wp-json\/wp\/v2\/users\/21"}],"replies":[{"embeddable":true,"href":"https:\/\/marinkamraterna.se\/karlskrona\/wp-json\/wp\/v2\/comments?post=37833"}],"version-history":[{"count":4,"href":"https:\/\/marinkamraterna.se\/karlskrona\/wp-json\/wp\/v2\/pages\/37833\/revisions"}],"predecessor-version":[{"id":37851,"href":"https:\/\/marinkamraterna.se\/karlskrona\/wp-json\/wp\/v2\/pages\/37833\/revisions\/37851"}],"up":[{"embeddable":true,"href":"https:\/\/marinkamraterna.se\/karlskrona\/wp-json\/wp\/v2\/pages\/33357"}],"wp:attachment":[{"href":"https:\/\/marinkamraterna.se\/karlskrona\/wp-json\/wp\/v2\/media?parent=37833"}],"curies":[{"name":"wp","href":"https:\/\/api.w.org\/{rel}","templated":true}]}}