{"id":39577,"date":"2022-10-10T15:38:52","date_gmt":"2022-10-10T13:38:52","guid":{"rendered":"https:\/\/marinkamraterna.se\/karlskrona\/?page_id=39577"},"modified":"2022-10-31T14:39:35","modified_gmt":"2022-10-31T13:39:35","slug":"medlemsmote-september-2022","status":"publish","type":"page","link":"https:\/\/marinkamraterna.se\/karlskrona\/startsidan\/bilder\/medlemsmote-september-2022\/","title":{"rendered":"Medlemsm\u00f6te september 2022"},"content":{"rendered":"<p>[et_pb_section fb_built=&#8221;1&#8243; _builder_version=&#8221;4.16&#8243; global_colors_info=&#8221;{}&#8221;][et_pb_row _builder_version=&#8221;4.16&#8243; background_size=&#8221;initial&#8221; background_position=&#8221;top_left&#8221; background_repeat=&#8221;repeat&#8221; global_colors_info=&#8221;{}&#8221;][et_pb_column type=&#8221;4_4&#8243; _builder_version=&#8221;4.16&#8243; custom_padding=&#8221;|||&#8221; global_colors_info=&#8221;{}&#8221; custom_padding__hover=&#8221;|||&#8221;][et_pb_text _builder_version=&#8221;4.16&#8243; background_size=&#8221;initial&#8221; background_position=&#8221;top_left&#8221; background_repeat=&#8221;repeat&#8221; global_colors_info=&#8221;{}&#8221;]<\/p>\n<h1 class=\"entry-title\"><strong>Medlemsm\u00f6te den 22 september 2022.<\/strong><\/h1>\n<p>H\u00f6stens f\u00f6rsta medlemsm\u00f6te har h\u00e5llits i FYLGIA. Ordf\u00f6randen Lars Sager h\u00e4lsade ett 30-tal medlemmar v\u00e4lkomna till kv\u00e4llens m\u00f6te med temat Gribshunden. Projektledaren Anders Engblom, Ronneby, h\u00e4lsades v\u00e4lkommen till oss.<\/p>\n<p>[\/et_pb_text][\/et_pb_column][\/et_pb_row][et_pb_row column_structure=&#8221;1_2,1_2&#8243; _builder_version=&#8221;4.18.0&#8243; _module_preset=&#8221;default&#8221; global_colors_info=&#8221;{}&#8221;][et_pb_column type=&#8221;1_2&#8243; _builder_version=&#8221;4.18.0&#8243; _module_preset=&#8221;default&#8221; global_colors_info=&#8221;{}&#8221;][et_pb_image src=&#8221;https:\/\/marinkamraterna.se\/karlskrona\/wp-content\/uploads\/sites\/24\/2022\/10\/image001-1.jpg&#8221; title_text=&#8221;Image001 (1)&#8221; _builder_version=&#8221;4.18.0&#8243; _module_preset=&#8221;default&#8221; global_colors_info=&#8221;{}&#8221;][\/et_pb_image][et_pb_text _builder_version=&#8221;4.18.0&#8243; _module_preset=&#8221;default&#8221; global_colors_info=&#8221;{}&#8221;]<\/p>\n<p>Kass\u00f6ren redovisar det ekonomiska l\u00e4get.<\/p>\n<p>[\/et_pb_text][\/et_pb_column][et_pb_column type=&#8221;1_2&#8243; _builder_version=&#8221;4.18.0&#8243; _module_preset=&#8221;default&#8221; global_colors_info=&#8221;{}&#8221;][et_pb_image src=&#8221;https:\/\/marinkamraterna.se\/karlskrona\/wp-content\/uploads\/sites\/24\/2022\/10\/image002-1.jpg&#8221; title_text=&#8221;Image002 (1)&#8221; _builder_version=&#8221;4.18.0&#8243; _module_preset=&#8221;default&#8221; global_colors_info=&#8221;{}&#8221;][\/et_pb_image][et_pb_text _builder_version=&#8221;4.18.0&#8243; _module_preset=&#8221;default&#8221; global_colors_info=&#8221;{}&#8221;]<\/p>\n<p>Anders Engblom.<\/p>\n<p>[\/et_pb_text][\/et_pb_column][\/et_pb_row][et_pb_row column_structure=&#8221;1_2,1_2&#8243; _builder_version=&#8221;4.18.0&#8243; _module_preset=&#8221;default&#8221; global_colors_info=&#8221;{}&#8221;][et_pb_column type=&#8221;1_2&#8243; _builder_version=&#8221;4.18.0&#8243; _module_preset=&#8221;default&#8221; global_colors_info=&#8221;{}&#8221;][et_pb_image src=&#8221;https:\/\/marinkamraterna.se\/karlskrona\/wp-content\/uploads\/sites\/24\/2022\/10\/image003-1.jpg&#8221; title_text=&#8221;Image003 (1)&#8221; _builder_version=&#8221;4.18.0&#8243; _module_preset=&#8221;default&#8221; global_colors_info=&#8221;{}&#8221;][\/et_pb_image][et_pb_text _builder_version=&#8221;4.18.0&#8243; _module_preset=&#8221;default&#8221; global_colors_info=&#8221;{}&#8221;]<\/p>\n<p><span>Kurt B\u00f6hme erh\u00f6ll Flottans M\u00e4n Hederstecken av ordf\u00f6randen f\u00f6r det fina arbete han gjort i samband med MK Peenem\u00fcndes bes\u00f6k<\/span>.<\/p>\n<p>[\/et_pb_text][\/et_pb_column][et_pb_column type=&#8221;1_2&#8243; _builder_version=&#8221;4.18.0&#8243; _module_preset=&#8221;default&#8221; global_colors_info=&#8221;{}&#8221;][\/et_pb_column][\/et_pb_row][\/et_pb_section]<\/p>\n","protected":false},"excerpt":{"rendered":"<p>Medlemsm\u00f6te den 22 september 2022. H\u00f6stens f\u00f6rsta medlemsm\u00f6te har h\u00e5llits i FYLGIA. Ordf\u00f6randen Lars Sager h\u00e4lsade ett 30-tal medlemmar v\u00e4lkomna till kv\u00e4llens m\u00f6te med temat Gribshunden. Projektledaren Anders Engblom, Ronneby, h\u00e4lsades v\u00e4lkommen till oss.Kass\u00f6ren redovisar det ekonomiska l\u00e4get.Anders Engblom.Kurt B\u00f6hme erh\u00f6ll Flottans M\u00e4n Hederstecken av ordf\u00f6randen f\u00f6r det fina arbete han gjort i samband med [&hellip;]<\/p>\n","protected":false},"author":21,"featured_media":0,"parent":33357,"menu_order":0,"comment_status":"closed","ping_status":"closed","template":"","meta":{"_et_pb_use_builder":"on","_et_pb_old_content":"<strong>Medlemsm\u00f6te den 22 september 2022.<\/strong>\r\n\r\nH\u00f6stens f\u00f6rsta medlemsm\u00f6te har h\u00e5llits i FYLGIA. Ordf\u00f6randen Lars Sager h\u00e4lsade ett 30-tal medlemmar v\u00e4lkomna till kv\u00e4llens m\u00f6te med temat Gribshunden. Projektledaren Anders Engblom, Ronneby, h\u00e4lsades v\u00e4lkommen till oss.","_et_gb_content_width":"","iawp_total_views":124,"footnotes":""},"class_list":["post-39577","page","type-page","status-publish","hentry"],"_links":{"self":[{"href":"https:\/\/marinkamraterna.se\/karlskrona\/wp-json\/wp\/v2\/pages\/39577","targetHints":{"allow":["GET"]}}],"collection":[{"href":"https:\/\/marinkamraterna.se\/karlskrona\/wp-json\/wp\/v2\/pages"}],"about":[{"href":"https:\/\/marinkamraterna.se\/karlskrona\/wp-json\/wp\/v2\/types\/page"}],"author":[{"embeddable":true,"href":"https:\/\/marinkamraterna.se\/karlskrona\/wp-json\/wp\/v2\/users\/21"}],"replies":[{"embeddable":true,"href":"https:\/\/marinkamraterna.se\/karlskrona\/wp-json\/wp\/v2\/comments?post=39577"}],"version-history":[{"count":10,"href":"https:\/\/marinkamraterna.se\/karlskrona\/wp-json\/wp\/v2\/pages\/39577\/revisions"}],"predecessor-version":[{"id":39726,"href":"https:\/\/marinkamraterna.se\/karlskrona\/wp-json\/wp\/v2\/pages\/39577\/revisions\/39726"}],"up":[{"embeddable":true,"href":"https:\/\/marinkamraterna.se\/karlskrona\/wp-json\/wp\/v2\/pages\/33357"}],"wp:attachment":[{"href":"https:\/\/marinkamraterna.se\/karlskrona\/wp-json\/wp\/v2\/media?parent=39577"}],"curies":[{"name":"wp","href":"https:\/\/api.w.org\/{rel}","templated":true}]}}