{"id":40916,"date":"2025-10-30T13:29:32","date_gmt":"2025-10-30T12:29:32","guid":{"rendered":"https:\/\/marinkamraterna.se\/karlskrona\/?page_id=40916"},"modified":"2025-10-30T17:22:22","modified_gmt":"2025-10-30T16:22:22","slug":"har-finns-vi-2","status":"publish","type":"page","link":"https:\/\/marinkamraterna.se\/karlskrona\/har-finns-vi-2\/","title":{"rendered":"H\u00e4r finns vi"},"content":{"rendered":"<h1>Vi har flyttat till Milit\u00e4rhemmet, Stortorget 1. Karlskrona<\/h1>\n<p><img loading=\"lazy\" decoding=\"async\" class=\"alignnone size-full wp-image-40922\" src=\"https:\/\/marinkamraterna.se\/karlskrona\/wp-content\/uploads\/sites\/24\/2025\/10\/image001-1.png\" alt=\"\" width=\"223\" height=\"169\" \/><\/p>\n<h1>Vi kommer \u00e4ven fram\u00f6ver att genomf\u00f6ra vissa verksamheter som grillfest mm. p\u00e5 Sk\u00f6nstavik.<\/h1>\n","protected":false},"excerpt":{"rendered":"<p>Vi har flyttat till Milit\u00e4rhemmet, Stortorget 1. Karlskrona Vi kommer \u00e4ven fram\u00f6ver att genomf\u00f6ra vissa verksamheter som grillfest mm. p\u00e5 Sk\u00f6nstavik.<\/p>\n","protected":false},"author":3,"featured_media":0,"parent":0,"menu_order":0,"comment_status":"closed","ping_status":"closed","template":"","meta":{"_et_pb_use_builder":"","_et_pb_old_content":"","_et_gb_content_width":"","iawp_total_views":28,"footnotes":""},"class_list":["post-40916","page","type-page","status-publish","hentry"],"_links":{"self":[{"href":"https:\/\/marinkamraterna.se\/karlskrona\/wp-json\/wp\/v2\/pages\/40916","targetHints":{"allow":["GET"]}}],"collection":[{"href":"https:\/\/marinkamraterna.se\/karlskrona\/wp-json\/wp\/v2\/pages"}],"about":[{"href":"https:\/\/marinkamraterna.se\/karlskrona\/wp-json\/wp\/v2\/types\/page"}],"author":[{"embeddable":true,"href":"https:\/\/marinkamraterna.se\/karlskrona\/wp-json\/wp\/v2\/users\/3"}],"replies":[{"embeddable":true,"href":"https:\/\/marinkamraterna.se\/karlskrona\/wp-json\/wp\/v2\/comments?post=40916"}],"version-history":[{"count":4,"href":"https:\/\/marinkamraterna.se\/karlskrona\/wp-json\/wp\/v2\/pages\/40916\/revisions"}],"predecessor-version":[{"id":40924,"href":"https:\/\/marinkamraterna.se\/karlskrona\/wp-json\/wp\/v2\/pages\/40916\/revisions\/40924"}],"wp:attachment":[{"href":"https:\/\/marinkamraterna.se\/karlskrona\/wp-json\/wp\/v2\/media?parent=40916"}],"curies":[{"name":"wp","href":"https:\/\/api.w.org\/{rel}","templated":true}]}}