{"id":33986,"date":"2021-06-04T19:12:08","date_gmt":"2021-06-04T17:12:08","guid":{"rendered":"http:\/\/andersa6.sg-host.com\/karlstad\/?page_id=33986"},"modified":"2025-09-22T19:04:39","modified_gmt":"2025-09-22T17:04:39","slug":"styrelsen-flottansman-karlstad","status":"publish","type":"page","link":"https:\/\/marinkamraterna.se\/karlstad\/startsidan-2\/om-foreningen\/styrelsen-flottansman-karlstad\/","title":{"rendered":"Styrelsen"},"content":{"rendered":"<p><img loading=\"lazy\" decoding=\"async\" class=\"size-full wp-image-35267 aligncenter\" src=\"https:\/\/marinkamraterna.se\/karlstad\/wp-content\/uploads\/sites\/18\/2021\/09\/fm-karlstad.png\" alt=\"Flottans M\u00e4n Karlstad\" width=\"600\" height=\"200\" \/><\/p>\n<p>&nbsp;<\/p>\n<p><img loading=\"lazy\" decoding=\"async\" class=\"wp-image-35351 align: left\" src=\"https:\/\/marinkamraterna.se\/karlstad\/wp-content\/uploads\/sites\/18\/2021\/09\/ordf-2-450x600.jpg\" alt=\"\" width=\"246\" height=\"327\" \/><\/p>\n<h4>Ordf\u00f6rande G\u00f6ran Olsson<br \/>\nmobil: 070- 415 02 76<br \/>\ne-post: karlstad.@flottansman.se<\/h4>\n<p>&nbsp;<\/p>\n<p>&nbsp;<\/p>\n<h4>Viceordf\u00f6rande: vakant<br \/>\nmobil:<br \/>\ne-post:<\/h4>\n<p>&nbsp;<\/p>\n<p><img loading=\"lazy\" decoding=\"async\" class=\"alignnone wp-image-37472\" src=\"https:\/\/marinkamraterna.se\/karlstad\/wp-content\/uploads\/sites\/18\/2022\/10\/Lars-Erik-Schytzer-504x600.jpg\" alt=\"\" width=\"243\" height=\"290\" \/><\/p>\n<h4>Kass\u00f6r: Lars Ingvar Sch\u00fctzer<br \/>\nmobil: 070-9108461<br \/>\ne-post: schytzerx@yahoo.se<\/h4>\n<p>&nbsp;<\/p>\n<h4><img loading=\"lazy\" decoding=\"async\" class=\"alignnone wp-image-37466\" src=\"https:\/\/marinkamraterna.se\/karlstad\/wp-content\/uploads\/sites\/18\/2022\/10\/Sekreterare-Kerstin-Erlandsson-415x600.jpg\" alt=\"\" width=\"272\" height=\"393\" \/><\/h4>\n<h4>Sekreterare: Kerstin Erlandsson<br \/>\nmobil: 070- 627 82 18<br \/>\ne-post: erlandssonkerstin12@gmail.com<\/h4>\n<p>&nbsp;<\/p>\n<p><img loading=\"lazy\" decoding=\"async\" class=\"alignnone wp-image-35350\" src=\"https:\/\/marinkamraterna.se\/karlstad\/wp-content\/uploads\/sites\/18\/2021\/09\/Kassor-2.jpg\" alt=\"\" width=\"246\" height=\"329\" srcset=\"https:\/\/marinkamraterna.se\/karlstad\/wp-content\/uploads\/sites\/18\/2021\/09\/Kassor-2.jpg 393w, https:\/\/marinkamraterna.se\/karlstad\/wp-content\/uploads\/sites\/18\/2021\/09\/Kassor-2-225x300.jpg 225w\" sizes=\"(max-width: 246px) 100vw, 246px\" \/><\/p>\n<h4>Ledamot: Kenneth Magnusson<br \/>\nmobil: 076- 322 03 51<br \/>\ne-post: recycle627@gmail.com<\/h4>\n<p>&nbsp;<\/p>\n<p><img loading=\"lazy\" decoding=\"async\" class=\" wp-image-37470\" src=\"https:\/\/marinkamraterna.se\/karlstad\/wp-content\/uploads\/sites\/18\/2022\/10\/Curt-Gustavsson-Suppleant-434x600.jpg\" alt=\"\" width=\"268\" height=\"371\" \/><\/p>\n<h4>Suppleant, stugfogde: Curt Gustafsson<br \/>\nmobil: 070-933935<br \/>\ne-post: kurt@svenskaskyltar.se<\/h4>\n","protected":false},"excerpt":{"rendered":"<p>&nbsp; Ordf\u00f6rande G\u00f6ran Olsson mobil: 070- 415 02 76 e-post: karlstad.@flottansman.se &nbsp; &nbsp; Viceordf\u00f6rande: vakant mobil: e-post: &nbsp; Kass\u00f6r: Lars Ingvar Sch\u00fctzer mobil: 070-9108461 e-post: schytzerx@yahoo.se &nbsp; Sekreterare: Kerstin Erlandsson mobil: 070- 627 82 18 e-post: erlandssonkerstin12@gmail.com &nbsp; Ledamot: Kenneth Magnusson mobil: 076- 322 03 51 e-post: recycle627@gmail.com &nbsp; Suppleant, stugfogde: Curt Gustafsson mobil: 070-933935 [&hellip;]<\/p>\n","protected":false},"author":1,"featured_media":0,"parent":33152,"menu_order":2,"comment_status":"closed","ping_status":"closed","template":"","meta":{"_et_pb_use_builder":"off","_et_pb_old_content":"","_et_gb_content_width":"","iawp_total_views":449,"footnotes":""},"class_list":["post-33986","page","type-page","status-publish","hentry"],"_links":{"self":[{"href":"https:\/\/marinkamraterna.se\/karlstad\/wp-json\/wp\/v2\/pages\/33986","targetHints":{"allow":["GET"]}}],"collection":[{"href":"https:\/\/marinkamraterna.se\/karlstad\/wp-json\/wp\/v2\/pages"}],"about":[{"href":"https:\/\/marinkamraterna.se\/karlstad\/wp-json\/wp\/v2\/types\/page"}],"author":[{"embeddable":true,"href":"https:\/\/marinkamraterna.se\/karlstad\/wp-json\/wp\/v2\/users\/1"}],"replies":[{"embeddable":true,"href":"https:\/\/marinkamraterna.se\/karlstad\/wp-json\/wp\/v2\/comments?post=33986"}],"version-history":[{"count":39,"href":"https:\/\/marinkamraterna.se\/karlstad\/wp-json\/wp\/v2\/pages\/33986\/revisions"}],"predecessor-version":[{"id":37881,"href":"https:\/\/marinkamraterna.se\/karlstad\/wp-json\/wp\/v2\/pages\/33986\/revisions\/37881"}],"up":[{"embeddable":true,"href":"https:\/\/marinkamraterna.se\/karlstad\/wp-json\/wp\/v2\/pages\/33152"}],"wp:attachment":[{"href":"https:\/\/marinkamraterna.se\/karlstad\/wp-json\/wp\/v2\/media?parent=33986"}],"curies":[{"name":"wp","href":"https:\/\/api.w.org\/{rel}","templated":true}]}}