{"id":34162,"date":"2021-06-06T18:06:11","date_gmt":"2021-06-06T16:06:11","guid":{"rendered":"http:\/\/andersa6.sg-host.com\/karlstad\/?page_id=34162"},"modified":"2025-06-19T18:56:27","modified_gmt":"2025-06-19T16:56:27","slug":"kontakt","status":"publish","type":"page","link":"https:\/\/marinkamraterna.se\/karlstad\/startsidan-2\/om-foreningen\/kontakt\/","title":{"rendered":"Kontakt"},"content":{"rendered":"<p><img loading=\"lazy\" decoding=\"async\" class=\" wp-image-35351 alignright\" src=\"https:\/\/marinkamraterna.se\/karlstad\/wp-content\/uploads\/sites\/18\/2021\/09\/ordf-2-450x600.jpg\" alt=\"\" width=\"378\" height=\"504\" \/><\/p>\n<h2><span style=\"color: #000000\">G\u00f6ran Olsson, Ordf\u00f6rande<\/span><\/h2>\n<h2><span style=\"color: #000000\">V\u00e4lkommen till Flottans M\u00e4n i Karlstad<\/span><\/h2>\n<h3><span style=\"color: #000000\">e-post: <a style=\"color: #000000\" href=\"karlstad@flottansman.se\">karlstad@flottansman.se<\/a><\/span><\/h3>\n<h3><span style=\"color: #000000\">mobil: 070 415 02 76<\/span><\/h3>\n<p>Skanna nedanst\u00e5ende QR kod med din mobil s\u00e5 kommer du till v\u00e5r facebook-sida<\/p>\n<p><img loading=\"lazy\" decoding=\"async\" class=\"alignnone wp-image-37488\" src=\"https:\/\/marinkamraterna.se\/karlstad\/wp-content\/uploads\/sites\/18\/2022\/10\/QR-kod-flottans-man-600x600.jpg\" alt=\"Skanna QR koden med din mobil\" width=\"183\" height=\"183\" \/>&#8211;<\/p>\n<p>&nbsp;<\/p>\n","protected":false},"excerpt":{"rendered":"<p>G\u00f6ran Olsson, Ordf\u00f6rande V\u00e4lkommen till Flottans M\u00e4n i Karlstad e-post: karlstad@flottansman.se mobil: 070 415 02 76 Skanna nedanst\u00e5ende QR kod med din mobil s\u00e5 kommer du till v\u00e5r facebook-sida &#8211; &nbsp;<\/p>\n","protected":false},"author":1,"featured_media":0,"parent":33152,"menu_order":1,"comment_status":"closed","ping_status":"closed","template":"","meta":{"_et_pb_use_builder":"off","_et_pb_old_content":"","_et_gb_content_width":"","iawp_total_views":193,"footnotes":""},"class_list":["post-34162","page","type-page","status-publish","hentry"],"_links":{"self":[{"href":"https:\/\/marinkamraterna.se\/karlstad\/wp-json\/wp\/v2\/pages\/34162","targetHints":{"allow":["GET"]}}],"collection":[{"href":"https:\/\/marinkamraterna.se\/karlstad\/wp-json\/wp\/v2\/pages"}],"about":[{"href":"https:\/\/marinkamraterna.se\/karlstad\/wp-json\/wp\/v2\/types\/page"}],"author":[{"embeddable":true,"href":"https:\/\/marinkamraterna.se\/karlstad\/wp-json\/wp\/v2\/users\/1"}],"replies":[{"embeddable":true,"href":"https:\/\/marinkamraterna.se\/karlstad\/wp-json\/wp\/v2\/comments?post=34162"}],"version-history":[{"count":33,"href":"https:\/\/marinkamraterna.se\/karlstad\/wp-json\/wp\/v2\/pages\/34162\/revisions"}],"predecessor-version":[{"id":37878,"href":"https:\/\/marinkamraterna.se\/karlstad\/wp-json\/wp\/v2\/pages\/34162\/revisions\/37878"}],"up":[{"embeddable":true,"href":"https:\/\/marinkamraterna.se\/karlstad\/wp-json\/wp\/v2\/pages\/33152"}],"wp:attachment":[{"href":"https:\/\/marinkamraterna.se\/karlstad\/wp-json\/wp\/v2\/media?parent=34162"}],"curies":[{"name":"wp","href":"https:\/\/api.w.org\/{rel}","templated":true}]}}