{"id":35379,"date":"2021-10-19T19:36:45","date_gmt":"2021-10-19T17:36:45","guid":{"rendered":"https:\/\/andersa6.sg-host.com\/lysekil\/?page_id=35379"},"modified":"2024-05-17T16:39:41","modified_gmt":"2024-05-17T14:39:41","slug":"hyra-eller-lana-klubbstugan","status":"publish","type":"page","link":"https:\/\/marinkamraterna.se\/lysekil\/startsidan\/lotsutkiken\/hyra-eller-lana-klubbstugan\/","title":{"rendered":"Hyra eller l\u00e5na klubbstugan"},"content":{"rendered":"<p>[et_pb_section fb_built=&#8221;1&#8243; specialty=&#8221;on&#8221; padding_top_1=&#8221;0px&#8221; padding_top_2=&#8221;0px&#8221; padding_top_bottom_link_1=&#8221;false&#8221; padding_top_bottom_link_2=&#8221;false&#8221; padding_left_right_link_1=&#8221;false&#8221; padding_left_right_link_2=&#8221;false&#8221; _builder_version=&#8221;4.16&#8243; _module_preset=&#8221;default&#8221; custom_margin=&#8221;||||false|false&#8221; custom_padding=&#8221;||||false|false&#8221; locked=&#8221;off&#8221; global_colors_info=&#8221;{}&#8221;][et_pb_column type=&#8221;3_4&#8243; specialty_columns=&#8221;3&#8243; _builder_version=&#8221;4.16&#8243; custom_padding=&#8221;|||&#8221; global_colors_info=&#8221;{}&#8221; custom_padding__hover=&#8221;|||&#8221;][et_pb_row_inner _builder_version=&#8221;4.16&#8243; _module_preset=&#8221;default&#8221; custom_padding=&#8221;0px||||false|false&#8221; global_colors_info=&#8221;{}&#8221;][et_pb_column_inner saved_specialty_column_type=&#8221;3_4&#8243; _builder_version=&#8221;4.16&#8243; _module_preset=&#8221;default&#8221; global_colors_info=&#8221;{}&#8221;][et_pb_post_title meta=&#8221;off&#8221; featured_image=&#8221;off&#8221; _builder_version=&#8221;4.16&#8243; _module_preset=&#8221;default&#8221; title_font_size=&#8221;35px&#8221; global_colors_info=&#8221;{}&#8221;][\/et_pb_post_title][et_pb_text _builder_version=&#8221;4.20.4&#8243; _module_preset=&#8221;default&#8221; global_colors_info=&#8221;{}&#8221;]<\/p>\n<p><span style=\"text-decoration: underline\"><strong>Lotsutkiken \u00e4r \u00f6ppen f\u00f6r uthyrning 1 April tom 30 September.<\/strong><\/span><\/p>\n<p><strong>Du vet v\u00e4l att det g\u00e5r att hyra v\u00e5r klubbstuga f\u00f6r en billig penning. Det g\u00e5r \u00e4ven att l\u00e5na nyckel f\u00f6r att bara g\u00e5 upp o ta en kopp kaffe p\u00e5 bokningsfria dagar.<\/strong><\/p>\n<p><strong>V\u00e4lkomna att boka och h\u00e4mta nyckel hos:<\/strong><\/p>\n<p><strong>F\u00e4rgbolaget i Lysekil.<\/strong><\/p>\n<p><strong>M\u00e5n-Fre: 09,00-18,00 Lunchst\u00e4ngt 13,00-14,00<\/strong><\/p>\n<p><strong>L\u00f6r: 09,30-13,00<\/strong><\/p>\n<p><strong>0523-13785<\/strong><\/p>\n<p>&nbsp;<\/p>\n<p>[\/et_pb_text][\/et_pb_column_inner][\/et_pb_row_inner][\/et_pb_column][et_pb_column type=&#8221;1_4&#8243; _builder_version=&#8221;4.16&#8243; custom_padding=&#8221;|||&#8221; global_colors_info=&#8221;{}&#8221; custom_padding__hover=&#8221;|||&#8221;][et_pb_sidebar orientation=&#8221;right&#8221; _builder_version=&#8221;4.9.4&#8243; _module_preset=&#8221;default&#8221; header_font=&#8221;|600||on|||||&#8221; header_font_size=&#8221;20px&#8221; global_module=&#8221;33531&#8243; saved_tabs=&#8221;all&#8221; locked=&#8221;on&#8221; global_colors_info=&#8221;{}&#8221;][\/et_pb_sidebar][\/et_pb_column][\/et_pb_section]<\/p>\n","protected":false},"excerpt":{"rendered":"<p>Lotsutkiken \u00e4r \u00f6ppen f\u00f6r uthyrning 1 April tom 30 September. Du vet v\u00e4l att det g\u00e5r att hyra v\u00e5r klubbstuga f\u00f6r en billig penning. Det g\u00e5r \u00e4ven att l\u00e5na nyckel f\u00f6r att bara g\u00e5 upp o ta en kopp kaffe p\u00e5 bokningsfria dagar. V\u00e4lkomna att boka och h\u00e4mta nyckel hos: F\u00e4rgbolaget i Lysekil. M\u00e5n-Fre: 09,00-18,00 [&hellip;]<\/p>\n","protected":false},"author":16,"featured_media":0,"parent":35355,"menu_order":2,"comment_status":"closed","ping_status":"closed","template":"","meta":{"_et_pb_use_builder":"on","_et_pb_old_content":"","_et_gb_content_width":"","iawp_total_views":718,"footnotes":""},"class_list":["post-35379","page","type-page","status-publish","hentry"],"_links":{"self":[{"href":"https:\/\/marinkamraterna.se\/lysekil\/wp-json\/wp\/v2\/pages\/35379","targetHints":{"allow":["GET"]}}],"collection":[{"href":"https:\/\/marinkamraterna.se\/lysekil\/wp-json\/wp\/v2\/pages"}],"about":[{"href":"https:\/\/marinkamraterna.se\/lysekil\/wp-json\/wp\/v2\/types\/page"}],"author":[{"embeddable":true,"href":"https:\/\/marinkamraterna.se\/lysekil\/wp-json\/wp\/v2\/users\/16"}],"replies":[{"embeddable":true,"href":"https:\/\/marinkamraterna.se\/lysekil\/wp-json\/wp\/v2\/comments?post=35379"}],"version-history":[{"count":11,"href":"https:\/\/marinkamraterna.se\/lysekil\/wp-json\/wp\/v2\/pages\/35379\/revisions"}],"predecessor-version":[{"id":38074,"href":"https:\/\/marinkamraterna.se\/lysekil\/wp-json\/wp\/v2\/pages\/35379\/revisions\/38074"}],"up":[{"embeddable":true,"href":"https:\/\/marinkamraterna.se\/lysekil\/wp-json\/wp\/v2\/pages\/35355"}],"wp:attachment":[{"href":"https:\/\/marinkamraterna.se\/lysekil\/wp-json\/wp\/v2\/media?parent=35379"}],"curies":[{"name":"wp","href":"https:\/\/api.w.org\/{rel}","templated":true}]}}