{"id":35389,"date":"2021-10-19T22:58:52","date_gmt":"2021-10-19T20:58:52","guid":{"rendered":"https:\/\/andersa6.sg-host.com\/lysekil\/?page_id=35389"},"modified":"2022-02-04T22:31:18","modified_gmt":"2022-02-04T21:31:18","slug":"lotsutkikens-historia","status":"publish","type":"page","link":"https:\/\/marinkamraterna.se\/lysekil\/startsidan\/lotsutkiken\/lotsutkikens-historia\/","title":{"rendered":"Lotsutkikens historia"},"content":{"rendered":"<p>[et_pb_section fb_built=&#8221;1&#8243; specialty=&#8221;on&#8221; padding_top_bottom_link_1=&#8221;false&#8221; padding_top_bottom_link_2=&#8221;false&#8221; padding_left_right_link_1=&#8221;false&#8221; padding_left_right_link_2=&#8221;false&#8221; padding_top_1=&#8221;0px&#8221; padding_top_2=&#8221;0px&#8221; _builder_version=&#8221;4.9.3&#8243; _module_preset=&#8221;default&#8221; custom_margin=&#8221;||||false|false&#8221; custom_padding=&#8221;||||false|false&#8221; locked=&#8221;off&#8221; global_colors_info=&#8221;{}&#8221;][et_pb_column type=&#8221;3_4&#8243; specialty_columns=&#8221;3&#8243; _builder_version=&#8221;3.25&#8243; custom_padding=&#8221;|||&#8221; global_colors_info=&#8221;{}&#8221; custom_padding__hover=&#8221;|||&#8221;][et_pb_row_inner _builder_version=&#8221;4.9.3&#8243; _module_preset=&#8221;default&#8221; custom_padding=&#8221;0px||||false|false&#8221; global_colors_info=&#8221;{}&#8221;][et_pb_column_inner saved_specialty_column_type=&#8221;3_4&#8243; _builder_version=&#8221;4.9.3&#8243; _module_preset=&#8221;default&#8221; global_colors_info=&#8221;{}&#8221;][et_pb_post_title meta=&#8221;off&#8221; featured_image=&#8221;off&#8221; _builder_version=&#8221;4.9.3&#8243; _module_preset=&#8221;default&#8221; title_font_size=&#8221;35px&#8221; global_colors_info=&#8221;{}&#8221;][\/et_pb_post_title][et_pb_text _builder_version=&#8221;4.13.1&#8243; _module_preset=&#8221;default&#8221; hover_enabled=&#8221;0&#8243; global_colors_info=&#8221;{}&#8221; sticky_enabled=&#8221;0&#8243;]<\/p>\n<div id=\"content_wrapper\" class=\"container\">\n<div id=\"contentRight\" class=\"grid_10\">\n<div id=\"contentContainer\">\n<p>Lotsutkikens historia i Lysekil ber\u00e4ttad av Per Stenros \/ S\u00e4llskapet Str\u00f6mstierna.<\/p>\n<p>L\u00e4nk kommer att l\u00e4ggas h\u00e4r.<\/p>\n<p>&nbsp;<\/p>\n<p>Tidningsartiklar om Lotsutkiken<\/p>\n<p><a href=\"https:\/\/marinkamraterna.se\/uploads\/lysekil\/Publicerat%20p%C3%A5%20hemsidan\/Lotsutkiken%20Lysekilsposten%201928.pdf\" target=\"_blank\" rel=\"noopener\">\/wp-content\/uploads\/sites\/19\/2021\/11\/Lotsutkiken-Lysekilsposten-1928-2.pdfkiken fr\u00e5n Lysekilsposten<\/a><\/p>\n<p><a href=\"http:\/\/marinkamraterna.se\/lysekil\/wp-content\/uploads\/sites\/19\/2021\/11\/Lotsutkiken-2005-Terje-Fred-2.pdf\">\/wp-content\/uploads\/sites\/19\/2021\/11\/Lotsutkiken-2005-Terje-Fred-2.pdfTerje Fred 2005<\/a><\/p>\n<p><a href=\"https:\/\/marinkamraterna.se\/uploads\/lysekil\/Publicerat%20p%C3%A5%20hemsidan\/Lotsutkiken%20Arvid%20Sandell.pdf\" target=\"_blank\" rel=\"noopener\">\/wp-content\/uploads\/sites\/19\/2021\/11\/Lotsutkiken-Arvid-Sandell-2.pdfav Arvid Sandell<\/a><\/p>\n<\/div>\n<\/div>\n<\/div>\n<p>&nbsp;<\/p>\n<p>[\/et_pb_text][\/et_pb_column_inner][\/et_pb_row_inner][\/et_pb_column][et_pb_column type=&#8221;1_4&#8243; _builder_version=&#8221;3.25&#8243; custom_padding=&#8221;|||&#8221; global_colors_info=&#8221;{}&#8221; custom_padding__hover=&#8221;|||&#8221;][et_pb_sidebar orientation=&#8221;right&#8221; _builder_version=&#8221;4.9.4&#8243; _module_preset=&#8221;default&#8221; header_font=&#8221;|600||on|||||&#8221; header_font_size=&#8221;20px&#8221; global_module=&#8221;33531&#8243; saved_tabs=&#8221;all&#8221; locked=&#8221;on&#8221; global_colors_info=&#8221;{}&#8221;][\/et_pb_sidebar][\/et_pb_column][\/et_pb_section]<\/p>\n","protected":false},"excerpt":{"rendered":"<p>Lotsutkikens historia i Lysekil ber\u00e4ttad av Per Stenros \/ S\u00e4llskapet Str\u00f6mstierna. L\u00e4nk kommer att l\u00e4ggas h\u00e4r. &nbsp; Tidningsartiklar om Lotsutkiken \/wp-content\/uploads\/sites\/19\/2021\/11\/Lotsutkiken-Lysekilsposten-1928-2.pdfkiken fr\u00e5n Lysekilsposten \/wp-content\/uploads\/sites\/19\/2021\/11\/Lotsutkiken-2005-Terje-Fred-2.pdfTerje Fred 2005 \/wp-content\/uploads\/sites\/19\/2021\/11\/Lotsutkiken-Arvid-Sandell-2.pdfav Arvid Sandell &nbsp;<\/p>\n","protected":false},"author":16,"featured_media":0,"parent":35355,"menu_order":4,"comment_status":"closed","ping_status":"closed","template":"","meta":{"_et_pb_use_builder":"on","_et_pb_old_content":"","_et_gb_content_width":"","iawp_total_views":119,"footnotes":""},"class_list":["post-35389","page","type-page","status-publish","hentry"],"_links":{"self":[{"href":"https:\/\/marinkamraterna.se\/lysekil\/wp-json\/wp\/v2\/pages\/35389","targetHints":{"allow":["GET"]}}],"collection":[{"href":"https:\/\/marinkamraterna.se\/lysekil\/wp-json\/wp\/v2\/pages"}],"about":[{"href":"https:\/\/marinkamraterna.se\/lysekil\/wp-json\/wp\/v2\/types\/page"}],"author":[{"embeddable":true,"href":"https:\/\/marinkamraterna.se\/lysekil\/wp-json\/wp\/v2\/users\/16"}],"replies":[{"embeddable":true,"href":"https:\/\/marinkamraterna.se\/lysekil\/wp-json\/wp\/v2\/comments?post=35389"}],"version-history":[{"count":10,"href":"https:\/\/marinkamraterna.se\/lysekil\/wp-json\/wp\/v2\/pages\/35389\/revisions"}],"predecessor-version":[{"id":37288,"href":"https:\/\/marinkamraterna.se\/lysekil\/wp-json\/wp\/v2\/pages\/35389\/revisions\/37288"}],"up":[{"embeddable":true,"href":"https:\/\/marinkamraterna.se\/lysekil\/wp-json\/wp\/v2\/pages\/35355"}],"wp:attachment":[{"href":"https:\/\/marinkamraterna.se\/lysekil\/wp-json\/wp\/v2\/media?parent=35389"}],"curies":[{"name":"wp","href":"https:\/\/api.w.org\/{rel}","templated":true}]}}