{"id":35417,"date":"2021-11-07T22:37:12","date_gmt":"2021-11-07T21:37:12","guid":{"rendered":"https:\/\/andersa6.sg-host.com\/lysekil\/?page_id=35417"},"modified":"2023-12-22T15:11:22","modified_gmt":"2023-12-22T14:11:22","slug":"foreningens-historia","status":"publish","type":"page","link":"https:\/\/marinkamraterna.se\/lysekil\/startsidan\/foreningens-historia\/","title":{"rendered":"F\u00f6reningens historia"},"content":{"rendered":"<p>[et_pb_section fb_built=&#8221;1&#8243; specialty=&#8221;on&#8221; padding_top_1=&#8221;0px&#8221; padding_top_2=&#8221;0px&#8221; padding_top_bottom_link_1=&#8221;false&#8221; padding_top_bottom_link_2=&#8221;false&#8221; padding_left_right_link_1=&#8221;false&#8221; padding_left_right_link_2=&#8221;false&#8221; _builder_version=&#8221;4.16&#8243; _module_preset=&#8221;default&#8221; custom_margin=&#8221;||||false|false&#8221; custom_padding=&#8221;||||false|false&#8221; locked=&#8221;off&#8221; global_colors_info=&#8221;{}&#8221;][et_pb_column type=&#8221;3_4&#8243; specialty_columns=&#8221;3&#8243; _builder_version=&#8221;4.16&#8243; custom_padding=&#8221;|||&#8221; global_colors_info=&#8221;{}&#8221; custom_padding__hover=&#8221;|||&#8221;][et_pb_row_inner _builder_version=&#8221;4.16&#8243; _module_preset=&#8221;default&#8221; custom_padding=&#8221;0px||||false|false&#8221; global_colors_info=&#8221;{}&#8221;][et_pb_column_inner saved_specialty_column_type=&#8221;3_4&#8243; _builder_version=&#8221;4.16&#8243; _module_preset=&#8221;default&#8221; global_colors_info=&#8221;{}&#8221;][et_pb_post_title meta=&#8221;off&#8221; featured_image=&#8221;off&#8221; _builder_version=&#8221;4.16&#8243; _module_preset=&#8221;default&#8221; title_font_size=&#8221;35px&#8221; global_colors_info=&#8221;{}&#8221;][\/et_pb_post_title][et_pb_text _builder_version=&#8221;4.16&#8243; _module_preset=&#8221;default&#8221; global_colors_info=&#8221;{}&#8221;]<\/p>\n<p>&nbsp;<\/p>\n<p><strong>Tillkomsten av FLOTTANS M\u00c4N LYSEKIL.<\/strong><\/p>\n<p>F\u00f6reningen grundades den 28 februari 1939 av grupp &#8221;unga m\u00e4n f\u00f6r bildandet av en kamratf\u00f6rening bland salta gossar fr\u00e5n Svenska Flottan&#8221;. Sj\u00f6ombudsmannen Kapten Frithiof Hjelmvik var initiativtagaren och valdes till f\u00f6reningens ordf\u00f6rande vilken befattning han hade i sjutton \u00e5r. F\u00f6r att manifestera f\u00f6reningens tillkomst och f\u00f6r att attrahera fler medlemmar kontaktades Nya Varvet d\u00e4r Kapten Lilieqvist lovade ett jagarbes\u00f6k i Lysekil i samband med en \u00f6vning den 6 maj. Ombord p\u00e5 jagaren Wrangel samlades den inbjudna skaran medlemmar till en sj\u00f6tur med demonstration av artilleriskjutning. Senare h\u00f6ll Kapten Lilieqvist ett f\u00f6redrag i Lysekils f\u00f6rsamlingshem om &#8221;V\u00e4stkustens Marindistrikt dess organisation och uppgifter&#8221;. Dagen d\u00e4refter kunde allm\u00e4nheten f\u00e5 tilltr\u00e4de till fartyget i regi av Flottans M\u00e4n . Denna inledning \u00e4r en f\u00f6rkortad tolkning av tillkomsten f\u00f6r kamratf\u00f6reningen Flottans M\u00e4n Lysekil vilken senare kommer att publiceras under l\u00e4nken FM-Lysekil\/historik.<\/p>\n<p>&nbsp;<\/p>\n<p><strong>Lysekils betydelse under andra v\u00e4rldskriget.<\/strong><\/p>\n<p>Vid \u00e5rsm\u00f6tet 1940 kom kriget allt n\u00e4rmare och beredskapen h\u00f6jdes, fr\u00e5n de marina f\u00f6rband som var\u00a0stationerade i Lysekil var tre g\u00e4ster inbjudna att f\u00f6redra sina uppgifter. Vid \u00e5rsm\u00f6tet beslutades att studiecirklar f\u00f6r hemv\u00e4rnsm\u00e4n skulle anordnas och man fasst\u00e4llde f\u00f6reningens \u00e5rsavgift till 2 kr. I Gullmarsfjorden kunde fartyg l\u00e4ggas upp i skydd av de omg\u00e4rdande branta klipporna. \u00c4ven de krigf\u00f6rande l\u00e4ndernas U-b\u00e5tar kunde finna sina skyddade g\u00f6mst\u00e4llen f\u00f6r att vid l\u00e4mpliga tillf\u00e4llen \u00f6verraska konvojer med f\u00f6rn\u00f6denheter f\u00f6r deras krigf\u00f6ring. \u00c5r 1941 s\u00e4nktes f\u00f6rst tyska lastfartyget AMASIS av den engelska U-b\u00e5ten Sunfish, sedan s\u00e4nktes ocks\u00e5 andra lastfartyget ANTARES. \u00d6verlevande av bes\u00e4ttningarna f\u00f6rdes till Lysekil d\u00e4r de inkvarterades.<\/p>\n<p>G\u00f6teborgs hamn var alltf\u00f6r v\u00e4lbevakad och hade en sv\u00e5rnavigerad farled f\u00f6r de sm\u00e5 och snabba engelska transportb\u00e5tarna. Dessa fartyg skulle i skydd av goda g\u00f6mst\u00e4llen och s\u00e4msta v\u00e4der\u00a0transportera de s\u00e5 viktiga kullagren fr\u00e5n SKF till den engelska f\u00f6rsvarsindustrin som nu gick p\u00e5 h\u00f6gvarv. D\u00e4rf\u00f6r var Lysekil med den geografiska placeringen och j\u00e4rnv\u00e4g till hamnen en strategisk plats.<\/p>\n<p>&nbsp;<\/p>\n<p><strong>V\u00e5rt Klubbhus<\/strong><\/p>\n<p>L\u00e4nge var Lysekil utposten d\u00e4r uppsikt kunde h\u00e5llas p\u00e5 transporter som trafikerade<span>\u00a0<\/span><span>Skagerak<\/span>, Lotsutkiken byggdes och var en viktig k\u00e4lla f\u00f6r information om sj\u00f6farten och s\u00e4kerheten tillsj\u00f6ss. Genom etableringen av Preemraff blev en ny lotsstation byggd i inloppet till Brofjorden och \u00f6vervakningen kunde utf\u00f6ras elektroniskt varvid denna h\u00f6gt bel\u00e4gna gamla lotsutkiken fick annan anv\u00e4ndning. Den tredje mars 1999 \u00f6vergick omr\u00e5det med byggnad till Flottans M\u00e4n i Lysekil. F\u00f6reningens verksamhet blev d\u00e4rmed att underh\u00e5lla omr\u00e5det och man kunde med goda krafters hj\u00e4lp inreda huset och bygga en altan f\u00f6r f\u00f6reningens m\u00f6ten och aktiviteter som 2016 \u00e4r vindskyddat genom ett plexiglasmontage p\u00e5 insidan av r\u00e4cket. Insamlade f\u00f6rem\u00e5l har p\u00e5 ett professionellt s\u00e4tt kunnat exponeras som ett Marint Museum. Detta f\u00f6r att visa n\u00e5gra av de vapen som kr\u00e4vt m\u00e5nga sj\u00f6m\u00e4ns liv och p\u00e5minna om Flottans m\u00e4ns slagord<span>\u00a0<\/span><strong>Kamratskap\u00a0\u00d6rlogstradition\u00a0Sj\u00f6f\u00f6rsvar.<\/strong><\/p>\n<p>&nbsp;<\/p>\n<p><strong>Idag<\/strong><\/p>\n<p>Medlemsantalet \u00e4r i december 2023 \u00e4r 148st och \u00e4r d\u00e4rmed \u00e4r vi en av de st\u00f6rsta lokalf\u00f6reningarna. V\u00e5r ambition att f\u00f6ryngra medlemsantalet g\u00e5r lite tr\u00f6gt men med v\u00e5r medlemsv\u00e4rvargrupp ser vi m\u00f6jligheter att attrahera personer fr\u00e5n andra delar av Bohusl\u00e4n och trestadsregionen.<\/p>\n<p><strong>F\u00f6r medlemskap<\/strong><\/p>\n<p align=\"left\">Du kan bli medlem om du uppfyller f\u00f6ljande krav:\u00a0<\/p>\n<ol>\n<li>\n<div align=\"left\">Tj\u00e4nstg\u00f6r eller tj\u00e4nstgjort i Marinen Flottan eller\u00a0KA<\/div>\n<\/li>\n<li>\n<div align=\"left\">Officer,\u00a0v\u00e4rnpliktig eller anst\u00e4lld<\/div>\n<\/li>\n<li>\n<div align=\"left\">Kvinna eller man\u00a0har ingen betydelse<\/div>\n<\/li>\n<li>\n<div align=\"left\">Starkt marint intresse kan ocks\u00e5 meritera f\u00f6r ett medlemskap<span>\u00a0<\/span><\/div>\n<\/li>\n<\/ol>\n<p>[\/et_pb_text][\/et_pb_column_inner][\/et_pb_row_inner][\/et_pb_column][et_pb_column type=&#8221;1_4&#8243; _builder_version=&#8221;4.16&#8243; custom_padding=&#8221;|||&#8221; global_colors_info=&#8221;{}&#8221; custom_padding__hover=&#8221;|||&#8221;][et_pb_sidebar orientation=&#8221;right&#8221; _builder_version=&#8221;4.9.4&#8243; _module_preset=&#8221;default&#8221; header_font=&#8221;|600||on|||||&#8221; header_font_size=&#8221;20px&#8221; global_module=&#8221;33531&#8243; saved_tabs=&#8221;all&#8221; locked=&#8221;on&#8221; global_colors_info=&#8221;{}&#8221;][\/et_pb_sidebar][\/et_pb_column][\/et_pb_section]<\/p>\n","protected":false},"excerpt":{"rendered":"<p>&nbsp; Tillkomsten av FLOTTANS M\u00c4N LYSEKIL. F\u00f6reningen grundades den 28 februari 1939 av grupp &#8221;unga m\u00e4n f\u00f6r bildandet av en kamratf\u00f6rening bland salta gossar fr\u00e5n Svenska Flottan&#8221;. Sj\u00f6ombudsmannen Kapten Frithiof Hjelmvik var initiativtagaren och valdes till f\u00f6reningens ordf\u00f6rande vilken befattning han hade i sjutton \u00e5r. F\u00f6r att manifestera f\u00f6reningens tillkomst och f\u00f6r att attrahera fler [&hellip;]<\/p>\n","protected":false},"author":16,"featured_media":0,"parent":23,"menu_order":0,"comment_status":"closed","ping_status":"closed","template":"","meta":{"_et_pb_use_builder":"on","_et_pb_old_content":"","_et_gb_content_width":"","iawp_total_views":173,"footnotes":""},"class_list":["post-35417","page","type-page","status-publish","hentry"],"_links":{"self":[{"href":"https:\/\/marinkamraterna.se\/lysekil\/wp-json\/wp\/v2\/pages\/35417","targetHints":{"allow":["GET"]}}],"collection":[{"href":"https:\/\/marinkamraterna.se\/lysekil\/wp-json\/wp\/v2\/pages"}],"about":[{"href":"https:\/\/marinkamraterna.se\/lysekil\/wp-json\/wp\/v2\/types\/page"}],"author":[{"embeddable":true,"href":"https:\/\/marinkamraterna.se\/lysekil\/wp-json\/wp\/v2\/users\/16"}],"replies":[{"embeddable":true,"href":"https:\/\/marinkamraterna.se\/lysekil\/wp-json\/wp\/v2\/comments?post=35417"}],"version-history":[{"count":7,"href":"https:\/\/marinkamraterna.se\/lysekil\/wp-json\/wp\/v2\/pages\/35417\/revisions"}],"predecessor-version":[{"id":37972,"href":"https:\/\/marinkamraterna.se\/lysekil\/wp-json\/wp\/v2\/pages\/35417\/revisions\/37972"}],"up":[{"embeddable":true,"href":"https:\/\/marinkamraterna.se\/lysekil\/wp-json\/wp\/v2\/pages\/23"}],"wp:attachment":[{"href":"https:\/\/marinkamraterna.se\/lysekil\/wp-json\/wp\/v2\/media?parent=35417"}],"curies":[{"name":"wp","href":"https:\/\/api.w.org\/{rel}","templated":true}]}}