{"id":35435,"date":"2021-11-07T23:01:12","date_gmt":"2021-11-07T22:01:12","guid":{"rendered":"https:\/\/andersa6.sg-host.com\/lysekil\/?page_id=35435"},"modified":"2024-05-17T16:33:43","modified_gmt":"2024-05-17T14:33:43","slug":"hjalp-med-underhall","status":"publish","type":"page","link":"https:\/\/marinkamraterna.se\/lysekil\/startsidan\/hjalp-med-underhall\/","title":{"rendered":"Hj\u00e4lp med underh\u00e5ll och\/eller flaggning"},"content":{"rendered":"<p>[et_pb_section fb_built=&#8221;1&#8243; specialty=&#8221;on&#8221; padding_top_1=&#8221;0px&#8221; padding_top_2=&#8221;0px&#8221; padding_top_bottom_link_1=&#8221;false&#8221; padding_top_bottom_link_2=&#8221;false&#8221; padding_left_right_link_1=&#8221;false&#8221; padding_left_right_link_2=&#8221;false&#8221; _builder_version=&#8221;4.16&#8243; _module_preset=&#8221;default&#8221; custom_margin=&#8221;||||false|false&#8221; custom_padding=&#8221;||||false|false&#8221; locked=&#8221;off&#8221; global_colors_info=&#8221;{}&#8221;][et_pb_column type=&#8221;3_4&#8243; specialty_columns=&#8221;3&#8243; _builder_version=&#8221;4.16&#8243; custom_padding=&#8221;|||&#8221; global_colors_info=&#8221;{}&#8221; custom_padding__hover=&#8221;|||&#8221;][et_pb_row_inner _builder_version=&#8221;4.16&#8243; _module_preset=&#8221;default&#8221; custom_padding=&#8221;0px||||false|false&#8221; global_colors_info=&#8221;{}&#8221;][et_pb_column_inner saved_specialty_column_type=&#8221;3_4&#8243; _builder_version=&#8221;4.16&#8243; _module_preset=&#8221;default&#8221; global_colors_info=&#8221;{}&#8221;][et_pb_post_title meta=&#8221;off&#8221; featured_image=&#8221;off&#8221; _builder_version=&#8221;4.16&#8243; _module_preset=&#8221;default&#8221; title_font_size=&#8221;35px&#8221; global_colors_info=&#8221;{}&#8221;][\/et_pb_post_title][et_pb_text _builder_version=&#8221;4.16&#8243; _module_preset=&#8221;default&#8221; global_colors_info=&#8221;{}&#8221;]<\/p>\n<p><strong>Vi beh\u00f6ver hj\u00e4lp av n\u00e5gon\/n\u00e5gra med lite underh\u00e5ll och\/eller flaggning vid n\u00e5gra enstaka tillf\u00e4llen.<\/strong><\/p>\n<p><strong>Intresserad. Kontakta i s\u00e5 fall Stugfogden.<\/strong><\/p>\n<p><strong>Jan-Otto Pettersson <\/strong>\u00a0<strong>076-115 68 44<\/strong><\/p>\n<p>&nbsp;<\/p>\n<p>[\/et_pb_text][\/et_pb_column_inner][\/et_pb_row_inner][\/et_pb_column][et_pb_column type=&#8221;1_4&#8243; _builder_version=&#8221;4.16&#8243; custom_padding=&#8221;|||&#8221; global_colors_info=&#8221;{}&#8221; custom_padding__hover=&#8221;|||&#8221;][et_pb_sidebar orientation=&#8221;right&#8221; _builder_version=&#8221;4.9.4&#8243; _module_preset=&#8221;default&#8221; header_font=&#8221;|600||on|||||&#8221; header_font_size=&#8221;20px&#8221; global_module=&#8221;33531&#8243; saved_tabs=&#8221;all&#8221; locked=&#8221;on&#8221; global_colors_info=&#8221;{}&#8221;][\/et_pb_sidebar][\/et_pb_column][\/et_pb_section]<\/p>\n","protected":false},"excerpt":{"rendered":"<p>Vi beh\u00f6ver hj\u00e4lp av n\u00e5gon\/n\u00e5gra med lite underh\u00e5ll och\/eller flaggning vid n\u00e5gra enstaka tillf\u00e4llen. Intresserad. Kontakta i s\u00e5 fall Stugfogden. Jan-Otto Pettersson \u00a0076-115 68 44 &nbsp;<\/p>\n","protected":false},"author":16,"featured_media":0,"parent":23,"menu_order":0,"comment_status":"closed","ping_status":"closed","template":"","meta":{"_et_pb_use_builder":"on","_et_pb_old_content":"","_et_gb_content_width":"","iawp_total_views":48,"footnotes":""},"class_list":["post-35435","page","type-page","status-publish","hentry"],"_links":{"self":[{"href":"https:\/\/marinkamraterna.se\/lysekil\/wp-json\/wp\/v2\/pages\/35435","targetHints":{"allow":["GET"]}}],"collection":[{"href":"https:\/\/marinkamraterna.se\/lysekil\/wp-json\/wp\/v2\/pages"}],"about":[{"href":"https:\/\/marinkamraterna.se\/lysekil\/wp-json\/wp\/v2\/types\/page"}],"author":[{"embeddable":true,"href":"https:\/\/marinkamraterna.se\/lysekil\/wp-json\/wp\/v2\/users\/16"}],"replies":[{"embeddable":true,"href":"https:\/\/marinkamraterna.se\/lysekil\/wp-json\/wp\/v2\/comments?post=35435"}],"version-history":[{"count":8,"href":"https:\/\/marinkamraterna.se\/lysekil\/wp-json\/wp\/v2\/pages\/35435\/revisions"}],"predecessor-version":[{"id":38069,"href":"https:\/\/marinkamraterna.se\/lysekil\/wp-json\/wp\/v2\/pages\/35435\/revisions\/38069"}],"up":[{"embeddable":true,"href":"https:\/\/marinkamraterna.se\/lysekil\/wp-json\/wp\/v2\/pages\/23"}],"wp:attachment":[{"href":"https:\/\/marinkamraterna.se\/lysekil\/wp-json\/wp\/v2\/media?parent=35435"}],"curies":[{"name":"wp","href":"https:\/\/api.w.org\/{rel}","templated":true}]}}