{"id":23,"date":"2020-12-09T16:01:15","date_gmt":"2020-12-09T15:01:15","guid":{"rendered":"https:\/\/wwps.se\/?page_id=23"},"modified":"2026-04-02T23:49:50","modified_gmt":"2026-04-02T21:49:50","slug":"startsidan","status":"publish","type":"page","link":"https:\/\/marinkamraterna.se\/malmo\/","title":{"rendered":"Startsidan"},"content":{"rendered":"<p>[et_pb_section fb_built=&#8221;1&#8243; use_custom_gutter=&#8221;on&#8221; gutter_width=&#8221;2&#8243; specialty=&#8221;on&#8221; padding_top_1=&#8221;45px&#8221; padding_top_2=&#8221;45px&#8221; padding_right_1=&#8221;50px&#8221; padding_right_2=&#8221;30px&#8221; padding_left_1=&#8221;50px&#8221; padding_left_2=&#8221;30px&#8221; padding_top_bottom_link_1=&#8221;false&#8221; padding_top_bottom_link_2=&#8221;false&#8221; padding_left_right_link_1=&#8221;true&#8221; padding_left_right_link_2=&#8221;true&#8221; padding_1_tablet=&#8221;&#8221; padding_1_phone=&#8221;&#8221; padding_1_last_edited=&#8221;on|desktop&#8221; custom_css_main_2=&#8221;border-left: 1px solid #eeeeee&#8221; _builder_version=&#8221;4.16&#8243; _module_preset=&#8221;default&#8221; inner_width=&#8221;100%&#8221; custom_margin=&#8221;||||false|false&#8221; custom_padding=&#8221;0px||||false|false&#8221; global_colors_info=&#8221;{}&#8221;][et_pb_column type=&#8221;2_3&#8243; specialty_columns=&#8221;2&#8243; _builder_version=&#8221;4.16&#8243; custom_padding=&#8221;|||&#8221; global_colors_info=&#8221;{}&#8221; custom_padding__hover=&#8221;|||&#8221;][et_pb_row_inner _builder_version=&#8221;4.16&#8243; _module_preset=&#8221;default&#8221; global_colors_info=&#8221;{}&#8221;][et_pb_column_inner saved_specialty_column_type=&#8221;2_3&#8243; _builder_version=&#8221;4.16&#8243; _module_preset=&#8221;default&#8221; global_colors_info=&#8221;{}&#8221;][et_pb_text _builder_version=&#8221;4.27.4&#8243; _module_preset=&#8221;default&#8221; global_colors_info=&#8221;{}&#8221;]<\/p>\n<h1 style=\"text-align: center\">V\u00e4lkommen till Marinkamraterna i Malm\u00f6<\/h1>\n<p>[\/et_pb_text][et_pb_image src=&#8221;http:\/\/marinkamraterna.se\/malmo\/wp-content\/uploads\/sites\/26\/2021\/09\/K-12-MALMO.jpg&#8221; title_text=&#8221;K 12 MALM\u00d6&#8221; _builder_version=&#8221;4.16&#8243; _module_preset=&#8221;default&#8221; global_colors_info=&#8221;{}&#8221;][\/et_pb_image][et_pb_text _builder_version=&#8221;4.27.6&#8243; _module_preset=&#8221;default&#8221; hover_enabled=&#8221;0&#8243; global_colors_info=&#8221;{}&#8221; sticky_enabled=&#8221;0&#8243;]<\/p>\n<p style=\"text-align: center\"><img loading=\"lazy\" decoding=\"async\" src=\"http:\/\/marinkamraterna.se\/malmo\/wp-content\/uploads\/sites\/26\/2021\/09\/Malmo.jpg\" width=\"76\" height=\"138\" alt=\"\" class=\"wp-image-35384 aligncenter size-full\" \/><\/p>\n<p style=\"text-align: center\">Korvetten HMS Malm\u00f6, numera Patrullb\u00e5t<\/p>\n<p style=\"text-align: center\"><img loading=\"lazy\" decoding=\"async\" src=\"https:\/\/marinkamraterna.se\/malmo\/wp-content\/uploads\/sites\/26\/2026\/04\/FM_Malmo_skold-vit-497x600.jpg\" width=\"271\" height=\"327\" alt=\"\" class=\"wp-image-40610 alignnone size-medium\" \/><\/p>\n<p style=\"text-align: center\">F\u00f6reningen har funnits i Malm\u00f6 sedan 1937<\/p>\n<p>[\/et_pb_text][et_pb_text _builder_version=&#8221;4.27.4&#8243; _module_preset=&#8221;default&#8221; global_colors_info=&#8221;{}&#8221;]<\/p>\n<p>F\u00f6reningen Marinkamraterna i Malm\u00f6 (f.d. Flottans M\u00e4n i Malm\u00f6) \u00e4r f\u00f6reningen f\u00f6r alla som har intresse f\u00f6r Marinen. Vi v\u00e4rnar om det goda kamratskapet mellan oss som tidigare har tj\u00e4nstgjort eller varit v\u00e4rnpliktig i Marinen och om den gemenskap som finns mellan oss och de som nu tj\u00e4nstg\u00f6r. F\u00f6r att bli medlem fordras att du i milit\u00e4r eller civil befattning antingen har tj\u00e4nstgjort i Marinen tidigare eller fortfarande \u00e4r i tj\u00e4nst, antingen som v\u00e4rnpliktig eller anst\u00e4lld. Menig eller officer, man eller kvinna har ingen betydelse \u2013 alla \u00e4r lika v\u00e4lkomna.<\/p>\n<p>Vi bidrar \u00e4ven till att h\u00e5lla Marinens traditioner levande och till att sprida information om dess verksamhet. Vi tr\u00e4ffas ofta kring v\u00e5rt gemensamma intresse och har trevligt tillsammans.<\/p>\n<p>F\u00f6reningen bildades f\u00f6rst i Stockholm 1935 och har idag ca 3 000 medlemmar f\u00f6rdelade p\u00e5 25 lokalf\u00f6reningar \u00f6ver hela landet. Vi hette f\u00f6rut &#8221;Flottans M\u00e4n&#8221;, men bytte namn den 1 december 2025 till &#8221;F\u00f6reningen Marinkamraterna&#8221;. Den st\u00f6rsta lokalf\u00f6reningen \u00e4r Stockholm med ca 600 medlemmar . Vi i Malm\u00f6 \u00e4r ca 70 medlemmar.<\/p>\n<p>[\/et_pb_text][\/et_pb_column_inner][\/et_pb_row_inner][et_pb_row_inner _builder_version=&#8221;4.27.4&#8243; _module_preset=&#8221;default&#8221; global_colors_info=&#8221;{}&#8221;][et_pb_column_inner saved_specialty_column_type=&#8221;2_3&#8243; _builder_version=&#8221;4.27.4&#8243; _module_preset=&#8221;default&#8221; global_colors_info=&#8221;{}&#8221;][et_pb_image src=&#8221;https:\/\/marinkamraterna.se\/malmo\/wp-content\/uploads\/sites\/26\/2025\/11\/IMG_5869-Large.jpg&#8221; title_text=&#8221;IMG 5869 (Large)&#8221; _builder_version=&#8221;4.27.4&#8243; _module_preset=&#8221;default&#8221; global_colors_info=&#8221;{}&#8221;][\/et_pb_image][\/et_pb_column_inner][\/et_pb_row_inner][\/et_pb_column][et_pb_column type=&#8221;1_3&#8243; _builder_version=&#8221;4.16&#8243; custom_padding=&#8221;|||&#8221; global_colors_info=&#8221;{}&#8221; custom_padding__hover=&#8221;|||&#8221;][et_pb_blurb title=&#8221;Aktuellt&#8221; use_icon=&#8221;on&#8221; font_icon=&#8221;&#xe080;||divi||400&#8243; icon_placement=&#8221;left&#8221; _builder_version=&#8221;4.16&#8243; _module_preset=&#8221;default&#8221; header_font=&#8221;|600||on|||||&#8221; header_font_size=&#8221;20px&#8221; border_width_bottom=&#8221;2px&#8221; border_color_bottom=&#8221;#0C71C3&#8243; locked=&#8221;on&#8221; global_colors_info=&#8221;{}&#8221;][\/et_pb_blurb][et_pb_blog posts_number=&#8221;3&#8243; meta_date=&#8221;j F, Y&#8221; show_thumbnail=&#8221;off&#8221; use_manual_excerpt=&#8221;off&#8221; show_more=&#8221;on&#8221; show_author=&#8221;off&#8221; show_categories=&#8221;off&#8221; show_pagination=&#8221;off&#8221; module_class=&#8221;aktuellt-startsidan&#8221; _builder_version=&#8221;4.27.2&#8243; _module_preset=&#8221;default&#8221; header_font=&#8221;||||||||&#8221; header_font_size=&#8221;20px&#8221; body_font_size=&#8221;14px&#8221; meta_font=&#8221;||on||||||&#8221; meta_font_size=&#8221;14px&#8221; meta_line_height=&#8221;1em&#8221; read_more_font=&#8221;|600||on|||||&#8221; custom_margin=&#8221;||||false|false&#8221; custom_padding=&#8221;||||false|false&#8221; locked=&#8221;on&#8221; global_colors_info=&#8221;{}&#8221;][\/et_pb_blog][et_pb_button button_url=&#8221;\/malmo\/kategori\/nyheter\/&#8221; button_text=&#8221;Se alla nyheter&#8221; button_alignment=&#8221;right&#8221; _builder_version=&#8221;4.16&#8243; _module_preset=&#8221;default&#8221; custom_button=&#8221;on&#8221; button_text_size=&#8221;15px&#8221; button_on_hover=&#8221;off&#8221; custom_margin=&#8221;||50px||false|false&#8221; locked=&#8221;on&#8221; global_colors_info=&#8221;{}&#8221;][\/et_pb_button][et_pb_blurb title=&#8221;Kalendarium&#8221; use_icon=&#8221;on&#8221; font_icon=&#8221;&#xe025;||divi||400&#8243; icon_placement=&#8221;left&#8221; _builder_version=&#8221;4.16&#8243; _module_preset=&#8221;default&#8221; header_font=&#8221;|600||on|||||&#8221; header_font_size=&#8221;20px&#8221; border_width_bottom=&#8221;2px&#8221; border_color_bottom=&#8221;#0C71C3&#8243; locked=&#8221;on&#8221; global_colors_info=&#8221;{}&#8221;][\/et_pb_blurb][et_pb_sidebar area=&#8221;et_pb_widget_area_1&#8243; _builder_version=&#8221;4.16&#8243; _module_preset=&#8221;default&#8221; locked=&#8221;on&#8221; global_colors_info=&#8221;{}&#8221;][\/et_pb_sidebar][et_pb_blurb title=&#8221;Aktuellt F\u00f6rbundet&#8221; use_icon=&#8221;on&#8221; font_icon=&#8221;&#xe080;||divi||400&#8243; icon_placement=&#8221;left&#8221; _builder_version=&#8221;4.16&#8243; _module_preset=&#8221;default&#8221; header_font=&#8221;|600||on|||||&#8221; header_font_size=&#8221;20px&#8221; border_width_bottom=&#8221;2px&#8221; border_color_bottom=&#8221;#0C71C3&#8243; locked=&#8221;on&#8221; global_colors_info=&#8221;{}&#8221;][\/et_pb_blurb][et_pb_code _builder_version=&#8221;4.16&#8243; _module_preset=&#8221;default&#8221; locked=&#8221;on&#8221; global_colors_info=&#8221;{}&#8221;]<div class=\"wpra-display align\" data-display-id=\"1\" hx-target=\"this\" hx-swap=\"outerHTML\">    <div class=\"wp-rss-aggregator wpra-list-template \">\n        <ul class=\"rss-aggregator wpra-item-list \" start=\"1\">\n                <li class=\"wpra-item feed-item \">\n        <a href=\"https:\/\/marinkamraterna.se\/aktuellt\/2026\/04\/02\/forlangd-anmalningstid-till-riks-26\/\" class=\"\" target=\"_blank\" rel=\"noopener noreferrer nofollow\" style=\"\">F\u00f6rl\u00e4ngd anm\u00e4lningstid till Riks 26<\/a>\n\n        <div class=\"wprss-feed-meta\">\n            \n                <span class=\"feed-date\">\n        Publicerad 2026-04-02\n    <\/span>\n            \n        <\/div>\n\n        \n    <\/li>    <li class=\"wpra-item feed-item \">\n        <a href=\"https:\/\/marinkamraterna.se\/aktuellt\/2026\/02\/10\/riksarsmotet-2026\/\" class=\"\" target=\"_blank\" rel=\"noopener noreferrer nofollow\" style=\"\">Riks\u00e5rsm\u00f6tet 2026<\/a>\n\n        <div class=\"wprss-feed-meta\">\n            \n                <span class=\"feed-date\">\n        Publicerad 2026-02-10\n    <\/span>\n            \n        <\/div>\n\n        \n    <\/li>    <li class=\"wpra-item feed-item \">\n        <a href=\"https:\/\/marinkamraterna.se\/aktuellt\/2025\/12\/02\/hemsidorna-har-nu-bytt-adress\/\" class=\"\" target=\"_blank\" rel=\"noopener noreferrer nofollow\" style=\"\">Hemsidorna har nu bytt adress<\/a>\n\n        <div class=\"wprss-feed-meta\">\n            \n                <span class=\"feed-date\">\n        Publicerad 2025-12-02\n    <\/span>\n            \n        <\/div>\n\n        \n    <\/li>\n        <\/ul>\n    <\/div> <\/div>[\/et_pb_code][et_pb_button button_url=&#8221;\/kategori\/riksnyheter\/&#8221; url_new_window=&#8221;on&#8221; button_text=&#8221;Se alla f\u00f6rbundsnyheter&#8221; button_alignment=&#8221;right&#8221; _builder_version=&#8221;4.16&#8243; _module_preset=&#8221;default&#8221; custom_button=&#8221;on&#8221; button_text_size=&#8221;15px&#8221; button_on_hover=&#8221;off&#8221; custom_margin=&#8221;||||false|false&#8221; locked=&#8221;on&#8221; global_colors_info=&#8221;{}&#8221;][\/et_pb_button][\/et_pb_column][\/et_pb_section]<\/p>\n","protected":false},"excerpt":{"rendered":"<p>V\u00e4lkommen till Marinkamraterna i Malm\u00f6 Korvetten HMS Malm\u00f6, numera Patrullb\u00e5t F\u00f6reningen har funnits i Malm\u00f6 sedan 1937F\u00f6reningen Marinkamraterna i Malm\u00f6 (f.d. Flottans M\u00e4n i Malm\u00f6) \u00e4r f\u00f6reningen f\u00f6r alla som har intresse f\u00f6r Marinen. Vi v\u00e4rnar om det goda kamratskapet mellan oss som tidigare har tj\u00e4nstgjort eller varit v\u00e4rnpliktig i Marinen och om den gemenskap [&hellip;]<\/p>\n","protected":false},"author":1,"featured_media":0,"parent":0,"menu_order":0,"comment_status":"closed","ping_status":"closed","template":"","meta":{"_et_pb_use_builder":"on","_et_pb_old_content":"","_et_gb_content_width":"","iawp_total_views":3366,"footnotes":""},"class_list":["post-23","page","type-page","status-publish","hentry"],"_links":{"self":[{"href":"https:\/\/marinkamraterna.se\/malmo\/wp-json\/wp\/v2\/pages\/23","targetHints":{"allow":["GET"]}}],"collection":[{"href":"https:\/\/marinkamraterna.se\/malmo\/wp-json\/wp\/v2\/pages"}],"about":[{"href":"https:\/\/marinkamraterna.se\/malmo\/wp-json\/wp\/v2\/types\/page"}],"author":[{"embeddable":true,"href":"https:\/\/marinkamraterna.se\/malmo\/wp-json\/wp\/v2\/users\/1"}],"replies":[{"embeddable":true,"href":"https:\/\/marinkamraterna.se\/malmo\/wp-json\/wp\/v2\/comments?post=23"}],"version-history":[{"count":47,"href":"https:\/\/marinkamraterna.se\/malmo\/wp-json\/wp\/v2\/pages\/23\/revisions"}],"predecessor-version":[{"id":40612,"href":"https:\/\/marinkamraterna.se\/malmo\/wp-json\/wp\/v2\/pages\/23\/revisions\/40612"}],"wp:attachment":[{"href":"https:\/\/marinkamraterna.se\/malmo\/wp-json\/wp\/v2\/media?parent=23"}],"curies":[{"name":"wp","href":"https:\/\/api.w.org\/{rel}","templated":true}]}}