{"id":33357,"date":"2021-04-05T13:39:34","date_gmt":"2021-04-05T11:39:34","guid":{"rendered":"https:\/\/andersa6.sg-host.com\/?page_id=33357"},"modified":"2026-01-04T11:06:40","modified_gmt":"2026-01-04T10:06:40","slug":"bilder","status":"publish","type":"page","link":"https:\/\/marinkamraterna.se\/malmo\/startsidan\/bilder\/","title":{"rendered":"Bilder och aktiviteter"},"content":{"rendered":"<p>[et_pb_section fb_built=&#8221;1&#8243; use_custom_gutter=&#8221;on&#8221; gutter_width=&#8221;2&#8243; specialty=&#8221;on&#8221; padding_top_1=&#8221;45px&#8221; padding_top_2=&#8221;45px&#8221; padding_top_bottom_link_1=&#8221;false&#8221; padding_top_bottom_link_2=&#8221;false&#8221; padding_left_right_link_1=&#8221;false&#8221; padding_left_right_link_2=&#8221;false&#8221; _builder_version=&#8221;4.16&#8243; _module_preset=&#8221;default&#8221; custom_padding=&#8221;0px||||false|false&#8221; global_colors_info=&#8221;{}&#8221;][et_pb_column type=&#8221;1_4&#8243; _builder_version=&#8221;4.16&#8243; custom_padding=&#8221;|||&#8221; global_colors_info=&#8221;{}&#8221; custom_padding__hover=&#8221;|||&#8221;][et_pb_sidebar area=&#8221;et_pb_widget_area_3&#8243; _builder_version=&#8221;4.9.4&#8243; _module_preset=&#8221;default&#8221; header_font=&#8221;|600||on|||||&#8221; body_text_color=&#8221;#0C71C3&#8243; body_font_size=&#8221;14px&#8221; custom_margin=&#8221;||||false|false&#8221; custom_padding=&#8221;||||false|false&#8221; global_module=&#8221;33600&#8243; locked=&#8221;on&#8221; global_colors_info=&#8221;{}&#8221;][\/et_pb_sidebar][et_pb_text _builder_version=&#8221;4.27.4&#8243; _module_preset=&#8221;default&#8221; global_colors_info=&#8221;{}&#8221;]<\/p>\n<p><a href=\"https:\/\/marinkamraterna.se\/malmo\/wp-content\/uploads\/sites\/26\/2024\/06\/MFF-guidning-2024-06-10.pdf\">Bes\u00f6k p\u00e5 MFF-stadion 2024<\/a><\/p>\n<p><a href=\"https:\/\/marinkamraterna.se\/malmo\/wp-content\/uploads\/sites\/26\/2024\/06\/Spanskt-Orlogsbesok-2024-06-03-06.pdf\">Spanskt \u00f6rlogsbes\u00f6k 2024-06-03<\/a><\/p>\n<p><a href=\"http:\/\/marinkamraterna.se\/malmo\/wp-content\/uploads\/sites\/26\/2021\/10\/HMS-Malmo-besok-i-Malmo-aug-2014.pdf\" target=\"_blank\" rel=\"noopener\">HMS Malm\u00f6 bes\u00f6k 2014<\/a><\/p>\n<p><a href=\"https:\/\/marinkamraterna.se\/malmo\/wp-content\/uploads\/sites\/26\/2022\/09\/Tyskt-orlogsbesok-2008-03-02.pdf\" target=\"_blank\" rel=\"noopener\">Tyskt \u00f6rlogsbes\u00f6k 2008-03-02<\/a><\/p>\n<p><a href=\"https:\/\/marinkamraterna.se\/malmo\/wp-content\/uploads\/sites\/26\/2022\/09\/Tyskt-orlogsbesok-2007-02-24.pdf\" target=\"_blank\" rel=\"noopener\">Tyskt \u00f6rlogsbes\u00f6k 2007-02-24<\/a><\/p>\n<p>&nbsp;<\/p>\n<p><a href=\"https:\/\/marinkamraterna.se\/malmo\/wp-content\/uploads\/sites\/26\/2022\/09\/Julbord-2019-12-16.pdf\" target=\"_blank\" rel=\"noopener\">Julbord 2019<\/a><\/p>\n<p><a href=\"http:\/\/marinkamraterna.se\/malmo\/wp-content\/uploads\/sites\/26\/2021\/10\/80-ars-firandet.pdf\" target=\"_blank\" rel=\"noopener\">80-\u00e5rsfirandet 2017<\/a><\/p>\n<p><a href=\"https:\/\/marinkamraterna.se\/malmo\/wp-content\/uploads\/sites\/26\/2022\/09\/Julfest-2013-12-07.pdf\" target=\"_blank\" rel=\"noopener\">Julfest 2013<\/a><\/p>\n<p><a href=\"https:\/\/marinkamraterna.se\/malmo\/wp-content\/uploads\/sites\/26\/2022\/09\/Julbord-2012-12-10.pdf\" target=\"_blank\" rel=\"noopener\">Julbord 2012<\/a><\/p>\n<p><a href=\"https:\/\/marinkamraterna.se\/malmo\/wp-content\/uploads\/sites\/26\/2022\/09\/75-arsfesten-2012-09-08.pdf\" target=\"_blank\" rel=\"noopener\">75-\u00e5rsfirandet 2012<\/a><\/p>\n<p><a href=\"https:\/\/marinkamraterna.se\/malmo\/wp-content\/uploads\/sites\/26\/2023\/04\/70-arsjubileum2007.pdf\" target=\"_blank\" rel=\"noopener\">70-\u00e5rsfirandet 2007<\/a><\/p>\n<p>&nbsp;<\/p>\n<p><a href=\"https:\/\/marinkamraterna.se\/malmo\/wp-content\/uploads\/sites\/26\/2025\/04\/Mathallningen.pdf\" target=\"_blank\" rel=\"noopener\">Maten p\u00e5 v\u00e5ra m\u00f6ten<\/a><\/p>\n<p>&nbsp;<\/p>\n<p><a href=\"http:\/\/marinkamraterna.se\/malmo\/wp-content\/uploads\/sites\/26\/2021\/10\/HMS-Malmo.pdf\" target=\"_blank\" rel=\"noopener\">HMS Malm\u00f6<\/a>,<br \/><a href=\"http:\/\/marinkamraterna.se\/malmo\/wp-content\/uploads\/sites\/26\/2021\/10\/HMS-Malmo.pdf\" target=\"_blank\" rel=\"noopener\">Ett fartygsnamn med tradition<\/a><\/p>\n<p><a href=\"http:\/\/marinkamraterna.se\/malmo\/wp-content\/uploads\/sites\/26\/2021\/10\/Dad-1-5.pdf\" target=\"_blank\" rel=\"noopener\">Dad\u00b4s Navy 1-5<\/a><\/p>\n<p><a href=\"http:\/\/marinkamraterna.se\/malmo\/wp-content\/uploads\/sites\/26\/2021\/10\/Dad-6-10.pdf\" target=\"_blank\" rel=\"noopener\">Dad\u00b4s Navy 6-10<\/a><\/p>\n<p><a href=\"http:\/\/marinkamraterna.se\/malmo\/wp-content\/uploads\/sites\/26\/2021\/10\/Dad-11-14.pdf\" target=\"_blank\" rel=\"noopener\">Dad\u00b4s Navy 11-14<\/a><\/p>\n<p><a href=\"http:\/\/marinkamraterna.se\/malmo\/wp-content\/uploads\/sites\/26\/2021\/10\/Dad-15-17.pdf\" target=\"_blank\" rel=\"noopener\">Dad\u00b4s Navy 15-17<\/a><\/p>\n<p><a href=\"http:\/\/marinkamraterna.se\/malmo\/wp-content\/uploads\/sites\/26\/2021\/10\/Skapa-en-miniatyrflotta.pdf\" target=\"_blank\" rel=\"noopener\">Skapa en minitatyrflotta<\/a><\/p>\n<p><a href=\"http:\/\/marinkamraterna.se\/malmo\/wp-content\/uploads\/sites\/26\/2021\/10\/Medlemsbilden-1-10.pdf\" target=\"_blank\" rel=\"noopener\">Medlemsbilder 1-10<\/a><\/p>\n<p><a href=\"http:\/\/marinkamraterna.se\/malmo\/wp-content\/uploads\/sites\/26\/2021\/10\/Medlemsbilder-11-14.pdf\" target=\"_blank\" rel=\"noopener\">Medlemsbilder 11-14<\/a><\/p>\n<p><a href=\"http:\/\/marinkamraterna.se\/malmo\/wp-content\/uploads\/sites\/26\/2021\/10\/ID-uppgifter.pdf\" target=\"_blank\" rel=\"noopener\">ID-uppgifter &#8211; fr\u00e5gor<\/a><\/p>\n<p><a href=\"http:\/\/marinkamraterna.se\/malmo\/wp-content\/uploads\/sites\/26\/2021\/10\/ID-uppgifter-svar.pdf\" target=\"_blank\" rel=\"noopener\">ID-uppgifter &#8211; svar<\/a><\/p>\n<p><a href=\"https:\/\/marinkamraterna.se\/malmo\/wp-content\/uploads\/sites\/26\/2022\/09\/Julbord-2019-12-16.pdf\" target=\"_blank\" rel=\"noopener\"><\/a><a href=\"http:\/\/marinkamraterna.se\/malmo\/wp-content\/uploads\/sites\/26\/2021\/10\/HMS-Malmo-besok-i-Malmo-aug-2014.pdf\" target=\"_blank\" rel=\"noopener\"><\/a><a href=\"https:\/\/www.alvsnabben.se\/fylgia3132\/fylgia3132.htm\" target=\"_blank\" rel=\"noopener\">Tryggve Kastrups<\/a><br \/><a href=\"https:\/\/www.alvsnabben.se\/fylgia3132\/fylgia3132.htm\" target=\"_blank\" rel=\"noopener\">l\u00e5ngresa med Fylgia 1931-32<\/a><\/p>\n<p>[\/et_pb_text][\/et_pb_column][et_pb_column type=&#8221;3_4&#8243; specialty_columns=&#8221;3&#8243; _builder_version=&#8221;4.16&#8243; custom_padding=&#8221;|||&#8221; global_colors_info=&#8221;{}&#8221; custom_padding__hover=&#8221;|||&#8221;][et_pb_row_inner use_custom_gutter=&#8221;on&#8221; gutter_width=&#8221;1&#8243; make_equal=&#8221;on&#8221; _builder_version=&#8221;4.16&#8243; _module_preset=&#8221;default&#8221; custom_padding=&#8221;0px||||false|false&#8221; global_colors_info=&#8221;{}&#8221;][et_pb_column_inner saved_specialty_column_type=&#8221;3_4&#8243; _builder_version=&#8221;4.16&#8243; _module_preset=&#8221;default&#8221; global_colors_info=&#8221;{}&#8221;][et_pb_post_title meta=&#8221;off&#8221; featured_image=&#8221;off&#8221; _builder_version=&#8221;4.16&#8243; _module_preset=&#8221;default&#8221; title_font_size=&#8221;35px&#8221; global_colors_info=&#8221;{}&#8221;][\/et_pb_post_title][et_pb_text _builder_version=&#8221;4.20.4&#8243; _module_preset=&#8221;default&#8221; global_colors_info=&#8221;{}&#8221;]<\/p>\n<h4 style=\"text-align: center\">P\u00e5 denna sida har vi samlat bilder fr\u00e5n olika fester, bes\u00f6k, fr\u00e5get\u00e4vlingar,<br \/>bidrag fr\u00e5n medlemmarna och aktiviteter som vi haft under \u00e5ren.<\/h4>\n<p>&nbsp;<\/p>\n<p style=\"text-align: center\">[\/et_pb_text][et_pb_image src=&#8221;http:\/\/marinkamraterna.se\/malmo\/wp-content\/uploads\/sites\/26\/2021\/10\/IMG_0539.jpg&#8221; title_text=&#8221;IMG_0539&#8243; _builder_version=&#8221;4.16&#8243; _module_preset=&#8221;default&#8221; global_colors_info=&#8221;{}&#8221;][\/et_pb_image][et_pb_text _builder_version=&#8221;4.16&#8243; _module_preset=&#8221;default&#8221; global_colors_info=&#8221;{}&#8221;]<\/p>\n<p style=\"text-align: center\">Vi fick fin guidning ombord p\u00e5 HMS Malm\u00f6 n\u00e4r hon bes\u00f6kte Malm\u00f6 hamn 2014-08-29.<br \/>L\u00e4s om detta i &#8221;HMS Malm\u00f6 bes\u00f6k 2014&#8221; fr\u00e5n menyn till v\u00e4nster och se fler bilder i galleriet l\u00e4ngre ned p\u00e5 sidan.<\/p>\n<p style=\"text-align: center\">\n<p style=\"text-align: center\">\n<p style=\"text-align: center\">[\/et_pb_text][et_pb_image src=&#8221;http:\/\/marinkamraterna.se\/malmo\/wp-content\/uploads\/sites\/26\/2021\/10\/DSC_0005.jpg&#8221; title_text=&#8221;DSC_0005&#8243; _builder_version=&#8221;4.16&#8243; _module_preset=&#8221;default&#8221; global_colors_info=&#8221;{}&#8221;][\/et_pb_image][et_pb_text _builder_version=&#8221;4.27.5&#8243; _module_preset=&#8221;default&#8221; hover_enabled=&#8221;0&#8243; global_colors_info=&#8221;{}&#8221; sticky_enabled=&#8221;0&#8243;]<\/p>\n<p style=\"text-align: center\">Jan Steimer, Bruno Lindquist och Stefan Leo framf\u00f6r det argentinska<br \/>skolfartyget Fragata A.R.A Libertad som bes\u00f6kte Malm\u00f6 sommaren 2017.<br \/>Fler bilder finns att se i galleriet en bit ner p\u00e5 denna sida.<\/p>\n<p style=\"text-align: center\">[\/et_pb_text][et_pb_divider _builder_version=&#8221;4.27.5&#8243; _module_preset=&#8221;default&#8221; hover_enabled=&#8221;0&#8243; sticky_enabled=&#8221;0&#8243;][\/et_pb_divider][et_pb_text _builder_version=&#8221;4.27.5&#8243; _module_preset=&#8221;default&#8221; hover_enabled=&#8221;0&#8243; sticky_enabled=&#8221;0&#8243;]<\/p>\n<p style=\"text-align: center\">Bes\u00f6k p\u00e5 Oden tillsammans med FM \u00c4ngelholm 2026-01-02<\/p>\n<p style=\"text-align: center\">[\/et_pb_text][et_pb_gallery _builder_version=&#8221;4.27.5&#8243; _module_preset=&#8221;default&#8221; gallery_ids=&#8221;40507,40508,40509,40510,40511,40512,40514,40515,40516,40517,40518,40519,40520,40521,40522,40523&#8243; show_title_and_caption=&#8221;off&#8221; hover_enabled=&#8221;0&#8243; sticky_enabled=&#8221;0&#8243; posts_number=&#8221;3&#8243;][\/et_pb_gallery][et_pb_divider _builder_version=&#8221;4.16&#8243; _module_preset=&#8221;default&#8221; global_colors_info=&#8221;{}&#8221;][\/et_pb_divider][et_pb_text _builder_version=&#8221;4.18.0&#8243; _module_preset=&#8221;default&#8221; global_colors_info=&#8221;{}&#8221;]<\/p>\n<p style=\"text-align: center\">Flottan kom till Malm\u00f6 f\u00f6r att fira sitt 500-\u00e5rsjubileum 2022-09-23 och 24.<\/p>\n<p style=\"text-align: center\">\n<p>[\/et_pb_text][et_pb_gallery gallery_ids=&#8221;38919,38925,38928,38931,38934,38937,38940,38943,38946,38949,38952,38955,38958,38961,38964,38967,38970,39315,38979,38982,38985,38988,38991,39327,39330,39000,39003,39006,39012,39015,39018,39024,39027,39030,39033,39036,39042,39045,39048,39051,39054,39057,39060,39063,39066,39069,39072,39075,39078,39081,39084,39087,39090,39093,39096,39099,39102,39105,39108,39111,39114,39117,39120,39123,39126,39129,39132,39135,39138,39141,39144,39147,39150,39153,39156,39159,39162,39165,39168,39171,39174,39177,39180,39183,39186,39189,39192,39195,39201&#8243; posts_number=&#8221;3&#8243; show_title_and_caption=&#8221;off&#8221; _builder_version=&#8221;4.18.0&#8243; _module_preset=&#8221;default&#8221; locked=&#8221;off&#8221; global_colors_info=&#8221;{}&#8221;][\/et_pb_gallery][et_pb_divider _builder_version=&#8221;4.18.0&#8243; _module_preset=&#8221;default&#8221; global_colors_info=&#8221;{}&#8221;][\/et_pb_divider][et_pb_text _builder_version=&#8221;4.16&#8243; _module_preset=&#8221;default&#8221; global_colors_info=&#8221;{}&#8221;]<\/p>\n<p style=\"text-align: center\">Bes\u00f6k p\u00e5 Sj\u00f6fartsmuseet i Viken 2019-10-03.<\/p>\n<p style=\"text-align: center\">\n<p style=\"text-align: center\">[\/et_pb_text][et_pb_gallery gallery_ids=&#8221;36047,36048,36049,36050,36051,36052,36053,36054,36055,36056,36057,36058,36059,36060,36061,36062,36063,36064,36065,36066,36067,36068,36069,36070,36071,36072,36073,36074,36075,36076,36077,36078,36079,36080,36081,36082,36083&#8243; posts_number=&#8221;3&#8243; show_title_and_caption=&#8221;off&#8221; _builder_version=&#8221;4.16&#8243; _module_preset=&#8221;default&#8221; global_colors_info=&#8221;{}&#8221;][\/et_pb_gallery][et_pb_divider _builder_version=&#8221;4.16&#8243; _module_preset=&#8221;default&#8221; global_colors_info=&#8221;{}&#8221;][\/et_pb_divider][et_pb_text _builder_version=&#8221;4.16&#8243; _module_preset=&#8221;default&#8221; global_colors_info=&#8221;{}&#8221;]<\/p>\n<p style=\"text-align: center\"><span>Det argentinska <\/span><span>skolfartyget Fragata A.R.A Libertad bes\u00f6kte Malm\u00f6 sommaren 2017.<br \/>Dels var det allm\u00e4n visning ombord men sen var \u00e4ven alla<br \/>FM-lokalf\u00f6reningar i syd inbjudna till ett party ombord.<\/span><\/p>\n<p style=\"text-align: center\"><span><\/span><\/p>\n<p style=\"text-align: center\"><span><\/span><\/p>\n<p>[\/et_pb_text][et_pb_gallery gallery_ids=&#8221;36088,36089,36090,36091,36092,36093,36094,36095,36097,36098,36099,36100,36103,36104,36106,36107,36108,36109,36110,36111,36112,36113,36114,36115,36116,36117,36118,36120,36121,36122,36123,36124,36125,36126,36127,36128,36129,36130,36131,36132,36133,36134,36135,36136,36137,36139,36141,36142,36143,36145,36146,36147,36148,36149,36150,36151,36152,36153,36154,36155,36156,36157,36158,36159,36161,36163,36164,36165,36166&#8243; posts_number=&#8221;3&#8243; show_title_and_caption=&#8221;off&#8221; _builder_version=&#8221;4.18.0&#8243; _module_preset=&#8221;default&#8221; global_colors_info=&#8221;{}&#8221;][\/et_pb_gallery][et_pb_divider _builder_version=&#8221;4.16&#8243; _module_preset=&#8221;default&#8221; global_colors_info=&#8221;{}&#8221;][\/et_pb_divider][et_pb_text _builder_version=&#8221;4.16&#8243; _module_preset=&#8221;default&#8221; global_colors_info=&#8221;{}&#8221;]<\/p>\n<p style=\"text-align: center\">HMS Gladan p\u00e5 bes\u00f6k 2016-10-01.<\/p>\n<p style=\"text-align: center\">[\/et_pb_text][et_pb_gallery gallery_ids=&#8221;36291,36292,36293,36294,36295,36296,36297,36298,36299,36300,36301,36302,36303,36304,36305,36306,36307,36308,36309,36310,36311,36312,36313&#8243; posts_number=&#8221;3&#8243; show_title_and_caption=&#8221;off&#8221; _builder_version=&#8221;4.16&#8243; _module_preset=&#8221;default&#8221; global_colors_info=&#8221;{}&#8221;][\/et_pb_gallery][et_pb_divider _builder_version=&#8221;4.16&#8243; _module_preset=&#8221;default&#8221; global_colors_info=&#8221;{}&#8221;][\/et_pb_divider][et_pb_text _builder_version=&#8221;4.16&#8243; _module_preset=&#8221;default&#8221; global_colors_info=&#8221;{}&#8221;]<\/p>\n<p style=\"text-align: center\">Bes\u00f6k ombord p\u00e5 \u00c5ngisbrytaren SS Bore 2015-05-30 som har Malm\u00f6 som hemmahamn.<\/p>\n<p style=\"text-align: center\">Se \u00e4ven Bores webbplats: <a href=\"http:\/\/ssbore.se\/\" target=\"_blank\" rel=\"noopener\">www.ssbore.se<\/a>.<\/p>\n<p style=\"text-align: center\">[\/et_pb_text][et_pb_gallery gallery_ids=&#8221;36354,36355,36356,36357,36358,36359,36360,36361,36362,36363,36364,36365,36366,36367,36368,36369,36370,36371,36372,36373,36374,36375,36376,36377,36378,36379,36380,36381,36382,36383,36384,36385,36386,36387,36388,36389,36390,36391,36392,36393,36394,36395,36396,36397,36398,36399,36400,36401,36402,36403,36404,36405,36406,36407,36408,36409,36410,36411,36412,36413,36414,36415,36416,36417,36418,36419&#8243; posts_number=&#8221;3&#8243; show_title_and_caption=&#8221;off&#8221; _builder_version=&#8221;4.16&#8243; _module_preset=&#8221;default&#8221; global_colors_info=&#8221;{}&#8221;][\/et_pb_gallery][et_pb_divider _builder_version=&#8221;4.16&#8243; _module_preset=&#8221;default&#8221; global_colors_info=&#8221;{}&#8221;][\/et_pb_divider][et_pb_text _builder_version=&#8221;4.16&#8243; _module_preset=&#8221;default&#8221; global_colors_info=&#8221;{}&#8221;]<\/p>\n<p style=\"text-align: center\">Bes\u00f6k i Malm\u00f6 hamn av HMS Falken 2015-05-25.<br \/>Samtidigt skulle nytt utbildningsmanskap m\u00f6nstras in.<\/p>\n<p style=\"text-align: center\">[\/et_pb_text][et_pb_gallery gallery_ids=&#8221;36317,36318,36319,36320,36322,36323,36324,36325,36326,36327,36328,36329,36330,36331,36332,36333,36334,36321,36336,36337,36338,36339,36340,36341,36342,36343,36344,36345,36346,36347,36348,36349,36350,36351&#8243; posts_number=&#8221;3&#8243; show_title_and_caption=&#8221;off&#8221; _builder_version=&#8221;4.16&#8243; _module_preset=&#8221;default&#8221; global_colors_info=&#8221;{}&#8221;][\/et_pb_gallery][et_pb_divider _builder_version=&#8221;4.16&#8243; _module_preset=&#8221;default&#8221; global_colors_info=&#8221;{}&#8221;][\/et_pb_divider][et_pb_text _builder_version=&#8221;4.16&#8243; _module_preset=&#8221;default&#8221; global_colors_info=&#8221;{}&#8221;]<\/p>\n<p style=\"text-align: center\">Bes\u00f6k i Malm\u00f6 hamn av HMS Malm\u00f6 och HMS Stockholm, K12 och K11, 2014-08-29.<\/p>\n<p style=\"text-align: center\">L\u00e4s \u00e4ven om detta i &#8221;HMS Malm\u00f6 bes\u00f6k 2014&#8221; i v\u00e4nstermenyn.<\/p>\n<p style=\"text-align: center\">[\/et_pb_text][et_pb_gallery gallery_ids=&#8221;36271,36272,36273,36274,36275,36276,36277,36278,36279,36280,36281,36282,36283,36284,36285,36286,36287&#8243; posts_number=&#8221;3&#8243; show_title_and_caption=&#8221;off&#8221; _builder_version=&#8221;4.16&#8243; _module_preset=&#8221;default&#8221; global_colors_info=&#8221;{}&#8221;][\/et_pb_gallery][et_pb_divider _builder_version=&#8221;4.16&#8243; _module_preset=&#8221;default&#8221; global_colors_info=&#8221;{}&#8221;][\/et_pb_divider][et_pb_text _builder_version=&#8221;4.16&#8243; _module_preset=&#8221;default&#8221; global_colors_info=&#8221;{}&#8221;]<\/p>\n<p style=\"text-align: center\">Visbykorvetterna p\u00e5 bes\u00f6k i Malm\u00f6 hamn 2004-08-05.<\/p>\n<p style=\"text-align: center\">[\/et_pb_text][et_pb_gallery gallery_ids=&#8221;36020,36021,36022,36023,36024,36025,36026,36027,36028,36029,36030,36031,36032,36033,36034,36035,36036,36037,36038,36039,36040,36041&#8243; posts_number=&#8221;3&#8243; show_title_and_caption=&#8221;off&#8221; _builder_version=&#8221;4.16&#8243; _module_preset=&#8221;default&#8221; global_colors_info=&#8221;{}&#8221;][\/et_pb_gallery][et_pb_divider _builder_version=&#8221;4.27.5&#8243; _module_preset=&#8221;default&#8221; global_colors_info=&#8221;{}&#8221;][\/et_pb_divider][et_pb_gallery gallery_ids=&#8221;40487,40503,40502,40501,40500,40499,40498,40492,40493,40494,40495,40496,40497,40491,40490,40489,40488&#8243; show_title_and_caption=&#8221;off&#8221; admin_label=&#8221;Bes\u00f6k p\u00e5 Oden 2026-01-02&#8243; _builder_version=&#8221;4.27.5&#8243; _module_preset=&#8221;default&#8221; global_colors_info=&#8221;{}&#8221;][\/et_pb_gallery][et_pb_gallery gallery_ids=&#8221;35483,35479,35488&#8243; _builder_version=&#8221;4.16&#8243; _module_preset=&#8221;default&#8221; global_colors_info=&#8221;{}&#8221;][\/et_pb_gallery][\/et_pb_column_inner][\/et_pb_row_inner][\/et_pb_column][\/et_pb_section]<\/p>\n","protected":false},"excerpt":{"rendered":"<p>Bes\u00f6k p\u00e5 MFF-stadion 2024 Spanskt \u00f6rlogsbes\u00f6k 2024-06-03 HMS Malm\u00f6 bes\u00f6k 2014 Tyskt \u00f6rlogsbes\u00f6k 2008-03-02 Tyskt \u00f6rlogsbes\u00f6k 2007-02-24 &nbsp; Julbord 2019 80-\u00e5rsfirandet 2017 Julfest 2013 Julbord 2012 75-\u00e5rsfirandet 2012 70-\u00e5rsfirandet 2007 &nbsp; Maten p\u00e5 v\u00e5ra m\u00f6ten &nbsp; HMS Malm\u00f6,Ett fartygsnamn med tradition Dad\u00b4s Navy 1-5 Dad\u00b4s Navy 6-10 Dad\u00b4s Navy 11-14 Dad\u00b4s Navy 15-17 Skapa en [&hellip;]<\/p>\n","protected":false},"author":1,"featured_media":0,"parent":23,"menu_order":2,"comment_status":"closed","ping_status":"closed","template":"","meta":{"_et_pb_use_builder":"on","_et_pb_old_content":"[wpforms id=\"2000\" title=\"false\" description=\"false\"]","_et_gb_content_width":"","iawp_total_views":439,"footnotes":""},"class_list":["post-33357","page","type-page","status-publish","hentry"],"_links":{"self":[{"href":"https:\/\/marinkamraterna.se\/malmo\/wp-json\/wp\/v2\/pages\/33357","targetHints":{"allow":["GET"]}}],"collection":[{"href":"https:\/\/marinkamraterna.se\/malmo\/wp-json\/wp\/v2\/pages"}],"about":[{"href":"https:\/\/marinkamraterna.se\/malmo\/wp-json\/wp\/v2\/types\/page"}],"author":[{"embeddable":true,"href":"https:\/\/marinkamraterna.se\/malmo\/wp-json\/wp\/v2\/users\/1"}],"replies":[{"embeddable":true,"href":"https:\/\/marinkamraterna.se\/malmo\/wp-json\/wp\/v2\/comments?post=33357"}],"version-history":[{"count":58,"href":"https:\/\/marinkamraterna.se\/malmo\/wp-json\/wp\/v2\/pages\/33357\/revisions"}],"predecessor-version":[{"id":40531,"href":"https:\/\/marinkamraterna.se\/malmo\/wp-json\/wp\/v2\/pages\/33357\/revisions\/40531"}],"up":[{"embeddable":true,"href":"https:\/\/marinkamraterna.se\/malmo\/wp-json\/wp\/v2\/pages\/23"}],"wp:attachment":[{"href":"https:\/\/marinkamraterna.se\/malmo\/wp-json\/wp\/v2\/media?parent=33357"}],"curies":[{"name":"wp","href":"https:\/\/api.w.org\/{rel}","templated":true}]}}