{"id":33152,"date":"2020-12-10T17:41:01","date_gmt":"2020-12-10T16:41:01","guid":{"rendered":"https:\/\/wwps.se\/?page_id=33152"},"modified":"2025-04-28T11:18:30","modified_gmt":"2025-04-28T09:18:30","slug":"om-foreningen","status":"publish","type":"page","link":"https:\/\/marinkamraterna.se\/norrkoping\/om-foreningen\/","title":{"rendered":"Om f\u00f6reningen"},"content":{"rendered":"<p>[et_pb_section][et_pb_row][et_pb_column type=&#8221;4_4&#8243;][et_pb_text]<\/p>\n<p><img loading=\"lazy\" decoding=\"async\" class=\"alignnone size-full wp-image-35475 aligncenter\" src=\"http:\/\/marinkamraterna.se\/norrkoping\/wp-content\/uploads\/sites\/10\/2021\/09\/Stadsvapen-Norrk.jpg\" alt=\"\" width=\"100\" height=\"164\" \/><\/p>\n<p><img loading=\"lazy\" decoding=\"async\" class=\"size-full wp-image-35388 aligncenter\" src=\"http:\/\/marinkamraterna.se\/norrkoping\/wp-content\/uploads\/sites\/10\/2021\/09\/FMlinjeskeppet-ny-adress.jpg\" alt=\"\" width=\"232\" height=\"255\" \/><\/p>\n<p>&nbsp;<\/p>\n<h1 align=\"center\"><strong>UPPSTARTEN\u00a0 f\u00f6r Flottans M\u00e4n i<\/strong><\/h1>\n<h1 align=\"center\"><strong> Norrk\u00f6ping,<\/strong><\/h1>\n<p><iframe loading=\"lazy\" title=\"Upptakten till FM norrk\u00f6ping 9\" width=\"1080\" height=\"608\" src=\"https:\/\/www.youtube.com\/embed\/n932MhKo978?feature=oembed\"  allow=\"accelerometer; autoplay; clipboard-write; encrypted-media; gyroscope; picture-in-picture; web-share\" referrerpolicy=\"strict-origin-when-cross-origin\" allowfullscreen><\/iframe><\/p>\n<p>&nbsp;<\/p>\n<h3>Var en Annons i\u00a0<strong>Norrk\u00f6pings Tidningar den 11\/6 1938.\u00a0<\/strong>D\u00e4r intresserade var v\u00e4lkomna till kaffe Bj\u00f6rkdungen den 14 juni 1938 kl. 7,30 em. f\u00f6r bildadet av en lokalf\u00f6rening till Flottans M\u00e4ns Riksf\u00f6rening.Som ett bevis p\u00e5 detta datum \u00e5terfanns v\u00e5r ordf\u00f6rande klubba med texten &#8221;Flottans M\u00e4n Norrk\u00f6ping 14\/6-38&#8243; av Rolf Karlsson \u00d6smo p\u00e5 &#8221;\u00a0Hj\u00e4rta till hj\u00e4rta&#8221; i Link\u00f6ping. Rolf \u00e5terb\u00f6rdade klubban \u00a0den 9\/6-17 till Flottans M\u00e4n Norrk\u00f6ping som g\u00e5va.\u00a0<strong>ETT STORT TACK TILL ROLF KARLSSON.<\/strong><\/h3>\n<p><img loading=\"lazy\" decoding=\"async\" class=\"alignnone size-medium wp-image-38030\" src=\"https:\/\/marinkamraterna.se\/norrkoping\/wp-content\/uploads\/sites\/10\/2024\/05\/Ordf.-klubbans-aterkommst-justerad-450x600.jpg\" alt=\"\" width=\"450\" height=\"600\" \/><\/p>\n<p>&nbsp;<\/p>\n<div id=\"wrapper\">\n<div id=\"content_wrapper\" class=\"container\">\n<div id=\"contentRight\" class=\"grid_10\">\n<div id=\"contentContainer\">\n<h3 align=\"center\"><strong>Enligt en notis Norrk\u00f6pings Tidningar den 2\/3 1940<\/strong><\/h3>\n<p align=\"left\">F\u00f6reningen Flottans M\u00e4n i Norrk\u00f6ping har allm\u00e4nt m\u00f6te i Folkets Hus festsal tisdagen den 8\/3 kl.7,00 em. varvid Kapten Lindberg, FC fartyget &#8221;\u00d6rnen&#8221; h\u00e5ller f\u00f6redrag . Filmer fr\u00e5n Marinen och neutralitetsvakten visas.<\/p>\n<p align=\"left\"><strong>En ny f\u00f6rening bildades den 28\/5 1946 under namnet &#8221;Gamla gastarna&#8221;<\/strong> best\u00e5ende av fd. \u00f6rlogsm\u00e4n i Norrk\u00f6ping, denna f\u00f6reningen uppl\u00f6stes i b\u00f6rjan p\u00e5 sextiotalet.Efter att ha legat i tr\u00e4da i ett antal \u00e5r, \u00e5teruppstod f\u00f6reningen igen under namnet &#8221; Flottans M\u00e4n \u00d6sterg\u00f6tland&#8221; p\u00e5 h\u00f6sten 1978, en\u00e4r m\u00e5nga medlemmar bodde i Link\u00f6ping h\u00f6lls m\u00e5nadsm\u00f6tena v\u00e4xelvis emellan de b\u00e5da st\u00e4derna. Vid ett \u00e5rsm\u00f6te 1992, d\u00e5 antalet medlemmar var 104 st, f\u00f6rdes fr\u00e5gan om en delning av p\u00e5 tal. Detta renderade i att Flottans M\u00e4n \u00d6sterg\u00f6tland den 14 april 1994 omnamnades till Flottans\u00a0M\u00e4n Norrk\u00f6ping , och Flottans\u00a0M\u00e4n\u00a0Link\u00f6ping\u00a0bildades.<\/p>\n<p align=\"left\">\u00a0Nu b\u00f6rjade s\u00f6kandet efter l\u00e4mpliga lokaler, vi blev erbjudna av Norrk\u00f6pings Kommun att hyra\u00a0de gamla kontorslokaler efter\u00a0Gasverket den 1 februari 1996. Efter iordningsst\u00e4llandet,\u00a0invigdes lokalerna med pompa st\u00e5t den 19 april 1997av Flottans M\u00e4ns Riksordf\u00f6rande Gunnar Bengtsson i n\u00e4rvaro av representanter ifr\u00e5n Norrk\u00f6pings kommun. Ett\u00a0 annat inslag vid invigningen var ett \u00f6rlogsbes\u00f6k ifr\u00e5n kustflottan.<\/p>\n<p align=\"left\">Fr\u00e5n 2012 upph\u00f6rde Link\u00f6pingsf\u00f6reningen och d\u00e4refter representeras \u00e5terigen hela l\u00e4nsregionen av\u00a0Flottans M\u00e4n Norrk\u00f6ping.\u00a0Januari 2016 blev f\u00f6reningen uppsagd fr\u00e5n Salt\u00e4ngsgatan 48 och hade ett \u00e5r p\u00e5 sig att s\u00f6ka nya lokaler. I november 2016 antogs erbjudandet fr\u00e5n Norrk\u00f6pings\u00a0kommun , att hyra en lokal\u00a0p\u00e5 cirka 100m2 , ute p\u00e5\u00a0forna flygvapenomr\u00e5det Br\u00e5valla, d\u00e4r det nu har skapats en ny maritima milj\u00f6.<\/p>\n<h1 align=\"left\">\u00a0 \u00a0 \u00a0 \u00a0 \u00a0 \u00a0 \u00a0 Bli Medlem i Flottans M\u00e4n<\/h1>\n<\/div>\n<\/div>\n<\/div>\n<\/div>\n<p><iframe loading=\"lazy\" title=\"Flottans M\u00e4ns presentation riks 2013 1avi\" width=\"1080\" height=\"810\" src=\"https:\/\/www.youtube.com\/embed\/fhLSO6IzB48?feature=oembed\"  allow=\"accelerometer; autoplay; clipboard-write; encrypted-media; gyroscope; picture-in-picture; web-share\" referrerpolicy=\"strict-origin-when-cross-origin\" allowfullscreen><\/iframe><\/p>\n<p><iframe loading=\"lazy\" title=\"Fartyg med namnet Norrk\u00f6ping\" width=\"1080\" height=\"608\" src=\"https:\/\/www.youtube.com\/embed\/9ItmhpOCkBA?feature=oembed\"  allow=\"accelerometer; autoplay; clipboard-write; encrypted-media; gyroscope; picture-in-picture; web-share\" referrerpolicy=\"strict-origin-when-cross-origin\" allowfullscreen><\/iframe><\/p>\n<p><iframe loading=\"lazy\" title=\"Upptakten till FM norrk\u00f6ping 9\" width=\"1080\" height=\"608\" src=\"https:\/\/www.youtube.com\/embed\/n932MhKo978?feature=oembed\"  allow=\"accelerometer; autoplay; clipboard-write; encrypted-media; gyroscope; picture-in-picture; web-share\" referrerpolicy=\"strict-origin-when-cross-origin\" allowfullscreen><\/iframe><\/p>\n<p>[\/et_pb_text][\/et_pb_column][\/et_pb_row][\/et_pb_section]<\/p>\n","protected":false},"excerpt":{"rendered":"<div class=\"et_pb_section et_pb_section_0 et_section_regular\" ><\/div>\n<div class=\"et_pb_row et_pb_row_0 et_pb_row_empty\"><\/div>\n<div class=\"et_pb_module et_pb_text et_pb_text_0  et_pb_text_align_left et_pb_bg_layout_light\"><\/div>\n<p> &nbsp; UPPSTARTEN\u00a0 f\u00f6r Flottans M\u00e4n i Norrk\u00f6ping, https:\/\/youtu.be\/n932MhKo978 &nbsp; Var en Annons i\u00a0Norrk\u00f6pings Tidningar den 11\/6 1938.\u00a0D\u00e4r intresserade var v\u00e4lkomna till kaffe Bj\u00f6rkdungen den 14 juni 1938 kl. 7,30 em. f\u00f6r bildadet av en lokalf\u00f6rening till Flottans M\u00e4ns Riksf\u00f6rening.Som ett bevis p\u00e5 detta datum \u00e5terfanns v\u00e5r ordf\u00f6rande klubba med texten &#8221;Flottans M\u00e4n Norrk\u00f6ping 14\/6-38&#8221; [&hellip;]<\/p>\n","protected":false},"author":1,"featured_media":0,"parent":0,"menu_order":1,"comment_status":"closed","ping_status":"closed","template":"","meta":{"_et_pb_use_builder":"on","_et_pb_old_content":"<p><img class=\"alignnone size-full wp-image-35475 aligncenter\" src=\"http:\/\/marinkamraterna.se\/norrkoping\/wp-content\/uploads\/sites\/10\/2021\/09\/Stadsvapen-Norrk.jpg\" alt=\"\" width=\"100\" height=\"164\" \/><\/p><p><img class=\"size-full wp-image-35388 aligncenter\" src=\"http:\/\/marinkamraterna.se\/norrkoping\/wp-content\/uploads\/sites\/10\/2021\/09\/FMlinjeskeppet-ny-adress.jpg\" alt=\"\" width=\"232\" height=\"255\" \/><\/p><p>\u00a0<\/p><h1 align=\"center\"><strong>UPPSTARTEN\u00a0 f\u00f6r Flottans M\u00e4n i<\/strong><\/h1><h1 align=\"center\"><strong> Norrk\u00f6ping,<\/strong><\/h1><p>https:\/\/youtu.be\/n932MhKo978<\/p><p>\u00a0<\/p><h3>Var en Annons i\u00a0<strong>Norrk\u00f6pings Tidningar den 11\/6 1938.\u00a0<\/strong>D\u00e4r intresserade var v\u00e4lkomna till kaffe Bj\u00f6rkdungen den 14 juni 1938 kl. 7,30 em. f\u00f6r bildadet av en lokalf\u00f6rening till Flottans M\u00e4ns Riksf\u00f6rening.Som ett bevis p\u00e5 detta datum \u00e5terfanns v\u00e5r ordf\u00f6rande klubba med texten \"Flottans M\u00e4n Norrk\u00f6ping 14\/6-38\" av Rolf Karlsson \u00d6smo p\u00e5 \"\u00a0Hj\u00e4rta till hj\u00e4rta\" i Link\u00f6ping. Rolf \u00e5terb\u00f6rdade klubban \u00a0den 9\/6-17 till Flottans M\u00e4n Norrk\u00f6ping som g\u00e5va.\u00a0<strong>ETT STORT TACK TILL ROLF KARLSSON.<\/strong><\/h3><p><img class=\"alignnone size-medium wp-image-38030\" src=\"https:\/\/marinkamraterna.se\/norrkoping\/wp-content\/uploads\/sites\/10\/2024\/05\/Ordf.-klubbans-aterkommst-justerad-450x600.jpg\" alt=\"\" width=\"450\" height=\"600\" \/><\/p><p>\u00a0<\/p><div id=\"wrapper\"><div id=\"content_wrapper\" class=\"container\"><div id=\"contentRight\" class=\"grid_10\"><div id=\"contentContainer\"><h3 align=\"center\"><strong>Enligt en notis Norrk\u00f6pings Tidningar den 2\/3 1940<\/strong><\/h3><p align=\"left\">F\u00f6reningen Flottans M\u00e4n i Norrk\u00f6ping har allm\u00e4nt m\u00f6te i Folkets Hus festsal tisdagen den 8\/3 kl.7,00 em. varvid Kapten Lindberg, FC fartyget \"\u00d6rnen\" h\u00e5ller f\u00f6redrag . Filmer fr\u00e5n Marinen och neutralitetsvakten visas.<\/p><p align=\"left\"><strong>En ny f\u00f6rening bildades den 28\/5 1946 under namnet \"Gamla gastarna\"<\/strong> best\u00e5ende av fd. \u00f6rlogsm\u00e4n i Norrk\u00f6ping, denna f\u00f6reningen uppl\u00f6stes i b\u00f6rjan p\u00e5 sextiotalet.Efter att ha legat i tr\u00e4da i ett antal \u00e5r, \u00e5teruppstod f\u00f6reningen igen under namnet \" Flottans M\u00e4n \u00d6sterg\u00f6tland\" p\u00e5 h\u00f6sten 1978, en\u00e4r m\u00e5nga medlemmar bodde i Link\u00f6ping h\u00f6lls m\u00e5nadsm\u00f6tena v\u00e4xelvis emellan de b\u00e5da st\u00e4derna. Vid ett \u00e5rsm\u00f6te 1992, d\u00e5 antalet medlemmar var 104 st, f\u00f6rdes fr\u00e5gan om en delning av p\u00e5 tal. Detta renderade i att Flottans M\u00e4n \u00d6sterg\u00f6tland den 14 april 1994 omnamnades till Flottans\u00a0M\u00e4n Norrk\u00f6ping , och Flottans\u00a0M\u00e4n\u00a0Link\u00f6ping\u00a0bildades.<\/p><p align=\"left\">\u00a0Nu b\u00f6rjade s\u00f6kandet efter l\u00e4mpliga lokaler, vi blev erbjudna av Norrk\u00f6pings Kommun att hyra\u00a0de gamla kontorslokaler efter\u00a0Gasverket den 1 februari 1996. Efter iordningsst\u00e4llandet,\u00a0invigdes lokalerna med pompa st\u00e5t den 19 april 1997av Flottans M\u00e4ns Riksordf\u00f6rande Gunnar Bengtsson i n\u00e4rvaro av representanter ifr\u00e5n Norrk\u00f6pings kommun. Ett\u00a0 annat inslag vid invigningen var ett \u00f6rlogsbes\u00f6k ifr\u00e5n kustflottan.<\/p><p align=\"left\">Fr\u00e5n 2012 upph\u00f6rde Link\u00f6pingsf\u00f6reningen och d\u00e4refter representeras \u00e5terigen hela l\u00e4nsregionen av\u00a0Flottans M\u00e4n Norrk\u00f6ping.\u00a0Januari 2016 blev f\u00f6reningen uppsagd fr\u00e5n Salt\u00e4ngsgatan 48 och hade ett \u00e5r p\u00e5 sig att s\u00f6ka nya lokaler. I november 2016 antogs erbjudandet fr\u00e5n Norrk\u00f6pings\u00a0kommun , att hyra en lokal\u00a0p\u00e5 cirka 100m2 , ute p\u00e5\u00a0forna flygvapenomr\u00e5det Br\u00e5valla, d\u00e4r det nu har skapats en ny maritima milj\u00f6.<\/p><h1 align=\"left\">\u00a0 \u00a0 \u00a0 \u00a0 \u00a0 \u00a0 \u00a0 Bli Medlem i Flottans M\u00e4n<\/h1><\/div><\/div><\/div><\/div><p>https:\/\/youtu.be\/fhLSO6IzB48<\/p><p>https:\/\/youtu.be\/9ItmhpOCkBA<\/p><p>https:\/\/www.youtube.com\/watch?v=n932MhKo978<\/p>","_et_gb_content_width":"","iawp_total_views":159,"footnotes":""},"class_list":["post-33152","page","type-page","status-publish","hentry"],"_links":{"self":[{"href":"https:\/\/marinkamraterna.se\/norrkoping\/wp-json\/wp\/v2\/pages\/33152","targetHints":{"allow":["GET"]}}],"collection":[{"href":"https:\/\/marinkamraterna.se\/norrkoping\/wp-json\/wp\/v2\/pages"}],"about":[{"href":"https:\/\/marinkamraterna.se\/norrkoping\/wp-json\/wp\/v2\/types\/page"}],"author":[{"embeddable":true,"href":"https:\/\/marinkamraterna.se\/norrkoping\/wp-json\/wp\/v2\/users\/1"}],"replies":[{"embeddable":true,"href":"https:\/\/marinkamraterna.se\/norrkoping\/wp-json\/wp\/v2\/comments?post=33152"}],"version-history":[{"count":38,"href":"https:\/\/marinkamraterna.se\/norrkoping\/wp-json\/wp\/v2\/pages\/33152\/revisions"}],"predecessor-version":[{"id":38088,"href":"https:\/\/marinkamraterna.se\/norrkoping\/wp-json\/wp\/v2\/pages\/33152\/revisions\/38088"}],"wp:attachment":[{"href":"https:\/\/marinkamraterna.se\/norrkoping\/wp-json\/wp\/v2\/media?parent=33152"}],"curies":[{"name":"wp","href":"https:\/\/api.w.org\/{rel}","templated":true}]}}