{"id":33992,"date":"2021-06-04T19:14:35","date_gmt":"2021-06-04T17:14:35","guid":{"rendered":"http:\/\/andersa6.sg-host.com\/norrkoping\/?page_id=33992"},"modified":"2021-09-30T17:16:26","modified_gmt":"2021-09-30T15:16:26","slug":"verksamhetsberattelse","status":"publish","type":"page","link":"https:\/\/marinkamraterna.se\/norrkoping\/om-foreningen\/verksamhetsberattelse\/","title":{"rendered":"Verksamhetsber\u00e4ttelse"},"content":{"rendered":"<p>Du kan ta del av f\u00f6reningens verksamhetsber\u00e4ttelse genom att klicka p\u00e5 dessa l\u00e4nkar:<\/p>\n","protected":false},"excerpt":{"rendered":"<p>Du kan ta del av f\u00f6reningens verksamhetsber\u00e4ttelse genom att klicka p\u00e5 dessa l\u00e4nkar:<\/p>\n","protected":false},"author":1,"featured_media":0,"parent":33152,"menu_order":5,"comment_status":"closed","ping_status":"closed","template":"","meta":{"_et_pb_use_builder":"off","_et_pb_old_content":"","_et_gb_content_width":"","iawp_total_views":134,"footnotes":""},"class_list":["post-33992","page","type-page","status-publish","hentry"],"_links":{"self":[{"href":"https:\/\/marinkamraterna.se\/norrkoping\/wp-json\/wp\/v2\/pages\/33992","targetHints":{"allow":["GET"]}}],"collection":[{"href":"https:\/\/marinkamraterna.se\/norrkoping\/wp-json\/wp\/v2\/pages"}],"about":[{"href":"https:\/\/marinkamraterna.se\/norrkoping\/wp-json\/wp\/v2\/types\/page"}],"author":[{"embeddable":true,"href":"https:\/\/marinkamraterna.se\/norrkoping\/wp-json\/wp\/v2\/users\/1"}],"replies":[{"embeddable":true,"href":"https:\/\/marinkamraterna.se\/norrkoping\/wp-json\/wp\/v2\/comments?post=33992"}],"version-history":[{"count":19,"href":"https:\/\/marinkamraterna.se\/norrkoping\/wp-json\/wp\/v2\/pages\/33992\/revisions"}],"predecessor-version":[{"id":35637,"href":"https:\/\/marinkamraterna.se\/norrkoping\/wp-json\/wp\/v2\/pages\/33992\/revisions\/35637"}],"up":[{"embeddable":true,"href":"https:\/\/marinkamraterna.se\/norrkoping\/wp-json\/wp\/v2\/pages\/33152"}],"wp:attachment":[{"href":"https:\/\/marinkamraterna.se\/norrkoping\/wp-json\/wp\/v2\/media?parent=33992"}],"curies":[{"name":"wp","href":"https:\/\/api.w.org\/{rel}","templated":true}]}}