{"id":35710,"date":"2021-10-15T19:52:25","date_gmt":"2021-10-15T17:52:25","guid":{"rendered":"https:\/\/andersa6.sg-host.com\/norrkoping\/?page_id=35710"},"modified":"2023-03-29T11:41:44","modified_gmt":"2023-03-29T09:41:44","slug":"skeppsdockorna","status":"publish","type":"page","link":"https:\/\/marinkamraterna.se\/norrkoping\/startsidan\/skeppsdockorna\/","title":{"rendered":"Skeppsdockorna"},"content":{"rendered":"<p>&nbsp;<\/p>\n<p><img loading=\"lazy\" decoding=\"async\" class=\"wp-image-35753 aligncenter\" src=\"http:\/\/marinkamraterna.se\/norrkoping\/wp-content\/uploads\/sites\/10\/2021\/10\/Logga-skeppsdockorna-25-cm-1.jpg\" alt=\"\" width=\"81\" height=\"118\" \/><\/p>\n<h3><strong>V\u00e4lkommen till Damklubben Skeppsdockornas hemsida<\/strong><\/h3>\n<p>F\u00f6reningen Skeppsdockorna bildades 1996. Det \u00e4r en f\u00f6rening f\u00f6r kvinnor vars m\u00e4n \u00e4r medlemmar i Flottans M\u00e4n. Skeppsdockorna f\u00e5r disponera lokalen som Flottans M\u00e4n hyr av Norrk\u00f6pings Kommun.<br \/>\nDamklubben anordnar varje \u00e5r aktiviteter f\u00f6r sina medlemmar av olika slag och \u00e4r d\u00e5 totalt ansvariga f\u00f6r alla \u00e5tg\u00e4rder i samband med dessa aktiviteter. Vid sina styrelsem\u00f6ten och medlemsm\u00f6ten planerar klubben f\u00f6r kommande aktiviteter och uppslagen \u00e4r av alla t\u00e4nkbara slag.<\/p>\n<p>Skeppsdockorna anordnar en v\u00e5rfest, en h\u00f6stfest och tillsammans med Flottans M\u00e4n, en julfest varje \u00e5r. F\u00f6reningen har 35 medlemmar och \u00e5rsavgiften \u00e4r 150 kronor. Kerstin och Ove Hagstr\u00f6m har sk\u00e4nkt en ordf\u00f6randeklubba till f\u00f6reningen. Skeppsdockorna har bekostat s\u00f6mnad av gardiner till matsalen, uppskattat av alla medlemmar.<\/p>\n<h5><strong>PROGRAM v\u00e5ren 2023<\/strong><\/h5>\n<p>16-Februari\u00a0 \u00a0 \u00a0 \u00c5rsm\u00f6te\u00a0 \u00a0 \u00a0 \u00a0 \u00a0 \u00a0 \u00a0 \u00a0 \u00a0 KL. 16,00\u00a0 \u00a0Br\u00e5valla<\/p>\n<p>05- Maj\u00a0 \u00a0 \u00a0 \u00a0 \u00a0 \u00a0 \u00a0V\u00e5rfest\u00a0 \u00a0 \u00a0 \u00a0 \u00a0 \u00a0 \u00a0 \u00a0 \u00a0 \u00a0kl. 18,00\u00a0 \u00a0 \u00a0se mail<\/p>\n<h5><strong>\u00a0PROGRAM H\u00d6STEN 2022<\/strong><\/h5>\n<p>08 september\u00a0 \u00a0H\u00f6stfest\u00a0 \u00a0 \u00a0 \u00a0 \u00a0 \u00a0 \u00a0 \u00a0 \u00a0kl. 18,00\u00a0 \u00a0 se mail<\/p>\n<p>09 November\u00a0 \u00a0 \u00a0 \u00a0Medlemsm\u00f6te\u00a0 \u00a0 \u00a0 \u00a0 \u00a0 \u00a0 \u00a0 \u00a0 \u00a0 \u00a0 \u00a0 \u00a0 \u00a0se mail<\/p>\n<p>Datum \u00e4r prelimin\u00e4ra pga pandemin.<\/p>\n<p>Innf\u00f6r varje tr\u00e4ff skickas mail. D\u00e4r framg\u00e5r vilken tid m\u00f6tet b\u00f6rjar samt sista anm\u00e4lningsdag.<\/p>\n<h3><strong>Skeppsdockornas styrelse 2021<\/strong><strong>Ordf\u00f6rande:<\/strong><br \/>\nBirgitta \u00c5hrberg\u00a0 \u00a0 Telefon: 070-2355175<br \/>\n<strong>Vice Ordf\u00f6rande:<\/strong><br \/>\nAnn \u2013 Marie Appelqvist\u00a0 Telefon:073-8353536<br \/>\n<strong>Sekreterare:<\/strong><br \/>\nBritt Inger Sannerud\u00a0 Telefon: 070-5192388<br \/>\n<strong>Kass\u00f6r:<\/strong><br \/>\nMargareta Wallin\u00a0 Telefon: 070-8767415<\/h3>\n<p><strong>Klubbm\u00e4stare:<\/strong><br \/>\nNinette Johansson\u00a0 Telefon:070-8783444<\/p>\n<p><strong>Styrelseledamot:<\/strong><br \/>\nLisbeth Adolphson<br \/>\nMarianne K\u00f6lvik<\/p>\n<p><strong>Revisor:<\/strong><br \/>\nGunnel Wiberg<\/p>\n<p>&nbsp;<\/p>\n","protected":false},"excerpt":{"rendered":"<p>&nbsp; V\u00e4lkommen till Damklubben Skeppsdockornas hemsida F\u00f6reningen Skeppsdockorna bildades 1996. Det \u00e4r en f\u00f6rening f\u00f6r kvinnor vars m\u00e4n \u00e4r medlemmar i Flottans M\u00e4n. Skeppsdockorna f\u00e5r disponera lokalen som Flottans M\u00e4n hyr av Norrk\u00f6pings Kommun. Damklubben anordnar varje \u00e5r aktiviteter f\u00f6r sina medlemmar av olika slag och \u00e4r d\u00e5 totalt ansvariga f\u00f6r alla \u00e5tg\u00e4rder i samband [&hellip;]<\/p>\n","protected":false},"author":3,"featured_media":0,"parent":35559,"menu_order":0,"comment_status":"closed","ping_status":"closed","template":"","meta":{"_et_pb_use_builder":"off","_et_pb_old_content":"","_et_gb_content_width":"","iawp_total_views":210,"footnotes":""},"class_list":["post-35710","page","type-page","status-publish","hentry"],"_links":{"self":[{"href":"https:\/\/marinkamraterna.se\/norrkoping\/wp-json\/wp\/v2\/pages\/35710","targetHints":{"allow":["GET"]}}],"collection":[{"href":"https:\/\/marinkamraterna.se\/norrkoping\/wp-json\/wp\/v2\/pages"}],"about":[{"href":"https:\/\/marinkamraterna.se\/norrkoping\/wp-json\/wp\/v2\/types\/page"}],"author":[{"embeddable":true,"href":"https:\/\/marinkamraterna.se\/norrkoping\/wp-json\/wp\/v2\/users\/3"}],"replies":[{"embeddable":true,"href":"https:\/\/marinkamraterna.se\/norrkoping\/wp-json\/wp\/v2\/comments?post=35710"}],"version-history":[{"count":11,"href":"https:\/\/marinkamraterna.se\/norrkoping\/wp-json\/wp\/v2\/pages\/35710\/revisions"}],"predecessor-version":[{"id":37946,"href":"https:\/\/marinkamraterna.se\/norrkoping\/wp-json\/wp\/v2\/pages\/35710\/revisions\/37946"}],"up":[{"embeddable":true,"href":"https:\/\/marinkamraterna.se\/norrkoping\/wp-json\/wp\/v2\/pages\/35559"}],"wp:attachment":[{"href":"https:\/\/marinkamraterna.se\/norrkoping\/wp-json\/wp\/v2\/media?parent=35710"}],"curies":[{"name":"wp","href":"https:\/\/api.w.org\/{rel}","templated":true}]}}