{"id":37676,"date":"2022-03-20T18:30:28","date_gmt":"2022-03-20T17:30:28","guid":{"rendered":"https:\/\/marinkamraterna.se\/norrkoping\/?page_id=37676"},"modified":"2023-05-30T12:09:17","modified_gmt":"2023-05-30T10:09:17","slug":"flottan-500-ar","status":"publish","type":"page","link":"https:\/\/marinkamraterna.se\/norrkoping\/startsidan\/program\/flottan-500-ar\/","title":{"rendered":"FLOTTAN  500 \u00c5R"},"content":{"rendered":"<h6>\u00a0<img loading=\"lazy\" decoding=\"async\" class=\"alignnone size-full wp-image-35388\" src=\"https:\/\/marinkamraterna.se\/norrkoping\/wp-content\/uploads\/sites\/10\/2021\/09\/FMlinjeskeppet-ny-adress.jpg\" alt=\"\" width=\"232\" height=\"255\" \/> <img loading=\"lazy\" decoding=\"async\" class=\"alignnone wp-image-37697\" src=\"https:\/\/marinkamraterna.se\/norrkoping\/wp-content\/uploads\/sites\/10\/2022\/03\/R131-600x396.jpg\" alt=\"\" width=\"352\" height=\"232\" \/><\/h6>\n<p>F\u00f6rsta fartyget med namnet Norrk\u00f6ping\u00a0 \u00a0 \u00a0 \u00a0 \u00a0 \u00a0 \u00a0 \u00a0 \u00a0 Det senaste fartyget med namnet Norrk\u00f6ping<\/p>\n<h3><em>P\u00e5 denna sida kommer Flottans M\u00e4n att informera om firandet.<\/em><\/h3>\n<p>Efter information fr\u00e5n S\u00f6derk\u00f6pings kommun kommer firandet att ske p\u00e5 Fiskartorget med b\u00f6rjan kl. 09,00 <strong>den 7 Juni 2022.<\/strong><\/p>\n<p>Det blir en ingraverad sten som kommer att avt\u00e4ckas.<\/p>\n<p>F\u00f6ljande organisationer \u00e4r anm\u00e4lda:<\/p>\n<p>Flottans M\u00e4n i Norrk\u00f6ping kommer att finnas med flaggvakt<\/p>\n<p>Sj\u00f6v\u00e4rnsk\u00e5ren\u00a0 \u00a0och Fartyget 703<\/p>\n<p>Skepparsocieteten i Norrk\u00f6ping<\/p>\n<p>Marina Hemv\u00e4rnet<\/p>\n<p>Marinen kommer och ror med en tiohuggare<\/p>\n<p><strong>Mer information kommer p\u00e5 denna sida<\/strong><\/p>\n<h3><strong>PROGRAM\u00a0 I S\u00d6DERK\u00d6PING\u00a0<\/strong><\/h3>\n<p>Den 7 juni 2022 kl 8,30 Samling , vid slussen i S\u00f6derk\u00f6ping<\/p>\n<p>Tid\u00a0 \u00a0 \u00a0 \u00a0 \u00a0 \u00a0 \u00a0 \u00a0 Plats\u00a0 \u00a0 \u00a0 \u00a0 \u00a0 \u00a0 \u00a0 \u00a0 \u00a0 \u00a0 \u00a0 \u00a0 \u00a0 \u00a0 \u00a0 \u00a0 \u00a0 \u00a0H\u00e4ndelse<\/p>\n<p>09,00\u00a0 \u00a0 \u00a0 \u00a0 \u00a0 \u00a0 Kanalhamnen\u00a0 \u00a0 \u00a0 \u00a0 \u00a0 \u00a0 \u00a0 \u00a0 \u00a0 \u00a0 Marinens musikk\u00e5r (MMK), 3:e Sj\u00f6stridsflj\u00a0 \u00a0 \u00a0 \u00a0 \u00a0 \u00a0 \u00a0 \u00a0 \u00a0 \u00a0 \u00a0 \u00a0 \u00a0 \u00a0 \u00a0 \u00a0 \u00a0 \u00a0 \u00a0 \u00a0 \u00a0 \u00a0 \u00a0 \u00a0 \u00a0 \u00a0 \u00a0 \u00a0 \u00a0 \u00a0 \u00a0 \u00a0 \u00a0 \u00a0 \u00a0 \u00a0 \u00a0 \u00a0 \u00a0 \u00a0 \u00a0 \u00a0 \u00a0 \u00a0 \u00a0 \u00a0 \u00a0 \u00a0 \u00a0 \u00a0 \u00a0 \u00a0 \u00a0 \u00a0 \u00a0 \u00a0 \u00a0 \u00a0 \u00a0Flaggvakt st\u00e4ller upp f\u00f6r mottagning av Flaggan.<\/p>\n<p>09,05\u00a0 \u00a0 \u00a0 \u00a0 \u00a0 \u00a0Kanalhamnen\u00a0 \u00a0 \u00a0 \u00a0 \u00a0 \u00a0 \u00a0 \u00a0 \u00a0 \u00a0 Mili\u00e4rhistoriska f\u00f6reningen Stenbockens Caroliner\u00a0 \u00a0 \u00a0 \u00a0 \u00a0 \u00a0 \u00a0 \u00a0 \u00a0 \u00a0 \u00a0 \u00a0 \u00a0 \u00a0 \u00a0 \u00a0 \u00a0 \u00a0 \u00a0 \u00a0 \u00a0 \u00a0 \u00a0 \u00a0 \u00a0 \u00a0 \u00a0 \u00a0 \u00a0 \u00a0 \u00a0 \u00a0 \u00a0 \u00a0 \u00a0 \u00a0 \u00a0 \u00a0 \u00a0 \u00a0 \u00a0 \u00a0 \u00a0 \u00a0 \u00a0 \u00a0 \u00a0 \u00a0 \u00a0 \u00a0 \u00a0 \u00a0 skjuter Svensk l\u00f6sen med salutkanon inf\u00f6r 44:e\u00a0 \u00a0 \u00a0 \u00a0 \u00a0 \u00a0 \u00a0 \u00a0 \u00a0 \u00a0 \u00a0 \u00a0 \u00a0 \u00a0 \u00a0 \u00a0 \u00a0 \u00a0 \u00a0 \u00a0 \u00a0 \u00a0 \u00a0 \u00a0 \u00a0 \u00a0 \u00a0 \u00a0 \u00a0 \u00a0 \u00a0 \u00a0 \u00a0 \u00a0 \u00a0 \u00a0 \u00a0 \u00a0 \u00a0 \u00a0 \u00a0 \u00a0 \u00a0 \u00a0 \u00a0 \u00a0 \u00a0 \u00a0 \u00a0 \u00a0 \u00a0 \u00a0 \u00a0 \u00a0 RDdiv f\u00f6rt\u00f6jning.<\/p>\n<p>09,10\u00a0 \u00a0 \u00a0 \u00a0 \u00a0 \u00a0Kanalhamnen\u00a0 \u00a0 \u00a0 \u00a0 \u00a0 \u00a0 \u00a0 \u00a0 \u00a0 \u00a044:e Rddiv f\u00f6rt\u00f6jer. \u00d6verl\u00e4mning av flaggan till\u00a0 \u00a0 \u00a0 \u00a0 \u00a0 \u00a0 \u00a0 \u00a0 \u00a0 \u00a0 \u00a0 \u00a0 \u00a0 \u00a0 \u00a0 \u00a0 \u00a0 \u00a0 \u00a0 \u00a0 \u00a0 \u00a0 \u00a0 \u00a0 \u00a0 \u00a0 \u00a0 \u00a0 \u00a0 \u00a0 \u00a0 \u00a0 \u00a0 \u00a0 \u00a0 \u00a0 \u00a0 \u00a0 \u00a0 \u00a0 \u00a0 \u00a0 \u00a0 \u00a0 \u00a0 \u00a0 \u00a0 \u00a0 \u00a0 \u00a0 \u00a0 \u00a0 \u00a0 \u00a0 \u00a0 \u00a0flaggvakten.<\/p>\n<p>Blottning av flaggan med Paradmarsch fr\u00e5n MMK.<\/p>\n<p>09,15\u00a0 \u00a0 \u00a0 \u00a0 \u00a0 \u00a0 \u00a0 \u00a0 \u00a0 \u00a0 \u00a0 \u00a0 \u00a0 \u00a0 \u00a0 \u00a0 \u00a0 \u00a0 \u00a0 \u00a0 \u00a0 \u00a0 \u00a0 \u00a0 \u00a0 \u00a0 MMK samt Flaggvakten avmarscherar.<\/p>\n<p>09,30\u00a0 \u00a0 \u00a0 \u00a0 \u00a0 \u00a0Fiskartorget\u00a0 \u00a0 \u00a0 \u00a0 \u00a0 \u00a0 \u00a0 \u00a0 \u00a0 \u00a0 \u00a0Avt\u00e4ckningsceremoni enligt program.<\/p>\n<p>A, V\u00e4lkomsth\u00e4lsning.<\/p>\n<p>B.\u00a0 Marinens musikk\u00e5r spelar<\/p>\n<p>C. Tal Bgen P Ohlsson.<\/p>\n<p>D,\u00a0 Avt\u00e4ckning<\/p>\n<p>E.\u00a0 \u00a0Salut Svensk l\u00f6sen fr\u00e5n Storgatan av Stenbockens Caroliner.<\/p>\n<p>F, Salut Svensk l\u00f6sen fr\u00e5n Storgatan av Stenbockens Caroliner.<\/p>\n<p>G. Korum<\/p>\n<p>H,\u00a0 Musik (Reginamarsch)<\/p>\n<p>I.\u00a0 \u00a0Troppning av flaggan<\/p>\n<p>J.\u00a0 \u00a0Uppl\u00f6sning<\/p>\n<p>&nbsp;<\/p>\n<h3><strong>En f\u00f6rkortad historia om skeppen fr\u00e5n Lybeck.<\/strong><\/h3>\n<p>De av Gustav Wasa ink\u00f6pta 10 st skeppen fr\u00e5n Hansan i Lybeck.<\/p>\n<p>Anl\u00e4nde till Stegeborg den 7 juni 1522 \u00e5r<\/p>\n<p>vilket anses vara FLOTTANS tillkomst\u00e5r.<\/p>\n<p>Gustav Wasa anl\u00e4nde till S\u00f6derk\u00f6ping f\u00f6r att v\u00e4lkomna skeppen , han stannade i 1 m\u00e5nad.<\/p>\n<p>skeppen blev kvar i Stegeborg tills de anl\u00f6pte Stockholm Djurg\u00e5rden den 4 november 1522<\/p>\n<p>Den andra eskadern 20 st skepp anl\u00e4nde till Stegeborg den 17 oktober 1522.<\/p>\n<p>Efter proviantering fortsatte de till Stockholm.<\/p>\n<p>Enligt Herman Lindqvist var priset 42000 mark, vidare var ett av skeppen med namnet\u00a0 Korpen<\/p>\n<p>en k\u00e4r gammal v\u00e4n f\u00f6r Gustav Wasa han hade seglat med det fr\u00e5n Lybeck till Stockholm.<\/p>\n<h3>N\u00e5gra bilder fr\u00e5n Flottans 500 \u00e5r i S\u00f6derk\u00f6ping den 7\/6-22.<\/h3>\n<p><img loading=\"lazy\" decoding=\"async\" class=\"alignnone wp-image-37779\" src=\"https:\/\/marinkamraterna.se\/norrkoping\/wp-content\/uploads\/sites\/10\/2022\/06\/FLOTTAN-500-AR-1-1-449x600.jpeg\" alt=\"\" width=\"164\" height=\"219\" \/>\u00a0 <img loading=\"lazy\" decoding=\"async\" class=\"alignnone wp-image-37821\" src=\"https:\/\/marinkamraterna.se\/norrkoping\/wp-content\/uploads\/sites\/10\/2022\/06\/FLOTTAN-500-AR-45-450x600.jpeg\" alt=\"\" width=\"166\" height=\"222\" \/>\u00a0 <img loading=\"lazy\" decoding=\"async\" class=\"alignnone wp-image-37806\" src=\"https:\/\/marinkamraterna.se\/norrkoping\/wp-content\/uploads\/sites\/10\/2022\/06\/FLOTTAN-500-AR-28-600x450.jpeg\" alt=\"\" width=\"291\" height=\"218\" \/><\/p>\n<p>Minnesstenen\u00a0 \u00a0 \u00a0 \u00a0 \u00a0 \u00a0 \u00a0 \u00a0 \u00a0 \u00a0 \u00a0 \u00a0 \u00a0 \u00a0 \u00a0 \u00a0 \u00a0 \u00a0 \u00a0 \u00a0 \u00a0 \u00a0 \u00a0 \u00a0 \u00a0 \u00a0 \u00a0 \u00a0 \u00a0 \u00a0 \u00a0 \u00a0 \u00a0 \u00a0 \u00a0 \u00a0 Roddarna fr\u00e5n 44 Rddiv Skredsvik<\/p>\n<p><img loading=\"lazy\" decoding=\"async\" class=\"alignnone wp-image-37809\" src=\"https:\/\/marinkamraterna.se\/norrkoping\/wp-content\/uploads\/sites\/10\/2022\/06\/FLOTTAN-500-AR-30-600x450.jpeg\" alt=\"\" width=\"258\" height=\"194\" \/>\u00a0 <img loading=\"lazy\" decoding=\"async\" class=\"alignnone wp-image-37806\" src=\"https:\/\/marinkamraterna.se\/norrkoping\/wp-content\/uploads\/sites\/10\/2022\/06\/FLOTTAN-500-AR-28-600x450.jpeg\" alt=\"\" width=\"272\" height=\"204\" \/><img loading=\"lazy\" decoding=\"async\" class=\"wp-image-37794 alignright\" src=\"https:\/\/marinkamraterna.se\/norrkoping\/wp-content\/uploads\/sites\/10\/2022\/06\/FLOTTAN-500-AR-35-450x600.jpeg\" alt=\"\" width=\"164\" height=\"218\" \/><\/p>\n<p><img loading=\"lazy\" decoding=\"async\" class=\"alignnone wp-image-37791\" src=\"https:\/\/marinkamraterna.se\/norrkoping\/wp-content\/uploads\/sites\/10\/2022\/06\/FLOTTAN-500-AR-22-600x450.jpeg\" alt=\"\" width=\"226\" height=\"169\" \/> <img loading=\"lazy\" decoding=\"async\" class=\"alignnone wp-image-37788\" src=\"https:\/\/marinkamraterna.se\/norrkoping\/wp-content\/uploads\/sites\/10\/2022\/06\/FLOTTAN-500-AR-18-600x450.jpeg\" alt=\"\" width=\"223\" height=\"167\" \/><img loading=\"lazy\" decoding=\"async\" class=\"wp-image-37800 alignleft\" src=\"https:\/\/marinkamraterna.se\/norrkoping\/wp-content\/uploads\/sites\/10\/2022\/06\/FLOTTAN-500-AR-20-600x451.jpeg\" alt=\"\" width=\"220\" height=\"165\" \/><\/p>\n<p>Karolinerna sj\u00f6t salut skott\u00a0 \u00a0 \u00a0 \u00a0 \u00a0 \u00a0 \u00a0 \u00a0 \u00a0 \u00a0 \u00a0 \u00a0 \u00a0Uppst\u00e4llning i Kanalhmnen<\/p>\n<p><img loading=\"lazy\" decoding=\"async\" class=\"alignnone wp-image-37785\" src=\"https:\/\/marinkamraterna.se\/norrkoping\/wp-content\/uploads\/sites\/10\/2022\/06\/FLOTTAN-500-AR-10-600x450.jpeg\" alt=\"\" width=\"337\" height=\"253\" \/>\u00a0 <span style=\"color: #333333;font-size: 22px\">\u00a0 \u00a0 \u00a0 \u00a0 \u00a0 \u00a0 <\/span><\/p>\n<p><span style=\"color: #333333;font-size: 22px\">\u00a0 \u00a0 \u00a0 Flottans M\u00e4n ifr\u00e5n Norrk\u00f6ping<\/span><span style=\"color: #333333;font-size: 22px\">\u00a0 \u00a0<\/span><\/p>\n<p><span style=\"color: #333333;font-size: 22px\">\u00a0 \u00a0 \u00a0 \u00a0 \u00a0 \u00a0 \u00a0 \u00a0 \u00a0 \u00a0 \u00a0 \u00a0 \u00a0och<\/span><\/p>\n<p><span style=\"color: #333333;font-size: 22px\">\u00a0 \u00a0 Skepparsociteten\u00a0 Norrk\u00f6ping<\/span><\/p>\n<p><img loading=\"lazy\" decoding=\"async\" class=\"wp-image-37818 aligncenter\" src=\"https:\/\/marinkamraterna.se\/norrkoping\/wp-content\/uploads\/sites\/10\/2022\/06\/FLOTTAN-500-AR-40-600x450.jpeg\" alt=\"\" width=\"511\" height=\"383\" \/><\/p>\n<p><span style=\"color: #333333;font-size: 22px\">\u00a0 \u00a0 \u00a0 \u00a0 \u00a0 \u00a0 \u00a0 \u00a0 \u00a0 \u00a0 \u00a0 <img loading=\"lazy\" decoding=\"async\" class=\" wp-image-37782 aligncenter\" src=\"https:\/\/marinkamraterna.se\/norrkoping\/wp-content\/uploads\/sites\/10\/2022\/06\/FLOTTAN-500-AR-4-600x450.jpeg\" alt=\"\" width=\"588\" height=\"441\" \/><\/span><\/p>\n<h4>\u00a0 \u00a0 \u00a0 \u00a0 \u00a0 \u00a0 \u00a0 \u00a0 \u00a0 \u00a0 \u00a0 \u00a0 \u00a0 \u00a0 \u00a0 \u00a0 \u00a0 \u00a0 \u00a0 \u00a0 \u00a0 \u00a0 \u00a0 \u00a0 M 20 l\u00e5g i kanalhamnen Byggd 1941<\/h4>\n","protected":false},"excerpt":{"rendered":"<p>\u00a0 F\u00f6rsta fartyget med namnet Norrk\u00f6ping\u00a0 \u00a0 \u00a0 \u00a0 \u00a0 \u00a0 \u00a0 \u00a0 \u00a0 Det senaste fartyget med namnet Norrk\u00f6ping P\u00e5 denna sida kommer Flottans M\u00e4n att informera om firandet. Efter information fr\u00e5n S\u00f6derk\u00f6pings kommun kommer firandet att ske p\u00e5 Fiskartorget med b\u00f6rjan kl. 09,00 den 7 Juni 2022. Det blir en ingraverad sten som [&hellip;]<\/p>\n","protected":false},"author":6,"featured_media":0,"parent":33353,"menu_order":0,"comment_status":"closed","ping_status":"closed","template":"","meta":{"_et_pb_use_builder":"","_et_pb_old_content":"","_et_gb_content_width":"","iawp_total_views":92,"footnotes":""},"class_list":["post-37676","page","type-page","status-publish","hentry"],"_links":{"self":[{"href":"https:\/\/marinkamraterna.se\/norrkoping\/wp-json\/wp\/v2\/pages\/37676","targetHints":{"allow":["GET"]}}],"collection":[{"href":"https:\/\/marinkamraterna.se\/norrkoping\/wp-json\/wp\/v2\/pages"}],"about":[{"href":"https:\/\/marinkamraterna.se\/norrkoping\/wp-json\/wp\/v2\/types\/page"}],"author":[{"embeddable":true,"href":"https:\/\/marinkamraterna.se\/norrkoping\/wp-json\/wp\/v2\/users\/6"}],"replies":[{"embeddable":true,"href":"https:\/\/marinkamraterna.se\/norrkoping\/wp-json\/wp\/v2\/comments?post=37676"}],"version-history":[{"count":10,"href":"https:\/\/marinkamraterna.se\/norrkoping\/wp-json\/wp\/v2\/pages\/37676\/revisions"}],"predecessor-version":[{"id":37836,"href":"https:\/\/marinkamraterna.se\/norrkoping\/wp-json\/wp\/v2\/pages\/37676\/revisions\/37836"}],"up":[{"embeddable":true,"href":"https:\/\/marinkamraterna.se\/norrkoping\/wp-json\/wp\/v2\/pages\/33353"}],"wp:attachment":[{"href":"https:\/\/marinkamraterna.se\/norrkoping\/wp-json\/wp\/v2\/media?parent=37676"}],"curies":[{"name":"wp","href":"https:\/\/api.w.org\/{rel}","templated":true}]}}