{"id":33990,"date":"2021-06-04T19:13:45","date_gmt":"2021-06-04T17:13:45","guid":{"rendered":"http:\/\/andersa6.sg-host.com\/norrtalje\/?page_id=33990"},"modified":"2026-03-28T10:25:37","modified_gmt":"2026-03-28T09:25:37","slug":"stadgar","status":"publish","type":"page","link":"https:\/\/marinkamraterna.se\/norrtalje\/om-foreningen\/stadgar\/","title":{"rendered":"Stadgar"},"content":{"rendered":"<p>[et_pb_section fb_built=&#8221;1&#8243; specialty=&#8221;on&#8221; padding_top_1=&#8221;0px&#8221; padding_top_2=&#8221;0px&#8221; padding_top_bottom_link_1=&#8221;false&#8221; padding_top_bottom_link_2=&#8221;false&#8221; padding_left_right_link_1=&#8221;false&#8221; padding_left_right_link_2=&#8221;false&#8221; _builder_version=&#8221;4.16&#8243; _module_preset=&#8221;default&#8221; custom_margin=&#8221;||||false|false&#8221; custom_padding=&#8221;||||false|false&#8221; locked=&#8221;off&#8221; global_colors_info=&#8221;{}&#8221;][et_pb_column type=&#8221;3_4&#8243; specialty_columns=&#8221;3&#8243; _builder_version=&#8221;4.16&#8243; custom_padding=&#8221;|||&#8221; global_colors_info=&#8221;{}&#8221; custom_padding__hover=&#8221;|||&#8221;][et_pb_row_inner _builder_version=&#8221;4.16&#8243; _module_preset=&#8221;default&#8221; custom_padding=&#8221;0px||||false|false&#8221; global_colors_info=&#8221;{}&#8221;][et_pb_column_inner saved_specialty_column_type=&#8221;3_4&#8243; _builder_version=&#8221;4.16&#8243; _module_preset=&#8221;default&#8221; global_colors_info=&#8221;{}&#8221;][et_pb_post_title meta=&#8221;off&#8221; featured_image=&#8221;off&#8221; _builder_version=&#8221;4.16&#8243; _module_preset=&#8221;default&#8221; title_font_size=&#8221;35px&#8221; global_colors_info=&#8221;{}&#8221;][\/et_pb_post_title][et_pb_text _builder_version=&#8221;4.27.6&#8243; _module_preset=&#8221;default&#8221; hover_enabled=&#8221;0&#8243; global_colors_info=&#8221;{}&#8221; sticky_enabled=&#8221;0&#8243;]<\/p>\n<p>&nbsp;<\/p>\n<p><b>Stadgar f\u00f6r F\u00f6reningen Marinkamraterna\u00a0 i Norrt\u00e4lje<\/b><\/p>\n<p><span style=\"font-weight: 400\">Dessa reviderade stadgar \u00e4r fastst\u00e4llda av \u00e5rsm\u00f6tet 2013 och \u00e4ndrade 2026<\/span><\/p>\n<ul>\n<li><b> 1.\u00a0 \u00c4ndam\u00e5l<\/b><\/li>\n<\/ul>\n<p><span style=\"font-weight: 400\">F\u00f6reningen Marinkamraterna i Norrt\u00e4lje, \u00e4r en lokalf\u00f6rening inom Riksf\u00f6rbundet Marinkamraterna , skall verka f\u00f6r gemenskap och sammanh\u00e5llning inom Marinen, fr\u00e4mja kamratskapen mellan dem som tj\u00e4nstgjort och tj\u00e4nstg\u00f6r vid Marinen, v\u00e5rda Marinens traditioner genom samh\u00e4llskontakter och i \u00f6vrigt sprida upplysning om Marinens uppgifter, verksamhet och utveckling.<\/span><\/p>\n<p><span style=\"font-weight: 400\">Den skall vara en ideell f\u00f6rening med allm\u00e4nnyttigt \u00e4ndam\u00e5l genom f\u00f6rsvarsfr\u00e4mjande verksamhet och \u00f6ppenhet betr\u00e4ffande medlemskap.<\/span><\/p>\n<ul>\n<li><b> 2.\u00a0 Medlemskap<\/b><\/li>\n<\/ul>\n<p><span style=\"font-weight: 400\">F\u00f6r att erh\u00e5lla medlemskap fordras att vid Marinen vara eller ha varit anst\u00e4lld i milit\u00e4r, civilmilit\u00e4r eller civil befattning, tj\u00e4nstg\u00f6ra eller ha tj\u00e4nstgjort som v\u00e4rnpliktig i Marinen.<\/span><\/p>\n<p><span style=\"font-weight: 400\">Medlemskap kan d\u00e4rut\u00f6ver efter s\u00e4rskild pr\u00f6vning vinnas av svensk medborgare, man s\u00e5v\u00e4l som kvinna, med stort och aktivt intresse f\u00f6r Marinen och f\u00f6r f\u00f6reningens \u00e4ndam\u00e5l.<\/span><\/p>\n<p><span style=\"font-weight: 400\">Beslut ang\u00e5ende medlemskap fattas av styrelsen. Medlem kan \u00e4ven uteslutas ur f\u00f6reningen av styrelsen. Beslut h\u00e4rom skall vara enh\u00e4lligt.<\/span><\/p>\n<ul>\n<li><b>3.\u00a0 Avgifter<\/b><\/li>\n<\/ul>\n<p><span style=\"font-weight: 400\">Medlem erl\u00e4gger \u00e5rsavgift som fastst\u00e4lls av \u00e5rsm\u00f6tet. F\u00f6reningen inbetalar viss del av \u00e5rsavgiften till Riksf\u00f6rbundet.<\/span><\/p>\n<ul>\n<li><b>4.\u00a0 R\u00e4kenskaper och revision<\/b><\/li>\n<\/ul>\n<p><span style=\"font-weight: 400\">F\u00f6reningens verksamhets\u00e5r sammanfaller med kalender\u00e5ret. R\u00e4kenskapsredovisningen skall omfatta samma tidsperiod. Bokslut och \u00e5rsber\u00e4ttelse skall vara revisorn tillhanda senast den 31 januari.\u00a0 Revisionsber\u00e4ttelsen skall avl\u00e4mnas senast den 15 februari.<\/span><\/p>\n<ul>\n<li><b> 5.\u00a0 F\u00f6reningens styrelse och \u00f6vriga funktion\u00e4rer<\/b><\/li>\n<\/ul>\n<p><span style=\"font-weight: 400\">F\u00f6reningens styrelse skall best\u00e5 av fem ordinarie ledam\u00f6ter samt en suppleant och utg\u00f6ras av ordf\u00f6rande, vice ordf\u00f6rande, kass\u00f6r, sekreterare, ytterligare en ledamot samt en suppleant.<\/span><\/p>\n<p><span style=\"font-weight: 400\">Ut\u00f6ver styrelsens ledam\u00f6ter skall f\u00f6ljande funktion\u00e4rer utses: en revisor, en revisorssuppleant, <\/span>en valberedning med tv\u00e5 ledam\u00f6ter, en klubbm\u00e4stare\u00a0 med ers\u00e4ttare, en lokalansvarig samt minst tv\u00e5 flaggvakter.<\/p>\n<ul>\n<li><b> 6.\u00a0 \u00c5rsm\u00f6te<\/b><\/li>\n<\/ul>\n<p><span style=\"font-weight: 400\">\u00c5rsm\u00f6tet skall h\u00e5llas under mars m\u00e5nad och skall av styrelsen utlysas minst fjorton dagar f\u00f6re m\u00f6tet. Motioner skall vara styrelsen tillhanda minst tio dagar f\u00f6re m\u00f6tet.<\/span><span style=\"font-weight: 400\">\u00a0\u00a0<\/span><\/p>\n<p><span style=\"font-weight: 400\">I dagordningen skall f\u00f6ljande \u00e4rendepunkter f\u00f6rekomma:<\/span><\/p>\n<p><span style=\"font-weight: 400\">\u00a0-Parentation \u00f6ver under \u00e5ret avlidna medlemmar<\/span><\/p>\n<p><span style=\"font-weight: 400\">&#8211; Val av ordf\u00f6rande och sekreterare f\u00f6r m\u00f6tet<\/span><\/p>\n<p><span style=\"font-weight: 400\">&#8211; Godk\u00e4nnande av dagordning<\/span><\/p>\n<p><span style=\"font-weight: 400\">&#8211; Val av tv\u00e5 justeringsm\u00e4n, tillika r\u00f6str\u00e4knare, att j\u00e4mte ordf\u00f6rande justera protokollet<\/span><\/p>\n<p><span style=\"font-weight: 400\">&#8211; Styrelsens verksamhetsber\u00e4ttelse och ekonomiska \u00e5rsredovisning<\/span><\/p>\n<p><span style=\"font-weight: 400\">&#8211; Revisionsber\u00e4ttelse<\/span><\/p>\n<p><span style=\"font-weight: 400\">&#8211; Beslut ang\u00e5ende ansvarsfrihet f\u00f6r styrelsen<\/span><\/p>\n<p><span style=\"font-weight: 400\">&#8211; Val enligt \u00a7 5 i dessa stadgar<\/span><\/p>\n<p><span style=\"font-weight: 400\">&#8211; Fastst\u00e4llande av \u00e5rsavgift f\u00f6r n\u00e4stkommande \u00e5r<\/span><\/p>\n<p><span style=\"font-weight: 400\">&#8211; Motioner eller andra anm\u00e4lda \u00e4renden<\/span><\/p>\n<p><span style=\"font-weight: 400\">&#8211; Avtackning av funktion\u00e4rer och utdelning av hedersutm\u00e4rkelser m m<\/span><\/p>\n<ul>\n<li><b> 7.\u00a0 R\u00f6str\u00e4tt och beslut<\/b><\/li>\n<\/ul>\n<p><span style=\"font-weight: 400\">R\u00f6stber\u00e4ttigade \u00e4r vid \u00e5rsm\u00f6tet alla f\u00f6reningens medlemmar som \u00e4r n\u00e4rvarande och vilka erlagt stadgade avgifter.\u00a0<\/span><\/p>\n<p><span style=\"font-weight: 400\">Beslut fattas med enkel r\u00f6st\u00f6vervikt. Undantag \u00e4r r\u00f6stning om stadge\u00e4ndring eller f\u00f6reningens uppl\u00f6sande enligt \u00a7 9 och 10.<\/span><\/p>\n<p><span style=\"font-weight: 400\">Omr\u00f6stning sker \u00f6ppet om ej sluten omr\u00f6stning beg\u00e4rts. Vid lika r\u00f6stetal g\u00e4ller den mening som ordf\u00f6rande bitr\u00e4der utom vid val, d\u00e5 lottning ska ske.<\/span><\/p>\n<p><span style=\"font-weight: 400\">Vad som s\u00e4gs om ordf\u00f6rands utslagsr\u00f6st g\u00e4ller \u00e4ven vid styrelsem\u00f6ten.<\/span><\/p>\n<ul>\n<li><b> 8.\u00a0 Val och mandatperioder<\/b><\/li>\n<\/ul>\n<p><span style=\"font-weight: 400\">Ordf\u00f6rande v\u00e4ljs f\u00f6r\u00a0 ett \u00e5r, tv\u00e5 ledam\u00f6ter v\u00e4ljs j\u00e4mna \u00e5r och de \u00f6vriga tv\u00e5 ledam\u00f6terna v\u00e4ljs udda \u00e5r. Styrelsesuppleanten och \u00f6vriga funktion\u00e4rer v\u00e4ljs f\u00f6r ett \u00e5r. Omval f\u00e5r ske utan tidsbegr\u00e4nsning.<\/span><\/p>\n<ul>\n<li><b> 9.\u00a0 \u00c4ndring av stadgar<\/b><\/li>\n<\/ul>\n<p><span style=\"font-weight: 400\">Beslut om stadge\u00e4ndring fattas av \u00e5rsm\u00f6tet och skall f\u00f6r att \u00e4ga giltighet bitr\u00e4das av minst tv\u00e5 tredjedelar (2\/3) av de r\u00f6stande. R\u00f6stber\u00e4ttigade \u00e4r endast vid \u00e5rsm\u00f6tet n\u00e4rvarande medlemmar.<\/span><\/p>\n<ul>\n<li><b> 10.\u00a0 F\u00f6reningens uppl\u00f6sande<\/b><\/li>\n<\/ul>\n<p><span style=\"font-weight: 400\">Beslut om f\u00f6reningens uppl\u00f6sande skall f\u00f6r att vara giltigt ha fattats p\u00e5 tv\u00e5 p\u00e5 varandra f\u00f6ljande m\u00f6ten, vara det ena skall vara \u00e5rsm\u00f6te. Vid vart och ett av dessa m\u00f6ten erfordras att besluten bitr\u00e4tts av minst tv\u00e5 tredjedelar (2\/3) av de r\u00f6stande. D\u00e5 fr\u00e5ga om f\u00f6reningens uppl\u00f6sande v\u00e4cks \u00e5ligger det styrelsen att vid det f\u00f6rsta m\u00f6tet framl\u00e4gga f\u00f6rslag till hur f\u00f6reningens tillg\u00e5ngar skall disponeras.<\/span><\/p>\n<p><span style=\"font-weight: 400\">Har beslut om f\u00f6reningens uppl\u00f6sande fattats skall dess handlingar \u00f6verl\u00e4mnas till\u00a0 Riksf\u00f6rbundet Marinkamraterna\u00a0 f\u00f6r arkivering.\u00a0<\/span><\/p>\n<p>&nbsp;<\/p>\n<p><span style=\"font-weight: 400\">\u00a0\u00a0\u00a0<\/span><\/p>\n<p>[\/et_pb_text][\/et_pb_column_inner][\/et_pb_row_inner][\/et_pb_column][et_pb_column type=&#8221;1_4&#8243; _builder_version=&#8221;4.16&#8243; custom_padding=&#8221;|||&#8221; global_colors_info=&#8221;{}&#8221; custom_padding__hover=&#8221;|||&#8221;][et_pb_image src=&#8221;http:\/\/marinkamraterna.se\/norrtalje\/wp-content\/uploads\/sites\/11\/2021\/09\/Norrtank-med-text-1.jpg&#8221; alt=&#8221;body of water during golden hour&#8221; title_text=&#8221;Norrtank med text (1)&#8221; align=&#8221;center&#8221; _builder_version=&#8221;4.16&#8243; _module_preset=&#8221;default&#8221; custom_margin=&#8221;||10px||false|false&#8221; custom_padding=&#8221;||||false|false&#8221; global_colors_info=&#8221;{}&#8221;][\/et_pb_image][et_pb_text _builder_version=&#8221;4.16&#8243; _module_preset=&#8221;default&#8221; text_font=&#8221;||on||||||&#8221; text_font_size=&#8221;14px&#8221; global_colors_info=&#8221;{}&#8221;][\/et_pb_text][et_pb_sidebar orientation=&#8221;right&#8221; area=&#8221;et_pb_widget_area_5&#8243; module_class=&#8221;right-menues&#8221; _builder_version=&#8221;4.9.11&#8243; _module_preset=&#8221;default&#8221; width=&#8221;93.5%&#8221; custom_margin=&#8221;||0px||false|false&#8221; global_module=&#8221;35107&#8243; saved_tabs=&#8221;all&#8221; locked=&#8221;off&#8221; global_colors_info=&#8221;{}&#8221;][\/et_pb_sidebar][et_pb_sidebar orientation=&#8221;right&#8221; _builder_version=&#8221;4.9.4&#8243; _module_preset=&#8221;default&#8221; header_font=&#8221;|600||on|||||&#8221; header_font_size=&#8221;20px&#8221; global_module=&#8221;33531&#8243; saved_tabs=&#8221;all&#8221; locked=&#8221;on&#8221; global_colors_info=&#8221;{}&#8221;][\/et_pb_sidebar][\/et_pb_column][\/et_pb_section]<\/p>\n","protected":false},"excerpt":{"rendered":"<p>&nbsp; Stadgar f\u00f6r F\u00f6reningen Marinkamraterna\u00a0 i Norrt\u00e4lje Dessa reviderade stadgar \u00e4r fastst\u00e4llda av \u00e5rsm\u00f6tet 2013 och \u00e4ndrade 2026 1.\u00a0 \u00c4ndam\u00e5l F\u00f6reningen Marinkamraterna i Norrt\u00e4lje, \u00e4r en lokalf\u00f6rening inom Riksf\u00f6rbundet Marinkamraterna , skall verka f\u00f6r gemenskap och sammanh\u00e5llning inom Marinen, fr\u00e4mja kamratskapen mellan dem som tj\u00e4nstgjort och tj\u00e4nstg\u00f6r vid Marinen, v\u00e5rda Marinens traditioner genom samh\u00e4llskontakter och [&hellip;]<\/p>\n","protected":false},"author":1,"featured_media":0,"parent":33152,"menu_order":2,"comment_status":"closed","ping_status":"closed","template":"","meta":{"_et_pb_use_builder":"on","_et_pb_old_content":"","_et_gb_content_width":"","iawp_total_views":88,"footnotes":""},"class_list":["post-33990","page","type-page","status-publish","hentry"],"_links":{"self":[{"href":"https:\/\/marinkamraterna.se\/norrtalje\/wp-json\/wp\/v2\/pages\/33990","targetHints":{"allow":["GET"]}}],"collection":[{"href":"https:\/\/marinkamraterna.se\/norrtalje\/wp-json\/wp\/v2\/pages"}],"about":[{"href":"https:\/\/marinkamraterna.se\/norrtalje\/wp-json\/wp\/v2\/types\/page"}],"author":[{"embeddable":true,"href":"https:\/\/marinkamraterna.se\/norrtalje\/wp-json\/wp\/v2\/users\/1"}],"replies":[{"embeddable":true,"href":"https:\/\/marinkamraterna.se\/norrtalje\/wp-json\/wp\/v2\/comments?post=33990"}],"version-history":[{"count":14,"href":"https:\/\/marinkamraterna.se\/norrtalje\/wp-json\/wp\/v2\/pages\/33990\/revisions"}],"predecessor-version":[{"id":39184,"href":"https:\/\/marinkamraterna.se\/norrtalje\/wp-json\/wp\/v2\/pages\/33990\/revisions\/39184"}],"up":[{"embeddable":true,"href":"https:\/\/marinkamraterna.se\/norrtalje\/wp-json\/wp\/v2\/pages\/33152"}],"wp:attachment":[{"href":"https:\/\/marinkamraterna.se\/norrtalje\/wp-json\/wp\/v2\/media?parent=33990"}],"curies":[{"name":"wp","href":"https:\/\/api.w.org\/{rel}","templated":true}]}}