{"id":33152,"date":"2020-12-10T17:41:01","date_gmt":"2020-12-10T16:41:01","guid":{"rendered":"https:\/\/wwps.se\/?page_id=33152"},"modified":"2022-12-07T18:17:33","modified_gmt":"2022-12-07T17:17:33","slug":"om-foreningen","status":"publish","type":"page","link":"https:\/\/marinkamraterna.se\/nynashamn\/startsidan\/om-foreningen\/","title":{"rendered":"Om f\u00f6reningen"},"content":{"rendered":"<p>[et_pb_section fb_built=&#8221;1&#8243; specialty=&#8221;on&#8221; padding_top_1=&#8221;0px&#8221; padding_top_2=&#8221;0px&#8221; padding_top_bottom_link_1=&#8221;false&#8221; padding_top_bottom_link_2=&#8221;false&#8221; padding_left_right_link_1=&#8221;false&#8221; padding_left_right_link_2=&#8221;false&#8221; _builder_version=&#8221;4.16&#8243; _module_preset=&#8221;default&#8221; custom_margin=&#8221;||||false|false&#8221; custom_padding=&#8221;||||false|false&#8221; locked=&#8221;off&#8221; global_colors_info=&#8221;{}&#8221;][et_pb_column type=&#8221;3_4&#8243; specialty_columns=&#8221;3&#8243; _builder_version=&#8221;4.16&#8243; custom_padding=&#8221;|||&#8221; global_colors_info=&#8221;{}&#8221; custom_padding__hover=&#8221;|||&#8221;][et_pb_row_inner _builder_version=&#8221;4.16&#8243; _module_preset=&#8221;default&#8221; custom_padding=&#8221;0px||||false|false&#8221; global_colors_info=&#8221;{}&#8221;][et_pb_column_inner saved_specialty_column_type=&#8221;3_4&#8243; _builder_version=&#8221;4.16&#8243; _module_preset=&#8221;default&#8221; global_colors_info=&#8221;{}&#8221;][et_pb_post_title meta=&#8221;off&#8221; featured_image=&#8221;off&#8221; _builder_version=&#8221;4.16&#8243; _module_preset=&#8221;default&#8221; title_font_size=&#8221;35px&#8221; global_colors_info=&#8221;{}&#8221;][\/et_pb_post_title][et_pb_text _builder_version=&#8221;4.16&#8243; _module_preset=&#8221;default&#8221; global_colors_info=&#8221;{}&#8221;]<\/p>\n<p>alf\u00f6reningen i Nyn\u00e4shamn v\u00e4lkomnar nya medlemmar som uppfyller kraven att antingen ha tj\u00e4nstgjort i Marinen tidigare, som v\u00e4rnpliktig eller anst\u00e4lld, civilanst\u00e4lld eller fortfarande \u00e4r i tj\u00e4nst. Medlemskap kan d\u00e4rut\u00f6ver efter s\u00e4rskild pr\u00f6vning av v\u00e5r styrelse vinnas av svensk medborgare med stort och aktivt intresse f\u00f6r Flottan och f\u00f6reningens \u00e4ndam\u00e5l.\u00a0\u00a0\u00a0\u00a0\u00a0\u00a0\u00a0\u00a0\u00a0\u00a0\u00a0\u00a0\u00a0\u00a0\u00a0\u00a0\u00a0\u00a0\u00a0\u00a0\u00a0\u00a0\u00a0\u00a0\u00a0\u00a0\u00a0\u00a0\u00a0\u00a0\u00a0\u00a0\u00a0\u00a0\u00a0\u00a0\u00a0\u00a0\u00a0\u00a0\u00a0\u00a0\u00a0\u00a0\u00a0\u00a0\u00a0\u00a0\u00a0\u00a0\u00a0\u00a0\u00a0\u00a0\u00a0\u00a0\u00a0\u00a0\u00a0\u00a0\u00a0\u00a0\u00a0\u00a0\u00a0\u00a0\u00a0\u00a0\u00a0\u00a0\u00a0\u00a0\u00a0\u00a0\u00a0\u00a0\u00a0\u00a0\u00a0\u00a0\u00a0\u00a0\u00a0\u00a0\u00a0\u00a0\u00a0\u00a0\u00a0\u00a0\u00a0\u00a0\u00a0\u00a0\u00a0\u00a0<\/p>\n<p>Menig eller officer, man eller kvinna har ingen betydelse &#8211; alla \u00e4r lika v\u00e4lkomna.<br \/>V\u00e5r klubbstuga ligger vackert i den hetaste av alla marina milj\u00f6er &#8211; Musk\u00f6basen. Musk\u00f6basen \u00e4r nu kanske \u00e4nnu hetare d\u00e5 Marinledningen har flyttat in p\u00e5 basen. N\u00e4rmaste granne \u00e4r Guldbodavakten, porten in till Musk\u00f6basen.<br \/>Fr\u00e5n f\u00f6nstren i stora rummet och p\u00e5 altanen d\u00e4rutanf\u00f6r kan man, med en kopp kaffe i handen, f\u00f6lja aktiviteterna p\u00e5 fj\u00e4rden fr\u00e5n f\u00f6rsta parkett. Musk\u00f6basen \u00e4r fortfarande i full aktivitet.<br \/>I stugan f\u00f6rekommer, f\u00f6rutom styrelsem\u00f6ten, olika aktiviteter som\u00a0t.ex v\u00e5r- och h\u00f6stfester och \u00e4ven andra sammankomster som medlemmarna sj\u00e4lva hanterar. Efter anm\u00e4lan till stugfogden f\u00e5r \u00e4ven stugan anv\u00e4ndas av medlemmarna\u00a0f\u00f6r \u00f6vernattning.<br \/>Lokalf\u00f6reningen i Nyn\u00e4shamn har en del utbyte med de andra lokalf\u00f6reningarna inom region mitt, dvs Stockholm, Norrt\u00e4lje, Norrk\u00f6ping, Gotland, V\u00e4ster\u00e5s, S\u00f6dert\u00e4lje och Haninge. Varje sommar s\u00e5 anordnas mellan f\u00f6reningarna en lekfull femkamp, en uppskattad och trevlig aktivitet d\u00e4r b\u00e5de fysisk, mental och intellektuell styrka kan komma att s\u00e4ttas p\u00e5 prov. Nyn\u00e4shamn FM tog faktiskt hem \u00e5rets vandringspris 2011, 2016, 2021 och 2022!<br \/>Som exempel p\u00e5 andra aktiviteter kan n\u00e4mnas bes\u00f6k p\u00e5 \u00f6rlogs-och handelsfartyg, utflykter till intressanta platser, firande av Lillejul, en soppkv\u00e4ll sista torsdagen varje m\u00e5nad d\u00e4r vi \u00e4ter gott och umg\u00e5s i glada kamraters lag samt likas\u00e5 bowling varje fredag i Nyn\u00e4shamn Bowlinglokal. Naturligtvis \u00e4r alla medlemmarnas damer v\u00e4lkomna p\u00e5 v\u00e5ra aktiviteter. Vi har \u00e4ven ett antal damer med som medlemmar i v\u00e5r f\u00f6rening.<br \/>V\u00e5r str\u00e4van \u00e4r ocks\u00e5 att f\u00f6rs\u00f6ka h\u00e5lla medlemmarna uppdaterade med vad som h\u00e4nder inom Marinen och inom v\u00e5r f\u00f6rening. I ett litet medlemsblad, &#8221;Ohoj&#8221;, som kommer ut fyra g\u00e5nger om \u00e5ret informerar vi om kommande aktiviteter i f\u00f6reningen och rapporterar lite om vad som h\u00e4nder i \u00f6vriga marina sammanhang. Ett antal intressanta artiklar om marin verksamhet idag och f\u00f6rr finns alltid med bladet.\u00a0\u00a0\u00a0\u00a0\u00a0\u00a0\u00a0\u00a0\u00a0\u00a0\u00a0\u00a0\u00a0\u00a0\u00a0\u00a0\u00a0\u00a0\u00a0\u00a0\u00a0\u00a0\u00a0\u00a0\u00a0\u00a0\u00a0\u00a0\u00a0\u00a0\u00a0\u00a0\u00a0\u00a0\u00a0\u00a0\u00a0\u00a0\u00a0\u00a0\u00a0\u00a0\u00a0\u00a0\u00a0\u00a0\u00a0\u00a0\u00a0\u00a0\u00a0\u00a0\u00a0\u00a0\u00a0\u00a0\u00a0\u00a0\u00a0\u00a0\u00a0\u00a0\u00a0\u00a0\u00a0\u00a0\u00a0\u00a0\u00a0\u00a0\u00a0\u00a0\u00a0\u00a0\u00a0\u00a0\u00a0\u00a0\u00a0\u00a0\u00a0\u00a0\u00a0\u00a0\u00a0\u00a0\u00a0\u00a0\u00a0\u00a0\u00a0\u00a0\u00a0\u00a0\u00a0\u00a0\u00a0\u00a0\u00a0\u00a0\u00a0\u00a0\u00a0\u00a0\u00a0\u00a0\u00a0\u00a0\u00a0\u00a0\u00a0\u00a0\u00a0\u00a0\u00a0\u00a0\u00a0\u00a0\u00a0\u00a0\u00a0\u00a0\u00a0\u00a0\u00a0\u00a0\u00a0\u00a0\u00a0\u00a0\u00a0\u00a0\u00a0\u00a0\u00a0\u00a0<br \/>Tidningen kan laddas ner under fliken &#8221;Ohoj&#8221;\u00a0\u00a0\u00a0\u00a0\u00a0\u00a0\u00a0\u00a0\u00a0\u00a0\u00a0\u00a0\u00a0\u00a0\u00a0\u00a0\u00a0\u00a0\u00a0\u00a0\u00a0\u00a0\u00a0\u00a0\u00a0\u00a0\u00a0\u00a0\u00a0\u00a0\u00a0\u00a0\u00a0\u00a0\u00a0\u00a0\u00a0\u00a0\u00a0\u00a0\u00a0\u00a0\u00a0\u00a0\u00a0\u00a0\u00a0\u00a0\u00a0\u00a0\u00a0\u00a0\u00a0\u00a0\u00a0\u00a0\u00a0\u00a0\u00a0\u00a0\u00a0\u00a0\u00a0\u00a0\u00a0\u00a0\u00a0\u00a0\u00a0\u00a0\u00a0\u00a0\u00a0\u00a0\u00a0\u00a0\u00a0\u00a0\u00a0\u00a0\u00a0\u00a0\u00a0\u00a0\u00a0\u00a0\u00a0\u00a0\u00a0\u00a0\u00a0<br \/>Den st\u00f6rsta informationsk\u00e4llan \u00e4r naturligtvis v\u00e5r hemsida.<br \/>Om du tror att detta kan vara n\u00e5got som Du kan tycka vara intressant f\u00f6r Din del, tveka d\u00e5 inte att ansluta dig till oss. G\u00e5 bara in p\u00e5 anm\u00e4lningsfliken &#8221;Bli medlem&#8221; eller kontakta n\u00e5gon av oss i styrelsen. Vi kommer med gl\u00e4dje att h\u00e4lsa Dig v\u00e4lkommen i kamratg\u00e4nget.<\/p>\n<p>[\/et_pb_text][et_pb_image src=&#8221;http:\/\/marinkamraterna.se\/nynashamn\/wp-content\/uploads\/sites\/12\/2021\/11\/Marinstugan.jpg&#8221; title_text=&#8221;Marinstugan&#8221; _builder_version=&#8221;4.16&#8243; _module_preset=&#8221;default&#8221; global_colors_info=&#8221;{}&#8221;][\/et_pb_image][\/et_pb_column_inner][\/et_pb_row_inner][et_pb_row_inner column_structure=&#8221;1_2,1_2&#8243; _builder_version=&#8221;4.16&#8243; _module_preset=&#8221;default&#8221; custom_padding=&#8221;0px||||false|false&#8221; global_colors_info=&#8221;{}&#8221;][et_pb_column_inner type=&#8221;1_2&#8243; saved_specialty_column_type=&#8221;3_4&#8243; _builder_version=&#8221;4.16&#8243; _module_preset=&#8221;default&#8221; global_colors_info=&#8221;{}&#8221;][et_pb_text _builder_version=&#8221;4.16&#8243; _module_preset=&#8221;default&#8221; custom_padding=&#8221;||12px|||&#8221; link_option_url=&#8221;\/wp-content\/uploads\/sites\/12\/2021\/11\/O-Hoj-1-20-20-sid.pdf&#8221; global_colors_info=&#8221;{}&#8221;]<\/p>\n<p><a href=\"\/wp-content\/uploads\/sites\/12\/2021\/11\/O-Hoj-1-20-20-sid.pdf\">Stagar<\/a><\/p>\n<p>[\/et_pb_text][\/et_pb_column_inner][et_pb_column_inner type=&#8221;1_2&#8243; saved_specialty_column_type=&#8221;3_4&#8243; _builder_version=&#8221;4.16&#8243; _module_preset=&#8221;default&#8221; global_colors_info=&#8221;{}&#8221;][\/et_pb_column_inner][\/et_pb_row_inner][et_pb_row_inner column_structure=&#8221;1_3,1_3,1_3&#8243; _builder_version=&#8221;4.16&#8243; _module_preset=&#8221;default&#8221; custom_padding=&#8221;0px||||false|false&#8221; global_colors_info=&#8221;{}&#8221;][et_pb_column_inner type=&#8221;1_3&#8243; saved_specialty_column_type=&#8221;3_4&#8243; _builder_version=&#8221;4.16&#8243; _module_preset=&#8221;default&#8221; global_colors_info=&#8221;{}&#8221;][\/et_pb_column_inner][et_pb_column_inner type=&#8221;1_3&#8243; saved_specialty_column_type=&#8221;3_4&#8243; _builder_version=&#8221;4.16&#8243; _module_preset=&#8221;default&#8221; global_colors_info=&#8221;{}&#8221;][\/et_pb_column_inner][et_pb_column_inner type=&#8221;1_3&#8243; saved_specialty_column_type=&#8221;3_4&#8243; _builder_version=&#8221;4.16&#8243; _module_preset=&#8221;default&#8221; global_colors_info=&#8221;{}&#8221;][\/et_pb_column_inner][\/et_pb_row_inner][\/et_pb_column][et_pb_column type=&#8221;1_4&#8243; _builder_version=&#8221;4.16&#8243; custom_padding=&#8221;|||&#8221; global_colors_info=&#8221;{}&#8221; custom_padding__hover=&#8221;|||&#8221;][et_pb_image src=&#8221;http:\/\/marinkamraterna.se\/nynashamn\/wp-content\/uploads\/sites\/3\/2021\/06\/Kan-FM-Logotype.jpg&#8221; alt=&#8221;FM logo&#8221; title_text=&#8221;Kan FM Logotype&#8221; align=&#8221;center&#8221; _builder_version=&#8221;4.16&#8243; _module_preset=&#8221;default&#8221; global_colors_info=&#8221;{}&#8221;][\/et_pb_image][et_pb_sidebar orientation=&#8221;right&#8221; area=&#8221;et_pb_widget_area_5&#8243; module_class=&#8221;right-menues&#8221; _builder_version=&#8221;4.10.7&#8243; _module_preset=&#8221;default&#8221; custom_margin=&#8221;||0px||false|false&#8221; global_module=&#8221;35107&#8243; saved_tabs=&#8221;all&#8221; locked=&#8221;off&#8221; global_colors_info=&#8221;{}&#8221;][\/et_pb_sidebar][et_pb_sidebar orientation=&#8221;right&#8221; _builder_version=&#8221;4.9.4&#8243; _module_preset=&#8221;default&#8221; header_font=&#8221;|600||on|||||&#8221; header_font_size=&#8221;20px&#8221; global_module=&#8221;33531&#8243; saved_tabs=&#8221;all&#8221; locked=&#8221;on&#8221; global_colors_info=&#8221;{}&#8221;][\/et_pb_sidebar][\/et_pb_column][\/et_pb_section]<\/p>\n","protected":false},"excerpt":{"rendered":"<p>alf\u00f6reningen i Nyn\u00e4shamn v\u00e4lkomnar nya medlemmar som uppfyller kraven att antingen ha tj\u00e4nstgjort i Marinen tidigare, som v\u00e4rnpliktig eller anst\u00e4lld, civilanst\u00e4lld eller fortfarande \u00e4r i tj\u00e4nst. Medlemskap kan d\u00e4rut\u00f6ver efter s\u00e4rskild pr\u00f6vning av v\u00e5r styrelse vinnas av svensk medborgare med stort och aktivt intresse f\u00f6r Flottan och f\u00f6reningens \u00e4ndam\u00e5l.\u00a0\u00a0\u00a0\u00a0\u00a0\u00a0\u00a0\u00a0\u00a0\u00a0\u00a0\u00a0\u00a0\u00a0\u00a0\u00a0\u00a0\u00a0\u00a0\u00a0\u00a0\u00a0\u00a0\u00a0\u00a0\u00a0\u00a0\u00a0\u00a0\u00a0\u00a0\u00a0\u00a0\u00a0\u00a0\u00a0\u00a0\u00a0\u00a0\u00a0\u00a0\u00a0\u00a0\u00a0\u00a0\u00a0\u00a0\u00a0\u00a0\u00a0\u00a0\u00a0\u00a0\u00a0\u00a0\u00a0\u00a0\u00a0\u00a0\u00a0\u00a0\u00a0\u00a0\u00a0\u00a0\u00a0\u00a0\u00a0\u00a0\u00a0\u00a0\u00a0\u00a0\u00a0\u00a0\u00a0\u00a0\u00a0\u00a0\u00a0\u00a0\u00a0\u00a0\u00a0\u00a0\u00a0\u00a0\u00a0\u00a0\u00a0\u00a0\u00a0\u00a0\u00a0\u00a0\u00a0 Menig eller officer, man eller kvinna [&hellip;]<\/p>\n","protected":false},"author":1,"featured_media":0,"parent":23,"menu_order":1,"comment_status":"closed","ping_status":"closed","template":"","meta":{"_et_pb_use_builder":"on","_et_pb_old_content":"","_et_gb_content_width":"","iawp_total_views":113,"footnotes":""},"class_list":["post-33152","page","type-page","status-publish","hentry"],"_links":{"self":[{"href":"https:\/\/marinkamraterna.se\/nynashamn\/wp-json\/wp\/v2\/pages\/33152","targetHints":{"allow":["GET"]}}],"collection":[{"href":"https:\/\/marinkamraterna.se\/nynashamn\/wp-json\/wp\/v2\/pages"}],"about":[{"href":"https:\/\/marinkamraterna.se\/nynashamn\/wp-json\/wp\/v2\/types\/page"}],"author":[{"embeddable":true,"href":"https:\/\/marinkamraterna.se\/nynashamn\/wp-json\/wp\/v2\/users\/1"}],"replies":[{"embeddable":true,"href":"https:\/\/marinkamraterna.se\/nynashamn\/wp-json\/wp\/v2\/comments?post=33152"}],"version-history":[{"count":42,"href":"https:\/\/marinkamraterna.se\/nynashamn\/wp-json\/wp\/v2\/pages\/33152\/revisions"}],"predecessor-version":[{"id":38688,"href":"https:\/\/marinkamraterna.se\/nynashamn\/wp-json\/wp\/v2\/pages\/33152\/revisions\/38688"}],"up":[{"embeddable":true,"href":"https:\/\/marinkamraterna.se\/nynashamn\/wp-json\/wp\/v2\/pages\/23"}],"wp:attachment":[{"href":"https:\/\/marinkamraterna.se\/nynashamn\/wp-json\/wp\/v2\/media?parent=33152"}],"curies":[{"name":"wp","href":"https:\/\/api.w.org\/{rel}","templated":true}]}}