{"id":33357,"date":"2021-04-05T13:39:34","date_gmt":"2021-04-05T11:39:34","guid":{"rendered":"https:\/\/andersa6.sg-host.com\/?page_id=33357"},"modified":"2024-11-25T17:04:08","modified_gmt":"2024-11-25T16:04:08","slug":"bilder","status":"publish","type":"page","link":"https:\/\/marinkamraterna.se\/nynashamn\/bilder\/","title":{"rendered":"Bilder"},"content":{"rendered":"<p>[et_pb_section fb_built=&#8221;1&#8243; _builder_version=&#8221;4.18.0&#8243; _module_preset=&#8221;default&#8221; global_colors_info=&#8221;{}&#8221;][et_pb_row column_structure=&#8221;1_2,1_2&#8243; _builder_version=&#8221;4.18.0&#8243; _module_preset=&#8221;default&#8221; global_colors_info=&#8221;{}&#8221;][et_pb_column type=&#8221;1_2&#8243; _builder_version=&#8221;4.18.0&#8243; _module_preset=&#8221;default&#8221; global_colors_info=&#8221;{}&#8221;][et_pb_text _builder_version=&#8221;4.22.2&#8243; _module_preset=&#8221;default&#8221; global_colors_info=&#8221;{}&#8221;]<\/p>\n<p><strong>ALBUM<\/strong><\/p>\n<p>[\/et_pb_text][\/et_pb_column][et_pb_column type=&#8221;1_2&#8243; _builder_version=&#8221;4.22.2&#8243; _module_preset=&#8221;default&#8221; global_colors_info=&#8221;{}&#8221;][et_pb_text _builder_version=&#8221;4.22.2&#8243; _module_preset=&#8221;default&#8221; global_colors_info=&#8221;{}&#8221;]<\/p>\n<p><strong>BILDER<\/strong><\/p>\n<p>[\/et_pb_text][et_pb_text _builder_version=&#8221;4.22.2&#8243; _module_preset=&#8221;default&#8221; global_colors_info=&#8221;{}&#8221;]<\/p>\n<p>H\u00e4r har vi samlat bilder fr\u00e5n platser eller aktiviteter.<\/p>\n<p>V\u00e4lj album i menyn<\/p>\n<p>[\/et_pb_text][\/et_pb_column][\/et_pb_row][\/et_pb_section]<\/p>\n","protected":false},"excerpt":{"rendered":"<p>ALBUMBILDERH\u00e4r har vi samlat bilder fr\u00e5n platser eller aktiviteter. V\u00e4lj album i menyn<\/p>\n","protected":false},"author":1,"featured_media":0,"parent":0,"menu_order":2,"comment_status":"closed","ping_status":"closed","template":"","meta":{"_et_pb_use_builder":"on","_et_pb_old_content":"[wpforms id=\"2000\" title=\"false\" description=\"false\"]","_et_gb_content_width":"","iawp_total_views":199,"footnotes":""},"class_list":["post-33357","page","type-page","status-publish","hentry"],"_links":{"self":[{"href":"https:\/\/marinkamraterna.se\/nynashamn\/wp-json\/wp\/v2\/pages\/33357","targetHints":{"allow":["GET"]}}],"collection":[{"href":"https:\/\/marinkamraterna.se\/nynashamn\/wp-json\/wp\/v2\/pages"}],"about":[{"href":"https:\/\/marinkamraterna.se\/nynashamn\/wp-json\/wp\/v2\/types\/page"}],"author":[{"embeddable":true,"href":"https:\/\/marinkamraterna.se\/nynashamn\/wp-json\/wp\/v2\/users\/1"}],"replies":[{"embeddable":true,"href":"https:\/\/marinkamraterna.se\/nynashamn\/wp-json\/wp\/v2\/comments?post=33357"}],"version-history":[{"count":22,"href":"https:\/\/marinkamraterna.se\/nynashamn\/wp-json\/wp\/v2\/pages\/33357\/revisions"}],"predecessor-version":[{"id":39055,"href":"https:\/\/marinkamraterna.se\/nynashamn\/wp-json\/wp\/v2\/pages\/33357\/revisions\/39055"}],"wp:attachment":[{"href":"https:\/\/marinkamraterna.se\/nynashamn\/wp-json\/wp\/v2\/media?parent=33357"}],"curies":[{"name":"wp","href":"https:\/\/api.w.org\/{rel}","templated":true}]}}