{"id":33510,"date":"2021-05-14T10:37:08","date_gmt":"2021-05-14T08:37:08","guid":{"rendered":"http:\/\/andersa6.sg-host.com\/nynashamn\/?page_id=33510"},"modified":"2021-05-31T17:45:34","modified_gmt":"2021-05-31T15:45:34","slug":"kontakt","status":"publish","type":"page","link":"https:\/\/marinkamraterna.se\/nynashamn\/kontakt\/","title":{"rendered":"Kontakt"},"content":{"rendered":"<p>[et_pb_section fb_built=&#8221;1&#8243; specialty=&#8221;on&#8221; padding_top_bottom_link_1=&#8221;false&#8221; padding_top_bottom_link_2=&#8221;false&#8221; padding_left_right_link_1=&#8221;false&#8221; padding_left_right_link_2=&#8221;false&#8221; padding_top_1=&#8221;0px&#8221; padding_top_2=&#8221;0px&#8221; _builder_version=&#8221;4.9.3&#8243; _module_preset=&#8221;default&#8221; custom_margin=&#8221;||||false|false&#8221; custom_padding=&#8221;||||false|false&#8221;][et_pb_column type=&#8221;3_4&#8243; specialty_columns=&#8221;3&#8243; _builder_version=&#8221;3.25&#8243; custom_padding=&#8221;|||&#8221; custom_padding__hover=&#8221;|||&#8221;][et_pb_row_inner _builder_version=&#8221;4.9.3&#8243; _module_preset=&#8221;default&#8221; custom_padding=&#8221;0px||||false|false&#8221;][et_pb_column_inner saved_specialty_column_type=&#8221;3_4&#8243; _builder_version=&#8221;4.9.3&#8243; _module_preset=&#8221;default&#8221;][et_pb_post_title meta=&#8221;off&#8221; featured_image=&#8221;off&#8221; _builder_version=&#8221;4.9.3&#8243; _module_preset=&#8221;default&#8221; title_font_size=&#8221;35px&#8221;][\/et_pb_post_title][et_pb_text _builder_version=&#8221;4.9.4&#8243; _module_preset=&#8221;default&#8221;]<\/p>\n<h2>Ordf\u00f6rande<\/h2>\n<p>\u00d6rjan Sterner<br \/>E-post:\u00a0orjan.sterner (a) bredband.net<br \/>Telefon: 070-627 53 97<\/p>\n<h2>Kansli<\/h2>\n<p>Krister Hans\u00e9n \/ Lars-G\u00f6ran Gahmberg<br \/>Telefon: 072 363 85 54 (Tfn-svarare)<\/p>\n<h2>Stora Tratten<\/h2>\n<p>Fredrik Scholander<br \/>E-post: <a href=\"mailto:sthlm@flottansman.se\">storatratten@flottansman.se<\/a>\u00a0<br \/>Telefon: 072 220 04 49<\/p>\n<h2>Adress<\/h2>\n<p>Stockholmsf\u00f6reningens kansli \u00e4r bel\u00e4get i Drottning Victorias \u00d6rlogshems lokaler p\u00e5<\/p>\n<p>Teatergatan 3, 111 48 Stockholm; <br \/>Telefon 072 363 85 54 (telefonsvarare n\u00e4r kansliet \u00e4r st\u00e4ngt)<br \/>E-post: <a href=\"mailto:sthlm@flottansman.se\">sthlm@flottansman.se<\/a>\u00a0<\/p>\n<p>[\/et_pb_text][\/et_pb_column_inner][\/et_pb_row_inner][\/et_pb_column][et_pb_column type=&#8221;1_4&#8243; _builder_version=&#8221;3.25&#8243; custom_padding=&#8221;|||&#8221; custom_padding__hover=&#8221;|||&#8221;][et_pb_image src=&#8221;http:\/\/marinkamraterna.se\/nynashamn\/wp-content\/uploads\/sites\/3\/2021\/05\/dvoentre200.gif&#8221; title_text=&#8221;dvoentre200&#8243; _builder_version=&#8221;4.9.4&#8243; _module_preset=&#8221;default&#8221;][\/et_pb_image][et_pb_sidebar orientation=&#8221;right&#8221; _builder_version=&#8221;4.9.4&#8243; _module_preset=&#8221;default&#8221; header_font=&#8221;|600||on|||||&#8221; header_font_size=&#8221;20px&#8221; global_module=&#8221;33531&#8243; saved_tabs=&#8221;all&#8221; locked=&#8221;off&#8221;][\/et_pb_sidebar][\/et_pb_column][\/et_pb_section]<\/p>\n","protected":false},"excerpt":{"rendered":"<p>Ordf\u00f6rande \u00d6rjan SternerE-post:\u00a0orjan.sterner (a) bredband.netTelefon: 070-627 53 97 Kansli Krister Hans\u00e9n \/ Lars-G\u00f6ran GahmbergTelefon: 072 363 85 54 (Tfn-svarare) Stora Tratten Fredrik ScholanderE-post: storatratten@flottansman.se\u00a0Telefon: 072 220 04 49 Adress Stockholmsf\u00f6reningens kansli \u00e4r bel\u00e4get i Drottning Victorias \u00d6rlogshems lokaler p\u00e5 Teatergatan 3, 111 48 Stockholm; Telefon 072 363 85 54 (telefonsvarare n\u00e4r kansliet \u00e4r st\u00e4ngt)E-post: sthlm@flottansman.se\u00a0<\/p>\n","protected":false},"author":1,"featured_media":0,"parent":0,"menu_order":21,"comment_status":"closed","ping_status":"closed","template":"","meta":{"_et_pb_use_builder":"on","_et_pb_old_content":"","_et_gb_content_width":"","iawp_total_views":1,"footnotes":""},"class_list":["post-33510","page","type-page","status-publish","hentry"],"_links":{"self":[{"href":"https:\/\/marinkamraterna.se\/nynashamn\/wp-json\/wp\/v2\/pages\/33510","targetHints":{"allow":["GET"]}}],"collection":[{"href":"https:\/\/marinkamraterna.se\/nynashamn\/wp-json\/wp\/v2\/pages"}],"about":[{"href":"https:\/\/marinkamraterna.se\/nynashamn\/wp-json\/wp\/v2\/types\/page"}],"author":[{"embeddable":true,"href":"https:\/\/marinkamraterna.se\/nynashamn\/wp-json\/wp\/v2\/users\/1"}],"replies":[{"embeddable":true,"href":"https:\/\/marinkamraterna.se\/nynashamn\/wp-json\/wp\/v2\/comments?post=33510"}],"version-history":[{"count":7,"href":"https:\/\/marinkamraterna.se\/nynashamn\/wp-json\/wp\/v2\/pages\/33510\/revisions"}],"predecessor-version":[{"id":33772,"href":"https:\/\/marinkamraterna.se\/nynashamn\/wp-json\/wp\/v2\/pages\/33510\/revisions\/33772"}],"wp:attachment":[{"href":"https:\/\/marinkamraterna.se\/nynashamn\/wp-json\/wp\/v2\/media?parent=33510"}],"curies":[{"name":"wp","href":"https:\/\/api.w.org\/{rel}","templated":true}]}}