{"id":35386,"date":"2021-11-08T15:34:30","date_gmt":"2021-11-08T14:34:30","guid":{"rendered":"https:\/\/andersa6.sg-host.com\/nynashamn\/?page_id=35386"},"modified":"2023-06-26T11:12:01","modified_gmt":"2023-06-26T09:12:01","slug":"klubbstugan","status":"publish","type":"page","link":"https:\/\/marinkamraterna.se\/nynashamn\/startsidan\/klubbstugan\/","title":{"rendered":"Klubbstugan"},"content":{"rendered":"<p>[et_pb_section fb_built=&#8221;1&#8243; specialty=&#8221;on&#8221; padding_top_1=&#8221;0px&#8221; padding_top_2=&#8221;0px&#8221; padding_top_bottom_link_1=&#8221;false&#8221; padding_top_bottom_link_2=&#8221;false&#8221; padding_left_right_link_1=&#8221;false&#8221; padding_left_right_link_2=&#8221;false&#8221; _builder_version=&#8221;4.16&#8243; _module_preset=&#8221;default&#8221; custom_margin=&#8221;||||false|false&#8221; custom_padding=&#8221;||||false|false&#8221; locked=&#8221;off&#8221; global_colors_info=&#8221;{}&#8221;][et_pb_column type=&#8221;3_4&#8243; specialty_columns=&#8221;3&#8243; _builder_version=&#8221;4.16&#8243; custom_padding=&#8221;|||&#8221; global_colors_info=&#8221;{}&#8221; custom_padding__hover=&#8221;|||&#8221;][et_pb_row_inner _builder_version=&#8221;4.16&#8243; _module_preset=&#8221;default&#8221; custom_padding=&#8221;0px||||false|false&#8221; global_colors_info=&#8221;{}&#8221;][et_pb_column_inner saved_specialty_column_type=&#8221;3_4&#8243; _builder_version=&#8221;4.16&#8243; _module_preset=&#8221;default&#8221; global_colors_info=&#8221;{}&#8221;][et_pb_post_title meta=&#8221;off&#8221; featured_image=&#8221;off&#8221; _builder_version=&#8221;4.16&#8243; _module_preset=&#8221;default&#8221; title_font_size=&#8221;35px&#8221; global_colors_info=&#8221;{}&#8221;][\/et_pb_post_title][et_pb_text _builder_version=&#8221;4.16&#8243; _module_preset=&#8221;default&#8221; global_colors_info=&#8221;{}&#8221;]<\/p>\n<h4>V\u00e5r klubbstuga p\u00e5 Musk\u00f6 ligger centralt i\u00a0en historisk\u00a0marin milj\u00f6 som\u00a0binder oss till den gamla \u00d6rlogsbasen. I stugan har vi samlat material som p\u00e5minner oss om gamla tider liksom de g\u00e5vor vi f\u00e5r och har f\u00e5tt n\u00e4r vi har arrangerat riks\u00e5rsm\u00f6ten eller konferenser. Allt f\u00f6r att k\u00e4nna att vi vistas i en marin milj\u00f6 och att vi vill bevara ting ifr\u00e5n marinen och flottan.<\/h4>\n<h4>Till v\u00e5r stuga \u00e4r alla medlemmar v\u00e4lkomna n\u00e4r som helst, antingen till v\u00e5ra gemensamma\u00a0aktiviteter eller om man vill anordna egen aktivitet, s\u00e5 g\u00e5r det ocks\u00e5 bra.<\/h4>\n<h4>Alla v\u00e5ra styrelsem\u00f6ten genomf\u00f6r vi i stugan. Vi samlas ocks\u00e5 till fest eller femkamp, f\u00f6r att inte gl\u00f6mma alla\u00a0grilldagar som vi brukar starta med n\u00e5gra timmars underh\u00e5ll av stugan\u00a0f\u00f6r att f\u00e5 en h\u00e4rlig matlust.<\/h4>\n<p>[\/et_pb_text][et_pb_image src=&#8221;http:\/\/marinkamraterna.se\/nynashamn\/wp-content\/uploads\/sites\/12\/2021\/11\/Marinstugan.jpg&#8221; title_text=&#8221;Marinstugan&#8221; _builder_version=&#8221;4.16&#8243; _module_preset=&#8221;default&#8221; global_colors_info=&#8221;{}&#8221;][\/et_pb_image][et_pb_text _builder_version=&#8221;4.16&#8243; _module_preset=&#8221;default&#8221; custom_padding=&#8221;1px||0px|||&#8221; global_colors_info=&#8221;{}&#8221;]<\/p>\n<h4 style=\"text-align: justify\">Stugan i fest och vardag<\/h4>\n<p>[\/et_pb_text][\/et_pb_column_inner][\/et_pb_row_inner][et_pb_row_inner column_structure=&#8221;1_3,1_3,1_3&#8243; _builder_version=&#8221;4.16&#8243; _module_preset=&#8221;default&#8221; global_colors_info=&#8221;{}&#8221;][et_pb_column_inner type=&#8221;1_3&#8243; saved_specialty_column_type=&#8221;3_4&#8243; _builder_version=&#8221;4.16&#8243; _module_preset=&#8221;default&#8221; global_colors_info=&#8221;{}&#8221;][et_pb_image src=&#8221;http:\/\/marinkamraterna.se\/nynashamn\/wp-content\/uploads\/sites\/12\/2021\/11\/Nynas-kraftor.jpg&#8221; title_text=&#8221;Nyn\u00e4s kr\u00e4ftor&#8221; _builder_version=&#8221;4.16&#8243; _module_preset=&#8221;default&#8221; global_colors_info=&#8221;{}&#8221;][\/et_pb_image][\/et_pb_column_inner][et_pb_column_inner type=&#8221;1_3&#8243; saved_specialty_column_type=&#8221;3_4&#8243; _builder_version=&#8221;4.16&#8243; _module_preset=&#8221;default&#8221; global_colors_info=&#8221;{}&#8221;][et_pb_image src=&#8221;http:\/\/marinkamraterna.se\/nynashamn\/wp-content\/uploads\/sites\/12\/2021\/11\/Nynas-Stuga-int-1.jpg&#8221; title_text=&#8221;Nyn\u00e4s Stuga int 1&#8243; _builder_version=&#8221;4.16&#8243; _module_preset=&#8221;default&#8221; global_colors_info=&#8221;{}&#8221;][\/et_pb_image][et_pb_divider _builder_version=&#8221;4.16&#8243; _module_preset=&#8221;default&#8221; global_colors_info=&#8221;{}&#8221;][\/et_pb_divider][\/et_pb_column_inner][et_pb_column_inner type=&#8221;1_3&#8243; saved_specialty_column_type=&#8221;3_4&#8243; _builder_version=&#8221;4.16&#8243; _module_preset=&#8221;default&#8221; global_colors_info=&#8221;{}&#8221;][et_pb_image src=&#8221;http:\/\/marinkamraterna.se\/nynashamn\/wp-content\/uploads\/sites\/12\/2021\/11\/Nynas-stuga-int-2.jpg&#8221; title_text=&#8221;Nyn\u00e4s stuga int 2&#8243; _builder_version=&#8221;4.16&#8243; _module_preset=&#8221;default&#8221; global_colors_info=&#8221;{}&#8221;][\/et_pb_image][\/et_pb_column_inner][\/et_pb_row_inner][et_pb_row_inner _builder_version=&#8221;4.16&#8243; _module_preset=&#8221;default&#8221; global_colors_info=&#8221;{}&#8221;][et_pb_column_inner saved_specialty_column_type=&#8221;3_4&#8243; _builder_version=&#8221;4.16&#8243; _module_preset=&#8221;default&#8221; global_colors_info=&#8221;{}&#8221;][et_pb_text _builder_version=&#8221;4.16&#8243; _module_preset=&#8221;default&#8221; global_colors_info=&#8221;{}&#8221;]<\/p>\n<h4>\u00a0Bes\u00f6kare<strong> till v\u00e5r Marinstuga<\/strong><\/h4>\n<h4>Larmsystem fr\u00e5n <strong>Securitas<\/strong>\u00a0\u00e4r installerat i Marinstugan.<br \/>Dygnet runt sker \u00f6vervakning i stugan kombinerad med kamera\u00f6vervakning till Securitas central. Securitas Patrol g\u00f6r regelbundna och oregelbundna bevakningsturer.<\/h4>\n<h4>Detta inneb\u00e4r \u00e4ndrade rutiner f\u00f6r v\u00e5ra medlemmar som vill bes\u00f6ka stugan.<\/h4>\n<h4>F\u00f6ljande g\u00e4ller:<br \/>Kontakta n\u00e5gon i styrelsen f\u00f6r att f\u00e5 nyckel och instruktioner hur att sk\u00f6ta larmets av- och p\u00e5st\u00e4ngning.<\/h4>\n<h4><strong>Men stugan har ocks\u00e5 en historia<\/strong><\/h4>\n<h4>Den b\u00f6rjar redan p\u00e5 40-talet i f\u00f6rra seklet med att en familj best\u00e4mde sig f\u00f6r att h\u00e4r vill vi bygga och bo. Stugan uppf\u00f6rdes med en litet k\u00e4llarutrymme avsett f\u00f6r\u00a0v\u00e4rmepanna och \u00e4r kopplad till en murstock som p\u00e5 v\u00e5ningsplanet\u00a0till\u00e4t en \u00f6ppen spis och i k\u00f6ket en vedspis men som redan fr\u00e5n b\u00f6rjan ersattes med en elspis.\u00a0Stugan rymmer 3 rum och k\u00f6k och toalett. Rummen \u00e4r inte s\u00e5 stora men r\u00e4cker gott till.<\/h4>\n<h4>Men under 40-talet, mitt under brinnande krig, planerades f\u00f6r en marinbas inspr\u00e4ngd i berg och beslutet blev Musk\u00f6anl\u00e4ggningen. Byggnationen p\u00e5b\u00f6rjades under 50-talet och invigdes 1969. Det d\u00e5varande f\u00f6rsvaret ville\u00a0ha stora skyddsomr\u00e5den kring anl\u00e4ggningen och d\u00e4rf\u00f6r l\u00f6stes en m\u00e4ngd fastigheter in, ofta till vad som idag kan tyckas vara alltf\u00f6r l\u00e5ga priser. Familjen fick flytta och stugan blev \u00f6vernattningsbostad eller reservlogement i olika omg\u00e5ngar. N\u00e4r vi 1995 b\u00f6rjade unders\u00f6ka om vi kunde f\u00e5 disponera stugan som Marinstuga f\u00f6r FM i\u00a0Nyn\u00e4shamn var den mycket nedg\u00e5ngen och stod inf\u00f6r rivningshot. Den hade under n\u00e5gra \u00e5r varit \u00f6vernattningsbostad f\u00f6r vaktpersonal men vakten\u00a0ville inte bo d\u00e4r och man l\u00e4mnade den \u00e5t sitt \u00f6de, l\u00e4t r\u00f6rledningar och radiatorer frysa s\u00f6nder och stugan fick f\u00f6rfalla. Vi fick en \u00f6verenskommelse med d\u00e5varande fortilfikationsverket att om vi stod f\u00f6r bevarande och underh\u00e5ll\u00a0fick\u00a0vi\u00a0disponera byggnaden. S\u00e5 har vi gjort och vi har lagt ner ett stort arbete p\u00e5 att f\u00e5 den i skick och att underh\u00e5lla byggnaden.<\/h4>\n<h4>En h\u00e4ndelse som \u00e4r v\u00e4rd att notera \u00e4r att en dag n\u00e4r d\u00e5varande vice ordf\u00f6randen kom ut vandrade 2 damer omkring och inspekterade huset. P\u00e5\u00a0fr\u00e5gan varf\u00f6r, visade det sig att det var d\u00f6ttrarna i familjen fr\u00e5n 40-talet, numera bosatta p\u00e5 V\u00e4rmd\u00f6, som tagit sig ut till Musk\u00f6 f\u00f6r att \u00e5terse sitt barndomshem.<\/h4>\n<h4>Det finns mycket mer att ber\u00e4tta och vi kanske \u00e5terkommer. Vad som \u00e4r viktigt f\u00f6r oss \u00e4r att vi f\u00e5r vara kvar och vi g\u00f6r v\u00e5rt b\u00e4sta f\u00f6r att huset skall vara i gott skick. Inom landet och p\u00e5 alla platser d\u00e4r det finns en lokalf\u00f6rening finns en Marinlokal eller Marinstuga som Kommunen eller F\u00f6rsvarsmakten v\u00e4lvilligt st\u00e4llt till f\u00f6rfogande f\u00f6r Flottans M\u00e4n.<\/h4>\n<h4><strong>Marinstugan idag<\/strong><\/h4>\n<h4>Fr o m 2021 har vi f\u00e5tt en ny stugfogde, Bj\u00f6rn Wideberg, som nu har tagit \u00f6ver som stugfogde efter f\u00f6rre Bj\u00f6rn Asplund. Bj\u00f6rn A gjorde under sin tid som stugfogde ett gediget arbete med renovering s\u00e5v\u00e4l p\u00e5 fasader utomhus som inne i rummen.<\/h4>\n<h4>Bj\u00f6rn A demonterade alla gamla vattenradiatorer. Det visade sig vara ett bra beslut att l\u00e4mna de gamla j\u00e4rnelementen till f\u00f6rm\u00e5n f\u00f6r nyinstallerade elradiatorer. De gamla elementen med r\u00f6r var fulla med rostavlagringar. Inte att undra p\u00e5 att systemet var om\u00f6jligt att f\u00e5 ig\u00e5ng till vintern.<\/h4>\n<h4>Nuvarande Bj\u00f6rn W med direktiv fr\u00e5n v\u00e5r designgrupp har genomf\u00f6rt lite omm\u00f6bleringar och f\u00f6rs\u00f6ker f\u00e5 till en liten sittgrupp ute i stora rummet s\u00e5 att det blir trevligt att kunna sitta tillsammans och ta en fika d\u00e5 och d\u00e5. Och varf\u00f6r inte l\u00e5ta sotaren unders\u00f6ka om vi kan elda i stora eldstaden? Vi f\u00e5r se till vintern om vi har r\u00e5d med det.<\/h4>\n<h4>Nu \u00e4r v\u00e4rmekablar inkopplade p\u00e5 inkommande vattenr\u00f6r under stugan s\u00e5 nu har vi tillg\u00e5ng till vatten \u00e4ven under den kalla vintern.<\/h4>\n<h4>V\u00e4lkomna ut till Marinstugan &#8211; det blir bara trevligare och trevligare d\u00e4r ute p\u00e5 Musk\u00f6.<\/h4>\n<h4><\/h4>\n<h4><\/h4>\n<p>[\/et_pb_text][\/et_pb_column_inner][\/et_pb_row_inner][\/et_pb_column][et_pb_column type=&#8221;1_4&#8243; _builder_version=&#8221;4.16&#8243; custom_padding=&#8221;|||&#8221; global_colors_info=&#8221;{}&#8221; custom_padding__hover=&#8221;|||&#8221;][et_pb_image src=&#8221;http:\/\/marinkamraterna.se\/nynashamn\/wp-content\/uploads\/sites\/3\/2021\/04\/oql0evyd_n8.jpg&#8221; alt=&#8221;body of water during golden hour&#8221; title_text=&#8221;Photo by Joseph Barrientos&#8221; _builder_version=&#8221;4.16&#8243; _module_preset=&#8221;default&#8221; custom_margin=&#8221;||10px||false|false&#8221; custom_padding=&#8221;||||false|false&#8221; global_colors_info=&#8221;{}&#8221;][\/et_pb_image][et_pb_text _builder_version=&#8221;4.16&#8243; _module_preset=&#8221;default&#8221; text_font=&#8221;||on||||||&#8221; text_font_size=&#8221;14px&#8221; global_colors_info=&#8221;{}&#8221;]<\/p>\n<p>Bildtext<\/p>\n<p>[\/et_pb_text][et_pb_sidebar orientation=&#8221;right&#8221; _builder_version=&#8221;4.9.4&#8243; _module_preset=&#8221;default&#8221; header_font=&#8221;|600||on|||||&#8221; header_font_size=&#8221;20px&#8221; global_module=&#8221;33531&#8243; saved_tabs=&#8221;all&#8221; locked=&#8221;on&#8221; global_colors_info=&#8221;{}&#8221;][\/et_pb_sidebar][\/et_pb_column][\/et_pb_section]<\/p>\n","protected":false},"excerpt":{"rendered":"<p>V\u00e5r klubbstuga p\u00e5 Musk\u00f6 ligger centralt i\u00a0en historisk\u00a0marin milj\u00f6 som\u00a0binder oss till den gamla \u00d6rlogsbasen. I stugan har vi samlat material som p\u00e5minner oss om gamla tider liksom de g\u00e5vor vi f\u00e5r och har f\u00e5tt n\u00e4r vi har arrangerat riks\u00e5rsm\u00f6ten eller konferenser. Allt f\u00f6r att k\u00e4nna att vi vistas i en marin milj\u00f6 och att [&hellip;]<\/p>\n","protected":false},"author":3,"featured_media":0,"parent":23,"menu_order":0,"comment_status":"closed","ping_status":"closed","template":"","meta":{"_et_pb_use_builder":"on","_et_pb_old_content":"","_et_gb_content_width":"","iawp_total_views":233,"footnotes":""},"class_list":["post-35386","page","type-page","status-publish","hentry"],"_links":{"self":[{"href":"https:\/\/marinkamraterna.se\/nynashamn\/wp-json\/wp\/v2\/pages\/35386","targetHints":{"allow":["GET"]}}],"collection":[{"href":"https:\/\/marinkamraterna.se\/nynashamn\/wp-json\/wp\/v2\/pages"}],"about":[{"href":"https:\/\/marinkamraterna.se\/nynashamn\/wp-json\/wp\/v2\/types\/page"}],"author":[{"embeddable":true,"href":"https:\/\/marinkamraterna.se\/nynashamn\/wp-json\/wp\/v2\/users\/3"}],"replies":[{"embeddable":true,"href":"https:\/\/marinkamraterna.se\/nynashamn\/wp-json\/wp\/v2\/comments?post=35386"}],"version-history":[{"count":10,"href":"https:\/\/marinkamraterna.se\/nynashamn\/wp-json\/wp\/v2\/pages\/35386\/revisions"}],"predecessor-version":[{"id":38783,"href":"https:\/\/marinkamraterna.se\/nynashamn\/wp-json\/wp\/v2\/pages\/35386\/revisions\/38783"}],"up":[{"embeddable":true,"href":"https:\/\/marinkamraterna.se\/nynashamn\/wp-json\/wp\/v2\/pages\/23"}],"wp:attachment":[{"href":"https:\/\/marinkamraterna.se\/nynashamn\/wp-json\/wp\/v2\/media?parent=35386"}],"curies":[{"name":"wp","href":"https:\/\/api.w.org\/{rel}","templated":true}]}}