{"id":37305,"date":"2022-01-27T18:15:13","date_gmt":"2022-01-27T17:15:13","guid":{"rendered":"https:\/\/marinkamraterna.se\/nynashamn\/?page_id=37305"},"modified":"2023-09-27T12:23:18","modified_gmt":"2023-09-27T10:23:18","slug":"kommande-aktiviteter","status":"publish","type":"page","link":"https:\/\/marinkamraterna.se\/nynashamn\/program\/kommande-aktiviteter\/","title":{"rendered":"Kommande aktiviteter"},"content":{"rendered":"<p>[et_pb_section fb_built=&#8221;1&#8243; _builder_version=&#8221;4.16&#8243; global_colors_info=&#8221;{}&#8221;][et_pb_row _builder_version=&#8221;4.16&#8243; background_size=&#8221;initial&#8221; background_position=&#8221;top_left&#8221; background_repeat=&#8221;repeat&#8221; global_colors_info=&#8221;{}&#8221;][et_pb_column type=&#8221;4_4&#8243; _builder_version=&#8221;4.16&#8243; custom_padding=&#8221;|||&#8221; global_colors_info=&#8221;{}&#8221; custom_padding__hover=&#8221;|||&#8221;][et_pb_text _builder_version=&#8221;4.16&#8243; background_size=&#8221;initial&#8221; background_position=&#8221;top_left&#8221; background_repeat=&#8221;repeat&#8221; global_colors_info=&#8221;{}&#8221;]<\/p>\n<p>Torsdagen den 24 februari : Soppkv\u00e4llmed f\u00f6rel\u00e4sning av Magnus Rietz om \u00d6stersj\u00f6ns fyrar. Onsdagen den 23 februari : Soppkv\u00e4ll<\/p>\n<p>M\u00e5ndagen den 7 mars : Styrelsem\u00f6te<\/p>\n<p>M\u00e5ndagen den 21 mars: \u00c5landskryssning med m\/s Cinderella<\/p>\n<p>Onsdagen den 30 mars : \u00c5rsm\u00f6te med \u00e5rsfest<\/p>\n<p>[\/et_pb_text][et_pb_text _builder_version=&#8221;4.16&#8243; _module_preset=&#8221;default&#8221; global_colors_info=&#8221;{}&#8221;][\/et_pb_text][\/et_pb_column][\/et_pb_row][et_pb_row _builder_version=&#8221;4.22.2&#8243; _module_preset=&#8221;default&#8221; global_colors_info=&#8221;{}&#8221;][et_pb_column type=&#8221;4_4&#8243; _builder_version=&#8221;4.22.2&#8243; _module_preset=&#8221;default&#8221; global_colors_info=&#8221;{}&#8221;][et_pb_text _builder_version=&#8221;4.22.2&#8243; _module_preset=&#8221;default&#8221; link_option_url=&#8221;https:\/\/marinkamraterna.se\/nynashamn\/wp-content\/uploads\/sites\/12\/2023\/09\/Flaggvakt-inbjudan.docx&#8221; global_colors_info=&#8221;{}&#8221;]<\/p>\n<p><a href=\"https:\/\/marinkamraterna.se\/nynashamn\/wp-content\/uploads\/sites\/12\/2023\/09\/Flaggvakt-inbjudan.docx\" rel=\"attachment wp-att-38911\">Flaggvakt Inbjudan<\/a><\/p>\n<p>[\/et_pb_text][\/et_pb_column][\/et_pb_row][\/et_pb_section]<\/p>\n","protected":false},"excerpt":{"rendered":"<p>Torsdagen den 24 februari : Soppkv\u00e4llmed f\u00f6rel\u00e4sning av Magnus Rietz om \u00d6stersj\u00f6ns fyrar. Onsdagen den 23 februari : Soppkv\u00e4ll M\u00e5ndagen den 7 mars : Styrelsem\u00f6te M\u00e5ndagen den 21 mars: \u00c5landskryssning med m\/s Cinderella Onsdagen den 30 mars : \u00c5rsm\u00f6te med \u00e5rsfestFlaggvakt Inbjudan<\/p>\n","protected":false},"author":7,"featured_media":0,"parent":33353,"menu_order":0,"comment_status":"closed","ping_status":"closed","template":"","meta":{"_et_pb_use_builder":"on","_et_pb_old_content":"<p>Torsdagen den 27 Januari : Soppkv\u00e4ll inst\u00e4lld<\/p><p>M\u00e5ndagen den 7 februari : Styrelsem\u00f6te<\/p><p>Onsdagen den 23 februari : \u00c5rsm\u00f6te med \u00c5rsfest<\/p><p>M\u00e5ndagen den 7 mars : Styrelsem\u00f6te<\/p><p>Vecka 12 : Prel. \u00c5landskryssning<\/p><p>Torsdagen den 31 mars : Soppkv\u00e4ll<\/p>","_et_gb_content_width":"","iawp_total_views":77,"footnotes":""},"class_list":["post-37305","page","type-page","status-publish","hentry"],"_links":{"self":[{"href":"https:\/\/marinkamraterna.se\/nynashamn\/wp-json\/wp\/v2\/pages\/37305","targetHints":{"allow":["GET"]}}],"collection":[{"href":"https:\/\/marinkamraterna.se\/nynashamn\/wp-json\/wp\/v2\/pages"}],"about":[{"href":"https:\/\/marinkamraterna.se\/nynashamn\/wp-json\/wp\/v2\/types\/page"}],"author":[{"embeddable":true,"href":"https:\/\/marinkamraterna.se\/nynashamn\/wp-json\/wp\/v2\/users\/7"}],"replies":[{"embeddable":true,"href":"https:\/\/marinkamraterna.se\/nynashamn\/wp-json\/wp\/v2\/comments?post=37305"}],"version-history":[{"count":11,"href":"https:\/\/marinkamraterna.se\/nynashamn\/wp-json\/wp\/v2\/pages\/37305\/revisions"}],"predecessor-version":[{"id":38916,"href":"https:\/\/marinkamraterna.se\/nynashamn\/wp-json\/wp\/v2\/pages\/37305\/revisions\/38916"}],"up":[{"embeddable":true,"href":"https:\/\/marinkamraterna.se\/nynashamn\/wp-json\/wp\/v2\/pages\/33353"}],"wp:attachment":[{"href":"https:\/\/marinkamraterna.se\/nynashamn\/wp-json\/wp\/v2\/media?parent=37305"}],"curies":[{"name":"wp","href":"https:\/\/api.w.org\/{rel}","templated":true}]}}