{"id":23,"date":"2020-12-09T16:01:15","date_gmt":"2020-12-09T15:01:15","guid":{"rendered":"https:\/\/wwps.se\/?page_id=23"},"modified":"2026-03-27T09:59:52","modified_gmt":"2026-03-27T08:59:52","slug":"startsidan","status":"publish","type":"page","link":"https:\/\/marinkamraterna.se\/sodertalje\/","title":{"rendered":"Startsidan"},"content":{"rendered":"<p>[et_pb_section fb_built=&#8221;1&#8243; use_custom_gutter=&#8221;on&#8221; gutter_width=&#8221;2&#8243; specialty=&#8221;on&#8221; padding_right_1=&#8221;50px&#8221; padding_right_2=&#8221;30px&#8221; padding_left_1=&#8221;50px&#8221; padding_left_2=&#8221;30px&#8221; padding_top_bottom_link_1=&#8221;false&#8221; padding_top_bottom_link_2=&#8221;false&#8221; padding_left_right_link_1=&#8221;true&#8221; padding_left_right_link_2=&#8221;true&#8221; padding_1_tablet=&#8221;&#8221; padding_1_phone=&#8221;&#8221; padding_1_last_edited=&#8221;on|desktop&#8221; custom_css_main_2=&#8221;border-left: 1px solid #eeeeee&#8221; _builder_version=&#8221;4.16&#8243; _module_preset=&#8221;default&#8221; inner_width=&#8221;100%&#8221; custom_margin=&#8221;||||false|false&#8221; custom_padding=&#8221;0px||||false|false&#8221; global_colors_info=&#8221;{}&#8221;][et_pb_column type=&#8221;2_3&#8243; specialty_columns=&#8221;2&#8243; _builder_version=&#8221;4.16&#8243; custom_padding=&#8221;|||&#8221; global_colors_info=&#8221;{}&#8221; custom_padding__hover=&#8221;|||&#8221;][et_pb_row_inner _builder_version=&#8221;4.16&#8243; _module_preset=&#8221;default&#8221; custom_margin=&#8221;|||10px||&#8221; custom_padding=&#8221;||35px|||&#8221; global_colors_info=&#8221;{}&#8221;][et_pb_column_inner saved_specialty_column_type=&#8221;2_3&#8243; _builder_version=&#8221;4.16&#8243; _module_preset=&#8221;default&#8221; global_colors_info=&#8221;{}&#8221;][et_pb_image src=&#8221;http:\/\/marinkamraterna.se\/sodertalje\/wp-content\/uploads\/sites\/13\/2021\/09\/IMGP0009-e-mail.jpg&#8221; title_text=&#8221;IMGP0009 e-mail&#8221; _builder_version=&#8221;4.16&#8243; _module_preset=&#8221;default&#8221; global_colors_info=&#8221;{}&#8221;][\/et_pb_image][et_pb_text _builder_version=&#8221;4.22.1&#8243; _module_preset=&#8221;default&#8221; custom_padding=&#8221;||0px|17px||&#8221; global_colors_info=&#8221;{}&#8221;]<\/p>\n<h1><span style=\"font-size: 30px\">V\u00e4lkommen till Marinkamraterna S\u00f6dert\u00e4lje!<\/span><\/h1>\n<h1><span style=\"font-size: large\">Marinkamraterna S\u00f6dert\u00e4lje \u2013 d\u00e4r gemenskapen b\u00e4r marinbl\u00e5tt sedan 1945!<\/span><\/h1>\n<p><span>\u00c5r 1948 hissade vi v\u00e5r flagga p\u00e5 den egna klubbholmen Notholmen, och det \u00e4r fortfarande h\u00e4r vi seglar, grillar, badar, snickrar, ber\u00e4ttar skr\u00f6nor och njuter av sk\u00e4rg\u00e5rden under \u00e5rets ljusa m\u00e5nader. Kom g\u00e4rna f\u00f6rbi n\u00e5gon sommardag \u2013 k\u00e4nn p\u00e5 st\u00e4mningen, tr\u00e4ffa g\u00e4nget och avg\u00f6r om du vill kasta loss med oss.<\/span><\/p>\n<h2><span>Vem kan g\u00e5 med?<\/span><\/h2>\n<ul>\n<li><span>Marinpersonal \u2013 nuvarande eller tidigare bef\u00e4l, civilanst\u00e4llda och v\u00e4rnpliktiga \u2013 antas l\u00f6pande av styrelsen.<\/span><\/li>\n<li><span>\u00d6vriga havsfr\u00e4lsta som delar v\u00e5ra v\u00e4rderingar kan ocks\u00e5 v\u00e4ljas in; de tas upp p\u00e5 \u00e5rsm\u00f6tet i mars.<\/span><\/li>\n<\/ul>\n<h2><span>Medlemsavgift\u00a0<\/span><\/h2>\n<p><span>300 kr \u2013 riksf\u00f6rbundsavgiften ing\u00e5r.<\/span><\/p>\n<p><span>Nyfiken? Sl\u00e5 en signal eller titta ut till Notholmen s\u00e5 ber\u00e4ttar vi mer. Hos oss finns alltid plats f\u00f6r fler som \u00e4lskar kamratskap, saltst\u00e4nk och marina traditioner!<\/span><\/p>\n<h1>Vi finns p\u00e5 Facebook<\/h1>\n<p>P\u00e5 &#8221;Notholmen S\u00f6dert\u00e4lje&#8221; visas lite av vad vi g\u00f6r p\u00e5 Notholmen.\u00a0<\/p>\n<p>Klicka <a href=\"https:\/\/www.facebook.com\/share\/1Ab1T5yMFR\/?mibextid=wwXIfr\">H\u00c4R<\/a> f\u00f6r att komma till Notholmen p\u00e5 Facebook,<\/p>\n<p>&nbsp;<\/p>\n<p>[\/et_pb_text][\/et_pb_column_inner][\/et_pb_row_inner][\/et_pb_column][et_pb_column type=&#8221;1_3&#8243; _builder_version=&#8221;4.16&#8243; custom_padding=&#8221;|||&#8221; global_colors_info=&#8221;{}&#8221; custom_padding__hover=&#8221;|||&#8221;][et_pb_blurb title=&#8221;Aktuellt&#8221; use_icon=&#8221;on&#8221; font_icon=&#8221;&#xe080;||divi||400&#8243; icon_placement=&#8221;left&#8221; _builder_version=&#8221;4.16&#8243; _module_preset=&#8221;default&#8221; header_font=&#8221;|600||on|||||&#8221; header_font_size=&#8221;20px&#8221; border_width_bottom=&#8221;2px&#8221; border_color_bottom=&#8221;#0C71C3&#8243; locked=&#8221;on&#8221; global_colors_info=&#8221;{}&#8221;][\/et_pb_blurb][et_pb_blog posts_number=&#8221;3&#8243; meta_date=&#8221;j F, Y&#8221; show_thumbnail=&#8221;off&#8221; use_manual_excerpt=&#8221;off&#8221; show_more=&#8221;on&#8221; show_author=&#8221;off&#8221; show_categories=&#8221;off&#8221; show_pagination=&#8221;off&#8221; module_class=&#8221;aktuellt-startsidan&#8221; _builder_version=&#8221;4.16&#8243; _module_preset=&#8221;default&#8221; header_font=&#8221;||||||||&#8221; header_font_size=&#8221;20px&#8221; body_font_size=&#8221;14px&#8221; meta_font=&#8221;||on||||||&#8221; meta_font_size=&#8221;14px&#8221; meta_line_height=&#8221;1em&#8221; read_more_font=&#8221;|600||on|||||&#8221; custom_margin=&#8221;||||false|false&#8221; custom_padding=&#8221;||||false|false&#8221; locked=&#8221;on&#8221; global_colors_info=&#8221;{}&#8221;][\/et_pb_blog][et_pb_button button_url=&#8221;\/sodertalje\/kategori\/nyheter\/&#8221; button_text=&#8221;Se alla nyheter&#8221; button_alignment=&#8221;right&#8221; _builder_version=&#8221;4.16&#8243; _module_preset=&#8221;default&#8221; custom_button=&#8221;on&#8221; button_text_size=&#8221;15px&#8221; button_on_hover=&#8221;off&#8221; custom_margin=&#8221;||50px||false|false&#8221; locked=&#8221;on&#8221; global_colors_info=&#8221;{}&#8221;][\/et_pb_button][et_pb_blurb title=&#8221;Kalendarium&#8221; use_icon=&#8221;on&#8221; font_icon=&#8221;&#xe025;||divi||400&#8243; icon_placement=&#8221;left&#8221; _builder_version=&#8221;4.16&#8243; _module_preset=&#8221;default&#8221; header_font=&#8221;|600||on|||||&#8221; header_font_size=&#8221;20px&#8221; border_width_bottom=&#8221;2px&#8221; border_color_bottom=&#8221;#0C71C3&#8243; locked=&#8221;on&#8221; global_colors_info=&#8221;{}&#8221;][\/et_pb_blurb][et_pb_sidebar area=&#8221;et_pb_widget_area_1&#8243; _builder_version=&#8221;4.16&#8243; _module_preset=&#8221;default&#8221; locked=&#8221;on&#8221; global_colors_info=&#8221;{}&#8221;][\/et_pb_sidebar][et_pb_blurb title=&#8221;Aktuellt F\u00f6rbundet&#8221; use_icon=&#8221;on&#8221; font_icon=&#8221;&#xe080;||divi||400&#8243; icon_placement=&#8221;left&#8221; _builder_version=&#8221;4.16&#8243; _module_preset=&#8221;default&#8221; header_font=&#8221;|600||on|||||&#8221; header_font_size=&#8221;20px&#8221; border_width_bottom=&#8221;2px&#8221; border_color_bottom=&#8221;#0C71C3&#8243; locked=&#8221;on&#8221; global_colors_info=&#8221;{}&#8221;][\/et_pb_blurb][et_pb_code _builder_version=&#8221;4.16&#8243; _module_preset=&#8221;default&#8221; locked=&#8221;on&#8221; global_colors_info=&#8221;{}&#8221;]<div class=\"wpra-display align\" data-display-id=\"1\" hx-target=\"this\" hx-swap=\"outerHTML\">    <div class=\"wp-rss-aggregator wpra-list-template \">\n        <ul class=\"rss-aggregator wpra-item-list \" start=\"1\">\n                <li class=\"wpra-item feed-item \">\n        <a href=\"https:\/\/marinkamraterna.se\/aktuellt\/2026\/04\/02\/forlangd-anmalningstid-till-riks-26\/\" class=\"\" target=\"_blank\" rel=\"noopener noreferrer nofollow\" style=\"\">F\u00f6rl\u00e4ngd anm\u00e4lningstid till Riks 26<\/a>\n\n        <div class=\"wprss-feed-meta\">\n            \n                <span class=\"feed-date\">\n        Publicerad 2026-04-02\n    <\/span>\n            \n        <\/div>\n\n        \n    <\/li>    <li class=\"wpra-item feed-item \">\n        <a href=\"https:\/\/marinkamraterna.se\/aktuellt\/2026\/02\/10\/riksarsmotet-2026\/\" class=\"\" target=\"_blank\" rel=\"noopener noreferrer nofollow\" style=\"\">Riks\u00e5rsm\u00f6tet 2026<\/a>\n\n        <div class=\"wprss-feed-meta\">\n            \n                <span class=\"feed-date\">\n        Publicerad 2026-02-10\n    <\/span>\n            \n        <\/div>\n\n        \n    <\/li>    <li class=\"wpra-item feed-item \">\n        <a href=\"https:\/\/marinkamraterna.se\/aktuellt\/2025\/12\/02\/hemsidorna-har-nu-bytt-adress\/\" class=\"\" target=\"_blank\" rel=\"noopener noreferrer nofollow\" style=\"\">Hemsidorna har nu bytt adress<\/a>\n\n        <div class=\"wprss-feed-meta\">\n            \n                <span class=\"feed-date\">\n        Publicerad 2025-12-02\n    <\/span>\n            \n        <\/div>\n\n        \n    <\/li>\n        <\/ul>\n    <\/div> <\/div>[\/et_pb_code][et_pb_button button_url=&#8221;\/kategori\/riksnyheter\/&#8221; url_new_window=&#8221;on&#8221; button_text=&#8221;Se alla f\u00f6rbundsnyheter&#8221; button_alignment=&#8221;right&#8221; _builder_version=&#8221;4.16&#8243; _module_preset=&#8221;default&#8221; custom_button=&#8221;on&#8221; button_text_size=&#8221;15px&#8221; button_on_hover=&#8221;off&#8221; custom_margin=&#8221;||||false|false&#8221; locked=&#8221;on&#8221; global_colors_info=&#8221;{}&#8221;][\/et_pb_button][\/et_pb_column][\/et_pb_section]<\/p>\n","protected":false},"excerpt":{"rendered":"<p>V\u00e4lkommen till Marinkamraterna S\u00f6dert\u00e4lje! Marinkamraterna S\u00f6dert\u00e4lje \u2013 d\u00e4r gemenskapen b\u00e4r marinbl\u00e5tt sedan 1945! \u00c5r 1948 hissade vi v\u00e5r flagga p\u00e5 den egna klubbholmen Notholmen, och det \u00e4r fortfarande h\u00e4r vi seglar, grillar, badar, snickrar, ber\u00e4ttar skr\u00f6nor och njuter av sk\u00e4rg\u00e5rden under \u00e5rets ljusa m\u00e5nader. Kom g\u00e4rna f\u00f6rbi n\u00e5gon sommardag \u2013 k\u00e4nn p\u00e5 st\u00e4mningen, tr\u00e4ffa g\u00e4nget [&hellip;]<\/p>\n","protected":false},"author":1,"featured_media":0,"parent":0,"menu_order":0,"comment_status":"closed","ping_status":"closed","template":"","meta":{"_et_pb_use_builder":"on","_et_pb_old_content":"","_et_gb_content_width":"","iawp_total_views":2361,"footnotes":""},"class_list":["post-23","page","type-page","status-publish","hentry"],"_links":{"self":[{"href":"https:\/\/marinkamraterna.se\/sodertalje\/wp-json\/wp\/v2\/pages\/23","targetHints":{"allow":["GET"]}}],"collection":[{"href":"https:\/\/marinkamraterna.se\/sodertalje\/wp-json\/wp\/v2\/pages"}],"about":[{"href":"https:\/\/marinkamraterna.se\/sodertalje\/wp-json\/wp\/v2\/types\/page"}],"author":[{"embeddable":true,"href":"https:\/\/marinkamraterna.se\/sodertalje\/wp-json\/wp\/v2\/users\/1"}],"replies":[{"embeddable":true,"href":"https:\/\/marinkamraterna.se\/sodertalje\/wp-json\/wp\/v2\/comments?post=23"}],"version-history":[{"count":62,"href":"https:\/\/marinkamraterna.se\/sodertalje\/wp-json\/wp\/v2\/pages\/23\/revisions"}],"predecessor-version":[{"id":38003,"href":"https:\/\/marinkamraterna.se\/sodertalje\/wp-json\/wp\/v2\/pages\/23\/revisions\/38003"}],"wp:attachment":[{"href":"https:\/\/marinkamraterna.se\/sodertalje\/wp-json\/wp\/v2\/media?parent=23"}],"curies":[{"name":"wp","href":"https:\/\/api.w.org\/{rel}","templated":true}]}}