{"id":33146,"date":"2020-12-10T17:39:01","date_gmt":"2020-12-10T16:39:01","guid":{"rendered":"https:\/\/wwps.se\/?page_id=33146"},"modified":"2022-12-06T15:14:44","modified_gmt":"2022-12-06T14:14:44","slug":"bli-medlem","status":"publish","type":"page","link":"https:\/\/marinkamraterna.se\/sodertalje\/bli-medlem\/","title":{"rendered":"Bli medlem"},"content":{"rendered":"<p>[et_pb_section fb_built=&#8221;1&#8243; specialty=&#8221;on&#8221; padding_top_1=&#8221;0px&#8221; padding_top_2=&#8221;0px&#8221; padding_top_bottom_link_1=&#8221;false&#8221; padding_top_bottom_link_2=&#8221;false&#8221; padding_left_right_link_1=&#8221;false&#8221; padding_left_right_link_2=&#8221;false&#8221; _builder_version=&#8221;4.16&#8243; _module_preset=&#8221;default&#8221; custom_margin=&#8221;||||false|false&#8221; custom_padding=&#8221;||||false|false&#8221; locked=&#8221;off&#8221; global_colors_info=&#8221;{}&#8221;][et_pb_column type=&#8221;3_4&#8243; specialty_columns=&#8221;3&#8243; _builder_version=&#8221;4.16&#8243; custom_padding=&#8221;|||&#8221; global_colors_info=&#8221;{}&#8221; custom_padding__hover=&#8221;|||&#8221;][et_pb_row_inner _builder_version=&#8221;4.16&#8243; _module_preset=&#8221;default&#8221; custom_padding=&#8221;0px||||false|false&#8221; global_colors_info=&#8221;{}&#8221;][et_pb_column_inner saved_specialty_column_type=&#8221;3_4&#8243; _builder_version=&#8221;4.16&#8243; _module_preset=&#8221;default&#8221; global_colors_info=&#8221;{}&#8221;][et_pb_post_title meta=&#8221;off&#8221; featured_image=&#8221;off&#8221; _builder_version=&#8221;4.16&#8243; _module_preset=&#8221;default&#8221; title_font_size=&#8221;35px&#8221; global_colors_info=&#8221;{}&#8221;][\/et_pb_post_title][et_pb_text _builder_version=&#8221;4.18.0&#8243; _module_preset=&#8221;default&#8221; hover_enabled=&#8221;0&#8243; global_colors_info=&#8221;{}&#8221; sticky_enabled=&#8221;0&#8243;]<\/p>\n<p>F\u00f6r att uppfylla kraven f\u00f6r medlemskap fordras att du tj\u00e4nstgjort i Marinen eller fortfarande tj\u00e4nstg\u00f6r som v\u00e4rnpliktig eller anst\u00e4lld; menig eller officer, man eller kvinna har ingen betydelse. Ett starkt intresse och engagemang f\u00f6r marinen kan ocks\u00e5 meritera.<\/p>\n<p>[\/et_pb_text][et_pb_code _builder_version=&#8221;4.16&#8243; _module_preset=&#8221;default&#8221; global_colors_info=&#8221;{}&#8221;]<iframe loading=\"lazy\" src=\"https:\/\/member.myclub.se\/public\/forms\/8604\/9jziKqNeRL\/\" width=\"100%\" height=\"5000\"><\/iframe>[\/et_pb_code][\/et_pb_column_inner][\/et_pb_row_inner][\/et_pb_column][et_pb_column type=&#8221;1_4&#8243; _builder_version=&#8221;4.16&#8243; custom_padding=&#8221;|||&#8221; global_colors_info=&#8221;{}&#8221; custom_padding__hover=&#8221;|||&#8221;][et_pb_sidebar orientation=&#8221;right&#8221; _builder_version=&#8221;4.9.4&#8243; _module_preset=&#8221;default&#8221; header_font=&#8221;|600||on|||||&#8221; header_font_size=&#8221;20px&#8221; global_module=&#8221;33531&#8243; saved_tabs=&#8221;all&#8221; locked=&#8221;off&#8221; global_colors_info=&#8221;{}&#8221;][\/et_pb_sidebar][\/et_pb_column][\/et_pb_section]<\/p>\n","protected":false},"excerpt":{"rendered":"<p>F\u00f6r att uppfylla kraven f\u00f6r medlemskap fordras att du tj\u00e4nstgjort i Marinen eller fortfarande tj\u00e4nstg\u00f6r som v\u00e4rnpliktig eller anst\u00e4lld; menig eller officer, man eller kvinna har ingen betydelse. Ett starkt intresse och engagemang f\u00f6r marinen kan ocks\u00e5 meritera.<\/p>\n","protected":false},"author":1,"featured_media":0,"parent":0,"menu_order":20,"comment_status":"closed","ping_status":"closed","template":"","meta":{"_et_pb_use_builder":"on","_et_pb_old_content":"<p>[et_pb_section fb_built=\"1\" specialty=\"on\" padding_top_bottom_link_1=\"false\" padding_top_bottom_link_2=\"false\" padding_left_right_link_1=\"false\" padding_left_right_link_2=\"false\" padding_top_1=\"0px\" padding_top_2=\"0px\" _builder_version=\"4.9.3\" _module_preset=\"default\" custom_margin=\"||||false|false\" custom_padding=\"||||false|false\" locked=\"off\" global_colors_info=\"{}\"][et_pb_column type=\"3_4\" specialty_columns=\"3\" _builder_version=\"3.25\" custom_padding=\"|||\" global_colors_info=\"{}\" custom_padding__hover=\"|||\"][et_pb_row_inner _builder_version=\"4.9.3\" _module_preset=\"default\" custom_padding=\"0px||||false|false\" global_colors_info=\"{}\"][et_pb_column_inner saved_specialty_column_type=\"3_4\" _builder_version=\"4.9.3\" _module_preset=\"default\" global_colors_info=\"{}\"][et_pb_post_title meta=\"off\" featured_image=\"off\" _builder_version=\"4.9.3\" _module_preset=\"default\" title_font_size=\"35px\" global_colors_info=\"{}\"][\/et_pb_post_title][et_pb_text _builder_version=\"4.10.7\" _module_preset=\"default\" global_colors_info=\"{}\"]<\/p><p>F\u00f6r att uppfylla kraven f\u00f6r medlemskap fordras att du tj\u00e4nstgjort i Marinen eller fortfarande tj\u00e4nstg\u00f6r som v\u00e4rnpliktig eller anst\u00e4lld; menig eller officer, man eller kvinna har ingen betydelse. Ett starkt intresse och engagemang f\u00f6r marinen kan ocks\u00e5 meritera.<\/p><p>\u00a0<\/p><p>[\/et_pb_text][et_pb_code _builder_version=\"4.9.4\" _module_preset=\"default\" global_colors_info=\"{}\"][\/et_pb_code][\/et_pb_column_inner][\/et_pb_row_inner][\/et_pb_column][et_pb_column type=\"1_4\" _builder_version=\"3.25\" custom_padding=\"|||\" global_colors_info=\"{}\" custom_padding__hover=\"|||\"][et_pb_sidebar orientation=\"right\" _builder_version=\"4.9.4\" _module_preset=\"default\" header_font=\"|600||on|||||\" header_font_size=\"20px\" global_module=\"33531\" saved_tabs=\"all\" locked=\"on\" global_colors_info=\"{}\"][\/et_pb_sidebar][\/et_pb_column][\/et_pb_section]<\/p>","_et_gb_content_width":"","iawp_total_views":28,"footnotes":""},"class_list":["post-33146","page","type-page","status-publish","hentry"],"_links":{"self":[{"href":"https:\/\/marinkamraterna.se\/sodertalje\/wp-json\/wp\/v2\/pages\/33146","targetHints":{"allow":["GET"]}}],"collection":[{"href":"https:\/\/marinkamraterna.se\/sodertalje\/wp-json\/wp\/v2\/pages"}],"about":[{"href":"https:\/\/marinkamraterna.se\/sodertalje\/wp-json\/wp\/v2\/types\/page"}],"author":[{"embeddable":true,"href":"https:\/\/marinkamraterna.se\/sodertalje\/wp-json\/wp\/v2\/users\/1"}],"replies":[{"embeddable":true,"href":"https:\/\/marinkamraterna.se\/sodertalje\/wp-json\/wp\/v2\/comments?post=33146"}],"version-history":[{"count":19,"href":"https:\/\/marinkamraterna.se\/sodertalje\/wp-json\/wp\/v2\/pages\/33146\/revisions"}],"predecessor-version":[{"id":37726,"href":"https:\/\/marinkamraterna.se\/sodertalje\/wp-json\/wp\/v2\/pages\/33146\/revisions\/37726"}],"wp:attachment":[{"href":"https:\/\/marinkamraterna.se\/sodertalje\/wp-json\/wp\/v2\/media?parent=33146"}],"curies":[{"name":"wp","href":"https:\/\/api.w.org\/{rel}","templated":true}]}}