{"id":33986,"date":"2021-06-04T19:12:08","date_gmt":"2021-06-04T17:12:08","guid":{"rendered":"http:\/\/andersa6.sg-host.com\/sodertalje\/?page_id=33986"},"modified":"2025-03-09T11:19:49","modified_gmt":"2025-03-09T10:19:49","slug":"styrelse","status":"publish","type":"page","link":"https:\/\/marinkamraterna.se\/sodertalje\/om-foreningen\/styrelse\/","title":{"rendered":"Styrelse"},"content":{"rendered":"<p>[et_pb_section fb_built=&#8221;1&#8243; specialty=&#8221;on&#8221; padding_top_1=&#8221;0px&#8221; padding_top_2=&#8221;0px&#8221; padding_top_bottom_link_1=&#8221;false&#8221; padding_top_bottom_link_2=&#8221;false&#8221; padding_left_right_link_1=&#8221;false&#8221; padding_left_right_link_2=&#8221;false&#8221; _builder_version=&#8221;4.16&#8243; _module_preset=&#8221;default&#8221; custom_margin=&#8221;||||false|false&#8221; custom_padding=&#8221;||||false|false&#8221; locked=&#8221;off&#8221; global_colors_info=&#8221;{}&#8221;][et_pb_column type=&#8221;3_4&#8243; specialty_columns=&#8221;3&#8243; _builder_version=&#8221;4.16&#8243; custom_padding=&#8221;|||&#8221; global_colors_info=&#8221;{}&#8221; custom_padding__hover=&#8221;|||&#8221;][et_pb_row_inner _builder_version=&#8221;4.16&#8243; _module_preset=&#8221;default&#8221; custom_padding=&#8221;0px||||false|false&#8221; global_colors_info=&#8221;{}&#8221;][et_pb_column_inner saved_specialty_column_type=&#8221;3_4&#8243; _builder_version=&#8221;4.16&#8243; _module_preset=&#8221;default&#8221; global_colors_info=&#8221;{}&#8221;][et_pb_post_title meta=&#8221;off&#8221; featured_image=&#8221;off&#8221; _builder_version=&#8221;4.16&#8243; _module_preset=&#8221;default&#8221; title_font_size=&#8221;35px&#8221; text_orientation=&#8221;center&#8221; global_colors_info=&#8221;{}&#8221;][\/et_pb_post_title][et_pb_image src=&#8221;http:\/\/marinkamraterna.se\/sodertalje\/wp-content\/uploads\/sites\/13\/2021\/09\/fm-sodertalje.png&#8221; alt=&#8221;Flottans M\u00e4n S\u00f6dert\u00e4lje&#8221; title_text=&#8221;Flottans M\u00e4n S\u00f6dert\u00e4lje&#8221; align=&#8221;center&#8221; _builder_version=&#8221;4.16&#8243; _module_preset=&#8221;default&#8221; width=&#8221;100%&#8221; custom_margin=&#8221;|648px||||&#8221; custom_padding=&#8221;|0px||||&#8221; global_colors_info=&#8221;{}&#8221;][\/et_pb_image][et_pb_text admin_label=&#8221;Text&#8221; _builder_version=&#8221;4.24.2&#8243; _module_preset=&#8221;default&#8221; global_colors_info=&#8221;{}&#8221;]<\/p>\n<h3><\/h3>\n<h3>Styrelse 2025<\/h3>\n<table style=\"border-collapse: collapse;width: 100%\" border=\"1\">\n<tbody>\n<tr>\n<td style=\"width: 33.3333%\">Ordf\u00f6rande<\/td>\n<td style=\"width: 33.3333%\">Tommy Carlsson<\/td>\n<td style=\"width: 33.3333%\">0707746304<\/td>\n<\/tr>\n<tr>\n<td style=\"width: 33.3333%\">Vice Ordf\u00f6rande<\/td>\n<td style=\"width: 33.3333%\">Kenneth Sand\u00e5s<\/td>\n<td style=\"width: 33.3333%\">0707989165<\/td>\n<\/tr>\n<tr>\n<td style=\"width: 33.3333%\">Sekreterare<\/td>\n<td style=\"width: 33.3333%\">Monica Aspebo<\/td>\n<td style=\"width: 33.3333%\">0703586007<\/td>\n<\/tr>\n<tr>\n<td style=\"width: 33.3333%\">Kass\u00f6r<\/td>\n<td style=\"width: 33.3333%\">Christer Norman<\/td>\n<td style=\"width: 33.3333%\">0707356159<\/td>\n<\/tr>\n<tr>\n<td style=\"width: 33.3333%\">Ledamot<\/td>\n<td style=\"width: 33.3333%\">Fredrik Olsson<\/td>\n<td style=\"width: 33.3333%\">0706519901<\/td>\n<\/tr>\n<tr>\n<td style=\"width: 33.3333%\">Ledamot<\/td>\n<td style=\"width: 33.3333%\">Nina Norstr\u00f6m<\/td>\n<td style=\"width: 33.3333%\">0704640690<\/td>\n<\/tr>\n<tr>\n<td style=\"width: 33.3333%\">Ledamot<\/td>\n<td style=\"width: 33.3333%\">J\u00f6rgen Sand\u00e5s<\/td>\n<td style=\"width: 33.3333%\">0703568361<\/td>\n<\/tr>\n<tr>\n<td style=\"width: 33.3333%\">Suppleant<\/td>\n<td style=\"width: 33.3333%\">Henrik Mankefors<\/td>\n<td style=\"width: 33.3333%\">0708123959<\/td>\n<\/tr>\n<tr>\n<td style=\"width: 33.3333%\">Suppleant<\/td>\n<td style=\"width: 33.3333%\">Jonas Landon<\/td>\n<td style=\"width: 33.3333%\">0703709170<\/td>\n<\/tr>\n<\/tbody>\n<\/table>\n<p>&nbsp;<\/p>\n<p>[\/et_pb_text][\/et_pb_column_inner][\/et_pb_row_inner][\/et_pb_column][et_pb_column type=&#8221;1_4&#8243; _builder_version=&#8221;4.16&#8243; custom_padding=&#8221;|||&#8221; global_colors_info=&#8221;{}&#8221; custom_padding__hover=&#8221;|||&#8221;][et_pb_image src=&#8221;https:\/\/marinkamraterna.se\/sodertalje\/wp-content\/uploads\/sites\/13\/2021\/11\/FM-symbol-farg-5-cm.gif&#8221; alt=&#8221;Flottans M\u00e4n S\u00f6dert\u00e4lje&#8221; title_text=&#8221;FM Symbol F\u00e4rg 5 Cm&#8221; _builder_version=&#8221;4.20.4&#8243; _module_preset=&#8221;default&#8221; custom_margin=&#8221;||10px||false|false&#8221; custom_padding=&#8221;||||false|false&#8221; global_colors_info=&#8221;{}&#8221;][\/et_pb_image][et_pb_text admin_label=&#8221;Text&#8221; _builder_version=&#8221;4.16&#8243; _module_preset=&#8221;default&#8221; text_font=&#8221;||on||||||&#8221; text_font_size=&#8221;14px&#8221; global_colors_info=&#8221;{}&#8221;]<\/p>\n<p>Flottans M\u00e4n S\u00f6dert\u00e4lje\u00a0<\/p>\n<p>[\/et_pb_text][et_pb_sidebar orientation=&#8221;right&#8221; area=&#8221;et_pb_widget_area_5&#8243; module_class=&#8221;right-menues&#8221; _builder_version=&#8221;4.9.11&#8243; _module_preset=&#8221;default&#8221; custom_margin=&#8221;||0px||false|false&#8221; global_module=&#8221;35107&#8243; saved_tabs=&#8221;all&#8221; locked=&#8221;off&#8221; global_colors_info=&#8221;{}&#8221;][\/et_pb_sidebar][et_pb_sidebar orientation=&#8221;right&#8221; _builder_version=&#8221;4.9.4&#8243; _module_preset=&#8221;default&#8221; header_font=&#8221;|600||on|||||&#8221; header_font_size=&#8221;20px&#8221; global_module=&#8221;33531&#8243; saved_tabs=&#8221;all&#8221; locked=&#8221;off&#8221; global_colors_info=&#8221;{}&#8221;][\/et_pb_sidebar][\/et_pb_column][\/et_pb_section]<\/p>\n","protected":false},"excerpt":{"rendered":"<p>Styrelse 2025 Ordf\u00f6rande Tommy Carlsson 0707746304 Vice Ordf\u00f6rande Kenneth Sand\u00e5s 0707989165 Sekreterare Monica Aspebo 0703586007 Kass\u00f6r Christer Norman 0707356159 Ledamot Fredrik Olsson 0706519901 Ledamot Nina Norstr\u00f6m 0704640690 Ledamot J\u00f6rgen Sand\u00e5s 0703568361 Suppleant Henrik Mankefors 0708123959 Suppleant Jonas Landon 0703709170 &nbsp;Flottans M\u00e4n S\u00f6dert\u00e4lje\u00a0<\/p>\n","protected":false},"author":1,"featured_media":0,"parent":33152,"menu_order":3,"comment_status":"closed","ping_status":"closed","template":"","meta":{"_et_pb_use_builder":"on","_et_pb_old_content":"","_et_gb_content_width":"","iawp_total_views":495,"footnotes":""},"class_list":["post-33986","page","type-page","status-publish","hentry"],"_links":{"self":[{"href":"https:\/\/marinkamraterna.se\/sodertalje\/wp-json\/wp\/v2\/pages\/33986","targetHints":{"allow":["GET"]}}],"collection":[{"href":"https:\/\/marinkamraterna.se\/sodertalje\/wp-json\/wp\/v2\/pages"}],"about":[{"href":"https:\/\/marinkamraterna.se\/sodertalje\/wp-json\/wp\/v2\/types\/page"}],"author":[{"embeddable":true,"href":"https:\/\/marinkamraterna.se\/sodertalje\/wp-json\/wp\/v2\/users\/1"}],"replies":[{"embeddable":true,"href":"https:\/\/marinkamraterna.se\/sodertalje\/wp-json\/wp\/v2\/comments?post=33986"}],"version-history":[{"count":34,"href":"https:\/\/marinkamraterna.se\/sodertalje\/wp-json\/wp\/v2\/pages\/33986\/revisions"}],"predecessor-version":[{"id":37933,"href":"https:\/\/marinkamraterna.se\/sodertalje\/wp-json\/wp\/v2\/pages\/33986\/revisions\/37933"}],"up":[{"embeddable":true,"href":"https:\/\/marinkamraterna.se\/sodertalje\/wp-json\/wp\/v2\/pages\/33152"}],"wp:attachment":[{"href":"https:\/\/marinkamraterna.se\/sodertalje\/wp-json\/wp\/v2\/media?parent=33986"}],"curies":[{"name":"wp","href":"https:\/\/api.w.org\/{rel}","templated":true}]}}