{"id":33990,"date":"2021-06-04T19:13:45","date_gmt":"2021-06-04T17:13:45","guid":{"rendered":"http:\/\/andersa6.sg-host.com\/sodertalje\/?page_id=33990"},"modified":"2024-01-09T20:12:39","modified_gmt":"2024-01-09T19:12:39","slug":"stadgar","status":"publish","type":"page","link":"https:\/\/marinkamraterna.se\/sodertalje\/om-foreningen\/stadgar\/","title":{"rendered":"Stadgar"},"content":{"rendered":"<p>[et_pb_section fb_built=&#8221;1&#8243; specialty=&#8221;on&#8221; padding_top_1=&#8221;0px&#8221; padding_top_2=&#8221;0px&#8221; padding_top_bottom_link_1=&#8221;false&#8221; padding_top_bottom_link_2=&#8221;false&#8221; padding_left_right_link_1=&#8221;false&#8221; padding_left_right_link_2=&#8221;false&#8221; _builder_version=&#8221;4.16&#8243; _module_preset=&#8221;default&#8221; custom_margin=&#8221;||||false|false&#8221; custom_padding=&#8221;||||false|false&#8221; locked=&#8221;off&#8221; global_colors_info=&#8221;{}&#8221;][et_pb_column type=&#8221;3_4&#8243; specialty_columns=&#8221;3&#8243; _builder_version=&#8221;4.16&#8243; custom_padding=&#8221;|||&#8221; global_colors_info=&#8221;{}&#8221; custom_padding__hover=&#8221;|||&#8221;][et_pb_row_inner _builder_version=&#8221;4.16&#8243; _module_preset=&#8221;default&#8221; custom_padding=&#8221;0px||||false|false&#8221; global_colors_info=&#8221;{}&#8221;][et_pb_column_inner saved_specialty_column_type=&#8221;3_4&#8243; _builder_version=&#8221;4.16&#8243; _module_preset=&#8221;default&#8221; global_colors_info=&#8221;{}&#8221;][et_pb_post_title meta=&#8221;off&#8221; featured_image=&#8221;off&#8221; _builder_version=&#8221;4.16&#8243; _module_preset=&#8221;default&#8221; title_font_size=&#8221;35px&#8221; global_colors_info=&#8221;{}&#8221;][\/et_pb_post_title][et_pb_text _builder_version=&#8221;4.23.4&#8243; _module_preset=&#8221;default&#8221; hover_enabled=&#8221;0&#8243; global_colors_info=&#8221;{}&#8221; sticky_enabled=&#8221;0&#8243;]<\/p>\n<p>STADGAR<\/p>\n<p>f\u00f6r<\/p>\n<p>Kamratf\u00f6reningen Flottans M\u00e4n i S\u00f6dert\u00e4lje<br \/>Lokalf\u00f6rening i FLOTTANS M\u00c4NS RIKSF\u00d6RBUND<\/p>\n<p>Fastst\u00e4llda maj 2016<\/p>\n<p>\u00a7 1.<\/p>\n<p>\u00c4ndam\u00e5l<\/p>\n<p>F\u00f6reningens \u00e4ndam\u00e5l \u00e4r:<\/p>\n<p>\u00b7 att verka f\u00f6r gemenskap och sammanh\u00e5llning inom flottan<\/p>\n<p>\u00b7 att fr\u00e4mja kamratskapet mellan dem som tj\u00e4nstgjort och dem som tj\u00e4nstg\u00f6r vid flottan<\/p>\n<p>\u00b7 att inom f\u00f6reningen och genom samh\u00e4llskontakter i \u00f6vrigt sprida k\u00e4nnedom om flottans uppgifter, verksamhet och utveckling inom ramen f\u00f6r totalf\u00f6rsvaret<\/p>\n<p>\u00b7 att bidra till v\u00e5rdandet av flottans traditioner<\/p>\n<p>\u00b7 att genom sin f\u00f6rsvarsfr\u00e4mjande verksamhet och \u00f6ppenhet betr\u00e4ffande medlemskap vara en ideell f\u00f6rening med allm\u00e4nnyttigt \u00e4ndam\u00e5l samt att vara politiskt obunden.<\/p>\n<p>\u00a7 2.<\/p>\n<p>Medlemskap<\/p>\n<p>F\u00f6r att erh\u00e5lla medlemskap fodras att vid flottan vara eller ha varit anst\u00e4lld i milit\u00e4r, civilmilit\u00e4r eller civil befattning, tj\u00e4nstg\u00f6ra eller ha tj\u00e4nstgjort som v\u00e4rnpliktig och s\u00e5vida f\u00f6reningens styrelse ej annorlunda medgiver vara bosatt inom S\u00f6dert\u00e4lje med omnejd.<\/p>\n<p>Medlemskap kan d\u00e4r ut\u00f6ver efter s\u00e4rskild pr\u00f6vning vinnas av svensk medborgare med stort och aktivt intresse f\u00f6r flottan och f\u00f6r f\u00f6reningens \u00e4ndam\u00e5l.<\/p>\n<p>S\u00e5dant medlemskap f\u00f6rbereds av styrelsen och f\u00f6rel\u00e4ggs \u00e5rsm\u00f6tet f\u00f6r beslut.<\/p>\n<p>Medlem som, trots p\u00e5minnelse, ej erlagt av f\u00f6reningen beslutade avgifter utesluts ur f\u00f6reningen av styrelsen. Medlem som uppenbart skadat f\u00f6reningen, dess verksamhet och anseende kan av styrelsen meddelas varning.<\/p>\n<p>Om medlem inte r\u00e4ttar sig efter erh\u00e5llen varning kan styrelsen besluta om uteslutning. Utesluten medlem har ingen del av f\u00f6reningens tillg\u00e5ngar.<\/p>\n<p>Varning och beslut om uteslutning skall meddelas skriftligt och motivering skall anges.<\/p>\n<p>Om medlem inte \u00e4r n\u00f6jd med styrelsens \u00e5tg\u00e4rd kan \u00f6verklagan g\u00f6ras till denna som d\u00e5 har att h\u00e4nskjuta fr\u00e5gan till extra medlemsm\u00f6te.<\/p>\n<p>\u00a7 3.<\/p>\n<p>Styrelse<\/p>\n<p>F\u00f6reningens angel\u00e4genheter handhas av en styrelse best\u00e5ende av sju ledarm\u00f6ter- ordf\u00f6randen medr\u00e4knad \u2013 samt tv\u00e5 ers\u00e4ttare valda av \u00e5rsm\u00f6tet. Ordf\u00f6rande, vice ordf\u00f6rande, sekreterare och kass\u00f6r utses av \u00e5rsm\u00f6tet. Styrelsen sammantr\u00e4der p\u00e5 kallelse av ordf\u00f6randen eller d\u00e5 minst tre av ordinarie ledam\u00f6ter s\u00e5 p\u00e5fodrar och \u00e4r beslutsm\u00e4ssig d\u00e5 minst fyra av styrelsens ordinarie ledam\u00f6ter \u00e4r n\u00e4rvarande, varibland endera ordf\u00f6rande eller vice ordf\u00f6rande.<\/p>\n<p>\u00a7 4.<\/p>\n<p>Verkst\u00e4llande utskott<\/p>\n<p>Verkst\u00e4llande utskott best\u00e5r av ordf\u00f6randen, kass\u00f6ren och sekreteraren. Det \u00e5ligger verkst\u00e4llande utskottet att, med ledning av de direktiv som styrelsen givit, \u00e5rligen utarbeta program f\u00f6r verksamheten, vilket sedan fastst\u00e4lls av styrelsen. Verkst\u00e4llande utskottet \u00e4ger vid behov till sig adjungera andra personer. Verkst\u00e4llande utskottet f\u00e5r inte besluta i principiella fr\u00e5gor.<\/p>\n<p>\u00a7 5.<\/p>\n<p>Avgifter<\/p>\n<p>\u00c5rsavgiften anpassas s\u00e5 att den t\u00e4cker avgifter till riksf\u00f6rbundet och de utgifter styrelsen ber\u00e4knar f\u00f6r f\u00f6reningens verksamhet och f\u00f6r underh\u00e5ll av Notholmen.<br \/>\u00c5rsavgiften betalas senast den 1 februari.Vid tr\u00e4ngande behov kan styrelsen besluta om extra avgift, varav ej n\u00e5gon betalning till riksf\u00f6rbundet g\u00f6rs.<\/p>\n<p>\u00a7 6.<\/p>\n<p>Revision<\/p>\n<p>F\u00f6reningens r\u00e4kenskaper skall omfatta kalender\u00e5r . De skall avslutade \u00f6verl\u00e4mnas till f\u00f6reningens revisorersenast 15 februari.Revisorerna skall \u00e4ven granska f\u00f6reningens protokoll och revisionsber\u00e4ttelse skall avl\u00e4mnas vid \u00e5rsm\u00f6tet.<\/p>\n<p>\u00a7 7.<\/p>\n<p>\u00c5rsm\u00f6te<\/p>\n<p>\u00c5rsm\u00f6te skall h\u00e5llas i mars m\u00e5nad och skall av styrelsen utlysas minst 14 dagar f\u00f6re detsamma. Vid \u00e5rsm\u00f6tet skall f\u00f6ljande \u00e4renden f\u00f6rekomma:<\/p>\n<p>1. Val av ordf\u00f6rande f\u00f6r \u00e5rsm\u00f6tet.<\/p>\n<p>2. Val av sekreterare f\u00f6r \u00e5rsm\u00f6tet.<\/p>\n<p>3. Val av tv\u00e5 personer att, j\u00e4mte ordf\u00f6randen, justera dagens protokoll.<\/p>\n<p>4. Styrelsens ber\u00e4ttelse.<\/p>\n<p>5. Kassarapport.<\/p>\n<p>6. Revisorernas ber\u00e4ttelse.<\/p>\n<p>7. Beslut om ansvarsfrihet.<\/p>\n<p>8. Val enligt \u00a7 9 i stadgarna.<\/p>\n<p>9. \u00c4renden som av styrelsen h\u00e4nskjutits till \u00e5rsm\u00f6tet.<\/p>\n<p>10. Fr\u00e5gor som av enskild medlem v\u00e4ckts p\u00e5 s\u00e4tt som i \u00a7 12 stadgas.<\/p>\n<p>\u00a7 8.<\/p>\n<p>Extra m\u00f6ten<\/p>\n<p>Extra m\u00f6ten h\u00e5lls d\u00e5 styrelsen s\u00e5 finner eller d\u00e5 minst 10 % av f\u00f6reningens medlemmar s\u00e5 \u00f6nskar. Kallelse till s\u00e5dant m\u00f6te sker p\u00e5 s\u00e4tt som f\u00f6r \u00e5rsm\u00f6tet \u00e4r f\u00f6reskrivet. Vid extra m\u00f6te f\u00e5r inga andra fr\u00e5gor \u00e4n de som upptagits i kallelsen behandlas. Undantag g\u00f6rs f\u00f6r f\u00f6ljdfr\u00e5gor till ovanst\u00e5ende.<\/p>\n<p>\u00a7 9.<\/p>\n<p>Vid \u00e5rsm\u00f6tet skall v\u00e4ljas<\/p>\n<p>1. Ordf\u00f6rande och vice ordf\u00f6rande v\u00e4ljs v\u00e4xelvis f\u00f6r en mandatperiod av tv\u00e5 \u00e5r. Kass\u00f6r och sekreterare v\u00e4ljs av \u00e5rsm\u00f6tet v\u00e4xelvis f\u00f6r 2 \u00e5r.<\/p>\n<p>2. Styrelsens \u00f6vriga medlemmar v\u00e4ljs v\u00e4xelvis f\u00f6r en mandatperiod om tv\u00e5 \u00e5r. Ers\u00e4ttare i styrelsen v\u00e4ljs f\u00f6r ett \u00e5r.<\/p>\n<p>3. Tv\u00e5 revisorer j\u00e4mte tv\u00e5 ers\u00e4ttare f\u00f6r dessa, om s\u00e5 anses erforderligt.<\/p>\n<p>4. Valberedningskommitt\u00e9 best\u00e5ende av tre personer samt en ers\u00e4ttare.<\/p>\n<p>5. Firmatecknare.<\/p>\n<p>\u00a7 10.<\/p>\n<p>Valberedning<\/p>\n<p>Valberedning utser inom sig ordf\u00f6rande. Valberedning \u00e5ligger att senast en vecka f\u00f6re \u00e5rsm\u00f6tet till styrelsen ingiva f\u00f6rslag p\u00e5 kandidater till i \u00a7 9 f\u00f6reskrivna val.<\/p>\n<p>\u00a7 11.<\/p>\n<p>R\u00f6str\u00e4tt och beslut<\/p>\n<p>R\u00f6stber\u00e4ttigade \u00e4r alla f\u00f6reningens medlemmar som erlagt stadgade avgifter och \u00e4r n\u00e4rvarande. Beslut fattas med enkel r\u00f6st\u00f6vervikt. Omr\u00f6stning sker \u00f6ppet s\u00e5vida ej sluten s\u00e5dan beg\u00e4rts. Vid lika r\u00f6stetal g\u00e4ller den mening som m\u00f6tets ordf\u00f6rande bitr\u00e4der, utom vid val och sluten omr\u00f6stning d\u00e5 lottning skall ske. Vad som s\u00e4gs om ordf\u00f6randens utslagsr\u00f6st g\u00e4ller \u00e4ven vid styrelsem\u00f6te, medlemsm\u00f6te och vid sammantr\u00e4den med verkst\u00e4llande utskottet.<\/p>\n<p>\u00a7 12.<\/p>\n<p>Ingivande av f\u00f6rslag m.m. fr\u00e5n enskild medlem<\/p>\n<p>Enskild medlem, som \u00f6nskar f\u00e5 \u00e4rende f\u00f6relagt f\u00f6r pr\u00f6vning p\u00e5 f\u00f6reningens \u00e5rsm\u00f6te, skall minst en m\u00e5nad f\u00f6re m\u00f6tet l\u00e4mna skriftlig framst\u00e4llan till styrelsen, som framl\u00e4gger \u00e4rendet j\u00e4mte eget yttrande d\u00e4r\u00f6ver till \u00e5rsm\u00f6tet.<\/p>\n<p>\u00a7 13.<\/p>\n<p>\u00c4ndring av stadgar<\/p>\n<p>Beslut om stadge\u00e4ndring fattas vid \u00e5rsm\u00f6tet och skall f\u00f6r att \u00e4ga giltighet bitr\u00e4das av minst tv\u00e5 tredjedelar av i r\u00f6stningen deltagande medlemmar. F\u00f6rslag till stadge\u00e4ndring skall tillst\u00e4llas samtliga medlemmar och tas upp till behandling p\u00e5 medlemsm\u00f6te. Slutligt beslut fattas p\u00e5 f\u00f6ljande \u00e5rsm\u00f6te p\u00e5 s\u00e4tt som i f\u00f6rsta stycket stadgas.<\/p>\n<p>\u00a7 14.<\/p>\n<p>Uppl\u00f6sning av f\u00f6reningen<\/p>\n<p>Beslut om f\u00f6reningens uppl\u00f6sning skall f\u00f6r att vara giltigt fattas p\u00e5 tv\u00e5 med minst tv\u00e5 m\u00e5naders mellanrum p\u00e5 varandra f\u00f6ljande medlemsm\u00f6ten och vid vart och ett av dessa ha bitr\u00e4tts av minst tv\u00e5 tredjedelar av de r\u00f6stande. D\u00e5 fr\u00e5gan om f\u00f6reningens uppl\u00f6sning v\u00e4ckts \u00e5ligger det styrelsen att vid det f\u00f6rsta av de m\u00f6ten d\u00e4r fr\u00e5gan tas upp till behandling framl\u00e4gga f\u00f6rslag till disponerande av f\u00f6reningens tillg\u00e5ngar.<\/p>\n<p>Har beslut om f\u00f6reningens uppl\u00f6sning fattats skall dess handlingar \u00f6verl\u00e4mnas till FLOTTANS M\u00c4NS RIKSF\u00d6RBUND.<\/p>\n<p>[\/et_pb_text][\/et_pb_column_inner][\/et_pb_row_inner][\/et_pb_column][et_pb_column type=&#8221;1_4&#8243; _builder_version=&#8221;4.16&#8243; custom_padding=&#8221;|||&#8221; global_colors_info=&#8221;{}&#8221; custom_padding__hover=&#8221;|||&#8221;][et_pb_image src=&#8221;https:\/\/marinkamraterna.se\/sodertalje\/wp-content\/uploads\/sites\/13\/2021\/11\/FM-symbol-farg-5-cm.gif&#8221; alt=&#8221;body of water during golden hour&#8221; title_text=&#8221;FM Symbol F\u00e4rg 5 Cm&#8221; _builder_version=&#8221;4.20.4&#8243; _module_preset=&#8221;default&#8221; custom_margin=&#8221;||10px||false|false&#8221; custom_padding=&#8221;||||false|false&#8221; global_colors_info=&#8221;{}&#8221;][\/et_pb_image][et_pb_sidebar orientation=&#8221;right&#8221; area=&#8221;et_pb_widget_area_5&#8243; module_class=&#8221;right-menues&#8221; _builder_version=&#8221;4.9.11&#8243; _module_preset=&#8221;default&#8221; custom_margin=&#8221;||0px||false|false&#8221; global_module=&#8221;35107&#8243; saved_tabs=&#8221;all&#8221; locked=&#8221;off&#8221; global_colors_info=&#8221;{}&#8221;][\/et_pb_sidebar][et_pb_sidebar orientation=&#8221;right&#8221; _builder_version=&#8221;4.9.4&#8243; _module_preset=&#8221;default&#8221; header_font=&#8221;|600||on|||||&#8221; header_font_size=&#8221;20px&#8221; global_module=&#8221;33531&#8243; saved_tabs=&#8221;all&#8221; locked=&#8221;off&#8221; global_colors_info=&#8221;{}&#8221;][\/et_pb_sidebar][\/et_pb_column][\/et_pb_section]<\/p>\n","protected":false},"excerpt":{"rendered":"<p>STADGAR f\u00f6r Kamratf\u00f6reningen Flottans M\u00e4n i S\u00f6dert\u00e4ljeLokalf\u00f6rening i FLOTTANS M\u00c4NS RIKSF\u00d6RBUND Fastst\u00e4llda maj 2016 \u00a7 1. \u00c4ndam\u00e5l F\u00f6reningens \u00e4ndam\u00e5l \u00e4r: \u00b7 att verka f\u00f6r gemenskap och sammanh\u00e5llning inom flottan \u00b7 att fr\u00e4mja kamratskapet mellan dem som tj\u00e4nstgjort och dem som tj\u00e4nstg\u00f6r vid flottan \u00b7 att inom f\u00f6reningen och genom samh\u00e4llskontakter i \u00f6vrigt sprida k\u00e4nnedom om [&hellip;]<\/p>\n","protected":false},"author":1,"featured_media":0,"parent":33152,"menu_order":4,"comment_status":"closed","ping_status":"closed","template":"","meta":{"_et_pb_use_builder":"on","_et_pb_old_content":"","_et_gb_content_width":"","iawp_total_views":174,"footnotes":""},"class_list":["post-33990","page","type-page","status-publish","hentry"],"_links":{"self":[{"href":"https:\/\/marinkamraterna.se\/sodertalje\/wp-json\/wp\/v2\/pages\/33990","targetHints":{"allow":["GET"]}}],"collection":[{"href":"https:\/\/marinkamraterna.se\/sodertalje\/wp-json\/wp\/v2\/pages"}],"about":[{"href":"https:\/\/marinkamraterna.se\/sodertalje\/wp-json\/wp\/v2\/types\/page"}],"author":[{"embeddable":true,"href":"https:\/\/marinkamraterna.se\/sodertalje\/wp-json\/wp\/v2\/users\/1"}],"replies":[{"embeddable":true,"href":"https:\/\/marinkamraterna.se\/sodertalje\/wp-json\/wp\/v2\/comments?post=33990"}],"version-history":[{"count":11,"href":"https:\/\/marinkamraterna.se\/sodertalje\/wp-json\/wp\/v2\/pages\/33990\/revisions"}],"predecessor-version":[{"id":37861,"href":"https:\/\/marinkamraterna.se\/sodertalje\/wp-json\/wp\/v2\/pages\/33990\/revisions\/37861"}],"up":[{"embeddable":true,"href":"https:\/\/marinkamraterna.se\/sodertalje\/wp-json\/wp\/v2\/pages\/33152"}],"wp:attachment":[{"href":"https:\/\/marinkamraterna.se\/sodertalje\/wp-json\/wp\/v2\/media?parent=33990"}],"curies":[{"name":"wp","href":"https:\/\/api.w.org\/{rel}","templated":true}]}}