{"id":35436,"date":"2021-09-16T13:13:43","date_gmt":"2021-09-16T11:13:43","guid":{"rendered":"https:\/\/andersa6.sg-host.com\/sodertalje\/?page_id=35436"},"modified":"2025-05-06T19:32:26","modified_gmt":"2025-05-06T17:32:26","slug":"notholmen","status":"publish","type":"page","link":"https:\/\/marinkamraterna.se\/sodertalje\/startsidan\/notholmen\/","title":{"rendered":"Notholmen"},"content":{"rendered":"<p>[et_pb_section fb_built=&#8221;1&#8243; specialty=&#8221;on&#8221; padding_top_1=&#8221;0px&#8221; padding_top_2=&#8221;0px&#8221; padding_top_bottom_link_1=&#8221;false&#8221; padding_top_bottom_link_2=&#8221;false&#8221; padding_left_right_link_1=&#8221;false&#8221; padding_left_right_link_2=&#8221;false&#8221; _builder_version=&#8221;4.16&#8243; _module_preset=&#8221;default&#8221; custom_margin=&#8221;||||false|false&#8221; custom_padding=&#8221;0px||||false|false&#8221; locked=&#8221;off&#8221; global_colors_info=&#8221;{}&#8221;][et_pb_column type=&#8221;3_4&#8243; specialty_columns=&#8221;3&#8243; _builder_version=&#8221;4.16&#8243; custom_padding=&#8221;|||&#8221; global_colors_info=&#8221;{}&#8221; custom_padding__hover=&#8221;|||&#8221;][et_pb_row_inner _builder_version=&#8221;4.16&#8243; _module_preset=&#8221;default&#8221; min_height=&#8221;4943.3px&#8221; custom_padding=&#8221;6px|||||&#8221; global_colors_info=&#8221;{}&#8221;][et_pb_column_inner saved_specialty_column_type=&#8221;3_4&#8243; _builder_version=&#8221;4.16&#8243; _module_preset=&#8221;default&#8221; global_colors_info=&#8221;{}&#8221;][et_pb_text _builder_version=&#8221;4.16&#8243; _module_preset=&#8221;default&#8221; text_font_size=&#8221;33px&#8221; min_height=&#8221;50px&#8221; custom_margin=&#8221;6px|||||&#8221; custom_padding=&#8221;21px||0px|||&#8221; global_colors_info=&#8221;{}&#8221;]<\/p>\n<p>Notholmen<\/p>\n<p>[\/et_pb_text][et_pb_image src=&#8221;http:\/\/marinkamraterna.se\/sodertalje\/wp-content\/uploads\/sites\/13\/2021\/09\/Midsommarfirande-just-4-1.jpg&#8221; title_text=&#8221;Midsommarfirande just 4&#8243; _builder_version=&#8221;4.16&#8243; _module_preset=&#8221;default&#8221; global_colors_info=&#8221;{}&#8221;][\/et_pb_image][et_pb_text _builder_version=&#8221;4.20.4&#8243; _module_preset=&#8221;default&#8221; global_colors_info=&#8221;{}&#8221;]<\/p>\n<h1><span>\ud83c\udfe1 Stugor p\u00e5 Notholmen \u2013 Information och Avgifter<\/span><\/h1>\n<p><span><\/span><\/p>\n<h2><span>\ud83c\udf1f Tillg\u00e4ngliga stugor f\u00f6r uthyrning<\/span><\/h2>\n<p><span>Uddstugan: 3 + 2 b\u00e4ddar \u2013 Tv\u00e5 rum, v\u00e5ningss\u00e4ng<br \/>Solstugan 1\u20134: 2 b\u00e4ddar per stuga \u2013 Enkelrum med tv\u00e5 s\u00e4ngar<br \/>Gr\u00e5stugan: 2 b\u00e4ddar \u2013 Tv\u00e5 enkels\u00e4ngar<br \/>R\u00f6dastugan: 2 b\u00e4ddar \u2013 Tv\u00e5 enkels\u00e4ngar<br \/>Lillstugan: 4\u20136 b\u00e4ddar \u2013 Tv\u00e5 v\u00e5ningss\u00e4ngar<\/span><\/p>\n<p>*Extra madrasser finns att tillg\u00e5 f\u00f6r golvb\u00e4ddar vid behov.*<\/p>\n<h2><span>\ud83d\udcb0 Avgifter<\/span><\/h2>\n<p><span>Generella avgifter:<\/span><\/p>\n<ul>\n<li><span> Dagsavgift (ej \u00f6vernattande g\u00e4ster): 10 kr<br \/><em>(T\u00e4cker f\u00f6rbrukningsvaror som toalettpapper, diskmedel och underh\u00e5ll)<\/em><br \/>\u2022 Fiskekort: 150 kr\/\u00e5r<br \/><em>(Obligatoriskt f\u00f6r att fiska i fiskevattnet som tillh\u00f6r Notholmen)<\/em><br \/>\u2022 Sm\u00e5b\u00e5tsavgift: 250 kr\/s\u00e4song (sommar eller vinter)<br \/>\u00a0 <em>(F\u00f6r privat b\u00e5t som ligger vid Notholmen)<\/em><\/span><\/li>\n<\/ul>\n<p><span>Stuguthyrning (per natt):<\/span><\/p>\n<ul>\n<li><span> Medlemmar: 80 kr<br \/>\u2022 G\u00e4ster: 130 kr<br \/>\u2022 Uddstugan: 80 kr\/rum (medlem), 130 kr\/rum (g\u00e4st)<\/span><\/li>\n<\/ul>\n<p><span>Hamnavgifter (per natt inkl. el):<\/span><\/p>\n<ul>\n<li><span> Medlemmar: 60 kr<br \/>\u2022 G\u00e4ster: 100 kr<br \/>\u2022 \u00d6vriga: 150 kr<\/span><\/li>\n<\/ul>\n<h2><span>\ud83d\udcf2 Betalning<\/span><\/h2>\n<p><span>Du kan betala via Plusgiro, Swish eller kontant:<\/span><\/p>\n<p>\u2022 Plusgiro: 336174-8<br \/>\u2022 Swish: 070-735 61 59<br \/>\u00a0 (Mottagare: Christer Norman. Ange i meddelandet vad betalningen avser \u2013 t.ex. \u201dStuga 2 juli\u201d eller \u201dHamnavgift 3 aug\u201d.)<\/p>\n<p>\u2022 Kontant betalning:<br \/>\u00a0 L\u00e4gg pengar i kuvert (finns oftast i k\u00f6ket), och skicka ett SMS till Christer p\u00e5 070-735 61 59 som kvitto p\u00e5 din betalning.<\/p>\n<h2><span>\ud83d\udcde Bokning<\/span><\/h2>\n<p><span>Boka stuga genom Katrin Norman<br \/>Telefon: 073-787 11 30<\/span><\/p>\n<h2><span>\u2693 Hamnv\u00e4rdar<\/span><\/h2>\n<p><span>Hamnv\u00e4rdar: Anders Westerberg och Henrik Mankefors.<br \/>Normalt finns plats f\u00f6r alla g\u00e4stande b\u00e5tar \u2013 f\u00f6rhandsbokning beh\u00f6vs inte.<\/span><\/p>\n<p>&nbsp;<\/p>\n<p>[\/et_pb_text][et_pb_image src=&#8221;http:\/\/marinkamraterna.se\/sodertalje\/wp-content\/uploads\/sites\/13\/2021\/09\/Notholmen-paravan-just-1.jpg&#8221; title_text=&#8221;Notholmen paravan just&#8221; _builder_version=&#8221;4.16&#8243; _module_preset=&#8221;default&#8221; global_colors_info=&#8221;{}&#8221;][\/et_pb_image][et_pb_text _builder_version=&#8221;4.16&#8243; _module_preset=&#8221;default&#8221; global_colors_info=&#8221;{}&#8221;]<\/p>\n<h1><span>Regler f\u00f6r Stugbokning p\u00e5 Notholmen<\/span><\/h1>\n<h2><span>\ud83d\udccc Vem f\u00e5r hyra?<\/span><\/h2>\n<ul>\n<li><span> Medlemmar i lokalf\u00f6reningen, deras familjer och v\u00e4nner i medlemmens s\u00e4llskap.<br \/>\u2022 \u00c4nkor\/\u00e4nklingar till medlemmar har samma r\u00e4ttigheter.<br \/>\u2022 Medlemmar i andra lokalf\u00f6reningar inom FM f\u00e5r ocks\u00e5 boka.<br \/>\u2022 Medlem kan boka f\u00f6r sl\u00e4kttr\u00e4ffar, arbetsaktiviteter, skolklasser m.m., efter godk\u00e4nnande fr\u00e5n styrelsen.<br \/>\u2022 Medlemmen \u00e4r alltid ansvarig vid dessa tillf\u00e4llen.<\/span><\/li>\n<\/ul>\n<h2><span>\ud83d\uddd3\ufe0f Bokningsregler<\/span><\/h2>\n<p><span>Standardbokning (max 2 veckor i f\u00f6rv\u00e4g):<\/span><\/p>\n<ul>\n<li><span> \u00d6nskem\u00e5l om specifik stuga kan l\u00e4mnas.<br \/>\u2022 Avbokning utan avgift \u00e4r till\u00e5ten men m\u00e5ste omedelbart meddelas bokningsansvarig.<br \/>\u2022 Vid storhelger kr\u00e4vs betalning om avbokning sker dagen f\u00f6re tilltr\u00e4de.<\/span><\/li>\n<\/ul>\n<p><span>Tidig bokning (mer \u00e4n 2 veckor i f\u00f6rv\u00e4g):<\/span><\/p>\n<ul>\n<li><span> Betalning sker vid bokningstillf\u00e4llet och \u00e5terbetalas inte.<br \/>\u2022 Meddela om stugan inte kommer att nyttjas.<\/span><\/li>\n<\/ul>\n<p><span>\u00d6vrigt:<\/span><\/p>\n<ul>\n<li><span> Bokningsansvarig f\u00f6rdelar stugor baserat p\u00e5 s\u00e4llskapets storlek, husdjur m.m.<br \/>\u2022 Medlemmars \u00f6nskem\u00e5l prioriteras framf\u00f6r icke-medlemmars.<br \/>\u2022 Meddelande ges om annan stuga tilldelas \u00e4n den \u00f6nskade.<\/span><\/li>\n<\/ul>\n<h2><span>\ud83d\udd11 Tilltr\u00e4de och bytesdag<\/span><\/h2>\n<ul>\n<li><span> Tilltr\u00e4de sker tidigast kl. 14:00 p\u00e5 tilltr\u00e4desdagen.<br \/>\u2022 Byte sker p\u00e5 s\u00f6ndagar eller annan helgdag.<\/span><\/li>\n<\/ul>\n<h2><span>\ud83c\udfe1 Om stugorna<\/span><\/h2>\n<ul>\n<li><span> Utrustade med madrasser, kuddar och t\u00e4cken.<br \/>\u2022 S\u00e4ngkl\u00e4der tas med av hyresg\u00e4sten.<br \/>\u2022 Tillg\u00e5ng till k\u00f6k, kyl\/frys och f\u00f6rvaringssk\u00e5p.<\/span><\/li>\n<\/ul>\n<h2><span>\ud83e\uddf9 St\u00e4dning<\/span><\/h2>\n<ul>\n<li><span> Stugor st\u00e4das efter anv\u00e4ndning.<br \/>\u2022 Tillh\u00f6righeter tas med hem eller placeras i f\u00f6rr\u00e5d.<br \/>\u2022 Sopor tas med hem.<\/span><\/li>\n<\/ul>\n<h2><span>\ud83d\udeb0 F\u00e4rskvatten<\/span><\/h2>\n<ul>\n<li><span> Inget f\u00e4rskvatten finns p\u00e5 \u00f6n \u2013 ta med eget vatten.<br \/>\u2022 Vattentank i k\u00f6ket \u00e4r en reserv som inte fylls p\u00e5 regelbundet och kan vara tom.<\/span><\/li>\n<\/ul>\n<h2><span>\u2753 Vid fr\u00e5gor eller skador<\/span><\/h2>\n<ul>\n<li><span> Kontakta n\u00e5gon i Styrelsen.<\/span><\/li>\n<\/ul>\n<h2><span>\ud83d\udea4 Sm\u00e5b\u00e5tar<\/span><\/h2>\n<ul>\n<li><span> Medlemmar kan f\u00f6rvara sm\u00e5b\u00e5tar p\u00e5 \u00f6n mot avgift, om de anv\u00e4nds regelbundet.<br \/>\u2022 F\u00f6rvaring i sj\u00f6n kr\u00e4ver styrelsens godk\u00e4nnande.<br \/>\u2022 B\u00e5tar som inte anv\u00e4nts under \u00e5ret debiteras 1000 kr vid h\u00f6stst\u00e4dning enligt \u00e5rsm\u00f6tesbeslut.<\/span><\/li>\n<\/ul>\n<p>[\/et_pb_text][et_pb_image src=&#8221;http:\/\/marinkamraterna.se\/sodertalje\/wp-content\/uploads\/sites\/13\/2021\/09\/Vinter-2012-just-2-1.jpg&#8221; title_text=&#8221;Vinter 2012 just 2&#8243; _builder_version=&#8221;4.16&#8243; _module_preset=&#8221;default&#8221; global_colors_info=&#8221;{}&#8221;][\/et_pb_image][\/et_pb_column_inner][\/et_pb_row_inner][\/et_pb_column][et_pb_column type=&#8221;1_4&#8243; _builder_version=&#8221;4.16&#8243; custom_padding=&#8221;|||&#8221; global_colors_info=&#8221;{}&#8221; custom_padding__hover=&#8221;|||&#8221;][et_pb_image src=&#8221;https:\/\/marinkamraterna.se\/sodertalje\/wp-content\/uploads\/sites\/13\/2021\/11\/FM-symbol-farg-5-cm.gif&#8221; title_text=&#8221;FM Symbol F\u00e4rg 5 Cm&#8221; _builder_version=&#8221;4.20.4&#8243; _module_preset=&#8221;default&#8221; global_colors_info=&#8221;{}&#8221;][\/et_pb_image][\/et_pb_column][\/et_pb_section]<\/p>\n","protected":false},"excerpt":{"rendered":"<p>Notholmen\ud83c\udfe1 Stugor p\u00e5 Notholmen \u2013 Information och Avgifter \ud83c\udf1f Tillg\u00e4ngliga stugor f\u00f6r uthyrning Uddstugan: 3 + 2 b\u00e4ddar \u2013 Tv\u00e5 rum, v\u00e5ningss\u00e4ngSolstugan 1\u20134: 2 b\u00e4ddar per stuga \u2013 Enkelrum med tv\u00e5 s\u00e4ngarGr\u00e5stugan: 2 b\u00e4ddar \u2013 Tv\u00e5 enkels\u00e4ngarR\u00f6dastugan: 2 b\u00e4ddar \u2013 Tv\u00e5 enkels\u00e4ngarLillstugan: 4\u20136 b\u00e4ddar \u2013 Tv\u00e5 v\u00e5ningss\u00e4ngar *Extra madrasser finns att tillg\u00e5 f\u00f6r golvb\u00e4ddar vid [&hellip;]<\/p>\n","protected":false},"author":8,"featured_media":0,"parent":23,"menu_order":0,"comment_status":"closed","ping_status":"closed","template":"","meta":{"_et_pb_use_builder":"on","_et_pb_old_content":"","_et_gb_content_width":"","iawp_total_views":769,"footnotes":""},"class_list":["post-35436","page","type-page","status-publish","hentry"],"_links":{"self":[{"href":"https:\/\/marinkamraterna.se\/sodertalje\/wp-json\/wp\/v2\/pages\/35436","targetHints":{"allow":["GET"]}}],"collection":[{"href":"https:\/\/marinkamraterna.se\/sodertalje\/wp-json\/wp\/v2\/pages"}],"about":[{"href":"https:\/\/marinkamraterna.se\/sodertalje\/wp-json\/wp\/v2\/types\/page"}],"author":[{"embeddable":true,"href":"https:\/\/marinkamraterna.se\/sodertalje\/wp-json\/wp\/v2\/users\/8"}],"replies":[{"embeddable":true,"href":"https:\/\/marinkamraterna.se\/sodertalje\/wp-json\/wp\/v2\/comments?post=35436"}],"version-history":[{"count":32,"href":"https:\/\/marinkamraterna.se\/sodertalje\/wp-json\/wp\/v2\/pages\/35436\/revisions"}],"predecessor-version":[{"id":37977,"href":"https:\/\/marinkamraterna.se\/sodertalje\/wp-json\/wp\/v2\/pages\/35436\/revisions\/37977"}],"up":[{"embeddable":true,"href":"https:\/\/marinkamraterna.se\/sodertalje\/wp-json\/wp\/v2\/pages\/23"}],"wp:attachment":[{"href":"https:\/\/marinkamraterna.se\/sodertalje\/wp-json\/wp\/v2\/media?parent=35436"}],"curies":[{"name":"wp","href":"https:\/\/api.w.org\/{rel}","templated":true}]}}