{"id":35464,"date":"2021-09-16T13:39:50","date_gmt":"2021-09-16T11:39:50","guid":{"rendered":"https:\/\/andersa6.sg-host.com\/sodertalje\/?page_id=35464"},"modified":"2025-04-24T23:13:49","modified_gmt":"2025-04-24T21:13:49","slug":"flaskposten","status":"publish","type":"page","link":"https:\/\/marinkamraterna.se\/sodertalje\/startsidan\/flaskposten\/","title":{"rendered":"Flaskposten"},"content":{"rendered":"<p>[et_pb_section fb_built=&#8221;1&#8243; specialty=&#8221;on&#8221; padding_top_1=&#8221;0px&#8221; padding_top_2=&#8221;0px&#8221; padding_top_bottom_link_1=&#8221;false&#8221; padding_top_bottom_link_2=&#8221;false&#8221; padding_left_right_link_1=&#8221;false&#8221; padding_left_right_link_2=&#8221;false&#8221; _builder_version=&#8221;4.16&#8243; _module_preset=&#8221;default&#8221; custom_margin=&#8221;||||false|false&#8221; custom_padding=&#8221;||||false|false&#8221; hover_enabled=&#8221;0&#8243; locked=&#8221;off&#8221; global_colors_info=&#8221;{}&#8221; sticky_enabled=&#8221;0&#8243;][et_pb_column type=&#8221;3_4&#8243; specialty_columns=&#8221;3&#8243; _builder_version=&#8221;4.16&#8243; custom_padding=&#8221;|||&#8221; global_colors_info=&#8221;{}&#8221; custom_padding__hover=&#8221;|||&#8221;][et_pb_row_inner _builder_version=&#8221;4.16&#8243; _module_preset=&#8221;default&#8221; custom_margin=&#8221;|-176px||||&#8221; custom_padding=&#8221;|0px||||&#8221; global_colors_info=&#8221;{}&#8221;][et_pb_column_inner saved_specialty_column_type=&#8221;3_4&#8243; _builder_version=&#8221;4.16&#8243; _module_preset=&#8221;default&#8221; global_colors_info=&#8221;{}&#8221;][et_pb_text _builder_version=&#8221;4.24.2&#8243; _module_preset=&#8221;default&#8221; global_colors_info=&#8221;{}&#8221; inline_fonts=&#8221;Abyssinica SIL&#8221;]<\/p>\n<blockquote>\n<h1 style=\"text-align: center\"><span style=\"font-size: xx-large\"><strong>Flaskposten<\/strong><\/span><\/h1>\n<\/blockquote>\n<h2 align=\"center\">KAMRATSKAP \u00d6RLOGSTRADITION SJ\u00d6F\u00d6RSVAR<\/h2>\n<h2 align=\"center\">\u00a0<\/h2>\n<h2 style=\"text-align: left\" align=\"center\"><span style=\"font-size: x-large\"><strong>2016<\/strong><\/span><\/h2>\n<p><strong><a href=\"\/sodertalje\/wp-content\/uploads\/sites\/13\/2021\/09\/Flaskposten_2016-2.pdf\" target=\"_blank\" rel=\"noopener\">Flaskposten 2-2016<\/a><\/strong><\/p>\n<p><strong><a href=\"\/sodertalje\/wp-content\/uploads\/sites\/13\/2021\/09\/Flaskposten_2016-1.pdf\" target=\"_blank\" rel=\"noopener\">Flaskposten 1-2016<\/a><\/strong><\/p>\n<h2 style=\"text-align: left\" align=\"center\"><span style=\"font-size: x-large\"><strong>2015\u00a0<\/strong><\/span><\/h2>\n<p><a href=\"https:\/\/marinkamraterna.se\/uploads\/sodertalje\/Flaskposten_2015-3.pdf\" target=\"_blank\" rel=\"noopener\"><strong>Flaskposten 3-2015<\/strong><\/a><\/p>\n<p><strong><a href=\"https:\/\/marinkamraterna.se\/uploads\/sodertalje\/Flaskposten_2015-2-2.pdf\" target=\"_blank\" rel=\"noopener\">Flaskposten 2-2015<\/a><\/strong><\/p>\n<p><strong><a href=\"https:\/\/marinkamraterna.se\/uploads\/sodertalje\/Flaskposten_2015-1.pdf\" target=\"_blank\" rel=\"noopener\">Flaskposten 1-2015<\/a><\/strong><\/p>\n<h2 align=\"left\"><span style=\"font-size: x-large\"><strong>2014<\/strong><\/span><\/h2>\n<p><strong><a href=\"https:\/\/marinkamraterna.se\/uploads\/sodertalje\/Flaskposten3-2014.pdf\" target=\"_blank\" rel=\"noopener\">Flaskposten3-2014.pdf<\/a><\/strong><\/p>\n<p><strong><a href=\"https:\/\/marinkamraterna.se\/uploads\/sodertalje\/Flaskposten2-2014.pdf\" target=\"_blank\" rel=\"noopener\">Flaskposten2-2014.pdf<\/a><\/strong><\/p>\n<p><strong><a href=\"https:\/\/marinkamraterna.se\/uploads\/sodertalje\/Flaskposten%201%202014.pdf\" target=\"_blank\" rel=\"noopener\">Flaskposten 1 2014.pdf<\/a><\/strong><\/p>\n<h2 align=\"left\"><span style=\"font-size: x-large\"><strong>2013\u00a0<\/strong><\/span><\/h2>\n<p align=\"left\"><a title=\"Flaskposten nr 1_2013\" href=\"https:\/\/marinkamraterna.se\/uploads\/sodertalje\/Flaskposten1-2013.pdf\" target=\"_self\" rel=\"noopener\"><strong>Flaskposten nr 1_2013<\/strong><\/a><\/p>\n<p><a title=\"Flaskposten 2_2013\" href=\"https:\/\/marinkamraterna.se\/uploads\/sodertalje\/Flaskposten2_2013.pdf\"><strong>Flaskposten nr 2_2013<\/strong><\/a><\/p>\n<h2 align=\"left\"><span style=\"font-size: x-large\"><strong>2012<\/strong><\/span><\/h2>\n<p><a title=\"Flaskposten nr 3_2012\" href=\"https:\/\/marinkamraterna.se\/uploads\/sodertalje\/Flaskposten32012.pdf\" target=\"_self\" rel=\"noopener\"><strong>Flaskposten nr 3_2012<\/strong><\/a><\/p>\n<p><a title=\"Flaskposten nr 2_2012\" href=\"https:\/\/marinkamraterna.se\/uploads\/sodertalje\/Flaskposten%20nr%202-2%202012.pdf\" target=\"_self\" rel=\"noopener\"><strong>Flaskposten nr 2_2012<\/strong><\/a><\/p>\n<p><a title=\"Flaskposten nr 1-2012\" href=\"https:\/\/marinkamraterna.se\/uploads\/sodertalje\/Flaskposten%201%202012.pdf\" target=\"_self\" rel=\"noopener\"><strong>Flaskposten nr 1-2012<\/strong><\/a><\/p>\n<h2><span style=\"font-size: x-large\"><strong>2011<\/strong><\/span><\/h2>\n<h2><span style=\"font-size: small\"><a title=\"Flaskposten nr 3-2011\" href=\"https:\/\/marinkamraterna.se\/uploads\/sodertalje\/flaskposten_nr3-2011.pdf\" target=\"_self\" rel=\"noopener\"><strong>Flaskposten nr 3-2011<\/strong><\/a><\/span><\/h2>\n<p><a title=\"Flaskposten nr 1-2011\" href=\"https:\/\/marinkamraterna.se\/uploads\/sodertalje\/Flaskposten_nr1-2011.pdf\" target=\"_self\" rel=\"noopener\"><strong>Flaskposten nr 2-2011<\/strong><\/a><\/p>\n<p><a title=\"Flaskposten nr 1-2011\" href=\"https:\/\/marinkamraterna.se\/uploads\/sodertalje\/Flaskposten_nr1-2011.pdf\" target=\"_self\" rel=\"noopener\"><strong>Flaskposten nr 1-2011<\/strong><\/a><\/p>\n<h2><span style=\"font-size: x-large\"><strong>2010<\/strong><\/span><\/h2>\n<p><a title=\"Flaskposten nr 1-2010\" href=\"https:\/\/marinkamraterna.se\/uploads\/sodertalje\/Flaskposten_nr%201-2010.pdf\" target=\"_self\" rel=\"noopener\"><strong>Flaskposten nr 1-2010<\/strong><\/a><\/p>\n<h2><span style=\"font-family: 'Abyssinica SIL';font-weight: normal;font-size: x-large\"><strong>2009<\/strong><\/span><\/h2>\n<p><a title=\"Flaskposten nr 2-2009\" href=\"https:\/\/marinkamraterna.se\/uploads\/sodertalje\/flaskposten_nr2-2009.pdf\" target=\"_self\" rel=\"noopener\"><strong>Flaskposten nr 2-2009<\/strong><\/a><\/p>\n<p><a title=\"Flaskposten nr 1-2009\" href=\"https:\/\/marinkamraterna.se\/uploads\/sodertalje\/flaskposten_nr1-2009.pdf\" target=\"_self\" rel=\"noopener\"><strong>Flaskposten nr 1-2009<\/strong><\/a><\/p>\n<p>[\/et_pb_text][\/et_pb_column_inner][\/et_pb_row_inner][\/et_pb_column][et_pb_column type=&#8221;1_4&#8243; _builder_version=&#8221;4.16&#8243; custom_padding=&#8221;|||&#8221; global_colors_info=&#8221;{}&#8221; custom_padding__hover=&#8221;|||&#8221;][\/et_pb_column][\/et_pb_section]<\/p>\n","protected":false},"excerpt":{"rendered":"<p>Flaskposten KAMRATSKAP \u00d6RLOGSTRADITION SJ\u00d6F\u00d6RSVAR \u00a0 2016 Flaskposten 2-2016 Flaskposten 1-2016 2015\u00a0 Flaskposten 3-2015 Flaskposten 2-2015 Flaskposten 1-2015 2014 Flaskposten3-2014.pdf Flaskposten2-2014.pdf Flaskposten 1 2014.pdf 2013\u00a0 Flaskposten nr 1_2013 Flaskposten nr 2_2013 2012 Flaskposten nr 3_2012 Flaskposten nr 2_2012 Flaskposten nr 1-2012 2011 Flaskposten nr 3-2011 Flaskposten nr 2-2011 Flaskposten nr 1-2011 2010 Flaskposten nr 1-2010 2009 [&hellip;]<\/p>\n","protected":false},"author":8,"featured_media":0,"parent":23,"menu_order":2,"comment_status":"closed","ping_status":"closed","template":"","meta":{"_et_pb_use_builder":"on","_et_pb_old_content":"","_et_gb_content_width":"","iawp_total_views":179,"footnotes":""},"class_list":["post-35464","page","type-page","status-publish","hentry"],"_links":{"self":[{"href":"https:\/\/marinkamraterna.se\/sodertalje\/wp-json\/wp\/v2\/pages\/35464","targetHints":{"allow":["GET"]}}],"collection":[{"href":"https:\/\/marinkamraterna.se\/sodertalje\/wp-json\/wp\/v2\/pages"}],"about":[{"href":"https:\/\/marinkamraterna.se\/sodertalje\/wp-json\/wp\/v2\/types\/page"}],"author":[{"embeddable":true,"href":"https:\/\/marinkamraterna.se\/sodertalje\/wp-json\/wp\/v2\/users\/8"}],"replies":[{"embeddable":true,"href":"https:\/\/marinkamraterna.se\/sodertalje\/wp-json\/wp\/v2\/comments?post=35464"}],"version-history":[{"count":9,"href":"https:\/\/marinkamraterna.se\/sodertalje\/wp-json\/wp\/v2\/pages\/35464\/revisions"}],"predecessor-version":[{"id":37966,"href":"https:\/\/marinkamraterna.se\/sodertalje\/wp-json\/wp\/v2\/pages\/35464\/revisions\/37966"}],"up":[{"embeddable":true,"href":"https:\/\/marinkamraterna.se\/sodertalje\/wp-json\/wp\/v2\/pages\/23"}],"wp:attachment":[{"href":"https:\/\/marinkamraterna.se\/sodertalje\/wp-json\/wp\/v2\/media?parent=35464"}],"curies":[{"name":"wp","href":"https:\/\/api.w.org\/{rel}","templated":true}]}}