{"id":33152,"date":"2020-12-10T17:41:01","date_gmt":"2020-12-10T16:41:01","guid":{"rendered":"https:\/\/wwps.se\/?page_id=33152"},"modified":"2026-03-30T18:05:20","modified_gmt":"2026-03-30T16:05:20","slug":"om-foreningen","status":"publish","type":"page","link":"https:\/\/marinkamraterna.se\/stockholm\/om-foreningen\/","title":{"rendered":"Om f\u00f6reningen"},"content":{"rendered":"<p>[et_pb_section fb_built=&#8221;1&#8243; specialty=&#8221;on&#8221; padding_top_1=&#8221;0px&#8221; padding_top_2=&#8221;0px&#8221; padding_top_bottom_link_1=&#8221;false&#8221; padding_top_bottom_link_2=&#8221;false&#8221; padding_left_right_link_1=&#8221;false&#8221; padding_left_right_link_2=&#8221;false&#8221; _builder_version=&#8221;4.16&#8243; _module_preset=&#8221;default&#8221; custom_margin=&#8221;||||false|false&#8221; custom_padding=&#8221;||||false|false&#8221; locked=&#8221;off&#8221; global_colors_info=&#8221;{}&#8221;][et_pb_column type=&#8221;3_4&#8243; specialty_columns=&#8221;3&#8243; _builder_version=&#8221;4.16&#8243; custom_padding=&#8221;|||&#8221; global_colors_info=&#8221;{}&#8221; custom_padding__hover=&#8221;|||&#8221;][et_pb_row_inner _builder_version=&#8221;4.16&#8243; _module_preset=&#8221;default&#8221; custom_padding=&#8221;0px||||false|false&#8221; global_colors_info=&#8221;{}&#8221;][et_pb_column_inner saved_specialty_column_type=&#8221;3_4&#8243; _builder_version=&#8221;4.16&#8243; _module_preset=&#8221;default&#8221; global_colors_info=&#8221;{}&#8221;][et_pb_post_title meta=&#8221;off&#8221; featured_image=&#8221;off&#8221; _builder_version=&#8221;4.16&#8243; _module_preset=&#8221;default&#8221; title_font_size=&#8221;35px&#8221; global_colors_info=&#8221;{}&#8221;][\/et_pb_post_title][et_pb_text _builder_version=&#8221;4.16&#8243; _module_preset=&#8221;default&#8221; global_colors_info=&#8221;{}&#8221;]<\/p>\n<p>Flottans M\u00e4n \u00e4r f\u00f6reningen f\u00f6r alla som har intresse f\u00f6r Flottan och vill vara med i kamratskapet kring Flottan. Flottans M\u00e4n v\u00e4rnar om det goda kamratskapet mellan oss som tidigare har tj\u00e4nstgjort i Marinen och om den gemenskap som finns mellan oss och dem som nu tj\u00e4nstg\u00f6r. Vi bidrar till att h\u00e5lla Marinens traditioner levande och till att sprida information om Marinen och dess verksamhet. Vi tr\u00e4ffas kring v\u00e5rt gemensamma intresse och har trevligt tillsammans.<\/p>\n<p>F\u00f6reningen bildades 1935 och har idag ca 3 500 medlemmar f\u00f6rdelade p\u00e5 25 lokalf\u00f6reningar. Kamratf\u00f6reningen Flottans M\u00e4n Stockholm blev sj\u00e4lvst\u00e4ndig f\u00f6rening 1989 och \u00e4r den st\u00f6rsta f\u00f6reningen med drygt 600 medlemmar inom Riksf\u00f6rbundet Flottans M\u00e4n.<\/p>\n<p>Stockholmsf\u00f6reningen arrenderar en sk\u00e4rg\u00e5rds\u00f6 som heter Stora Tratten d\u00e4r medlemmar fr\u00e5n alla f\u00f6reningar inom Flottans M\u00e4n kan hyra stuga. Mer om denna h\u00e4rliga \u00f6 finns under rubriken Stora Tratten. F\u00f6reningens kommande aktiviteter redovisas under rubriken &#8221;Program&#8221;.<\/p>\n<p>[\/et_pb_text][\/et_pb_column_inner][\/et_pb_row_inner][\/et_pb_column][et_pb_column type=&#8221;1_4&#8243; _builder_version=&#8221;4.16&#8243; custom_padding=&#8221;|||&#8221; global_colors_info=&#8221;{}&#8221; custom_padding__hover=&#8221;|||&#8221;][et_pb_image src=&#8221;https:\/\/marinkamraterna.se\/stockholm\/wp-content\/uploads\/sites\/3\/2021\/06\/Kan-FM-Logotype.jpg&#8221; alt=&#8221;FM logo&#8221; title_text=&#8221;Kan FM Logotype&#8221; align=&#8221;center&#8221; _builder_version=&#8221;4.16&#8243; _module_preset=&#8221;default&#8221; global_colors_info=&#8221;{}&#8221;][\/et_pb_image][et_pb_sidebar orientation=&#8221;right&#8221; area=&#8221;et_pb_widget_area_5&#8243; module_class=&#8221;right-menues&#8221; _builder_version=&#8221;4.9.11&#8243; _module_preset=&#8221;default&#8221; custom_margin=&#8221;||0px||false|false&#8221; global_module=&#8221;35107&#8243; saved_tabs=&#8221;all&#8221; global_colors_info=&#8221;{}&#8221;][\/et_pb_sidebar][et_pb_sidebar orientation=&#8221;right&#8221; admin_label=&#8221;Sidof\u00e4lt&#8221; _builder_version=&#8221;4.9.4&#8243; _module_preset=&#8221;default&#8221; header_font=&#8221;|600||on|||||&#8221; header_font_size=&#8221;20px&#8221; global_module=&#8221;33531&#8243; saved_tabs=&#8221;all&#8221; locked=&#8221;off&#8221; global_colors_info=&#8221;{}&#8221;][\/et_pb_sidebar][\/et_pb_column][\/et_pb_section]<\/p>\n","protected":false},"excerpt":{"rendered":"<p>Flottans M\u00e4n \u00e4r f\u00f6reningen f\u00f6r alla som har intresse f\u00f6r Flottan och vill vara med i kamratskapet kring Flottan. Flottans M\u00e4n v\u00e4rnar om det goda kamratskapet mellan oss som tidigare har tj\u00e4nstgjort i Marinen och om den gemenskap som finns mellan oss och dem som nu tj\u00e4nstg\u00f6r. Vi bidrar till att h\u00e5lla Marinens traditioner levande [&hellip;]<\/p>\n","protected":false},"author":3,"featured_media":0,"parent":0,"menu_order":1,"comment_status":"closed","ping_status":"closed","template":"","meta":{"_et_pb_use_builder":"on","_et_pb_old_content":"","_et_gb_content_width":"","iawp_total_views":355,"footnotes":""},"class_list":["post-33152","page","type-page","status-publish","hentry"],"_links":{"self":[{"href":"https:\/\/marinkamraterna.se\/stockholm\/wp-json\/wp\/v2\/pages\/33152","targetHints":{"allow":["GET"]}}],"collection":[{"href":"https:\/\/marinkamraterna.se\/stockholm\/wp-json\/wp\/v2\/pages"}],"about":[{"href":"https:\/\/marinkamraterna.se\/stockholm\/wp-json\/wp\/v2\/types\/page"}],"author":[{"embeddable":true,"href":"https:\/\/marinkamraterna.se\/stockholm\/wp-json\/wp\/v2\/users\/3"}],"replies":[{"embeddable":true,"href":"https:\/\/marinkamraterna.se\/stockholm\/wp-json\/wp\/v2\/comments?post=33152"}],"version-history":[{"count":28,"href":"https:\/\/marinkamraterna.se\/stockholm\/wp-json\/wp\/v2\/pages\/33152\/revisions"}],"predecessor-version":[{"id":37910,"href":"https:\/\/marinkamraterna.se\/stockholm\/wp-json\/wp\/v2\/pages\/33152\/revisions\/37910"}],"wp:attachment":[{"href":"https:\/\/marinkamraterna.se\/stockholm\/wp-json\/wp\/v2\/media?parent=33152"}],"curies":[{"name":"wp","href":"https:\/\/api.w.org\/{rel}","templated":true}]}}