{"id":33351,"date":"2021-04-05T13:38:02","date_gmt":"2021-04-05T11:38:02","guid":{"rendered":"https:\/\/andersa6.sg-host.com\/?page_id=33351"},"modified":"2025-05-15T19:37:40","modified_gmt":"2025-05-15T17:37:40","slug":"stora-tratten","status":"publish","type":"page","link":"https:\/\/marinkamraterna.se\/stockholm\/stora-tratten\/","title":{"rendered":"Stora Tratten"},"content":{"rendered":"<p>[et_pb_section fb_built=&#8221;1&#8243; specialty=&#8221;on&#8221; padding_top_1=&#8221;0px&#8221; padding_top_2=&#8221;0px&#8221; padding_top_bottom_link_1=&#8221;false&#8221; padding_top_bottom_link_2=&#8221;false&#8221; padding_left_right_link_1=&#8221;false&#8221; padding_left_right_link_2=&#8221;false&#8221; _builder_version=&#8221;4.16&#8243; _module_preset=&#8221;default&#8221; custom_margin=&#8221;||||false|false&#8221; custom_padding=&#8221;||||false|false&#8221; locked=&#8221;off&#8221; global_colors_info=&#8221;{}&#8221;][et_pb_column type=&#8221;3_4&#8243; specialty_columns=&#8221;3&#8243; _builder_version=&#8221;4.16&#8243; custom_padding=&#8221;|||&#8221; global_colors_info=&#8221;{}&#8221; custom_padding__hover=&#8221;|||&#8221;][et_pb_row_inner _builder_version=&#8221;4.16&#8243; _module_preset=&#8221;default&#8221; custom_padding=&#8221;0px||||false|false&#8221; global_colors_info=&#8221;{}&#8221;][et_pb_column_inner saved_specialty_column_type=&#8221;3_4&#8243; _builder_version=&#8221;4.16&#8243; _module_preset=&#8221;default&#8221; global_colors_info=&#8221;{}&#8221;][et_pb_post_title meta=&#8221;off&#8221; featured_image=&#8221;off&#8221; _builder_version=&#8221;4.16&#8243; _module_preset=&#8221;default&#8221; title_text_align=&#8221;center&#8221; title_font_size=&#8221;35px&#8221; global_colors_info=&#8221;{}&#8221;][\/et_pb_post_title][et_pb_text _builder_version=&#8221;4.16&#8243; _module_preset=&#8221;default&#8221; global_colors_info=&#8221;{}&#8221;]<\/p>\n<h2 style=\"text-align: center\">Hyr stuga i Stockholms sk\u00e4rg\u00e5rd<br \/>eller bes\u00f6k oss med egen b\u00e5t<\/h2>\n<p>[\/et_pb_text][et_pb_text _builder_version=&#8221;4.27.4&#8243; _module_preset=&#8221;default&#8221; global_colors_info=&#8221;{}&#8221;]<\/p>\n<p>Inte l\u00e5ngt fr\u00e5n Finnhamn i Stockholms sk\u00e4rg\u00e5rd ligger Flottans M\u00e4ns sommar\u00f6 Stora Tratten, l\u00e4tt tillg\u00e4nglig med sk\u00e4rg\u00e5rdsb\u00e5t fr\u00e5n stan. P\u00e5 \u00f6n kan f\u00f6reningens medlemmar hyra en stuga eller l\u00e4gga till med egen b\u00e5t. \u00d6n ligger utmed Husar\u00f6leden p\u00e5 N59\u00b028,1&#8242;, 018\u00b049,6&#8242;.<\/p>\n<p>[\/et_pb_text][\/et_pb_column_inner][\/et_pb_row_inner][et_pb_row_inner column_structure=&#8221;1_2,1_2&#8243; _builder_version=&#8221;4.16&#8243; _module_preset=&#8221;default&#8221; global_colors_info=&#8221;{}&#8221;][et_pb_column_inner type=&#8221;1_2&#8243; saved_specialty_column_type=&#8221;3_4&#8243; _builder_version=&#8221;4.16&#8243; _module_preset=&#8221;default&#8221; global_colors_info=&#8221;{}&#8221;][et_pb_text admin_label=&#8221;Text&#8221; _builder_version=&#8221;4.16&#8243; _module_preset=&#8221;default&#8221; global_colors_info=&#8221;{}&#8221;]<\/p>\n<p>P\u00e5 Stora Tratten finns ett klubbhus och sju stugor att hyra med tv\u00e5, tre eller fyra b\u00e4ddar. I alla stugor finns gasolk\u00f6k, kylsk\u00e5p eller kylbox, k\u00f6ksutrustning, tallrikar, glas, bestick och b\u00e4ddutrustning. F\u00e4rskvatten h\u00e4mtar du i v\u00e5r avsaltningsanl\u00e4ggning, diskvatten finns i tunnor utanf\u00f6r varje stuga. De flesta stugorna har ocks\u00e5 en vedeldad kamin.<\/p>\n<p>Det r\u00e5der ingen lyx p\u00e5 \u00f6n, men boendet \u00e4r mycket prisv\u00e4rt. P\u00e5 \u00f6n finns ocks\u00e5 en bastu, badbryggor, en badvik f\u00f6r barnen, roddb\u00e5tar att l\u00e5na och en g\u00e4sthamn. Runt \u00f6n finns fina fiskevatten.<\/p>\n<p>[\/et_pb_text][\/et_pb_column_inner][et_pb_column_inner type=&#8221;1_2&#8243; saved_specialty_column_type=&#8221;3_4&#8243; _builder_version=&#8221;4.16&#8243; _module_preset=&#8221;default&#8221; global_colors_info=&#8221;{}&#8221;][et_pb_image src=&#8221;https:\/\/marinkamraterna.se\/stockholm\/wp-content\/uploads\/sites\/3\/2021\/05\/AST-tratte_sjokort_storny.jpg&#8221; alt=&#8221;Tratten sj\u00f6kort&#8221; title_text=&#8221;Tratten sj\u00f6kort&#8221; show_in_lightbox=&#8221;on&#8221; _builder_version=&#8221;4.16&#8243; _module_preset=&#8221;default&#8221; global_colors_info=&#8221;{}&#8221;][\/et_pb_image][\/et_pb_column_inner][\/et_pb_row_inner][et_pb_row_inner _builder_version=&#8221;4.16&#8243; _module_preset=&#8221;default&#8221; collapsed=&#8221;off&#8221; global_colors_info=&#8221;{}&#8221;][et_pb_column_inner saved_specialty_column_type=&#8221;3_4&#8243; _builder_version=&#8221;4.16&#8243; _module_preset=&#8221;default&#8221; global_colors_info=&#8221;{}&#8221;][et_pb_text _builder_version=&#8221;4.16&#8243; _module_preset=&#8221;default&#8221; global_colors_info=&#8221;{}&#8221;]<\/p>\n<p>Flottans M\u00e4n k\u00f6pte \u00f6n \u00e5r 1944 och har sedan dess genom ideellt arbete och gener\u00f6sa g\u00e5vor gjorts till ett litet paradis. Stugorna har f\u00e5tt namn efter gestalter i Evert Taubes diktning som en hyllning till honom f\u00f6r att han en g\u00e5ng i tiden var med om att starta f\u00f6reningen Flottans M\u00e4n.<\/p>\n<p>\u00d6n \u00e4r \u00f6ppen under sommarperioden. Under denna tid finns en holmv\u00e4rd p\u00e5 \u00f6n som sk\u00f6ter \u00f6n och stugorna och som h\u00e4mtar och l\u00e4mnar alla nyanl\u00e4nda i Finnhamn vid ankomst eller hemf\u00e4rd. Ett par g\u00e5nger i veckan ordnas provianteringsresor till en aff\u00e4r i n\u00e4rheten.<\/p>\n<p>Ans\u00f6kan av stuga g\u00f6rs via <a href=\"https:\/\/marinkamraterna.se\/stockholm\/stora-tratten\/tratten-info\/bokning\/tratten-bokning-av-stuga\/\">Bokningsans\u00f6kan p\u00e5 hemsida<\/a><\/p>\n<p>[\/et_pb_text][et_pb_image src=&#8221;https:\/\/marinkamraterna.se\/stockholm\/wp-content\/uploads\/sites\/3\/2021\/05\/AST-trattenorienteringskarta.jpg&#8221; alt=&#8221;Tratten detaljplan&#8221; title_text=&#8221;Tratten detaljplan&#8221; align=&#8221;center&#8221; _builder_version=&#8221;4.16&#8243; _module_preset=&#8221;default&#8221; global_colors_info=&#8221;{}&#8221;][\/et_pb_image][\/et_pb_column_inner][\/et_pb_row_inner][\/et_pb_column][et_pb_column type=&#8221;1_4&#8243; _builder_version=&#8221;4.16&#8243; custom_padding=&#8221;|||&#8221; global_colors_info=&#8221;{}&#8221; custom_padding__hover=&#8221;|||&#8221;][et_pb_image src=&#8221;https:\/\/marinkamraterna.se\/stockholm\/wp-content\/uploads\/sites\/3\/2021\/05\/AST-01-Andra-2020.jpg&#8221; alt=&#8221;Tratten utsikt&#8221; title_text=&#8221;Tratten utsikt&#8221; show_in_lightbox=&#8221;on&#8221; _builder_version=&#8221;4.16&#8243; _module_preset=&#8221;default&#8221; global_colors_info=&#8221;{}&#8221;][\/et_pb_image][et_pb_sidebar orientation=&#8221;right&#8221; area=&#8221;et_pb_widget_area_4&#8243; module_class=&#8221;right-menues&#8221; _builder_version=&#8221;4.16&#8243; _module_preset=&#8221;default&#8221; global_colors_info=&#8221;{}&#8221;][\/et_pb_sidebar][et_pb_sidebar orientation=&#8221;right&#8221; _builder_version=&#8221;4.9.4&#8243; _module_preset=&#8221;default&#8221; header_font=&#8221;|600||on|||||&#8221; header_font_size=&#8221;20px&#8221; global_module=&#8221;33531&#8243; saved_tabs=&#8221;all&#8221; locked=&#8221;off&#8221; global_colors_info=&#8221;{}&#8221;][\/et_pb_sidebar][\/et_pb_column][\/et_pb_section]<\/p>\n","protected":false},"excerpt":{"rendered":"<p>Hyr stuga i Stockholms sk\u00e4rg\u00e5rdeller bes\u00f6k oss med egen b\u00e5tInte l\u00e5ngt fr\u00e5n Finnhamn i Stockholms sk\u00e4rg\u00e5rd ligger Flottans M\u00e4ns sommar\u00f6 Stora Tratten, l\u00e4tt tillg\u00e4nglig med sk\u00e4rg\u00e5rdsb\u00e5t fr\u00e5n stan. P\u00e5 \u00f6n kan f\u00f6reningens medlemmar hyra en stuga eller l\u00e4gga till med egen b\u00e5t. \u00d6n ligger utmed Husar\u00f6leden p\u00e5 N59\u00b028,1&#8242;, 018\u00b049,6&#8242;.P\u00e5 Stora Tratten finns ett klubbhus och [&hellip;]<\/p>\n","protected":false},"author":3,"featured_media":0,"parent":0,"menu_order":3,"comment_status":"closed","ping_status":"closed","template":"","meta":{"_et_pb_use_builder":"on","_et_pb_old_content":"[wpforms id=\"2000\" title=\"false\" description=\"false\"]","_et_gb_content_width":"","iawp_total_views":3390,"footnotes":""},"class_list":["post-33351","page","type-page","status-publish","hentry"],"_links":{"self":[{"href":"https:\/\/marinkamraterna.se\/stockholm\/wp-json\/wp\/v2\/pages\/33351","targetHints":{"allow":["GET"]}}],"collection":[{"href":"https:\/\/marinkamraterna.se\/stockholm\/wp-json\/wp\/v2\/pages"}],"about":[{"href":"https:\/\/marinkamraterna.se\/stockholm\/wp-json\/wp\/v2\/types\/page"}],"author":[{"embeddable":true,"href":"https:\/\/marinkamraterna.se\/stockholm\/wp-json\/wp\/v2\/users\/3"}],"replies":[{"embeddable":true,"href":"https:\/\/marinkamraterna.se\/stockholm\/wp-json\/wp\/v2\/comments?post=33351"}],"version-history":[{"count":12,"href":"https:\/\/marinkamraterna.se\/stockholm\/wp-json\/wp\/v2\/pages\/33351\/revisions"}],"predecessor-version":[{"id":37692,"href":"https:\/\/marinkamraterna.se\/stockholm\/wp-json\/wp\/v2\/pages\/33351\/revisions\/37692"}],"wp:attachment":[{"href":"https:\/\/marinkamraterna.se\/stockholm\/wp-json\/wp\/v2\/media?parent=33351"}],"curies":[{"name":"wp","href":"https:\/\/api.w.org\/{rel}","templated":true}]}}