{"id":33353,"date":"2021-04-05T13:38:35","date_gmt":"2021-04-05T11:38:35","guid":{"rendered":"https:\/\/andersa6.sg-host.com\/?page_id=33353"},"modified":"2026-03-30T18:23:54","modified_gmt":"2026-03-30T16:23:54","slug":"program","status":"publish","type":"page","link":"https:\/\/marinkamraterna.se\/stockholm\/program\/","title":{"rendered":"Program"},"content":{"rendered":"<p>[et_pb_section fb_built=&#8221;1&#8243; specialty=&#8221;on&#8221; padding_top_1=&#8221;0px&#8221; padding_top_2=&#8221;0px&#8221; padding_top_bottom_link_1=&#8221;false&#8221; padding_top_bottom_link_2=&#8221;false&#8221; padding_left_right_link_1=&#8221;false&#8221; padding_left_right_link_2=&#8221;false&#8221; _builder_version=&#8221;4.16&#8243; _module_preset=&#8221;default&#8221; custom_margin=&#8221;||||false|false&#8221; custom_padding=&#8221;||||false|false&#8221; locked=&#8221;off&#8221; global_colors_info=&#8221;{}&#8221;][et_pb_column type=&#8221;3_4&#8243; specialty_columns=&#8221;3&#8243; _builder_version=&#8221;4.16&#8243; custom_padding=&#8221;|||&#8221; global_colors_info=&#8221;{}&#8221; custom_padding__hover=&#8221;|||&#8221;][et_pb_row_inner _builder_version=&#8221;4.16&#8243; _module_preset=&#8221;default&#8221; custom_padding=&#8221;0px||||false|false&#8221; global_colors_info=&#8221;{}&#8221;][et_pb_column_inner saved_specialty_column_type=&#8221;3_4&#8243; _builder_version=&#8221;4.16&#8243; _module_preset=&#8221;default&#8221; global_colors_info=&#8221;{}&#8221;][et_pb_post_title meta=&#8221;off&#8221; featured_image=&#8221;off&#8221; _builder_version=&#8221;4.16&#8243; _module_preset=&#8221;default&#8221; title_font_size=&#8221;35px&#8221; global_colors_info=&#8221;{}&#8221;][\/et_pb_post_title][et_pb_text _builder_version=&#8221;4.27.6&#8243; _module_preset=&#8221;default&#8221; hover_enabled=&#8221;0&#8243; global_colors_info=&#8221;{}&#8221; sticky_enabled=&#8221;0&#8243;]<\/p>\n<p><strong><u>Prelimin\u00e4rt Program 2026<br \/><\/u><\/strong>H\u00e5ll dig uppdaterad genom regelbundna bes\u00f6k p\u00e5 v\u00e5r hemsida! Nya aktiviteter kan tillkomma med relativt kort framf\u00f6rh\u00e5llning och kung\u00f6rs d\u00e5 bara under Program eller Kalendarium p\u00e5 hemsidan.<\/p>\n<p><strong>Planerade aktiviteter inom Marinkamraterna Stockholm<br \/><\/strong>Varje helgfri tisdag mellan den 13 januari och den 2 juni samt mellan den 25 augusti och den 15 december tr\u00e4ffas vi kl. 12.30 f\u00f6r en stunds gemenskap kolleger\/kamrater emellan. Brukligt \u00e4r att n\u00e5gon medlem delar med sig av n\u00e5got intressant \u00e4mne (OBS! Helt frivilligt!)<br \/>F\u00f6reningen bjuder p\u00e5 kaffe och bulle. Platsen \u00e4r Drottning Victorias \u00d6rlogshem, Teatergatan 3 i biblioteket (vid sidan av frukostmatsalen). <strong>V\u00e4lkommen!<\/strong><\/p>\n<p><strong>F\u00f6redrag<br \/><\/strong>F\u00f6r samtliga f\u00f6redrag i Drottning Victorias \u00d6rlogshem g\u00e4ller att de genomf\u00f6rs i hotellets konferensavdelning p\u00e5 femte v\u00e5ningen. Efter f\u00f6redraget bjuder f\u00f6reningen p\u00e5 \u00f6l och sm\u00f6rg\u00e5s samt kaffe. D\u00e4rf\u00f6r \u00e4r det viktigt att de som \u00e4r intresserade anm\u00e4ler sig s\u00e5 att r\u00e4tt m\u00e4ngd br\u00f6d, med mera. kan k\u00f6pas in. F\u00f6rhandsanm\u00e4lan \u00e4r n\u00f6dv\u00e4ndigt, antingen via inbjudan eller till <a href=\"mailto:sthlm@marinkamraterna.se\">sthlm@marinkamraterna.se<\/a><br \/>F\u00f6r att t\u00e4cka kostnaden f\u00f6r f\u00f6redraget utg\u00e5r en avgift p\u00e5 50 kr. L\u00e4mpligt \u00e4r att swisha m.h.a. bifogad QR-kod.<\/p>\n<p><strong>Kalender 2026<br \/><\/strong><strong>Januari<\/strong><\/p>\n<ul>\n<li>Kansliet \u00f6ppnar, 26-01-13 kl. 10.<\/li>\n<\/ul>\n<p><strong>Februari<\/strong><\/p>\n<ul>\n<li>F\u00f6redrag: Svenska Flaggan historia, av Hans-Lennart Olsson. 26-02-03 kl. 17.30 Drottning Victorias \u00d6rlogshem<\/li>\n<li>F\u00f6redrag: Stridsb\u00e5tens utveckling, av Torbj\u00f6rn Larsson, 26-02-10 kl. 17.30 Drottning Victorias \u00d6rlogshem.<\/li>\n<\/ul>\n<p><strong>Mars<\/strong><\/p>\n<ul>\n<li>Kamratf\u00f6reningen Flottans M\u00e4n kallar till stadgeenligt \u00e5rsm\u00f6te 2026\n<p><strong>Tid<\/strong>:\u00a0 \u00a0\u00a0\u00a0\u00a0\u00a0\u00a0\u00a0\u00a0\u00a0 torsdagen den 26 mars 2026 klockan 18.00 <sup><\/sup><\/p>\n<p><strong>Plats<\/strong>: \u00a0\u00a0\u00a0\u00a0\u00a0\u00a0\u00a0 Blasieholmens Restaurang, Blasieholmsgatan 4C Stockholm.<\/p>\n<p><strong>\u00d6vrig<\/strong>t:\u00a0\u00a0\u00a0\u00a0\u00a0 \u00c5rsm\u00f6tet \u00e4r \u00f6ppet f\u00f6r alla medlemmar. Efter \u00e5rsm\u00f6tet \u00e4r du v\u00e4lkommen att till det subventionerade priset, 500 kronor, \u00e4ta middag. Anm\u00e4lan om n\u00e4rvaro, respektive middag vid \u00e5rsm\u00f6tet, ska g\u00f6ras via MyClub eller till kansliet senast den 9 mars, d\u00e5 ocks\u00e5 m\u00e5ltids-avgiften ska ha betalats till f\u00f6reningens p\u00e5 bg 827-7071 eller till Swish 1234 492 211.<\/p>\n<p>Motioner som ska behandlas p\u00e5 \u00e5rsm\u00f6tet ska vara f\u00f6reningskansliet tillhanda senast<br \/>2 mars 2026.<\/p>\n<\/li>\n<\/ul>\n<p><strong>April<\/strong><\/p>\n<ul>\n<li>F\u00f6redrag: af Chapman &#8211; fr\u00e5n seglande lastfartyg till avvecklat vandrahem och Stora Tratten fr\u00e5n insidan.<br \/>26-04-14 kl. 17.30 Drottning Victorias \u00d6rlogshem<\/li>\n<li>Stor Flaggning p\u00e5 af Chapman d\u00e5 det \u00e4r Konungens f\u00f6delsedag. 26-04-30.<\/li>\n<\/ul>\n<p><strong>Maj<\/strong><\/p>\n<ul>\n<li>Riks\u00e5rsm\u00f6te i Marstrand. 26-05-03\/05<\/li>\n<li>Arbetsdag p\u00e5 Stora Tratten, 26-05-14\/17<\/li>\n<li>Studiebes\u00f6k p\u00e5 Musk\u00f6., 26-05-21<\/li>\n<li>Veterandagen, FM deltar. 26-05-29 p\u00e5 G\u00e4rdet\/Sj\u00f6historiska.<\/li>\n<\/ul>\n<p><strong>Juni<\/strong><\/p>\n<ul>\n<li>Kansliet st\u00e4nger inf\u00f6r sommaren, 26-06-02<\/li>\n<li>Stor Flaggning p\u00e5 af Chapman, 26-06-06 m.a.a. Sveriges nationaldag<\/li>\n<li>Stor Flaggning p\u00e5 af Chapman, m.a.a Kungaparets br\u00f6llopsdag, 26-06-17<\/li>\n<li>Midsommarfirande p\u00e5 Stora Tratten, 26-06-20.<\/li>\n<\/ul>\n<p><strong>Augusti<\/strong><\/p>\n<ul>\n<li>Studiebes\u00f6k K1 inkl. stallet, 26-08-19<\/li>\n<li>Kansliet \u00f6ppnar, 2026-08-25 kl. 1000.<\/li>\n<\/ul>\n<p><strong>September<\/strong><\/p>\n<ul>\n<li>EDIP (En dag i paradiset), G\u00e5l\u00f6, 2026-09-05<\/li>\n<li>Krigsseglardagen (Nyn\u00e4shamns ansvarar, Sthlm deltar), 2026-09-06<\/li>\n<li>F\u00f6redrag: C4.Ytstrid, 2026-09-08 kl.17.30 Drottning Victorias \u00d6rlogshem<\/li>\n<li>Arbetsdag Stora Tratten, 2026-09-11\/13<\/li>\n<li>5-kamp i Nyn\u00e4shamn, 2026-09-12<\/li>\n<li>Minnesceremoni M\u00e4rsgarn (Jagare olyckan) 2026-09-17, Haninge ansvarar, Sthlm deltar.<\/li>\n<\/ul>\n<p><strong>Oktober <\/strong><\/p>\n<ul>\n<li>\u00c4rtmiddag Ersta Terrass, 2026-10-22 kl.17.00.<\/li>\n<\/ul>\n<p><strong>November<\/strong><\/p>\n<ul>\n<li>Djurg\u00e5rdskyrkans minnesgudstj\u00e4nst f\u00f6r sj\u00f6farare (FM \u00e4r Flaggvakt), 2026-11-01<\/li>\n<li>F\u00f6redrag: Korvettens utveckling. 26-11-10 kl. 17.30 Drottning Victorias \u00d6rlogshem.<\/li>\n<\/ul>\n<p><strong>\u00a0<\/strong><strong>December<\/strong><\/p>\n<ul>\n<li>Julbordskryssning Lille Jul. 2026-12-06 \u2014 07.<br \/>Uppgifter om fartyg och kostnader meddelas senare<\/li>\n<li>Luciakaffe: 2026-12-16 klockan 13.00. Drottning Victorias \u00d6rlogshem.<br \/>F\u00f6reningen bjuder p\u00e5 traditionellt luciakaffe, men du m\u00e5ste f\u00f6ranm\u00e4la dig n\u00e4r inbjudan kommit ut.<\/li>\n<\/ul>\n<p>&nbsp;<\/p>\n<p>[\/et_pb_text][et_pb_text _builder_version=&#8221;4.27.4&#8243; _module_preset=&#8221;default&#8221; global_colors_info=&#8221;{}&#8221;][\/et_pb_text][\/et_pb_column_inner][\/et_pb_row_inner][\/et_pb_column][et_pb_column type=&#8221;1_4&#8243; _builder_version=&#8221;4.16&#8243; custom_padding=&#8221;|||&#8221; global_colors_info=&#8221;{}&#8221; custom_padding__hover=&#8221;|||&#8221;][et_pb_image src=&#8221;https:\/\/marinkamraterna.se\/stockholm\/wp-content\/uploads\/sites\/3\/2021\/06\/Kan-Isabelle.jpg&#8221; alt=&#8221;Isabelle&#8221; title_text=&#8221;Isabelle&#8221; _builder_version=&#8221;4.16&#8243; _module_preset=&#8221;default&#8221; global_colors_info=&#8221;{}&#8221;][\/et_pb_image][et_pb_sidebar orientation=&#8221;right&#8221; admin_label=&#8221;Sidof\u00e4lt&#8221; _builder_version=&#8221;4.9.4&#8243; _module_preset=&#8221;default&#8221; header_font=&#8221;|600||on|||||&#8221; header_font_size=&#8221;20px&#8221; global_module=&#8221;33531&#8243; saved_tabs=&#8221;all&#8221; locked=&#8221;off&#8221; global_colors_info=&#8221;{}&#8221;][\/et_pb_sidebar][\/et_pb_column][\/et_pb_section]<\/p>\n","protected":false},"excerpt":{"rendered":"<p>Prelimin\u00e4rt Program 2026H\u00e5ll dig uppdaterad genom regelbundna bes\u00f6k p\u00e5 v\u00e5r hemsida! Nya aktiviteter kan tillkomma med relativt kort framf\u00f6rh\u00e5llning och kung\u00f6rs d\u00e5 bara under Program eller Kalendarium p\u00e5 hemsidan. Planerade aktiviteter inom Marinkamraterna StockholmVarje helgfri tisdag mellan den 13 januari och den 2 juni samt mellan den 25 augusti och den 15 december tr\u00e4ffas vi [&hellip;]<\/p>\n","protected":false},"author":3,"featured_media":0,"parent":0,"menu_order":4,"comment_status":"closed","ping_status":"closed","template":"","meta":{"_et_pb_use_builder":"on","_et_pb_old_content":"[wpforms id=\"2000\" title=\"false\" description=\"false\"]","_et_gb_content_width":"","iawp_total_views":1620,"footnotes":""},"class_list":["post-33353","page","type-page","status-publish","hentry"],"_links":{"self":[{"href":"https:\/\/marinkamraterna.se\/stockholm\/wp-json\/wp\/v2\/pages\/33353","targetHints":{"allow":["GET"]}}],"collection":[{"href":"https:\/\/marinkamraterna.se\/stockholm\/wp-json\/wp\/v2\/pages"}],"about":[{"href":"https:\/\/marinkamraterna.se\/stockholm\/wp-json\/wp\/v2\/types\/page"}],"author":[{"embeddable":true,"href":"https:\/\/marinkamraterna.se\/stockholm\/wp-json\/wp\/v2\/users\/3"}],"replies":[{"embeddable":true,"href":"https:\/\/marinkamraterna.se\/stockholm\/wp-json\/wp\/v2\/comments?post=33353"}],"version-history":[{"count":76,"href":"https:\/\/marinkamraterna.se\/stockholm\/wp-json\/wp\/v2\/pages\/33353\/revisions"}],"predecessor-version":[{"id":37923,"href":"https:\/\/marinkamraterna.se\/stockholm\/wp-json\/wp\/v2\/pages\/33353\/revisions\/37923"}],"wp:attachment":[{"href":"https:\/\/marinkamraterna.se\/stockholm\/wp-json\/wp\/v2\/media?parent=33353"}],"curies":[{"name":"wp","href":"https:\/\/api.w.org\/{rel}","templated":true}]}}