{"id":33829,"date":"2021-06-03T15:12:59","date_gmt":"2021-06-03T13:12:59","guid":{"rendered":"https:\/\/andersa6.sg-host.com\/stockholm\/?page_id=33829"},"modified":"2025-05-13T09:32:19","modified_gmt":"2025-05-13T07:32:19","slug":"tratten-info","status":"publish","type":"page","link":"https:\/\/marinkamraterna.se\/stockholm\/stora-tratten\/tratten-info\/","title":{"rendered":"Tratten info"},"content":{"rendered":"<p><strong>Information som kan vara bra att k\u00e4nna till inf\u00f6r ditt bes\u00f6k p\u00e5 Stora Tratten<\/strong><\/p>\n<p>Stugorna hyrs ut under sommarperioden fr\u00e5n midsommarveckan och ca \u00e5tta veckor fram\u00e5t (v. 25 tom v. 33).<\/p>\n<p>Stugbyte sker p\u00e5 s\u00f6ndagar vid lunchtid. Beh\u00f6ver du h\u00e4mtning i Finnhamn, kontakta holmv\u00e4rden i god tid innan ankomst f\u00f6r att meddela tidpunkt. Transporten ing\u00e5r i stughyran.<\/p>\n<p>Mest vanligt \u00e4r att du \u00e5ker waxholmsb\u00e5t fr\u00e5n tex stockholm eller Vaxholm till Finnhamn men man kan ocks\u00e5 \u00e5ka buss 626 till \u00c5s\u00e4ttra brygga och d\u00e4refter ta taxib\u00e5t till Finnhamn<\/p>\n<p>F\u00f6r dig som kommer med egen b\u00e5t, finns en mindre sm\u00e5b\u00e5tshamn p\u00e5 Stora Tratten med f\u00f6rt\u00f6jning vid boj. Max storlek f\u00f6r egen b\u00e5t \u00e4r satt till 34 fot. Den inre delen av hamnen \u00e4r grund och l\u00e4mpar sig f\u00f6r motorb\u00e5tar med ett djupg\u00e5ende om ca 80 &#8211; 90 cm.<\/p>\n","protected":false},"excerpt":{"rendered":"<p>Information som kan vara bra att k\u00e4nna till inf\u00f6r ditt bes\u00f6k p\u00e5 Stora Tratten Stugorna hyrs ut under sommarperioden fr\u00e5n midsommarveckan och ca \u00e5tta veckor fram\u00e5t (v. 25 tom v. 33). Stugbyte sker p\u00e5 s\u00f6ndagar vid lunchtid. Beh\u00f6ver du h\u00e4mtning i Finnhamn, kontakta holmv\u00e4rden i god tid innan ankomst f\u00f6r att meddela tidpunkt. Transporten ing\u00e5r [&hellip;]<\/p>\n","protected":false},"author":2,"featured_media":0,"parent":33351,"menu_order":1,"comment_status":"closed","ping_status":"closed","template":"","meta":{"_et_pb_use_builder":"off","_et_pb_old_content":"","_et_gb_content_width":"","iawp_total_views":811,"footnotes":""},"class_list":["post-33829","page","type-page","status-publish","hentry"],"_links":{"self":[{"href":"https:\/\/marinkamraterna.se\/stockholm\/wp-json\/wp\/v2\/pages\/33829","targetHints":{"allow":["GET"]}}],"collection":[{"href":"https:\/\/marinkamraterna.se\/stockholm\/wp-json\/wp\/v2\/pages"}],"about":[{"href":"https:\/\/marinkamraterna.se\/stockholm\/wp-json\/wp\/v2\/types\/page"}],"author":[{"embeddable":true,"href":"https:\/\/marinkamraterna.se\/stockholm\/wp-json\/wp\/v2\/users\/2"}],"replies":[{"embeddable":true,"href":"https:\/\/marinkamraterna.se\/stockholm\/wp-json\/wp\/v2\/comments?post=33829"}],"version-history":[{"count":12,"href":"https:\/\/marinkamraterna.se\/stockholm\/wp-json\/wp\/v2\/pages\/33829\/revisions"}],"predecessor-version":[{"id":37648,"href":"https:\/\/marinkamraterna.se\/stockholm\/wp-json\/wp\/v2\/pages\/33829\/revisions\/37648"}],"up":[{"embeddable":true,"href":"https:\/\/marinkamraterna.se\/stockholm\/wp-json\/wp\/v2\/pages\/33351"}],"wp:attachment":[{"href":"https:\/\/marinkamraterna.se\/stockholm\/wp-json\/wp\/v2\/media?parent=33829"}],"curies":[{"name":"wp","href":"https:\/\/api.w.org\/{rel}","templated":true}]}}