{"id":33986,"date":"2021-06-04T19:12:08","date_gmt":"2021-06-04T17:12:08","guid":{"rendered":"https:\/\/andersa6.sg-host.com\/stockholm\/?page_id=33986"},"modified":"2025-12-16T10:33:37","modified_gmt":"2025-12-16T09:33:37","slug":"styrelse","status":"publish","type":"page","link":"https:\/\/marinkamraterna.se\/stockholm\/om-foreningen\/styrelse\/","title":{"rendered":"Styrelse"},"content":{"rendered":"<p>[et_pb_section fb_built=&#8221;1&#8243; specialty=&#8221;on&#8221; padding_top_1=&#8221;0px&#8221; padding_top_2=&#8221;0px&#8221; padding_top_bottom_link_1=&#8221;false&#8221; padding_top_bottom_link_2=&#8221;false&#8221; padding_left_right_link_1=&#8221;false&#8221; padding_left_right_link_2=&#8221;false&#8221; _builder_version=&#8221;4.16&#8243; _module_preset=&#8221;default&#8221; custom_margin=&#8221;||||false|false&#8221; custom_padding=&#8221;||||false|false&#8221; locked=&#8221;off&#8221; global_colors_info=&#8221;{}&#8221;][et_pb_column type=&#8221;3_4&#8243; specialty_columns=&#8221;3&#8243; _builder_version=&#8221;4.16&#8243; custom_padding=&#8221;|||&#8221; global_colors_info=&#8221;{}&#8221; custom_padding__hover=&#8221;|||&#8221;][et_pb_row_inner _builder_version=&#8221;4.16&#8243; _module_preset=&#8221;default&#8221; custom_padding=&#8221;0px||||false|false&#8221; global_colors_info=&#8221;{}&#8221;][et_pb_column_inner saved_specialty_column_type=&#8221;3_4&#8243; _builder_version=&#8221;4.16&#8243; _module_preset=&#8221;default&#8221; global_colors_info=&#8221;{}&#8221;][et_pb_post_title meta=&#8221;off&#8221; featured_image=&#8221;off&#8221; _builder_version=&#8221;4.16&#8243; _module_preset=&#8221;default&#8221; title_font_size=&#8221;35px&#8221; global_colors_info=&#8221;{}&#8221;][\/et_pb_post_title][et_pb_text _builder_version=&#8221;4.27.4&#8243; _module_preset=&#8221;default&#8221; global_colors_info=&#8221;{}&#8221;]<\/p>\n<h2>F\u00f6reningens styrelse verksamhets\u00e5ret 2025<\/h2>\n<p>[\/et_pb_text][\/et_pb_column_inner][\/et_pb_row_inner][et_pb_row_inner column_structure=&#8221;1_2,1_2&#8243; _builder_version=&#8221;4.16&#8243; _module_preset=&#8221;default&#8221; global_colors_info=&#8221;{}&#8221;][et_pb_column_inner type=&#8221;1_2&#8243; saved_specialty_column_type=&#8221;3_4&#8243; _builder_version=&#8221;4.16&#8243; _module_preset=&#8221;default&#8221; global_colors_info=&#8221;{}&#8221;][et_pb_text _builder_version=&#8221;4.27.5&#8243; _module_preset=&#8221;default&#8221; hover_enabled=&#8221;0&#8243; global_colors_info=&#8221;{}&#8221; sticky_enabled=&#8221;0&#8243;]<\/p>\n<h3>Ledam\u00f6ter<\/h3>\n<h4>Jan Bergl\u00f6w, ordf\u00f6rande<br \/>Tel: 070 772 05 66<br \/>E-post: jan.berglow(a)walleniuslines.com<\/h4>\n<h4>Per-Erik Tibblin. vice ordf\u00f6rande<br \/>E-post: petibblin(a)telia.com<\/h4>\n<h4>Robert Lindstein, kass\u00f6r<br \/>Tel: 0707541728<br \/>E-post: lindstein.robert@gmail.com<\/h4>\n<h4>Sven Sahlsten, klubbm\u00e4stare<br \/>E:post: sven(a)sahlstens.com<\/h4>\n<h4>Fredrik Scholander, Trattenansvarig<br \/>E-post: fredrik(a)scholander.se<\/h4>\n<h4>Leif Lindberg<br \/>E-post: lemart(a)telia.com<\/h4>\n<h4><\/h4>\n<h4>Jonas Gramer<br \/>E-post: <a href=\"mailto:jonas@gramer.nu\">jonas@gramer.nu<\/a><\/h4>\n<h4><a href=\"mailto:jonas@gramer.nu\">Per \u00d6hrnell<br \/>E-post: pohrnell(a)gmail.com<\/a><\/h4>\n<p>[\/et_pb_text][et_pb_text _builder_version=&#8221;4.27.4&#8243; _module_preset=&#8221;default&#8221; global_colors_info=&#8221;{}&#8221;]<\/p>\n<h4><strong>Kansli<\/strong><br \/>Per \u00d6hrnell<br \/>Tfn: 072 363 85 54<br \/>E-post: pohrnell(a)gmail.com<\/h4>\n<h4><strong>Stora Tratten<\/strong><br \/>Fredrik Scholander<br \/>Tfn: 072-220 04 49<br \/>E-post: fredrik(a)scholander.se<\/h4>\n<h4><strong>Kontaktperson Veteranst\u00f6d och Kaplan<\/strong><br \/>Carl-Olof Berglund<br \/>E-post: simoni.calle(a)gmail.com<\/h4>\n<p>[\/et_pb_text][\/et_pb_column_inner][et_pb_column_inner type=&#8221;1_2&#8243; saved_specialty_column_type=&#8221;3_4&#8243; _builder_version=&#8221;4.16&#8243; _module_preset=&#8221;default&#8221; global_colors_info=&#8221;{}&#8221;][et_pb_text _builder_version=&#8221;4.24.2&#8243; _module_preset=&#8221;default&#8221; global_colors_info=&#8221;{}&#8221;]<\/p>\n<h3>Suppleanter<\/h3>\n<h5>Carl \u00d6hstr\u00f6m<br \/>E-post: carl.f.ohrstrom@gmail.com<\/h5>\n<h5>\u00d6rjan Sterner<br \/>E-post: orjansterner77(a)gmail.com<\/h5>\n<h4><\/h4>\n<p>[\/et_pb_text][\/et_pb_column_inner][\/et_pb_row_inner][\/et_pb_column][et_pb_column type=&#8221;1_4&#8243; _builder_version=&#8221;4.16&#8243; custom_padding=&#8221;|||&#8221; global_colors_info=&#8221;{}&#8221; custom_padding__hover=&#8221;|||&#8221;][et_pb_sidebar orientation=&#8221;right&#8221; area=&#8221;et_pb_widget_area_5&#8243; module_class=&#8221;right-menues&#8221; _builder_version=&#8221;4.9.11&#8243; _module_preset=&#8221;default&#8221; custom_margin=&#8221;||0px||false|false&#8221; global_module=&#8221;35107&#8243; saved_tabs=&#8221;all&#8221; global_colors_info=&#8221;{}&#8221;][\/et_pb_sidebar][et_pb_sidebar orientation=&#8221;right&#8221; _builder_version=&#8221;4.9.4&#8243; _module_preset=&#8221;default&#8221; header_font=&#8221;|600||on|||||&#8221; header_font_size=&#8221;20px&#8221; global_module=&#8221;33531&#8243; saved_tabs=&#8221;all&#8221; locked=&#8221;off&#8221; global_colors_info=&#8221;{}&#8221;][\/et_pb_sidebar][\/et_pb_column][\/et_pb_section]<\/p>\n","protected":false},"excerpt":{"rendered":"<p>F\u00f6reningens styrelse verksamhets\u00e5ret 2025Ledam\u00f6ter Jan Bergl\u00f6w, ordf\u00f6randeTel: 070 772 05 66E-post: jan.berglow(a)walleniuslines.com Per-Erik Tibblin. vice ordf\u00f6randeE-post: petibblin(a)telia.com Robert Lindstein, kass\u00f6rTel: 0707541728E-post: lindstein.robert@gmail.com Sven Sahlsten, klubbm\u00e4stareE:post: sven(a)sahlstens.com Fredrik Scholander, TrattenansvarigE-post: fredrik(a)scholander.se Leif LindbergE-post: lemart(a)telia.com Jonas GramerE-post: jonas@gramer.nu Per \u00d6hrnellE-post: pohrnell(a)gmail.comKansliPer \u00d6hrnellTfn: 072 363 85 54E-post: pohrnell(a)gmail.com Stora TrattenFredrik ScholanderTfn: 072-220 04 49E-post: fredrik(a)scholander.se Kontaktperson Veteranst\u00f6d och [&hellip;]<\/p>\n","protected":false},"author":2,"featured_media":0,"parent":33152,"menu_order":0,"comment_status":"closed","ping_status":"closed","template":"","meta":{"_et_pb_use_builder":"on","_et_pb_old_content":"","_et_gb_content_width":"","iawp_total_views":959,"footnotes":""},"class_list":["post-33986","page","type-page","status-publish","hentry"],"_links":{"self":[{"href":"https:\/\/marinkamraterna.se\/stockholm\/wp-json\/wp\/v2\/pages\/33986","targetHints":{"allow":["GET"]}}],"collection":[{"href":"https:\/\/marinkamraterna.se\/stockholm\/wp-json\/wp\/v2\/pages"}],"about":[{"href":"https:\/\/marinkamraterna.se\/stockholm\/wp-json\/wp\/v2\/types\/page"}],"author":[{"embeddable":true,"href":"https:\/\/marinkamraterna.se\/stockholm\/wp-json\/wp\/v2\/users\/2"}],"replies":[{"embeddable":true,"href":"https:\/\/marinkamraterna.se\/stockholm\/wp-json\/wp\/v2\/comments?post=33986"}],"version-history":[{"count":29,"href":"https:\/\/marinkamraterna.se\/stockholm\/wp-json\/wp\/v2\/pages\/33986\/revisions"}],"predecessor-version":[{"id":37803,"href":"https:\/\/marinkamraterna.se\/stockholm\/wp-json\/wp\/v2\/pages\/33986\/revisions\/37803"}],"up":[{"embeddable":true,"href":"https:\/\/marinkamraterna.se\/stockholm\/wp-json\/wp\/v2\/pages\/33152"}],"wp:attachment":[{"href":"https:\/\/marinkamraterna.se\/stockholm\/wp-json\/wp\/v2\/media?parent=33986"}],"curies":[{"name":"wp","href":"https:\/\/api.w.org\/{rel}","templated":true}]}}