{"id":33990,"date":"2021-06-04T19:13:45","date_gmt":"2021-06-04T17:13:45","guid":{"rendered":"https:\/\/andersa6.sg-host.com\/stockholm\/?page_id=33990"},"modified":"2025-04-15T10:35:24","modified_gmt":"2025-04-15T08:35:24","slug":"stadgar","status":"publish","type":"page","link":"https:\/\/marinkamraterna.se\/stockholm\/om-foreningen\/stadgar\/","title":{"rendered":"Stadgar"},"content":{"rendered":"<p>[et_pb_section fb_built=&#8221;1&#8243; specialty=&#8221;on&#8221; padding_top_1=&#8221;0px&#8221; padding_top_2=&#8221;0px&#8221; padding_top_bottom_link_1=&#8221;false&#8221; padding_top_bottom_link_2=&#8221;false&#8221; padding_left_right_link_1=&#8221;false&#8221; padding_left_right_link_2=&#8221;false&#8221; _builder_version=&#8221;4.16&#8243; _module_preset=&#8221;default&#8221; custom_margin=&#8221;||||false|false&#8221; custom_padding=&#8221;||||false|false&#8221; locked=&#8221;off&#8221; global_colors_info=&#8221;{}&#8221;][et_pb_column type=&#8221;3_4&#8243; specialty_columns=&#8221;3&#8243; _builder_version=&#8221;4.16&#8243; custom_padding=&#8221;|||&#8221; global_colors_info=&#8221;{}&#8221; custom_padding__hover=&#8221;|||&#8221;][et_pb_row_inner _builder_version=&#8221;4.16&#8243; _module_preset=&#8221;default&#8221; custom_padding=&#8221;0px||||false|false&#8221; global_colors_info=&#8221;{}&#8221;][et_pb_column_inner saved_specialty_column_type=&#8221;3_4&#8243; _builder_version=&#8221;4.16&#8243; _module_preset=&#8221;default&#8221; global_colors_info=&#8221;{}&#8221;][et_pb_post_title meta=&#8221;off&#8221; featured_image=&#8221;off&#8221; _builder_version=&#8221;4.16&#8243; _module_preset=&#8221;default&#8221; title_font_size=&#8221;35px&#8221; global_colors_info=&#8221;{}&#8221;][\/et_pb_post_title][et_pb_text _builder_version=&#8221;4.16&#8243; _module_preset=&#8221;default&#8221; global_colors_info=&#8221;{}&#8221;]<\/p>\n<p>S t a d g a r f\u00f6r \u00a0<\/p>\n<h1>Kamratf\u00f6reningen Flottans M\u00e4n i Stockholm<\/h1>\n<p>antagna vid \u00e5rsm\u00f6te den 13 mars 2003. \u00a0 \u00a0 \u00a0<\/p>\n<p><strong>\u00a7 1.\u00a0 F \u00f6 r e n i n g e n s\u00a0\u00a0 \u00e4 n d a m \u00e5 l<\/strong> <strong>\u00a0<\/strong><\/p>\n<p>F\u00f6reningen ska:\u00a0<\/p>\n<p>\u00b7\u00a0\u00a0\u00a0\u00a0\u00a0\u00a0\u00a0\u00a0 verka f\u00f6r gott kamratskap genom fri och otvungen samvaro p\u00e5 grundval av gemensamma intressen f\u00f6r flottan<\/p>\n<p>\u00b7\u00a0\u00a0\u00a0\u00a0\u00a0\u00a0\u00a0\u00a0 vara en f\u00f6rbindelsel\u00e4nk mellan dem som tj\u00e4nstgjort och tj\u00e4nstg\u00f6r vid flottan, marina lednings- bas och underh\u00e5llsf\u00f6rband \u00a0<\/p>\n<p>\u00b7\u00a0\u00a0\u00a0\u00a0\u00a0\u00a0\u00a0\u00a0 f\u00f6lja f\u00f6rbandens uppgifter, verksamhet och utveckling inom ramen f\u00f6r totalf\u00f6rsvaret \u00a0<\/p>\n<p>\u00b7\u00a0\u00a0\u00a0\u00a0\u00a0\u00a0\u00a0\u00a0 bedriva f\u00f6rsvarsupplysningsverksamhet i samverkan med Riksf\u00f6rbundet \u00a0<\/p>\n<p>\u00b7\u00a0\u00a0\u00a0\u00a0\u00a0\u00a0\u00a0\u00a0 bidra till att v\u00e5rda flottans traditioner \u00a0<\/p>\n<p>\u00b7\u00a0\u00a0\u00a0\u00a0\u00a0\u00a0\u00a0\u00a0 vara en ideell f\u00f6rening med allm\u00e4nnyttigt \u00e4ndam\u00e5l genom f\u00f6rsvarsfr\u00e4mjande verksamhet och \u00f6ppenhet betr\u00e4ffande medlemskap \u00a0<\/p>\n<p>\u00b7\u00a0\u00a0\u00a0\u00a0\u00a0\u00a0\u00a0\u00a0 vara partipolitiskt obunden \u00a0 \u00a0<\/p>\n<p><strong>\u00a7 2.\u00a0 M e d l e m s k a p<\/strong> <strong>\u00a0<\/strong><\/p>\n<p>F\u00f6r att erh\u00e5lla medlemskap fordras att vid marinen vara eller ha varit anst\u00e4lld i milit\u00e4r, civilmilit\u00e4r eller civil befattning, tj\u00e4nstg\u00f6ra eller ha tj\u00e4nstgjort som v\u00e4rnpliktig.<\/p>\n<p>Medlemskap kan d\u00e4rut\u00f6ver efter s\u00e4rskild pr\u00f6vning av styrelsen vinnas av svensk medborgare med stort och aktivt intresse f\u00f6r flottan och f\u00f6reningens \u00e4ndam\u00e5l. Utl\u00e4ndsk medborgare med s\u00e4rskild anknytning till och intresse f\u00f6r f\u00f6reningen kan kallas till korresponderande ledamot. F\u00f6reningen \u00e4ger kalla hedersledamot. <strong>\u00a0<\/strong> <strong>\u00a0<\/strong><\/p>\n<p><strong>\u00a7 3.\u00a0 S t y r e l s e<\/strong> <strong>\u00a0<\/strong><\/p>\n<p>F\u00f6reningens angel\u00e4genheter handhas av en styrelse best\u00e5ende av 8 ledam\u00f6ter samt 3 suppleanter valda av \u00e5rsm\u00f6tet. Styrelsen ska, f\u00f6rutom av ordf\u00f6randen, best\u00e5 av bland andra vice ordf\u00f6rande, sekreterare, skattm\u00e4stare och kanslichef. Ordf\u00f6rande och skattm\u00e4stare utses av \u00e5rsm\u00f6te, \u00f6vriga befattningar utses inom styrelsen. Styrelsen tecknar f\u00f6reningens firma genom ordf\u00f6randen och skattm\u00e4staren gemensamt eller var f\u00f6r sig. Styrelsen sammantr\u00e4der minst fyra g\u00e5nger per \u00e5r p\u00e5 kallelse av ordf\u00f6randen eller d\u00e5 minst fyra av ledam\u00f6terna s\u00e5 p\u00e5fordrar och \u00e4r beslutsm\u00e4ssig n\u00e4r minst fem av styrelsens ledam\u00f6ter eller suppleanter \u00e4r n\u00e4rvarande. \u00a0 \u00a0<\/p>\n<p><strong>\u00a7 4.\u00a0 K a n s l i \u00a0s a m t \u00a0p e r m a n e n t a\u00a0 e l l e r\u00a0 t i l l f \u00e4 l l i g a<\/strong><strong>\u00a0 <\/strong><strong>k o m m i t t \u00e9 e r<\/strong> <strong>\u00a0<\/strong><\/p>\n<p>Handl\u00e4ggning av l\u00f6pande \u00e4renden delegeras av styrelsen till ett verkst\u00e4llande kansli, best\u00e5ende av kanslichef, skattm\u00e4stare samt bitr\u00e4dande kanslichef. Kansliet ska h\u00e5lla \u00f6ppet som regel varje tisdag dock minst en g\u00e5ng var 14:e dag med uppeh\u00e5ll under juli och augusti. Kansliet \u00e4ger inte besluta i principiella fr\u00e5gor. F\u00f6r olika verksamheter \u00e4ger styrelsen tills\u00e4tta permanenta eller tillf\u00e4lliga kommitt\u00e9er, vilka helt eller delvis kan adjungeras till styrelsen. Kommitt\u00e9 beh\u00f6ver inte innefatta ordinarie styrelseledamot. \u00a0 \u00a0<\/p>\n<p><strong>\u00a7 5.\u00a0 A v g i f t e r<\/strong> <strong>\u00a0<\/strong><\/p>\n<p>\u00c5rsm\u00f6te fastst\u00e4ller medlemsavgifter att g\u00e4lla n\u00e4stkommande verksamhets\u00e5r. Medlemsavgift erl\u00e4ggs som \u00e5rsavgift senast den 31 mars. \u00a0<\/p>\n<p><strong>\u00a7 6.\u00a0 R e v i s i o n<\/strong> <strong>\u00a0<\/strong><\/p>\n<p>F\u00f6reningens verksamhets- och r\u00e4kenskaps\u00e5r \u00e4r kalender\u00e5ret. F\u00f6reningens r\u00e4kenskaper ska avslutade \u00f6verl\u00e4mnas till f\u00f6reningens revisorer senast 15 februari f\u00f6r granskning. Revisorerna ska senast 28 februari till styrelsen \u00f6verl\u00e4mna revisionsber\u00e4ttelse inneh\u00e5llande bland annat f\u00f6rslag ang\u00e5ende ansvarsfrihet. \u00a0<\/p>\n<p><strong>\u00a7 7.\u00a0 \u00c5 r s m \u00f6 t e<\/strong> \u00a0 \u00a0<\/p>\n<p>\u00c5rsm\u00f6te ska h\u00e5llas under mars m\u00e5nad och utlysas av styrelsen minst en m\u00e5nad f\u00f6re m\u00f6tet. Vid \u00e5rsm\u00f6tet ska f\u00f6ljande \u00e4renden f\u00f6rekomma. \u00a0\u00a0\u00a0\u00a0\u00a0\u00a0\u00a0\u00a0\u00a0 \u00a0\u00a0\u00a0\u00a0\u00a0\u00a0\u00a0\u00a0\u00a0<\/p>\n<p>Fr\u00e5ga om \u00e5rsm\u00f6tets stadgeenliga utlysande. \u00a0\u00a0\u00a0\u00a0\u00a0\u00a0\u00a0\u00a0\u00a0<\/p>\n<p>Val av \u00e5rsm\u00f6tespresidium (ordf\u00f6rande och sekreterare). \u00a0\u00a0\u00a0\u00a0\u00a0\u00a0\u00a0\u00a0\u00a0<\/p>\n<p>Val av tv\u00e5 justeringsm\u00e4n, tillika r\u00f6str\u00e4knare, att j\u00e4mte \u00e5rsm\u00f6tesordf\u00f6rande justera m\u00f6tesprotokollet. \u00a0\u00a0\u00a0\u00a0\u00a0\u00a0\u00a0\u00a0\u00a0<\/p>\n<p>Styrelsens verksamhetsber\u00e4ttelse inklusive \u00e5rsredovisning. \u00a0\u00a0\u00a0\u00a0\u00a0\u00a0\u00a0\u00a0\u00a0<\/p>\n<p>Revisorernas ber\u00e4ttelse. \u00a0\u00a0\u00a0\u00a0\u00a0\u00a0\u00a0\u00a0\u00a0<\/p>\n<p>Beslut ang\u00e5ende ansvarsfrihet. \u00a0\u00a0\u00a0\u00a0\u00a0\u00a0\u00a0\u00a0\u00a0<\/p>\n<p>F\u00f6redragning av budget. \u00a0\u00a0\u00a0\u00a0\u00a0\u00a0\u00a0\u00a0\u00a0<\/p>\n<p>Fastst\u00e4llande av \u00e5rsavgift f\u00f6r n\u00e4stkommande \u00e5r. \u00a0\u00a0\u00a0\u00a0\u00a0\u00a0\u00a0\u00a0\u00a0<\/p>\n<p>Motioner. \u00a0\u00a0\u00a0\u00a0\u00a0\u00a0\u00a0\u00a0\u00a0<\/p>\n<p>Val enligt \u00a7 8 i f\u00f6reningens stadgar. \u00a0<\/p>\n<p><strong>\u00a7 8.\u00a0 V a l<\/strong> <strong>\u00a0<\/strong><\/p>\n<p>Styrelsen v\u00e4ljs vid \u00e5rsm\u00f6te f\u00f6r en tid av tv\u00e5 \u00e5r. \u00c5rsm\u00f6tet v\u00e4ljer ordf\u00f6rande och skattm\u00e4stare. \u00d6vriga befattningar utser styrelsen inom sig. \u00a0 Styrelsen v\u00e4ljs enligt f\u00f6ljande: Ordf\u00f6rande och tre ledam\u00f6ter j\u00e4mna \u00e5r, skattm\u00e4stare samt \u00f6vriga tre ledam\u00f6ter oj\u00e4mna \u00e5r. Suppleanter v\u00e4ljs p\u00e5 2 \u00e5r.<em><\/em> En av tv\u00e5 revisorer samt en av tv\u00e5 revisorssuppleanter v\u00e4ljs vid \u00e5rsm\u00f6te f\u00f6r en tv\u00e5\u00e5rsperiod. Valberedning om tre ledam\u00f6ter och en suppleant v\u00e4ljs vid \u00e5rsm\u00f6te f\u00f6r en tid av ett \u00e5r. \u00a0<\/p>\n<p><strong>\u00a7 9.\u00a0 V a l b e r e d n i n g e n s\u00a0 u p p g i f t e r<\/strong><\/p>\n<p>Valberedningen utser inom sig ordf\u00f6rande (sammankallande). Valberedning \u00e5ligger att senast den 15 januari till styrelsen \u00f6verl\u00e4mna f\u00f6rslag till kandidater till i \u00a7 8 f\u00f6reskrivna val, utom valberedning.<\/p>\n<p><strong>\u00a7 10.\u00a0 R \u00f6 s t r \u00e4 t t\u00a0 o c h\u00a0 b e s l u t<\/strong><\/p>\n<p>Medlem som erlagt stadgade avgifter har r\u00f6str\u00e4tt. R\u00f6str\u00e4tt tillkommer ocks\u00e5 hedersledamot. Beslut fattas med enkel majoritet utom vid fr\u00e5ga enligt \u00a7 12 och 13. Omr\u00f6stning sker \u00f6ppet, d\u00e5 sluten omr\u00f6stning ej beg\u00e4rts. Vid lika r\u00f6stetal g\u00e4ller den mening som ordf\u00f6randen bitr\u00e4der. Vid val och vid sluten omr\u00f6stning sker avg\u00f6randet genom lottning.<\/p>\n<p><strong>\u00a7 11.\u00a0 F \u00f6 r s l a g s r \u00e4 t t<\/strong> <strong>\u00a0<\/strong><\/p>\n<p>Medlem som \u00f6nskar f\u00e5 ett \u00e4rende pr\u00f6vat inger detta till f\u00f6reningens styrelse senast sex veckor f\u00f6re \u00e5rsm\u00f6tet. \u00a0\u00a0<\/p>\n<p><strong>\u00a7 12.\u00a0 S t a d g e \u00e4 n d r i n g<\/strong> <strong>\u00a0<\/strong><\/p>\n<p>Beslut om stadge\u00e4ndring fattas av \u00e5rsm\u00f6te och ska f\u00f6r att \u00e4ga giltighet bitr\u00e4das av minst tv\u00e5 tredjedelar av de r\u00f6stande medlemmarna. \u00a0 \u00a0<\/p>\n<p><strong>\u00a7 13.\u00a0 U p p l \u00f6 s a n d e\u00a0 av\u00a0 f \u00f6 r e n i n g e n<\/strong>\u00a0<\/p>\n<p>Beslut om f\u00f6reningens uppl\u00f6sande ska f\u00f6r att \u00e4ga giltighet ha fattats av tv\u00e5 p\u00e5 varandra f\u00f6ljande \u00e5rsm\u00f6ten och vid vart och ett av dessa ha bitr\u00e4tts av minst tv\u00e5 tredjedelar av de i r\u00f6stningen deltagande. \u00a0 D\u00e5 fr\u00e5ga om f\u00f6reningens uppl\u00f6sande v\u00e4ckts \u00e5ligger det styrelsen att vid det f\u00f6rsta \u00e5rsm\u00f6tet framl\u00e4gga f\u00f6rslag till disponerande av f\u00f6reningens tillg\u00e5ngar p\u00e5 s\u00e4tt som \u00e4r f\u00f6renligt med f\u00f6reningens syften.<\/p>\n<p>[\/et_pb_text][\/et_pb_column_inner][\/et_pb_row_inner][\/et_pb_column][et_pb_column type=&#8221;1_4&#8243; _builder_version=&#8221;4.16&#8243; custom_padding=&#8221;|||&#8221; global_colors_info=&#8221;{}&#8221; custom_padding__hover=&#8221;|||&#8221;][et_pb_sidebar orientation=&#8221;right&#8221; area=&#8221;et_pb_widget_area_5&#8243; module_class=&#8221;right-menues&#8221; _builder_version=&#8221;4.9.11&#8243; _module_preset=&#8221;default&#8221; custom_margin=&#8221;||0px||false|false&#8221; global_module=&#8221;35107&#8243; saved_tabs=&#8221;all&#8221; global_colors_info=&#8221;{}&#8221;][\/et_pb_sidebar][et_pb_sidebar orientation=&#8221;right&#8221; _builder_version=&#8221;4.9.4&#8243; _module_preset=&#8221;default&#8221; header_font=&#8221;|600||on|||||&#8221; header_font_size=&#8221;20px&#8221; global_module=&#8221;33531&#8243; saved_tabs=&#8221;all&#8221; locked=&#8221;off&#8221; global_colors_info=&#8221;{}&#8221;][\/et_pb_sidebar][\/et_pb_column][\/et_pb_section]<\/p>\n","protected":false},"excerpt":{"rendered":"<p>S t a d g a r f\u00f6r \u00a0 Kamratf\u00f6reningen Flottans M\u00e4n i Stockholm antagna vid \u00e5rsm\u00f6te den 13 mars 2003. \u00a0 \u00a0 \u00a0 \u00a7 1.\u00a0 F \u00f6 r e n i n g e n s\u00a0\u00a0 \u00e4 n d a m \u00e5 l \u00a0 F\u00f6reningen ska:\u00a0 \u00b7\u00a0\u00a0\u00a0\u00a0\u00a0\u00a0\u00a0\u00a0 verka f\u00f6r gott kamratskap genom fri och [&hellip;]<\/p>\n","protected":false},"author":2,"featured_media":0,"parent":33152,"menu_order":0,"comment_status":"closed","ping_status":"closed","template":"","meta":{"_et_pb_use_builder":"on","_et_pb_old_content":"","_et_gb_content_width":"","iawp_total_views":196,"footnotes":""},"class_list":["post-33990","page","type-page","status-publish","hentry"],"_links":{"self":[{"href":"https:\/\/marinkamraterna.se\/stockholm\/wp-json\/wp\/v2\/pages\/33990","targetHints":{"allow":["GET"]}}],"collection":[{"href":"https:\/\/marinkamraterna.se\/stockholm\/wp-json\/wp\/v2\/pages"}],"about":[{"href":"https:\/\/marinkamraterna.se\/stockholm\/wp-json\/wp\/v2\/types\/page"}],"author":[{"embeddable":true,"href":"https:\/\/marinkamraterna.se\/stockholm\/wp-json\/wp\/v2\/users\/2"}],"replies":[{"embeddable":true,"href":"https:\/\/marinkamraterna.se\/stockholm\/wp-json\/wp\/v2\/comments?post=33990"}],"version-history":[{"count":7,"href":"https:\/\/marinkamraterna.se\/stockholm\/wp-json\/wp\/v2\/pages\/33990\/revisions"}],"predecessor-version":[{"id":37635,"href":"https:\/\/marinkamraterna.se\/stockholm\/wp-json\/wp\/v2\/pages\/33990\/revisions\/37635"}],"up":[{"embeddable":true,"href":"https:\/\/marinkamraterna.se\/stockholm\/wp-json\/wp\/v2\/pages\/33152"}],"wp:attachment":[{"href":"https:\/\/marinkamraterna.se\/stockholm\/wp-json\/wp\/v2\/media?parent=33990"}],"curies":[{"name":"wp","href":"https:\/\/api.w.org\/{rel}","templated":true}]}}