{"id":34711,"date":"2021-06-14T17:21:19","date_gmt":"2021-06-14T15:21:19","guid":{"rendered":"https:\/\/andersa6.sg-host.com\/stockholm\/?page_id=34711"},"modified":"2026-02-09T13:09:32","modified_gmt":"2026-02-09T12:09:32","slug":"mat-pa-tratten","status":"publish","type":"page","link":"https:\/\/marinkamraterna.se\/stockholm\/stora-tratten\/tratten-info\/mat-pa-tratten\/","title":{"rendered":"Mat p\u00e5 Tratten"},"content":{"rendered":"<p>[et_pb_section fb_built=&#8221;1&#8243; specialty=&#8221;on&#8221; padding_top_1=&#8221;0px&#8221; padding_top_2=&#8221;0px&#8221; padding_top_bottom_link_1=&#8221;false&#8221; padding_top_bottom_link_2=&#8221;false&#8221; padding_left_right_link_1=&#8221;false&#8221; padding_left_right_link_2=&#8221;false&#8221; _builder_version=&#8221;4.16&#8243; _module_preset=&#8221;default&#8221; custom_margin=&#8221;||||false|false&#8221; custom_padding=&#8221;||||false|false&#8221; locked=&#8221;off&#8221; global_colors_info=&#8221;{}&#8221;][et_pb_column type=&#8221;3_4&#8243; specialty_columns=&#8221;3&#8243; _builder_version=&#8221;4.16&#8243; custom_padding=&#8221;|||&#8221; global_colors_info=&#8221;{}&#8221; custom_padding__hover=&#8221;|||&#8221;][et_pb_row_inner _builder_version=&#8221;4.16&#8243; _module_preset=&#8221;default&#8221; custom_padding=&#8221;0px||||false|false&#8221; global_colors_info=&#8221;{}&#8221;][et_pb_column_inner saved_specialty_column_type=&#8221;3_4&#8243; _builder_version=&#8221;4.16&#8243; _module_preset=&#8221;default&#8221; global_colors_info=&#8221;{}&#8221;][et_pb_post_title meta=&#8221;off&#8221; featured_image=&#8221;off&#8221; _builder_version=&#8221;4.16&#8243; _module_preset=&#8221;default&#8221; title_font_size=&#8221;35px&#8221; global_colors_info=&#8221;{}&#8221;][\/et_pb_post_title][et_pb_text _builder_version=&#8221;4.16&#8243; _module_preset=&#8221;default&#8221; global_colors_info=&#8221;{}&#8221;]<\/p>\n<p>Genom \u00e5ren s\u00e5 har det skapats olika r\u00e4tter som fungerar bra att laga p\u00e5 grillar och i r\u00f6ken. H\u00e4r under samlar vi diverse recept och tips p\u00e5 \u00e4tbara goda ting.<\/p>\n<p><a href=\"\/stockholm\/wp-content\/uploads\/sites\/3\/2021\/06\/Tr-Revbensspjall.pdf\">Revbensspj\u00e4ll<\/a><\/p>\n<p><a href=\"\/stockholm\/wp-content\/uploads\/sites\/3\/2021\/06\/Tr-Pulled-pork.pdf\">Pulled pork<\/a><\/p>\n<p><a href=\"\/stockholm\/wp-content\/uploads\/sites\/3\/2021\/06\/Tr-Coleslaw.pdf\">Coleslaw<\/a><\/p>\n<h3>Krogar<\/h3>\n<p><a href=\"https:\/\/finnhamn.se\/ata\/\">Finnhamns krog<\/a><\/p>\n<p><a href=\"https:\/\/ingmarsokrog.com\/krogen\/middag\/\">Ingemars\u00f6 krog<\/a><\/p>\n<p>Ingmars\u00f6 Bageri<\/p>\n<p>&nbsp;<\/p>\n<p>[\/et_pb_text][\/et_pb_column_inner][\/et_pb_row_inner][et_pb_row_inner column_structure=&#8221;1_2,1_2&#8243; _builder_version=&#8221;4.16&#8243; _module_preset=&#8221;default&#8221; custom_padding=&#8221;0px||||false|false&#8221; global_colors_info=&#8221;{}&#8221;][et_pb_column_inner type=&#8221;1_2&#8243; saved_specialty_column_type=&#8221;3_4&#8243; _builder_version=&#8221;4.16&#8243; _module_preset=&#8221;default&#8221; global_colors_info=&#8221;{}&#8221;][\/et_pb_column_inner][et_pb_column_inner type=&#8221;1_2&#8243; saved_specialty_column_type=&#8221;3_4&#8243; _builder_version=&#8221;4.16&#8243; _module_preset=&#8221;default&#8221; global_colors_info=&#8221;{}&#8221;][et_pb_image alt=&#8221;ship helm&#8221; title_text=&#8221;Photo by Joseph Barrientos&#8221; _builder_version=&#8221;4.16&#8243; _module_preset=&#8221;default&#8221; global_colors_info=&#8221;{}&#8221;][\/et_pb_image][\/et_pb_column_inner][\/et_pb_row_inner][et_pb_row_inner column_structure=&#8221;1_3,1_3,1_3&#8243; _builder_version=&#8221;4.16&#8243; _module_preset=&#8221;default&#8221; custom_padding=&#8221;0px||||false|false&#8221; global_colors_info=&#8221;{}&#8221;][et_pb_column_inner type=&#8221;1_3&#8243; saved_specialty_column_type=&#8221;3_4&#8243; _builder_version=&#8221;4.16&#8243; _module_preset=&#8221;default&#8221; global_colors_info=&#8221;{}&#8221;][et_pb_image alt=&#8221;green trees on cliff&#8221; title_text=&#8221;Photo by Tom Winckels&#8221; _builder_version=&#8221;4.16&#8243; _module_preset=&#8221;default&#8221; global_colors_info=&#8221;{}&#8221;][\/et_pb_image][\/et_pb_column_inner][et_pb_column_inner type=&#8221;1_3&#8243; saved_specialty_column_type=&#8221;3_4&#8243; _builder_version=&#8221;4.16&#8243; _module_preset=&#8221;default&#8221; global_colors_info=&#8221;{}&#8221;][et_pb_image alt=&#8221;ship helm&#8221; title_text=&#8221;Photo by Joseph Barrientos&#8221; _builder_version=&#8221;4.16&#8243; _module_preset=&#8221;default&#8221; global_colors_info=&#8221;{}&#8221;][\/et_pb_image][\/et_pb_column_inner][et_pb_column_inner type=&#8221;1_3&#8243; saved_specialty_column_type=&#8221;3_4&#8243; _builder_version=&#8221;4.16&#8243; _module_preset=&#8221;default&#8221; global_colors_info=&#8221;{}&#8221;][et_pb_image alt=&#8221;black and white sailboat in body of water during sunset&#8221; title_text=&#8221;Photo by Katherine McCormack&#8221; _builder_version=&#8221;4.16&#8243; _module_preset=&#8221;default&#8221; global_colors_info=&#8221;{}&#8221;][\/et_pb_image][\/et_pb_column_inner][\/et_pb_row_inner][\/et_pb_column][et_pb_column type=&#8221;1_4&#8243; _builder_version=&#8221;4.16&#8243; custom_padding=&#8221;|||&#8221; global_colors_info=&#8221;{}&#8221; custom_padding__hover=&#8221;|||&#8221;][et_pb_image alt=&#8221;body of water during golden hour&#8221; title_text=&#8221;Photo by Joseph Barrientos&#8221; _builder_version=&#8221;4.16&#8243; _module_preset=&#8221;default&#8221; custom_margin=&#8221;||10px||false|false&#8221; custom_padding=&#8221;||||false|false&#8221; global_colors_info=&#8221;{}&#8221;][\/et_pb_image][et_pb_image src=&#8221;https:\/\/marinkamraterna.se\/stockholm\/wp-content\/uploads\/sites\/3\/2021\/05\/AST-Mat-20150822_084357775_iOS.jpg&#8221; title_text=&#8221;AST Mat 20150822 084357775 IOS&#8221; _builder_version=&#8221;4.16&#8243; _module_preset=&#8221;default&#8221; global_colors_info=&#8221;{}&#8221;][\/et_pb_image][et_pb_sidebar orientation=&#8221;right&#8221; area=&#8221;et_pb_widget_area_4&#8243; module_class=&#8221;right-menues&#8221; _builder_version=&#8221;4.9.11&#8243; _module_preset=&#8221;default&#8221; custom_margin=&#8221;||0px||false|false&#8221; custom_padding=&#8221;||||false|false&#8221; global_module=&#8221;34962&#8243; global_colors_info=&#8221;{}&#8221;][\/et_pb_sidebar][et_pb_sidebar orientation=&#8221;right&#8221; _builder_version=&#8221;4.9.4&#8243; _module_preset=&#8221;default&#8221; header_font=&#8221;|600||on|||||&#8221; header_font_size=&#8221;20px&#8221; global_module=&#8221;33531&#8243; saved_tabs=&#8221;all&#8221; locked=&#8221;off&#8221; global_colors_info=&#8221;{}&#8221;][\/et_pb_sidebar][\/et_pb_column][\/et_pb_section]<\/p>\n","protected":false},"excerpt":{"rendered":"<p>Genom \u00e5ren s\u00e5 har det skapats olika r\u00e4tter som fungerar bra att laga p\u00e5 grillar och i r\u00f6ken. H\u00e4r under samlar vi diverse recept och tips p\u00e5 \u00e4tbara goda ting. Revbensspj\u00e4ll Pulled pork Coleslaw Krogar Finnhamns krog Ingemars\u00f6 krog Ingmars\u00f6 Bageri &nbsp;<\/p>\n","protected":false},"author":2,"featured_media":0,"parent":33829,"menu_order":0,"comment_status":"closed","ping_status":"closed","template":"","meta":{"_et_pb_use_builder":"on","_et_pb_old_content":"","_et_gb_content_width":"","iawp_total_views":440,"footnotes":""},"class_list":["post-34711","page","type-page","status-publish","hentry"],"_links":{"self":[{"href":"https:\/\/marinkamraterna.se\/stockholm\/wp-json\/wp\/v2\/pages\/34711","targetHints":{"allow":["GET"]}}],"collection":[{"href":"https:\/\/marinkamraterna.se\/stockholm\/wp-json\/wp\/v2\/pages"}],"about":[{"href":"https:\/\/marinkamraterna.se\/stockholm\/wp-json\/wp\/v2\/types\/page"}],"author":[{"embeddable":true,"href":"https:\/\/marinkamraterna.se\/stockholm\/wp-json\/wp\/v2\/users\/2"}],"replies":[{"embeddable":true,"href":"https:\/\/marinkamraterna.se\/stockholm\/wp-json\/wp\/v2\/comments?post=34711"}],"version-history":[{"count":15,"href":"https:\/\/marinkamraterna.se\/stockholm\/wp-json\/wp\/v2\/pages\/34711\/revisions"}],"predecessor-version":[{"id":37836,"href":"https:\/\/marinkamraterna.se\/stockholm\/wp-json\/wp\/v2\/pages\/34711\/revisions\/37836"}],"up":[{"embeddable":true,"href":"https:\/\/marinkamraterna.se\/stockholm\/wp-json\/wp\/v2\/pages\/33829"}],"wp:attachment":[{"href":"https:\/\/marinkamraterna.se\/stockholm\/wp-json\/wp\/v2\/media?parent=34711"}],"curies":[{"name":"wp","href":"https:\/\/api.w.org\/{rel}","templated":true}]}}