{"id":34803,"date":"2021-06-15T15:39:20","date_gmt":"2021-06-15T13:39:20","guid":{"rendered":"https:\/\/andersa6.sg-host.com\/stockholm\/?page_id=34803"},"modified":"2026-03-30T18:30:07","modified_gmt":"2026-03-30T16:30:07","slug":"tratten-bokningslaget","status":"publish","type":"page","link":"https:\/\/marinkamraterna.se\/stockholm\/stora-tratten\/tratten-info\/bokning\/tratten-bokning-av-stuga\/tratten-bokningslaget\/","title":{"rendered":"Tratten bokningsl\u00e4get"},"content":{"rendered":"<p>[et_pb_section fb_built=&#8221;1&#8243; specialty=&#8221;on&#8221; padding_top_1=&#8221;0px&#8221; padding_top_2=&#8221;0px&#8221; padding_top_bottom_link_1=&#8221;false&#8221; padding_top_bottom_link_2=&#8221;false&#8221; padding_left_right_link_1=&#8221;false&#8221; padding_left_right_link_2=&#8221;false&#8221; _builder_version=&#8221;4.16&#8243; _module_preset=&#8221;default&#8221; custom_margin=&#8221;||||false|false&#8221; custom_padding=&#8221;||||false|false&#8221; locked=&#8221;off&#8221; global_colors_info=&#8221;{}&#8221;][et_pb_column type=&#8221;3_4&#8243; specialty_columns=&#8221;3&#8243; _builder_version=&#8221;4.16&#8243; custom_padding=&#8221;|||&#8221; global_colors_info=&#8221;{}&#8221; custom_padding__hover=&#8221;|||&#8221;][et_pb_row_inner _builder_version=&#8221;4.16&#8243; _module_preset=&#8221;default&#8221; custom_padding=&#8221;0px||||false|false&#8221; global_colors_info=&#8221;{}&#8221;][et_pb_column_inner saved_specialty_column_type=&#8221;3_4&#8243; _builder_version=&#8221;4.16&#8243; _module_preset=&#8221;default&#8221; global_colors_info=&#8221;{}&#8221;][et_pb_post_title meta=&#8221;off&#8221; featured_image=&#8221;off&#8221; admin_label=&#8221;Inl\u00e4ggstitel&#8221; _builder_version=&#8221;4.16&#8243; _module_preset=&#8221;default&#8221; title_font_size=&#8221;35px&#8221; global_colors_info=&#8221;{}&#8221;][\/et_pb_post_title][et_pb_text admin_label=&#8221;Text&#8221; _builder_version=&#8221;4.27.6&#8243; _module_preset=&#8221;default&#8221; hover_enabled=&#8221;0&#8243; global_colors_info=&#8221;{}&#8221; sticky_enabled=&#8221;0&#8243;]<\/p>\n<div id=\"contentRight\" class=\"grid_10\">\n<div id=\"contentContainer\">\n<h1>Bokningsl\u00e4get<\/h1>\n<p>Bokning f\u00f6r n\u00e4stkommande s\u00e4song \u00f6ppnar 1\/10\u00a0 f\u00f6r medlemmar, 1\/1 f\u00f6r icke medlemmar.<\/p>\n<p><a href=\"https:\/\/docs.google.com\/spreadsheets\/d\/1p9aSUltzDATLuqzEMXPOZ3e6AgBAHFvHUVT9whyKhVE\/pubhtml?gid=1433214841&amp;amp;single=true&amp;amp;widget=true&amp;amp;headers=false&quot;%20width=&quot;500&quot; height=&quot;320&quot;&gt;&lt;\/iframe&gt;&lt;\/p&gt;\" target=\"_blank\" rel=\"noopener\" data-wplink-url-error=\"true\">\u00a0Bokningar just nu<\/a><\/p>\n<p>Om boknings\u00f6versikten inte visas s\u00e5 kan det bero p\u00e5 att din brandv\u00e4gg inte till\u00e5ter \u00e5tkomst till \u00a0Google Drive, det kan ocks\u00e5 vara s\u00e5 att f\u00f6retaget du arbetar p\u00e5 inte till\u00e5ter \u00e5tkomst till Google Drive.\u00a0<span style=\"line-height: 1.5\">F\u00f6rs\u00f6k d\u00e5 fr\u00e5n en annan dator eller fr\u00e5n en annan plats.<\/span><\/p>\n<p>Fungerar det fortfarande inte s\u00e5 skicka ett mail till\u00a0<a href=\"mailto:storatratten@marinkamraterna.se\" target=\"_blank\" rel=\"noopener\">storatratten@marinkamraterna.se<\/a>\u00a0med ert \u00f6nskem\u00e5l om stuga.<\/p>\n<p>&nbsp;<\/p>\n<\/div>\n<\/div>\n<p>[\/et_pb_text][\/et_pb_column_inner][\/et_pb_row_inner][\/et_pb_column][et_pb_column type=&#8221;1_4&#8243; _builder_version=&#8221;4.16&#8243; custom_padding=&#8221;|||&#8221; global_colors_info=&#8221;{}&#8221; custom_padding__hover=&#8221;|||&#8221;][et_pb_image alt=&#8221;body of water during golden hour&#8221; title_text=&#8221;Photo by Joseph Barrientos&#8221; _builder_version=&#8221;4.16&#8243; _module_preset=&#8221;default&#8221; custom_margin=&#8221;||10px||false|false&#8221; custom_padding=&#8221;||||false|false&#8221; global_colors_info=&#8221;{}&#8221;][\/et_pb_image][et_pb_image src=&#8221;https:\/\/marinkamraterna.se\/stockholm\/wp-content\/uploads\/sites\/3\/2021\/05\/AST-05-Andra-2020.jpg&#8221; alt=&#8221;V\u00e4lkommen&#8221; title_text=&#8221;AST 05 Andra 2020&#8243; _builder_version=&#8221;4.16&#8243; _module_preset=&#8221;default&#8221; global_colors_info=&#8221;{}&#8221;][\/et_pb_image][et_pb_sidebar orientation=&#8221;right&#8221; admin_label=&#8221;Sidof\u00e4lt&#8221; _builder_version=&#8221;4.9.4&#8243; _module_preset=&#8221;default&#8221; header_font=&#8221;|600||on|||||&#8221; header_font_size=&#8221;20px&#8221; global_module=&#8221;33531&#8243; saved_tabs=&#8221;all&#8221; locked=&#8221;off&#8221; global_colors_info=&#8221;{}&#8221;][\/et_pb_sidebar][\/et_pb_column][\/et_pb_section]<\/p>\n","protected":false},"excerpt":{"rendered":"<p>Bokningsl\u00e4get Bokning f\u00f6r n\u00e4stkommande s\u00e4song \u00f6ppnar 1\/10\u00a0 f\u00f6r medlemmar, 1\/1 f\u00f6r icke medlemmar. \u00a0Bokningar just nu Om boknings\u00f6versikten inte visas s\u00e5 kan det bero p\u00e5 att din brandv\u00e4gg inte till\u00e5ter \u00e5tkomst till \u00a0Google Drive, det kan ocks\u00e5 vara s\u00e5 att f\u00f6retaget du arbetar p\u00e5 inte till\u00e5ter \u00e5tkomst till Google Drive.\u00a0F\u00f6rs\u00f6k d\u00e5 fr\u00e5n en annan dator [&hellip;]<\/p>\n","protected":false},"author":2,"featured_media":0,"parent":34805,"menu_order":0,"comment_status":"closed","ping_status":"closed","template":"","meta":{"_et_pb_use_builder":"on","_et_pb_old_content":"<a href=\"http:\/\/src=\"https:\/\/docs.google.com\/spreadsheets\/d\/1p9aSUltzDATLuqzEMXPOZ3e6AgBAHFvHUVT9whyKhVE\/pubhtml?gid=1433214841&single=true&widget=true&headers=false\" width=\"500\" height=\"320\"><\/iframe><\/p>\">http:\/\/src=\"https:\/\/docs.google.com\/spreadsheets\/d\/1p9aSUltzDATLuqzEMXPOZ3e6AgBAHFvHUVT9whyKhVE\/pubhtml?gid=1433214841&single=true&widget=true&headers=false\" width=\"500\" height=\"320\"><\/iframe><\/p><\/a>","_et_gb_content_width":"","iawp_total_views":1927,"footnotes":""},"class_list":["post-34803","page","type-page","status-publish","hentry"],"_links":{"self":[{"href":"https:\/\/marinkamraterna.se\/stockholm\/wp-json\/wp\/v2\/pages\/34803","targetHints":{"allow":["GET"]}}],"collection":[{"href":"https:\/\/marinkamraterna.se\/stockholm\/wp-json\/wp\/v2\/pages"}],"about":[{"href":"https:\/\/marinkamraterna.se\/stockholm\/wp-json\/wp\/v2\/types\/page"}],"author":[{"embeddable":true,"href":"https:\/\/marinkamraterna.se\/stockholm\/wp-json\/wp\/v2\/users\/2"}],"replies":[{"embeddable":true,"href":"https:\/\/marinkamraterna.se\/stockholm\/wp-json\/wp\/v2\/comments?post=34803"}],"version-history":[{"count":14,"href":"https:\/\/marinkamraterna.se\/stockholm\/wp-json\/wp\/v2\/pages\/34803\/revisions"}],"predecessor-version":[{"id":37926,"href":"https:\/\/marinkamraterna.se\/stockholm\/wp-json\/wp\/v2\/pages\/34803\/revisions\/37926"}],"up":[{"embeddable":true,"href":"https:\/\/marinkamraterna.se\/stockholm\/wp-json\/wp\/v2\/pages\/34805"}],"wp:attachment":[{"href":"https:\/\/marinkamraterna.se\/stockholm\/wp-json\/wp\/v2\/media?parent=34803"}],"curies":[{"name":"wp","href":"https:\/\/api.w.org\/{rel}","templated":true}]}}