{"id":34876,"date":"2021-06-15T21:02:51","date_gmt":"2021-06-15T19:02:51","guid":{"rendered":"https:\/\/andersa6.sg-host.com\/stockholm\/?page_id=34876"},"modified":"2021-06-15T21:14:10","modified_gmt":"2021-06-15T19:14:10","slug":"2020-06-06-stor-flaggning","status":"publish","type":"page","link":"https:\/\/marinkamraterna.se\/stockholm\/bilder\/2020-06-06-stor-flaggning\/","title":{"rendered":"2020-06-06 Stor Flaggning"},"content":{"rendered":"<p>[et_pb_section fb_built=&#8221;1&#8243; use_custom_gutter=&#8221;on&#8221; gutter_width=&#8221;2&#8243; specialty=&#8221;on&#8221; padding_top_bottom_link_1=&#8221;false&#8221; padding_top_bottom_link_2=&#8221;false&#8221; padding_left_right_link_1=&#8221;false&#8221; padding_left_right_link_2=&#8221;false&#8221; padding_top_1=&#8221;10px&#8221; _builder_version=&#8221;4.9.4&#8243; _module_preset=&#8221;default&#8221; custom_margin=&#8221;||||false|false&#8221; custom_padding=&#8221;||||false|false&#8221;][et_pb_column type=&#8221;1_4&#8243; _builder_version=&#8221;3.25&#8243; custom_padding=&#8221;|||&#8221; custom_padding__hover=&#8221;|||&#8221;][et_pb_sidebar area=&#8221;et_pb_widget_area_3&#8243; _builder_version=&#8221;4.9.4&#8243; _module_preset=&#8221;default&#8221; header_font=&#8221;|600||on|||||&#8221; body_text_color=&#8221;#0C71C3&#8243; body_font_size=&#8221;14px&#8221; custom_margin=&#8221;||||false|false&#8221; custom_padding=&#8221;||||false|false&#8221; global_module=&#8221;33600&#8243; locked=&#8221;on&#8221;][\/et_pb_sidebar][\/et_pb_column][et_pb_column type=&#8221;3_4&#8243; specialty_columns=&#8221;3&#8243; _builder_version=&#8221;3.25&#8243; custom_padding=&#8221;|||&#8221; custom_padding__hover=&#8221;|||&#8221;][et_pb_row_inner use_custom_gutter=&#8221;on&#8221; gutter_width=&#8221;1&#8243; make_equal=&#8221;on&#8221; _builder_version=&#8221;4.9.4&#8243; _module_preset=&#8221;default&#8221; custom_padding=&#8221;0px||||false|false&#8221;][et_pb_column_inner saved_specialty_column_type=&#8221;3_4&#8243; _builder_version=&#8221;4.9.3&#8243; _module_preset=&#8221;default&#8221;][et_pb_post_title meta=&#8221;off&#8221; featured_image=&#8221;off&#8221; _builder_version=&#8221;4.9.4&#8243; _module_preset=&#8221;default&#8221; title_font_size=&#8221;35px&#8221;][\/et_pb_post_title][et_pb_text _builder_version=&#8221;4.9.4&#8243; _module_preset=&#8221;default&#8221;]<\/p>\n<p>Flottans M\u00e4n hissar Stor Flaggning p\u00e5 af Chapman varje nationaldag samt d\u00e4rut\u00f6ver vid speciella tillf\u00e4llen. Bilder fr\u00e5n hissningen 2020 nedan.<\/p>\n<p>[\/et_pb_text][\/et_pb_column_inner][\/et_pb_row_inner][et_pb_row_inner use_custom_gutter=&#8221;on&#8221; gutter_width=&#8221;1&#8243; _builder_version=&#8221;4.9.4&#8243; _module_preset=&#8221;default&#8221;][et_pb_column_inner saved_specialty_column_type=&#8221;3_4&#8243; _builder_version=&#8221;4.9.4&#8243; _module_preset=&#8221;default&#8221;][et_pb_gallery gallery_ids=&#8221;34086,34087,34088,34089,34090,34091,34092&#8243; posts_number=&#8221;100&#8243; show_title_and_caption=&#8221;off&#8221; show_pagination=&#8221;off&#8221; _builder_version=&#8221;4.9.4&#8243; _module_preset=&#8221;default&#8221;][\/et_pb_gallery][\/et_pb_column_inner][\/et_pb_row_inner][\/et_pb_column][\/et_pb_section]<\/p>\n","protected":false},"excerpt":{"rendered":"<p>Flottans M\u00e4n hissar Stor Flaggning p\u00e5 af Chapman varje nationaldag samt d\u00e4rut\u00f6ver vid speciella tillf\u00e4llen. Bilder fr\u00e5n hissningen 2020 nedan.<\/p>\n","protected":false},"author":2,"featured_media":0,"parent":33357,"menu_order":0,"comment_status":"closed","ping_status":"closed","template":"","meta":{"_et_pb_use_builder":"on","_et_pb_old_content":"","_et_gb_content_width":"","iawp_total_views":46,"footnotes":""},"class_list":["post-34876","page","type-page","status-publish","hentry"],"_links":{"self":[{"href":"https:\/\/marinkamraterna.se\/stockholm\/wp-json\/wp\/v2\/pages\/34876","targetHints":{"allow":["GET"]}}],"collection":[{"href":"https:\/\/marinkamraterna.se\/stockholm\/wp-json\/wp\/v2\/pages"}],"about":[{"href":"https:\/\/marinkamraterna.se\/stockholm\/wp-json\/wp\/v2\/types\/page"}],"author":[{"embeddable":true,"href":"https:\/\/marinkamraterna.se\/stockholm\/wp-json\/wp\/v2\/users\/2"}],"replies":[{"embeddable":true,"href":"https:\/\/marinkamraterna.se\/stockholm\/wp-json\/wp\/v2\/comments?post=34876"}],"version-history":[{"count":3,"href":"https:\/\/marinkamraterna.se\/stockholm\/wp-json\/wp\/v2\/pages\/34876\/revisions"}],"predecessor-version":[{"id":34881,"href":"https:\/\/marinkamraterna.se\/stockholm\/wp-json\/wp\/v2\/pages\/34876\/revisions\/34881"}],"up":[{"embeddable":true,"href":"https:\/\/marinkamraterna.se\/stockholm\/wp-json\/wp\/v2\/pages\/33357"}],"wp:attachment":[{"href":"https:\/\/marinkamraterna.se\/stockholm\/wp-json\/wp\/v2\/media?parent=34876"}],"curies":[{"name":"wp","href":"https:\/\/api.w.org\/{rel}","templated":true}]}}