{"id":35298,"date":"2021-10-18T17:40:32","date_gmt":"2021-10-18T15:40:32","guid":{"rendered":"https:\/\/andersa6.sg-host.com\/stockholm\/?page_id=35298"},"modified":"2025-07-17T10:52:35","modified_gmt":"2025-07-17T08:52:35","slug":"arsmoten","status":"publish","type":"page","link":"https:\/\/marinkamraterna.se\/stockholm\/om-foreningen\/arsmoten\/","title":{"rendered":"\u00c5rsm\u00f6ten"},"content":{"rendered":"<p>[et_pb_section fb_built=&#8221;1&#8243; specialty=&#8221;on&#8221; padding_top_1=&#8221;0px&#8221; padding_top_2=&#8221;0px&#8221; padding_top_bottom_link_1=&#8221;false&#8221; padding_top_bottom_link_2=&#8221;false&#8221; padding_left_right_link_1=&#8221;false&#8221; padding_left_right_link_2=&#8221;false&#8221; _builder_version=&#8221;4.16&#8243; _module_preset=&#8221;default&#8221; custom_margin=&#8221;||||false|false&#8221; custom_padding=&#8221;||||false|false&#8221; locked=&#8221;off&#8221; global_colors_info=&#8221;{}&#8221;][et_pb_column type=&#8221;3_4&#8243; specialty_columns=&#8221;3&#8243; _builder_version=&#8221;4.16&#8243; custom_padding=&#8221;|||&#8221; global_colors_info=&#8221;{}&#8221; custom_padding__hover=&#8221;|||&#8221;][et_pb_row_inner _builder_version=&#8221;4.16&#8243; _module_preset=&#8221;default&#8221; custom_padding=&#8221;0px||||false|false&#8221; global_colors_info=&#8221;{}&#8221;][et_pb_column_inner saved_specialty_column_type=&#8221;3_4&#8243; _builder_version=&#8221;4.16&#8243; _module_preset=&#8221;default&#8221; global_colors_info=&#8221;{}&#8221;][et_pb_post_title meta=&#8221;off&#8221; featured_image=&#8221;off&#8221; _builder_version=&#8221;4.16&#8243; _module_preset=&#8221;default&#8221; title_font_size=&#8221;35px&#8221; global_colors_info=&#8221;{}&#8221;][\/et_pb_post_title][et_pb_text _builder_version=&#8221;4.25.2&#8243; _module_preset=&#8221;default&#8221; link_option_url=&#8221;\/wp-content\/uploads\/sites\/3\/2021\/10\/20-10-15-Protokoll-arsmote.pdf&#8221; link_option_url_new_window=&#8221;on&#8221; global_colors_info=&#8221;{}&#8221;]<\/p>\n<p>Under denna flik publiceras protokollen fr\u00e5n f\u00f6reningens \u00e5rsm\u00f6ten. Klicka p\u00e5 l\u00e4nken f\u00f6r aktuellt \u00e5r s\u00e5 \u00f6ppnas protokollet.<\/p>\n<p><a href=\"https:\/\/marinkamraterna.se\/stockholm\/wp-content\/uploads\/sites\/3\/2025\/07\/FM-Arsmote-2025-protokoll.pdf\" rel=\"attachment wp-att-37716\">Verksamhets\u00e5ret 2024<\/a><\/p>\n<p><a href=\"https:\/\/marinkamraterna.se\/stockholm\/wp-content\/uploads\/sites\/3\/2024\/06\/24-03-06-Prot-arsmote.pdf\" target=\"_blank\" rel=\"noopener\">Verksamhets\u00e5ret 2023<\/a><\/p>\n<p><a href=\"https:\/\/marinkamraterna.se\/stockholm\/wp-content\/uploads\/sites\/3\/2023\/03\/23-03-23-Protokoll-arsmote.pdf\">Verksamhets\u00e5ret 2022<\/a><\/p>\n<p><a href=\"\/wp-content\/uploads\/sites\/3\/2022\/03\/22-03-17-Protokoll-arsmote.pdf\">Verksamhets\u00e5ret 2021<\/a><\/p>\n<p><a href=\"\/wp-content\/uploads\/sites\/3\/2021\/10\/21-10-14-Protokoll-arsmote.pdf\">Verksamhets\u00e5ret 2020<\/a><\/p>\n<p><a href=\"\/wp-content\/uploads\/sites\/3\/2021\/10\/20-10-15-Protokoll-arsmote.pdf\" target=\"_blank\" rel=\"noopener\">Verksamhets\u00e5ret 2019<\/a><\/p>\n<p><a href=\"\/wp-content\/uploads\/sites\/3\/2021\/11\/2019-03-21-Protokoll-VA-2018.pdf\" target=\"_blank\" rel=\"noopener\">Verksamhets\u00e5ret 2018<\/a><\/p>\n<p><a href=\"\/wp-content\/uploads\/sites\/3\/2021\/11\/2018-03-15-Protokoll-VA-2017.pdf\" target=\"_blank\" rel=\"noopener\">Verksamhets\u00e5ret 2017<\/a><\/p>\n<p><a href=\"\/wp-content\/uploads\/sites\/3\/2021\/11\/2017-03-16-Protokoll-VA-2016.pdf\">Verksamhets\u00e5ret 2016<\/a><\/p>\n<p><a href=\"\/wp-content\/uploads\/sites\/3\/2021\/11\/2016-03-10-Protokoll-VA-2015.pdf\">Verksamhets\u00e5ret 2015<\/a><\/p>\n<p><a href=\"\/wp-content\/uploads\/sites\/3\/2021\/11\/2015-12-03-Protokoll-VA-2014.pdf\">Verksamhets\u00e5ret 2014<\/a><\/p>\n<p>&nbsp;<\/p>\n<p>[\/et_pb_text][\/et_pb_column_inner][\/et_pb_row_inner][\/et_pb_column][et_pb_column type=&#8221;1_4&#8243; _builder_version=&#8221;4.16&#8243; custom_padding=&#8221;|||&#8221; global_colors_info=&#8221;{}&#8221; custom_padding__hover=&#8221;|||&#8221;][et_pb_image src=&#8221;https:\/\/marinkamraterna.se\/stockholm\/wp-content\/uploads\/sites\/3\/2022\/04\/2022-03-17-01T-FM-arsmote.jpg&#8221; alt=&#8221;body of water during golden hour&#8221; title_text=&#8221;2022 03 17 01T FM \u00e5rsm\u00f6te&#8221; url=&#8221;https:\/\/marinkamraterna.se\/stockholm\/wp-content\/uploads\/sites\/3\/2022\/04\/2022-03-17-01T-FM-arsmote.jpg&#8221; _builder_version=&#8221;4.17.3&#8243; _module_preset=&#8221;default&#8221; custom_margin=&#8221;||10px||false|false&#8221; custom_padding=&#8221;||||false|false&#8221; global_colors_info=&#8221;{}&#8221;][\/et_pb_image][et_pb_text _builder_version=&#8221;4.17.3&#8243; _module_preset=&#8221;default&#8221; text_font=&#8221;||on||||||&#8221; text_font_size=&#8221;14px&#8221; global_colors_info=&#8221;{}&#8221;]<\/p>\n<p>Parentation vid \u00e5rsm\u00f6te<\/p>\n<p>[\/et_pb_text][et_pb_sidebar orientation=&#8221;right&#8221; _builder_version=&#8221;4.9.4&#8243; _module_preset=&#8221;default&#8221; header_font=&#8221;|600||on|||||&#8221; header_font_size=&#8221;20px&#8221; global_module=&#8221;33531&#8243; saved_tabs=&#8221;all&#8221; locked=&#8221;off&#8221; global_colors_info=&#8221;{}&#8221;][\/et_pb_sidebar][\/et_pb_column][\/et_pb_section]<\/p>\n","protected":false},"excerpt":{"rendered":"<p>Under denna flik publiceras protokollen fr\u00e5n f\u00f6reningens \u00e5rsm\u00f6ten. Klicka p\u00e5 l\u00e4nken f\u00f6r aktuellt \u00e5r s\u00e5 \u00f6ppnas protokollet. Verksamhets\u00e5ret 2024Verksamhets\u00e5ret 2023 Verksamhets\u00e5ret 2022 Verksamhets\u00e5ret 2021 Verksamhets\u00e5ret 2020 Verksamhets\u00e5ret 2019 Verksamhets\u00e5ret 2018 Verksamhets\u00e5ret 2017 Verksamhets\u00e5ret 2016 Verksamhets\u00e5ret 2015 Verksamhets\u00e5ret 2014 &nbsp;Parentation vid \u00e5rsm\u00f6te<\/p>\n","protected":false},"author":3,"featured_media":0,"parent":33152,"menu_order":0,"comment_status":"closed","ping_status":"closed","template":"","meta":{"_et_pb_use_builder":"on","_et_pb_old_content":"","_et_gb_content_width":"","iawp_total_views":283,"footnotes":""},"class_list":["post-35298","page","type-page","status-publish","hentry"],"_links":{"self":[{"href":"https:\/\/marinkamraterna.se\/stockholm\/wp-json\/wp\/v2\/pages\/35298","targetHints":{"allow":["GET"]}}],"collection":[{"href":"https:\/\/marinkamraterna.se\/stockholm\/wp-json\/wp\/v2\/pages"}],"about":[{"href":"https:\/\/marinkamraterna.se\/stockholm\/wp-json\/wp\/v2\/types\/page"}],"author":[{"embeddable":true,"href":"https:\/\/marinkamraterna.se\/stockholm\/wp-json\/wp\/v2\/users\/3"}],"replies":[{"embeddable":true,"href":"https:\/\/marinkamraterna.se\/stockholm\/wp-json\/wp\/v2\/comments?post=35298"}],"version-history":[{"count":20,"href":"https:\/\/marinkamraterna.se\/stockholm\/wp-json\/wp\/v2\/pages\/35298\/revisions"}],"predecessor-version":[{"id":37721,"href":"https:\/\/marinkamraterna.se\/stockholm\/wp-json\/wp\/v2\/pages\/35298\/revisions\/37721"}],"up":[{"embeddable":true,"href":"https:\/\/marinkamraterna.se\/stockholm\/wp-json\/wp\/v2\/pages\/33152"}],"wp:attachment":[{"href":"https:\/\/marinkamraterna.se\/stockholm\/wp-json\/wp\/v2\/media?parent=35298"}],"curies":[{"name":"wp","href":"https:\/\/api.w.org\/{rel}","templated":true}]}}