{"id":35471,"date":"2021-11-25T18:17:12","date_gmt":"2021-11-25T17:17:12","guid":{"rendered":"https:\/\/andersa6.sg-host.com\/stockholm\/?page_id=35471"},"modified":"2026-03-16T15:10:19","modified_gmt":"2026-03-16T14:10:19","slug":"verksamhetsberattelse-2","status":"publish","type":"page","link":"https:\/\/marinkamraterna.se\/stockholm\/om-foreningen\/verksamhetsberattelse-2\/","title":{"rendered":"Verksamhetsber\u00e4ttelse"},"content":{"rendered":"<p>[et_pb_section fb_built=&#8221;1&#8243; specialty=&#8221;on&#8221; padding_top_1=&#8221;0px&#8221; padding_top_2=&#8221;0px&#8221; padding_top_bottom_link_1=&#8221;false&#8221; padding_top_bottom_link_2=&#8221;false&#8221; padding_left_right_link_1=&#8221;false&#8221; padding_left_right_link_2=&#8221;false&#8221; _builder_version=&#8221;4.16&#8243; _module_preset=&#8221;default&#8221; custom_margin=&#8221;||||false|false&#8221; custom_padding=&#8221;||||false|false&#8221; locked=&#8221;off&#8221; global_colors_info=&#8221;{}&#8221;][et_pb_column type=&#8221;3_4&#8243; specialty_columns=&#8221;3&#8243; _builder_version=&#8221;4.16&#8243; custom_padding=&#8221;|||&#8221; global_colors_info=&#8221;{}&#8221; custom_padding__hover=&#8221;|||&#8221;][et_pb_row_inner _builder_version=&#8221;4.16&#8243; _module_preset=&#8221;default&#8221; custom_padding=&#8221;0px||||false|false&#8221; global_colors_info=&#8221;{}&#8221;][et_pb_column_inner saved_specialty_column_type=&#8221;3_4&#8243; _builder_version=&#8221;4.16&#8243; _module_preset=&#8221;default&#8221; global_colors_info=&#8221;{}&#8221;][et_pb_post_title meta=&#8221;off&#8221; featured_image=&#8221;off&#8221; _builder_version=&#8221;4.16&#8243; _module_preset=&#8221;default&#8221; title_font_size=&#8221;35px&#8221; global_colors_info=&#8221;{}&#8221;][\/et_pb_post_title][et_pb_text _builder_version=&#8221;4.27.6&#8243; background_size=&#8221;initial&#8221; background_position=&#8221;top_left&#8221; background_repeat=&#8221;repeat&#8221; custom_padding=&#8221;||4px|||&#8221; link_option_url=&#8221;\/wp-content\/uploads\/sites\/3\/2021\/11\/2015-02-17-Verksamhetsberattelse-VA-2014.pdf&#8221; link_option_url_new_window=&#8221;on&#8221; hover_enabled=&#8221;0&#8243; global_colors_info=&#8221;{}&#8221; sticky_enabled=&#8221;0&#8243;]<\/p>\n<p>Du kan ta del av f\u00f6reningens verksamhetsber\u00e4ttelser genom att klicka p\u00e5 dessa l\u00e4nkar:<\/p>\n<p><a href=\"https:\/\/marinkamraterna.se\/stockholm\/wp-content\/uploads\/sites\/3\/2026\/03\/AS-arsberattelse-2024.pdf\">Verksamhetsber\u00e4ttelse 2024<\/a><\/p>\n<p><a href=\"https:\/\/marinkamraterna.se\/stockholm\/wp-content\/uploads\/sites\/3\/2024\/06\/24-03-AS-verksamhetsber-2023.pdf\" target=\"_blank\" rel=\"noopener\">Verksamhetsber\u00e4ttelse 2023<\/a><\/p>\n<p><a href=\"https:\/\/marinkamraterna.se\/stockholm\/wp-content\/uploads\/sites\/3\/2023\/03\/Verksamhetsberattelse-va-2022.pdf\" target=\"_blank\" rel=\"noopener\">Verksamhetsber\u00e4ttelse 2022<\/a><\/p>\n<p><a href=\"\/wp-content\/uploads\/sites\/3\/2022\/03\/FM-Stockholm-arsberattelse-2021.pdf\">Verksamhetsber\u00e4ttelse 2021<\/a><\/p>\n<p><a href=\"\/stockholm\/wp-content\/uploads\/sites\/3\/2021\/06\/2020-AS-Verksahetsberattelse.pdf\">Verksamhetsber\u00e4ttelse 2020<\/a><\/p>\n<p><a href=\"\/stockholm\/wp-content\/uploads\/sites\/3\/2021\/06\/AS-2019-verksamhet.pdf\">Verksamhetsber\u00e4ttelse 2019<\/a><\/p>\n<p><a href=\"\/stockholm\/wp-content\/uploads\/sites\/3\/2021\/06\/AS-2018-verksamhetsberattelse.pdf\">Verksamhetsber\u00e4ttelse 2018<\/a><\/p>\n<p><a href=\"\/wp-content\/uploads\/sites\/3\/2021\/11\/2018-02-28-Verksamhetsberattelse-VA-2017.pdf\">Verksamhetsber\u00e4ttelse 2017<\/a><\/p>\n<p><a href=\"\/wp-content\/uploads\/sites\/3\/2021\/11\/2017-02-28-Verksamhetsberattelse-VA-2016.pdf\">Verksamhetsber\u00e4ttelse 2016<\/a><\/p>\n<p><a href=\"\/wp-content\/uploads\/sites\/3\/2021\/11\/2016-02-29-Verksamhetsberattelse-VA-2015.pdf\">Verksamhetsber\u00e4ttelse 2015<\/a><\/p>\n<p>Verksamhetsber\u00e4ttelse 2014<\/p>\n<p>[\/et_pb_text][\/et_pb_column_inner][\/et_pb_row_inner][\/et_pb_column][et_pb_column type=&#8221;1_4&#8243; _builder_version=&#8221;4.16&#8243; custom_padding=&#8221;|||&#8221; global_colors_info=&#8221;{}&#8221; custom_padding__hover=&#8221;|||&#8221;][et_pb_sidebar orientation=&#8221;right&#8221; area=&#8221;et_pb_widget_area_5&#8243; module_class=&#8221;right-menues&#8221; _builder_version=&#8221;4.9.11&#8243; _module_preset=&#8221;default&#8221; custom_margin=&#8221;||0px||false|false&#8221; global_module=&#8221;35107&#8243; saved_tabs=&#8221;all&#8221; global_colors_info=&#8221;{}&#8221;][\/et_pb_sidebar][et_pb_sidebar orientation=&#8221;right&#8221; admin_label=&#8221;Sidof\u00e4lt&#8221; _builder_version=&#8221;4.9.4&#8243; _module_preset=&#8221;default&#8221; header_font=&#8221;|600||on|||||&#8221; header_font_size=&#8221;20px&#8221; global_module=&#8221;33531&#8243; saved_tabs=&#8221;all&#8221; locked=&#8221;off&#8221; global_colors_info=&#8221;{}&#8221;][\/et_pb_sidebar][\/et_pb_column][\/et_pb_section]<\/p>\n","protected":false},"excerpt":{"rendered":"<p>Du kan ta del av f\u00f6reningens verksamhetsber\u00e4ttelser genom att klicka p\u00e5 dessa l\u00e4nkar: Verksamhetsber\u00e4ttelse 2024 Verksamhetsber\u00e4ttelse 2023 Verksamhetsber\u00e4ttelse 2022 Verksamhetsber\u00e4ttelse 2021 Verksamhetsber\u00e4ttelse 2020 Verksamhetsber\u00e4ttelse 2019 Verksamhetsber\u00e4ttelse 2018 Verksamhetsber\u00e4ttelse 2017 Verksamhetsber\u00e4ttelse 2016 Verksamhetsber\u00e4ttelse 2015 Verksamhetsber\u00e4ttelse 2014<\/p>\n","protected":false},"author":3,"featured_media":0,"parent":33152,"menu_order":0,"comment_status":"closed","ping_status":"closed","template":"","meta":{"_et_pb_use_builder":"on","_et_pb_old_content":"<p>Du kan ta del av f\u00f6reningens verksamhetsber\u00e4ttelse genom att klicka p\u00e5 dessa l\u00e4nkar:<\/p>","_et_gb_content_width":"","iawp_total_views":159,"footnotes":""},"class_list":["post-35471","page","type-page","status-publish","hentry"],"_links":{"self":[{"href":"https:\/\/marinkamraterna.se\/stockholm\/wp-json\/wp\/v2\/pages\/35471","targetHints":{"allow":["GET"]}}],"collection":[{"href":"https:\/\/marinkamraterna.se\/stockholm\/wp-json\/wp\/v2\/pages"}],"about":[{"href":"https:\/\/marinkamraterna.se\/stockholm\/wp-json\/wp\/v2\/types\/page"}],"author":[{"embeddable":true,"href":"https:\/\/marinkamraterna.se\/stockholm\/wp-json\/wp\/v2\/users\/3"}],"replies":[{"embeddable":true,"href":"https:\/\/marinkamraterna.se\/stockholm\/wp-json\/wp\/v2\/comments?post=35471"}],"version-history":[{"count":16,"href":"https:\/\/marinkamraterna.se\/stockholm\/wp-json\/wp\/v2\/pages\/35471\/revisions"}],"predecessor-version":[{"id":37880,"href":"https:\/\/marinkamraterna.se\/stockholm\/wp-json\/wp\/v2\/pages\/35471\/revisions\/37880"}],"up":[{"embeddable":true,"href":"https:\/\/marinkamraterna.se\/stockholm\/wp-json\/wp\/v2\/pages\/33152"}],"wp:attachment":[{"href":"https:\/\/marinkamraterna.se\/stockholm\/wp-json\/wp\/v2\/media?parent=35471"}],"curies":[{"name":"wp","href":"https:\/\/api.w.org\/{rel}","templated":true}]}}