{"id":33986,"date":"2021-06-04T19:12:08","date_gmt":"2021-06-04T17:12:08","guid":{"rendered":"http:\/\/andersa6.sg-host.com\/sundsvall\/?page_id=33986"},"modified":"2024-07-05T10:09:19","modified_gmt":"2024-07-05T08:09:19","slug":"styrelse","status":"publish","type":"page","link":"https:\/\/marinkamraterna.se\/sundsvall\/om-foreningen\/styrelse\/","title":{"rendered":"Styrelse"},"content":{"rendered":"<p>[et_pb_section fb_built=&#8221;1&#8243; specialty=&#8221;on&#8221; padding_top_1=&#8221;45px&#8221; padding_top_2=&#8221;45px&#8221; padding_top_bottom_link_1=&#8221;false&#8221; padding_top_bottom_link_2=&#8221;false&#8221; padding_left_right_link_1=&#8221;false&#8221; padding_left_right_link_2=&#8221;false&#8221; _builder_version=&#8221;4.16&#8243; _module_preset=&#8221;default&#8221; custom_margin=&#8221;||||false|false&#8221; custom_padding=&#8221;0px||||false|false&#8221; locked=&#8221;off&#8221; global_colors_info=&#8221;{}&#8221;][et_pb_column type=&#8221;3_4&#8243; specialty_columns=&#8221;3&#8243; _builder_version=&#8221;4.16&#8243; custom_padding=&#8221;|||&#8221; global_colors_info=&#8221;{}&#8221; custom_padding__hover=&#8221;|||&#8221;][et_pb_row_inner _builder_version=&#8221;4.16&#8243; _module_preset=&#8221;default&#8221; custom_padding=&#8221;0px||||false|false&#8221; global_colors_info=&#8221;{}&#8221;][et_pb_column_inner saved_specialty_column_type=&#8221;3_4&#8243; _builder_version=&#8221;4.16&#8243; _module_preset=&#8221;default&#8221; global_colors_info=&#8221;{}&#8221;][et_pb_text _builder_version=&#8221;4.16&#8243; _module_preset=&#8221;default&#8221; global_colors_info=&#8221;{}&#8221;]<\/p>\n<h3><\/h3>\n<p>&nbsp;<\/p>\n<p>&nbsp;<\/p>\n<p>&nbsp;<\/p>\n<h3>\u00a0 \u00a0 \u00a0 \u00a0 \u00a0 \u00a0 \u00a0 \u00a0 \u00a0 \u00a0 \u00a0 \u00a0 \u00a0 \u00a0 \u00a0 \u00a0 \u00a0 \u00a0 \u00a0 \u00a0 \u00a0 \u00a0 \u00a0 \u00a0 <em><strong>Styrelse<\/strong><\/em><\/h3>\n<pre><em><strong><span style=\"font-size: 15px;background-color: #ffffff\">                              Ordf\u00f6rande<\/span><\/strong><\/em>\n                              Cawe Johansson\n                              Backv\u00e4gen 6\u00a0 861 38 Bergeforsen\n                              Tfn: 070-6595465\n                              E-post: cawejohansson3@gmail.com\n\n                              <em><strong>Vice ordf\u00f6rande\n                             <\/strong><\/em> Carl Martinsson\n                              L\u00f6rudden 110 862 96 Njurunda\n                              Tfn:070-5679646\n                              E-post:carlmartinsson(a)telia.com \n\n <strong style=\"font-size: 15px\"><em>                             Sekreterare<\/em>\u00a0 \u00a0 \u00a0 \u00a0 \u00a0 \u00a0 \u00a0 \u00a0  <\/strong> \n<span style=\"font-size: 15px\">                              Carl Martinsson\u00a0 \u00a0 \u00a0 \u00a0  <\/span>\n<span style=\"font-size: 15px\">                              L\u00f6rudden 110\u00a0 862 96 Njurunda<\/span>\n<span style=\"font-size: 15px\">                              Tfn:070-5679646<\/span>\n<span style=\"font-size: 15px\">                              E-post:carlmartinsson(a)telia.com\n<\/span>\n<strong>                              Kass\u00f6r\n<\/strong>                              Per Martinsson\n                              Tallv\u00e4gen 7B\u00a0 \u00a0854 66 Sundsvall\n                              Tfn:070-5324790\n                              E-post:per.martinsson1(a)telia.com\n\n<strong>                              Klubbm\u00e4stare\u00a0 \u00a0 \u00a0 \u00a0 \u00a0  <\/strong>\n                              Chatrin Vinl\u00f6v\n                              Backv\u00e4gen 6\u00a0 861 38 Bergeforsen\n                              Tfn: 076-1498907 \n                              <a href=\"mailto:caweJohansson3@gmail.com\">caweJohansson3@gmail.com <\/a><br \/>                                                          \n                              Ledamot<br \/>                              Bert L\u00f6fqvist\n                              Bj\u00f6rn\u00f6gatan 8 761 40 Norrt\u00e4lje\n                              Tfn: 070-5912005<br \/>                              <a href=\"mailto:bert@mmconsulting.se\">bert@mmconsulting.se<\/a><br \/> \n<strong>                              Suppleant\u00a0 \u00a0 \u00a0 \u00a0 \u00a0 \u00a0 \u00a0 \u00a0 \u00a0 \u00a0 \u00a0 <\/strong>\n                              Ulf Allringer\n                              Eken\u00e4sv\u00e4gen 1A\u00a0 863 36 Sundsbruk\n                              Tfn:070-2466442\n                              E-post:ulf.allringer@gmail.com\n\n<strong>                              Suppleant ,It-ansvarig \u00a0 \u00a0 \u00a0 \u00a0 \u00a0 \u00a0 \u00a0 \u00a0 \u00a0 \u00a0 \u00a0 <\/strong>\n                              Lisa Mellberg\n                              N\u00e4tv\u00e4gen 12\u00a0 862 91 Kvissleby\n                              Tfn: 070-5332283\n                              E-post:lisa.mellberg(a)hotmail.com\n\n<strong>                              \u00a0 \u00a0 \u00a0 \u00a0 \u00a0 \u00a0  <\/strong>\n                              <strong> \u00a0 \u00a0 \u00a0 \u00a0 <\/strong>\n                              \n<\/pre>\n<p>&nbsp;<\/p>\n<p>&nbsp;<\/p>\n<p><strong>\u00a0<\/strong><\/p>\n<p>[\/et_pb_text][\/et_pb_column_inner][\/et_pb_row_inner][\/et_pb_column][et_pb_column type=&#8221;1_4&#8243; _builder_version=&#8221;4.16&#8243; custom_padding=&#8221;|||&#8221; global_colors_info=&#8221;{}&#8221; custom_padding__hover=&#8221;|||&#8221;][et_pb_image src=&#8221;http:\/\/marinkamraterna.se\/sundsvall\/wp-content\/uploads\/sites\/31\/2021\/04\/eumewe-7ewg-150&#215;150.jpg&#8221; alt=&#8221;ship helm&#8221; title_text=&#8221;Photo by Joseph Barrientos&#8221; _builder_version=&#8221;4.16&#8243; _module_preset=&#8221;default&#8221; custom_margin=&#8221;||10px||false|false&#8221; custom_padding=&#8221;||||false|false&#8221; global_colors_info=&#8221;{}&#8221;][\/et_pb_image][et_pb_text _builder_version=&#8221;4.16&#8243; _module_preset=&#8221;default&#8221; text_font=&#8221;||on||||||&#8221; text_font_size=&#8221;14px&#8221; global_colors_info=&#8221;{}&#8221;][\/et_pb_text][et_pb_sidebar orientation=&#8221;right&#8221; area=&#8221;et_pb_widget_area_5&#8243; module_class=&#8221;right-menues&#8221; _builder_version=&#8221;4.9.11&#8243; _module_preset=&#8221;default&#8221; custom_margin=&#8221;||0px||false|false&#8221; global_module=&#8221;35107&#8243; saved_tabs=&#8221;all&#8221; locked=&#8221;on&#8221; global_colors_info=&#8221;{}&#8221;][\/et_pb_sidebar][et_pb_sidebar orientation=&#8221;right&#8221; _builder_version=&#8221;4.9.4&#8243; _module_preset=&#8221;default&#8221; header_font=&#8221;|600||on|||||&#8221; header_font_size=&#8221;20px&#8221; global_module=&#8221;33531&#8243; saved_tabs=&#8221;all&#8221; locked=&#8221;off&#8221; global_colors_info=&#8221;{}&#8221;][\/et_pb_sidebar][\/et_pb_column][\/et_pb_section]<\/p>\n","protected":false},"excerpt":{"rendered":"<p>&nbsp; &nbsp; &nbsp; \u00a0 \u00a0 \u00a0 \u00a0 \u00a0 \u00a0 \u00a0 \u00a0 \u00a0 \u00a0 \u00a0 \u00a0 \u00a0 \u00a0 \u00a0 \u00a0 \u00a0 \u00a0 \u00a0 \u00a0 \u00a0 \u00a0 \u00a0 \u00a0 Styrelse Ordf\u00f6rande Cawe Johansson Backv\u00e4gen 6\u00a0 861 38 Bergeforsen Tfn: 070-6595465 E-post: cawejohansson3@gmail.com Vice ordf\u00f6rande Carl Martinsson L\u00f6rudden 110 862 96 Njurunda Tfn:070-5679646 E-post:carlmartinsson(a)telia.com Sekreterare\u00a0 \u00a0 \u00a0 \u00a0 [&hellip;]<\/p>\n","protected":false},"author":1,"featured_media":0,"parent":33152,"menu_order":3,"comment_status":"closed","ping_status":"closed","template":"","meta":{"_et_pb_use_builder":"on","_et_pb_old_content":"","_et_gb_content_width":"","iawp_total_views":183,"footnotes":""},"class_list":["post-33986","page","type-page","status-publish","hentry"],"_links":{"self":[{"href":"https:\/\/marinkamraterna.se\/sundsvall\/wp-json\/wp\/v2\/pages\/33986","targetHints":{"allow":["GET"]}}],"collection":[{"href":"https:\/\/marinkamraterna.se\/sundsvall\/wp-json\/wp\/v2\/pages"}],"about":[{"href":"https:\/\/marinkamraterna.se\/sundsvall\/wp-json\/wp\/v2\/types\/page"}],"author":[{"embeddable":true,"href":"https:\/\/marinkamraterna.se\/sundsvall\/wp-json\/wp\/v2\/users\/1"}],"replies":[{"embeddable":true,"href":"https:\/\/marinkamraterna.se\/sundsvall\/wp-json\/wp\/v2\/comments?post=33986"}],"version-history":[{"count":14,"href":"https:\/\/marinkamraterna.se\/sundsvall\/wp-json\/wp\/v2\/pages\/33986\/revisions"}],"predecessor-version":[{"id":37851,"href":"https:\/\/marinkamraterna.se\/sundsvall\/wp-json\/wp\/v2\/pages\/33986\/revisions\/37851"}],"up":[{"embeddable":true,"href":"https:\/\/marinkamraterna.se\/sundsvall\/wp-json\/wp\/v2\/pages\/33152"}],"wp:attachment":[{"href":"https:\/\/marinkamraterna.se\/sundsvall\/wp-json\/wp\/v2\/media?parent=33986"}],"curies":[{"name":"wp","href":"https:\/\/api.w.org\/{rel}","templated":true}]}}