{"id":33990,"date":"2021-06-04T19:13:45","date_gmt":"2021-06-04T17:13:45","guid":{"rendered":"http:\/\/andersa6.sg-host.com\/sundsvall\/?page_id=33990"},"modified":"2022-01-04T16:42:40","modified_gmt":"2022-01-04T15:42:40","slug":"stadgar","status":"publish","type":"page","link":"https:\/\/marinkamraterna.se\/sundsvall\/om-foreningen\/stadgar\/","title":{"rendered":"Stadgar"},"content":{"rendered":"<p>[et_pb_section fb_built=&#8221;1&#8243; specialty=&#8221;on&#8221; padding_top_1=&#8221;45px&#8221; padding_top_2=&#8221;45px&#8221; _builder_version=&#8221;4.10.8&#8243; _module_preset=&#8221;default&#8221; custom_padding=&#8221;0px||||false|false&#8221; locked=&#8221;off&#8221; global_colors_info=&#8221;{}&#8221;][et_pb_column type=&#8221;3_4&#8243; specialty_columns=&#8221;3&#8243; _builder_version=&#8221;3.25&#8243; custom_padding=&#8221;|||&#8221; global_colors_info=&#8221;{}&#8221; custom_padding__hover=&#8221;|||&#8221;][et_pb_row_inner _builder_version=&#8221;4.14.4&#8243; _module_preset=&#8221;default&#8221; global_colors_info=&#8221;{}&#8221;][et_pb_column_inner saved_specialty_column_type=&#8221;3_4&#8243; _builder_version=&#8221;4.14.4&#8243; _module_preset=&#8221;default&#8221; global_colors_info=&#8221;{}&#8221;][et_pb_text _builder_version=&#8221;4.14.4&#8243; _module_preset=&#8221;default&#8221; global_colors_info=&#8221;{}&#8221;]<\/p>\n<h2><\/h2>\n<h1>\u00a0 \u00a0 \u00a0 \u00a0 \u00a0 \u00a0 \u00a0 \u00a0 \u00a0 \u00a0 \u00a0 \u00a0 \u00a0 \u00a0 \u00a0 \u00a0 \u00a0 \u00a0 \u00a0 \u00a0 \u00a0 \u00a0 \u00a0 \u00a0 \u00a0STADGAR<\/h1>\n<p>\u00a0 \u00a0 \u00a0 \u00a0 \u00a0 \u00a0 \u00a0 \u00a0 \u00a0 \u00a0 \u00a0 \u00a0 \u00a0 \u00a0 \u00a0 \u00a0 \u00a0 \u00a0 \u00a0 \u00a0 \u00a0 \u00a0 \u00a0 \u00a0 \u00a0 \u00a0 \u00a0 \u00a0 \u00a0 \u00a0 \u00a0 \u00a0 \u00a0 \u00a0 \u00a0 \u00a0 \u00a0 \u00a0 \u00a0 \u00a0 \u00a0 \u00a0 \u00a0 \u00a0 \u00a0 \u00a0 \u00a0 \u00a0 \u00a0 \u00a0 \u00a0 \u00a0 \u00a0 \u00a0 \u00a0 \u00a0F\u00d6R<\/p>\n<p>\u00a0 \u00a0 \u00a0 \u00a0 \u00a0 \u00a0 \u00a0 \u00a0 \u00a0 \u00a0 \u00a0 \u00a0 \u00a0 \u00a0 \u00a0 \u00a0 \u00a0 \u00a0 \u00a0 \u00a0 \u00a0 \u00a0 \u00a0 \u00a0 \u00a0 \u00a0 \u00a0 \u00a0 \u00a0 \u00a0 \u00a0 \u00a0 \u00a0 \u00a0 \u00a0 \u00a0 \u00a0 \u00a0 \u00a0 \u00a0 \u00a0 \u00a0 \u00a0 \u00a0 \u00a0 \u00a0 \u00a0 \u00a0 \u00a0 \u00a0 \u00a0 \u00a0 F\u00d6RENINGEN<\/p>\n<h1>\u00a0 \u00a0 \u00a0 \u00a0 \u00a0 \u00a0 \u00a0 \u00a0 \u00a0 \u00a0 \u00a0 \u00a0 \u00a0 \u00a0 \u00a0 \u00a0 \u00a0 \u00a0 \u00a0 \u00a0 \u00a0 \u00a0 \u00a0FLOTTANS M\u00c4N<\/h1>\n<p><strong>\u00a0 \u00a0 \u00a0 \u00a0 \u00a0 \u00a0 \u00a0 \u00a0 \u00a0 \u00a0 \u00a0 \u00a0 \u00a0 \u00a0 \u00a0 \u00a0 \u00a0 \u00a0 \u00a0 \u00a0 \u00a0 \u00a0 \u00a0 \u00a0 \u00a0 \u00a0 \u00a0 \u00a0 \u00a0 \u00a0 \u00a0 \u00a0 \u00a0 \u00a0 \u00a0 \u00a0 \u00a0 \u00a0 \u00a0 \u00a0 \u00a0 \u00a0 \u00a0 \u00a0 \u00a0 \u00a0 \u00a0 \u00a0 \u00a0 \u00a0 \u00a0 \u00a0 \u00a0 Sundsvall<\/strong><\/p>\n<p>\u00a0 \u00a0 \u00a0 \u00a0 \u00a0 \u00a0 \u00a0 \u00a0 \u00a0 \u00a0 \u00a0 \u00a0 \u00a0 \u00a0 \u00a0 \u00a0 \u00a0 \u00a0 \u00a0 \u00a0 \u00a0 \u00a0 \u00a0 \u00a0 \u00a0 \u00a0 \u00a0 \u00a0 \u00a0 \u00a0 \u00a0 \u00a0 \u00a0 \u00a0 \u00a0 \u00a0 \u00a0 \u00a0 \u00a0 \u00a0 \u00a0 \u00a0 \u00a0 \u00a0 \u00a0 \u00a0 \u00a0 \u00a0 \u00a0 \u00a0 \u00a0 \u00a0 Fastst\u00e4llda 1994<\/p>\n<p><strong>\u00a7 1 F\u00f6reningens \u00e4ndam\u00e5l<\/strong><\/p>\n<p>Lokalf\u00f6reningen FLOTTANS M\u00c4N i Sundsvall med omnejd har som syfte<\/p>\n<p>\u2014 att vara en f\u00f6rbindelsel\u00e4nk mellan de som tj\u00e4nstg\u00f6r eller har tj\u00e4nstgjort vid MARINEN och Svenska Handelsflottan<\/p>\n<p>\u2014 att verka f\u00f6r m\u00f6jligheten att f\u00f6lja MARINENS uppgifter, verksamhet och utveckling inom ramen f\u00f6r totalf\u00f6rsvaret \u2014 att v\u00e5rda MARINENS traditioner<\/p>\n<p>\u2014 att vara ideell partipolitiskt obunden f\u00f6rening som skall fr\u00e4mja s\u00e5dan verksamhet som kan vara av intresse f\u00f6r medlemmarna<\/p>\n<p>\u2014 att verka f\u00f6r ett gott kamratskap genom fri och otvungen samvaro p\u00e5 grundval av gemensamma minnen<\/p>\n<p>\u2014 att genom samverkan med Riksf\u00f6rbundet bedriva en ut\u00e5triktad f\u00f6rsvarsupplysningsverksamhet<\/p>\n<p><strong>\u00a7 2 Medlemskap, medlemsavgift<\/strong><\/p>\n<p>F\u00f6r att f\u00e5 medlemskap i f\u00f6reningen fordras att man \u00e4r eller har varit anst\u00e4lld vid MARINEN i milit\u00e4r, civilmilit\u00e4r eller civil befattning samt tj\u00e4nstg\u00f6r eller har tj\u00e4nstgj ort som v\u00e4rnpliktig i MARINEN.<\/p>\n<p>Efter s\u00e4rskild pr\u00f6vning av styrelsen kan annan svensk medborgare, som har stort intresse f\u00f6r MARINEN och f\u00f6reningens verksamhet erh\u00e5lla medlemsskap i f\u00f6reningen.<\/p>\n<p>Styrelsen \u00e4ger r\u00e4tt att utse hedersmedlem i f\u00f6reningen. Medlemsavgiften erl\u00e4gges som \u00e5rsavgift senast 31 mars och fastst\u00e4lles till storlek vid ordinarie \u00e5rsm\u00f6te.<\/p>\n<p>Medlem kan uteslutas om stadgade avgifter efter uppmaning ej inbetalts. F\u00f6r att en uteslutning skall vara giltig kr\u00e4vs att minst fem (5) styrelsemedlemmar \u00e4r eniga.<\/p>\n<p><strong>\u00a7 3 Styrelsen<\/strong><\/p>\n<p>Styrelsen, som har sitt s\u00e4te i Sundsvall, skall best\u00e5 av fem (5) ordinarie ledam\u00f6ter f\u00f6r vilka det skall finnas tv\u00e5 (2) suppleanter. Ordf\u00f6rande v\u00e4ljes vid \u00e5rsm\u00f6tet f\u00f6r en tid av ett (1) \u00e5r. H\u00e4lften av styrelsens \u00f6vriga ledam\u00f6ter och suppleanter v\u00e4ljes vid \u00e5rsm\u00f6tet f\u00f6r en tv\u00e5\u00e5rig mandatperiod.<\/p>\n<p><strong>\u00a7 4 Arbetsordning<\/strong><\/p>\n<p>Styrelsen best\u00e4mmer sj\u00e4lv sin arbetsordning, samt informerar medlemmarna kontinuerligt om f\u00f6reningens verksamheter genom skrivelser eller m\u00f6ten. Styrelsen utser inom sig<\/p>\n<p>\u2014 vice ordf\u00f6rande<\/p>\n<p>\u2014 sekreterare<\/p>\n<p>\u2014 kass\u00f6r \u00a0klubbm\u00e4stare<\/p>\n<p>Styrelsen \u00e4r beslutsf\u00f6r med ordf\u00f6randen och fyra (4) ledam\u00f6ter n\u00e4rvarande.<\/p>\n<p>vid omr\u00f6stning med lika r\u00f6stetal skall ordf\u00f6randen ha utslagsr\u00f6st.<\/p>\n<p><strong>\u00a7 5 Revision<\/strong><\/p>\n<p>F\u00f6reningens verksamhets\u2014 och r\u00e4kenskaps\u00e5r \u00e4r kalender\u00e5r. \u00c5rsm\u00f6tet v\u00e4ljer 3 revisorer att granska f\u00f6reningens r\u00e4kenskaper.<\/p>\n<p>R\u00e4kenskaperna skall senast den 15 februari \u00e5ret efter r\u00e4kenskaps\u00e5ret av kass\u00f6ren \u00f6verl\u00e4mnas till revisorerna f\u00f6r granskning. Revisorerna skall senast den 28 februari till styrelsen \u00f6verl\u00e4mna revisionsber\u00e4ttelse inneh\u00e5llande bl a f\u00f6rslag om ansvarsfrihet.<\/p>\n<p><strong>\u00a7 6 Valberedning<\/strong><\/p>\n<p>Valberedning v\u00e4ljes vid ordinarie \u00e5rsm\u00f6te och skall best\u00e5 av tre (3) medlemmar varav en \u00e4r sammankallande.<\/p>\n<p>Senast 14 dagar f\u00f6re \u00e5rsm\u00f6tet \u00f6verl\u00e4mnar valberedningen f\u00f6rslag till styrelsen p\u00e5 kandidater att inv\u00e4ljas i styrelsen samt revisorer.<\/p>\n<p><strong>\u00a7 7 Ordinarie \u00e5rsm\u00f6te, dagordning<\/strong><\/p>\n<p>\u00c5rsm\u00f6te skall h\u00e5llas under april \u2014 maj och utlysas minst fjorton (14) dagar f\u00f6re \u00e5rsm\u00f6tet. Vid \u00e5rsm\u00f6tet skall f\u00f6ljande \u00e4renden f\u00f6rekomma :<\/p>\n<p>\u2014 Val av ordf\u00f6rande och sekreterare f\u00f6r \u00e5rsm\u00f6tet<\/p>\n<p>\u2014 Val av tv\u00e5 (2) justeringsm\u00e4n, tillika r\u00f6str\u00e4knare, att j\u00e4 ordf\u00f6rande justera protokollet<\/p>\n<p>\u2014 Fr\u00e5ga om \u00e5rsm\u00f6tets stadgeenliga utlysande<\/p>\n<p>Styrelsens verksamhetsber\u00e4ttelse och ekonomiska redovisning<\/p>\n<p>\u2014 Revisorernas ber\u00e4ttelse<\/p>\n<p>\u2014 Beslut om ansvarsfrihet f\u00f6r styrelsen<\/p>\n<p>\u2014 Beslut om \u00e5rsavgift<\/p>\n<p>\u2014 Val av styrelse och suppleanter enligt \u00a7 3<\/p>\n<p>Val av revisorer enligt \u00a7 5<\/p>\n<p>Val av valberedning \u00a7 6<\/p>\n<p>\u2014 Motioner<\/p>\n<p>\u2014 \u00d6vriga fr\u00e5gor<\/p>\n<p><strong>\u00a7 8 Medlemsm\u00f6ten<\/strong><\/p>\n<p>Medlemsm\u00f6ten \u00e4r ett samlande begrepp f\u00f6r den samvaro som \u00e4r f\u00f6reningens \u00e4ndam\u00e5l enligt S 1. M\u00f6ten kan vara traditionella s k \u00e4rtmiddagar, f\u00f6redrag, filmf\u00f6revisningar, studiebes\u00f6k p\u00e5 g\u00e4stande \u00f6rlogsfartyg etc.<\/p>\n<p>Styrelsen kallar till dessa sammankomster.<\/p>\n<p><strong>\u00a7 9 Motioner<\/strong><\/p>\n<p>F\u00f6rslag fr\u00e5n medlemmarna skall vara styrelsen tillhanda senast 10 dagar f\u00f6re ordinarie \u00e5rsm\u00f6te. F\u00f6rslag skall vara skriftligt.<\/p>\n<p>S 10 Stadge\u00e4ndring<\/p>\n<p>Beslut om stadge\u00e4ndring fattas vid \u00e5rsm\u00f6te och skall f\u00f6r att \u00e4ga giltighet bitr\u00e4das av minst tv\u00e5 tredjedelar (2\/3) av de r\u00f6stande medlemmarna.<\/p>\n<p><strong>\u00a7 11 \u00d6vriga angel\u00e4genheter<\/strong><\/p>\n<p>I \u00f6vriga angel\u00e4genheter \u2014 som avser f\u00f6reningen Flottans M\u00e4ns verksamhet \u2014 till\u00e4mpas Riksf\u00f6rbundets stadgar.<\/p>\n<p><strong>\u00a7 12 Uppl\u00f6sande av f\u00f6reningen<\/strong><\/p>\n<p>Beslut om f\u00f6reningens uppl\u00f6sande skall f\u00f6r att vara giltigt ha fattats av tv\u00e5 (2) p\u00e5 varandra f\u00f6ljande m\u00f6ten \u2014 varav ett skall vara \u00e5rsm\u00f6te \u2014 och vid vart och ett av dessa ha bitr\u00e4tts av minst tv\u00e5 tredjedelar (2\/3) av de r\u00f6stande medlemmarna.<\/p>\n<p>&nbsp;<\/p>\n<p>&nbsp;<\/p>\n<p>&nbsp;<\/p>\n<p>&nbsp;<\/p>\n<p>&nbsp;<\/p>\n<p>&nbsp;<\/p>\n<p>&nbsp;<\/p>\n<p>[\/et_pb_text][\/et_pb_column_inner][\/et_pb_row_inner][\/et_pb_column][et_pb_column type=&#8221;1_4&#8243; _builder_version=&#8221;3.25&#8243; custom_padding=&#8221;|||&#8221; global_colors_info=&#8221;{}&#8221; custom_padding__hover=&#8221;|||&#8221;][et_pb_image src=&#8221;http:\/\/marinkamraterna.se\/sundsvall\/wp-content\/uploads\/sites\/3\/2021\/04\/oql0evyd_n8.jpg&#8221; alt=&#8221;body of water during golden hour&#8221; title_text=&#8221;Photo by Joseph Barrientos&#8221; _builder_version=&#8221;4.9.4&#8243; _module_preset=&#8221;default&#8221; custom_margin=&#8221;||10px||false|false&#8221; custom_padding=&#8221;||||false|false&#8221; global_colors_info=&#8221;{}&#8221;][\/et_pb_image][et_pb_text _builder_version=&#8221;4.13.1&#8243; _module_preset=&#8221;default&#8221; text_font=&#8221;||on||||||&#8221; text_font_size=&#8221;14px&#8221; global_colors_info=&#8221;{}&#8221;][\/et_pb_text][et_pb_sidebar orientation=&#8221;right&#8221; area=&#8221;et_pb_widget_area_5&#8243; module_class=&#8221;right-menues&#8221; _builder_version=&#8221;4.9.11&#8243; _module_preset=&#8221;default&#8221; custom_margin=&#8221;||0px||false|false&#8221; global_module=&#8221;35107&#8243; saved_tabs=&#8221;all&#8221; global_colors_info=&#8221;{}&#8221;][\/et_pb_sidebar][et_pb_sidebar orientation=&#8221;right&#8221; _builder_version=&#8221;4.9.4&#8243; _module_preset=&#8221;default&#8221; header_font=&#8221;|600||on|||||&#8221; header_font_size=&#8221;20px&#8221; global_module=&#8221;33531&#8243; saved_tabs=&#8221;all&#8221; locked=&#8221;off&#8221; global_colors_info=&#8221;{}&#8221;][\/et_pb_sidebar][\/et_pb_column][\/et_pb_section]<\/p>\n","protected":false},"excerpt":{"rendered":"<p>\u00a0 \u00a0 \u00a0 \u00a0 \u00a0 \u00a0 \u00a0 \u00a0 \u00a0 \u00a0 \u00a0 \u00a0 \u00a0 \u00a0 \u00a0 \u00a0 \u00a0 \u00a0 \u00a0 \u00a0 \u00a0 \u00a0 \u00a0 \u00a0 \u00a0STADGAR \u00a0 \u00a0 \u00a0 \u00a0 \u00a0 \u00a0 \u00a0 \u00a0 \u00a0 \u00a0 \u00a0 \u00a0 \u00a0 \u00a0 \u00a0 \u00a0 \u00a0 \u00a0 \u00a0 \u00a0 \u00a0 \u00a0 \u00a0 \u00a0 \u00a0 \u00a0 \u00a0 \u00a0 \u00a0 \u00a0 [&hellip;]<\/p>\n","protected":false},"author":1,"featured_media":0,"parent":33152,"menu_order":4,"comment_status":"closed","ping_status":"closed","template":"","meta":{"_et_pb_use_builder":"on","_et_pb_old_content":"","_et_gb_content_width":"","iawp_total_views":15,"footnotes":""},"class_list":["post-33990","page","type-page","status-publish","hentry"],"_links":{"self":[{"href":"https:\/\/marinkamraterna.se\/sundsvall\/wp-json\/wp\/v2\/pages\/33990","targetHints":{"allow":["GET"]}}],"collection":[{"href":"https:\/\/marinkamraterna.se\/sundsvall\/wp-json\/wp\/v2\/pages"}],"about":[{"href":"https:\/\/marinkamraterna.se\/sundsvall\/wp-json\/wp\/v2\/types\/page"}],"author":[{"embeddable":true,"href":"https:\/\/marinkamraterna.se\/sundsvall\/wp-json\/wp\/v2\/users\/1"}],"replies":[{"embeddable":true,"href":"https:\/\/marinkamraterna.se\/sundsvall\/wp-json\/wp\/v2\/comments?post=33990"}],"version-history":[{"count":10,"href":"https:\/\/marinkamraterna.se\/sundsvall\/wp-json\/wp\/v2\/pages\/33990\/revisions"}],"predecessor-version":[{"id":35937,"href":"https:\/\/marinkamraterna.se\/sundsvall\/wp-json\/wp\/v2\/pages\/33990\/revisions\/35937"}],"up":[{"embeddable":true,"href":"https:\/\/marinkamraterna.se\/sundsvall\/wp-json\/wp\/v2\/pages\/33152"}],"wp:attachment":[{"href":"https:\/\/marinkamraterna.se\/sundsvall\/wp-json\/wp\/v2\/media?parent=33990"}],"curies":[{"name":"wp","href":"https:\/\/api.w.org\/{rel}","templated":true}]}}