{"id":23,"date":"2020-12-09T16:01:15","date_gmt":"2020-12-09T15:01:15","guid":{"rendered":"https:\/\/wwps.se\/?page_id=23"},"modified":"2026-03-13T13:35:14","modified_gmt":"2026-03-13T12:35:14","slug":"startsidan","status":"publish","type":"page","link":"https:\/\/marinkamraterna.se\/trelleborg\/","title":{"rendered":"Startsidan"},"content":{"rendered":"<p>[et_pb_section fb_built=&#8221;1&#8243; use_custom_gutter=&#8221;on&#8221; gutter_width=&#8221;2&#8243; specialty=&#8221;on&#8221; padding_top_1=&#8221;45px&#8221; padding_top_2=&#8221;45px&#8221; padding_right_1=&#8221;50px&#8221; padding_right_2=&#8221;30px&#8221; padding_left_1=&#8221;50px&#8221; padding_left_2=&#8221;30px&#8221; padding_top_bottom_link_1=&#8221;false&#8221; padding_top_bottom_link_2=&#8221;false&#8221; padding_left_right_link_1=&#8221;true&#8221; padding_left_right_link_2=&#8221;true&#8221; padding_1_tablet=&#8221;&#8221; padding_1_phone=&#8221;&#8221; padding_1_last_edited=&#8221;on|desktop&#8221; custom_css_main_2=&#8221;border-left: 1px solid #eeeeee&#8221; _builder_version=&#8221;4.16&#8243; _module_preset=&#8221;default&#8221; inner_width=&#8221;100%&#8221; custom_margin=&#8221;||||false|false&#8221; custom_padding=&#8221;0px||||false|false&#8221; global_colors_info=&#8221;{}&#8221;][et_pb_column type=&#8221;2_3&#8243; specialty_columns=&#8221;2&#8243; _builder_version=&#8221;4.16&#8243; custom_padding=&#8221;|||&#8221; global_colors_info=&#8221;{}&#8221; custom_padding__hover=&#8221;|||&#8221;][et_pb_row_inner _builder_version=&#8221;4.16&#8243; _module_preset=&#8221;default&#8221; custom_margin=&#8221;0px||||false|false&#8221; custom_padding=&#8221;0px||||false|false&#8221; global_colors_info=&#8221;{}&#8221;][et_pb_column_inner saved_specialty_column_type=&#8221;2_3&#8243; _builder_version=&#8221;4.16&#8243; _module_preset=&#8221;default&#8221; global_colors_info=&#8221;{}&#8221;][et_pb_text _builder_version=&#8221;4.16&#8243; _module_preset=&#8221;default&#8221; global_colors_info=&#8221;{}&#8221;]<\/p>\n<p><span style=\"font-size: x-large\">V\u00e4lkommen till Marinkamraterna i Trelleborg<\/span><\/p>\n<p>Om du forts\u00e4tter Hansagatan s\u00f6derut finns risk att du hamnar i Travem\u00fcnde<\/p>\n<p><span style=\"font-size: small\"><img loading=\"lazy\" decoding=\"async\" src=\"https:\/\/marinkamraterna.se\/trelleborg\/wp-content\/uploads\/sites\/27\/2022\/03\/IMG_0001-600x450.jpg\" width=\"600\" height=\"450\" alt=\"\" class=\"wp-image-41091 alignnone size-medium\" \/><\/span><\/p>\n<h1><\/h1>\n<p>[\/et_pb_text][et_pb_text _builder_version=&#8221;4.16&#8243; _module_preset=&#8221;default&#8221; global_colors_info=&#8221;{}&#8221;]<\/p>\n<p><span style=\"font-size: large\">Kommunens drivhus \u00e4r fulla av exotiska v\u00e4xter<\/span><\/p>\n<p>[\/et_pb_text][et_pb_image src=&#8221;https:\/\/marinkamraterna.se\/trelleborg\/wp-content\/uploads\/sites\/27\/2022\/03\/IMG_0129.jpg&#8221; title_text=&#8221;IMG 0129&#8243; _builder_version=&#8221;4.16&#8243; _module_preset=&#8221;default&#8221; global_colors_info=&#8221;{}&#8221;][\/et_pb_image][et_pb_text _builder_version=&#8221;4.16&#8243; _module_preset=&#8221;default&#8221; global_colors_info=&#8221;{}&#8221;]<\/p>\n<p><span style=\"font-size: large\">Trelleborg har f\u00f6rvisso sina begr\u00e4nsningar,<\/span><\/p>\n<p><span style=\"font-size: large\">Hit men inte l\u00e4ngre!\u00a0<\/span><\/p>\n<p>[\/et_pb_text][et_pb_text _builder_version=&#8221;4.16&#8243; _module_preset=&#8221;default&#8221; global_colors_info=&#8221;{}&#8221;]<\/p>\n<h3><img loading=\"lazy\" decoding=\"async\" src=\"https:\/\/marinkamraterna.se\/trelleborg\/wp-content\/uploads\/sites\/27\/2022\/03\/IMG_0037-600x450.jpg\" width=\"600\" height=\"450\" alt=\"\" class=\"wp-image-41103 alignnone size-medium\" \/> <img loading=\"lazy\" decoding=\"async\" src=\"https:\/\/marinkamraterna.se\/trelleborg\/wp-content\/uploads\/sites\/27\/2022\/03\/IMG_0022-600x450.jpg\" width=\"600\" height=\"450\" alt=\"\" class=\"wp-image-41100 alignnone size-medium\" \/><\/h3>\n<p>&nbsp;<\/p>\n<p>[\/et_pb_text][et_pb_text _builder_version=&#8221;4.16&#8243; _module_preset=&#8221;default&#8221; global_colors_info=&#8221;{}&#8221;]<\/p>\n<h3>Porten till kontinenten Klicka p\u00e5 n\u00e5gon av l\u00e4nkarna nedan<\/h3>\n<h3>\u00a0<span style=\"font-size: medium\"><a href=\"https:\/\/www.filmarkivet.se\/movies\/trelleborg-porten-mot-kontinenten\/\">Trelleborg \u2013 porten mot kontinenten Filmarkivet.se \u2014 Hundra \u00e5r i r\u00f6rliga bilder<\/a>\u00a0 \u00a0<\/span> \u00a0<\/h3>\n<h3>https:\/\/www.filmarkivet.se\/movies\/trelleborg-kontinentalstaden\/<\/h3>\n<p>[\/et_pb_text][et_pb_text _builder_version=&#8221;4.16&#8243; _module_preset=&#8221;default&#8221; global_colors_info=&#8221;{}&#8221;]<\/p>\n<p><img loading=\"lazy\" decoding=\"async\" src=\"https:\/\/marinkamraterna.se\/trelleborg\/wp-content\/uploads\/sites\/27\/2022\/03\/IMG_0058tj-600x452.jpg\" width=\"600\" height=\"452\" alt=\"\" class=\"wp-image-41079 alignnone size-medium\" \/><\/p>\n<p>[\/et_pb_text][et_pb_text _builder_version=&#8221;4.16&#8243; _module_preset=&#8221;default&#8221; global_colors_info=&#8221;{}&#8221;]<\/p>\n<p>Trelleborgskonstn\u00e4ren Axel Ebbe, som har ett eget museum i staden, gjorde konstverk vars inneh\u00e5ll tyv\u00e4rr \u00e4r aktuella \u00e4n idag.<\/p>\n<p>Denna relief i brons heter Leksaken och sitter inmurad i v\u00e4ggen bredvid ing\u00e5ngsporten till mus\u00e9et.\u00a0\u00a0<\/p>\n<p>&nbsp;<\/p>\n<p>[\/et_pb_text][\/et_pb_column_inner][\/et_pb_row_inner][\/et_pb_column][et_pb_column type=&#8221;1_3&#8243; _builder_version=&#8221;4.16&#8243; custom_padding=&#8221;|||&#8221; global_colors_info=&#8221;{}&#8221; custom_padding__hover=&#8221;|||&#8221;][et_pb_blurb title=&#8221;Aktuellt&#8221; use_icon=&#8221;on&#8221; font_icon=&#8221;&#xe080;||divi||400&#8243; icon_placement=&#8221;left&#8221; _builder_version=&#8221;4.16&#8243; _module_preset=&#8221;default&#8221; header_font=&#8221;|600||on|||||&#8221; header_font_size=&#8221;20px&#8221; border_width_bottom=&#8221;2px&#8221; border_color_bottom=&#8221;#0C71C3&#8243; locked=&#8221;on&#8221; global_colors_info=&#8221;{}&#8221;][\/et_pb_blurb][et_pb_blog posts_number=&#8221;3&#8243; meta_date=&#8221;j F, Y&#8221; show_thumbnail=&#8221;off&#8221; use_manual_excerpt=&#8221;off&#8221; show_more=&#8221;on&#8221; show_author=&#8221;off&#8221; show_categories=&#8221;off&#8221; show_pagination=&#8221;off&#8221; module_class=&#8221;aktuellt-startsidan&#8221; _builder_version=&#8221;4.16&#8243; _module_preset=&#8221;default&#8221; header_font=&#8221;||||||||&#8221; header_font_size=&#8221;20px&#8221; body_font_size=&#8221;14px&#8221; meta_font=&#8221;||on||||||&#8221; meta_font_size=&#8221;14px&#8221; meta_line_height=&#8221;1em&#8221; read_more_font=&#8221;|600||on|||||&#8221; custom_margin=&#8221;||||false|false&#8221; custom_padding=&#8221;||||false|false&#8221; locked=&#8221;on&#8221; global_colors_info=&#8221;{}&#8221;][\/et_pb_blog][et_pb_button button_url=&#8221;\/trelleborg\/kategori\/nyheter\/&#8221; button_text=&#8221;Se alla nyheter&#8221; button_alignment=&#8221;right&#8221; _builder_version=&#8221;4.16&#8243; _module_preset=&#8221;default&#8221; custom_button=&#8221;on&#8221; button_text_size=&#8221;15px&#8221; button_on_hover=&#8221;off&#8221; custom_margin=&#8221;||50px||false|false&#8221; locked=&#8221;on&#8221; global_colors_info=&#8221;{}&#8221;][\/et_pb_button][et_pb_blurb title=&#8221;Kalendarium&#8221; use_icon=&#8221;on&#8221; font_icon=&#8221;&#xe025;||divi||400&#8243; icon_placement=&#8221;left&#8221; _builder_version=&#8221;4.16&#8243; _module_preset=&#8221;default&#8221; header_font=&#8221;|600||on|||||&#8221; header_font_size=&#8221;20px&#8221; border_width_bottom=&#8221;2px&#8221; border_color_bottom=&#8221;#0C71C3&#8243; locked=&#8221;on&#8221; global_colors_info=&#8221;{}&#8221;][\/et_pb_blurb][et_pb_sidebar area=&#8221;et_pb_widget_area_1&#8243; _builder_version=&#8221;4.16&#8243; _module_preset=&#8221;default&#8221; locked=&#8221;on&#8221; global_colors_info=&#8221;{}&#8221;][\/et_pb_sidebar][et_pb_blurb title=&#8221;Aktuellt F\u00f6rbundet&#8221; use_icon=&#8221;on&#8221; font_icon=&#8221;&#xe080;||divi||400&#8243; icon_placement=&#8221;left&#8221; _builder_version=&#8221;4.16&#8243; _module_preset=&#8221;default&#8221; header_font=&#8221;|600||on|||||&#8221; header_font_size=&#8221;20px&#8221; border_width_bottom=&#8221;2px&#8221; border_color_bottom=&#8221;#0C71C3&#8243; locked=&#8221;on&#8221; global_colors_info=&#8221;{}&#8221;][\/et_pb_blurb][et_pb_code _builder_version=&#8221;4.16&#8243; _module_preset=&#8221;default&#8221; locked=&#8221;on&#8221; global_colors_info=&#8221;{}&#8221;]<div class=\"wpra-display align\" data-display-id=\"1\" hx-target=\"this\" hx-swap=\"outerHTML\">    <div class=\"wp-rss-aggregator wpra-list-template \">\n        <ul class=\"rss-aggregator wpra-item-list \" start=\"1\">\n                <li class=\"wpra-item feed-item \">\n        <a href=\"https:\/\/marinkamraterna.se\/aktuellt\/2026\/04\/02\/forlangd-anmalningstid-till-riks-26\/\" class=\"\" target=\"_blank\" rel=\"noopener noreferrer nofollow\" style=\"\">F\u00f6rl\u00e4ngd anm\u00e4lningstid till Riks 26<\/a>\n\n        <div class=\"wprss-feed-meta\">\n            \n                <span class=\"feed-date\">\n        Publicerad 2026-04-02\n    <\/span>\n            \n        <\/div>\n\n        \n    <\/li>    <li class=\"wpra-item feed-item \">\n        <a href=\"https:\/\/marinkamraterna.se\/aktuellt\/2026\/02\/10\/riksarsmotet-2026\/\" class=\"\" target=\"_blank\" rel=\"noopener noreferrer nofollow\" style=\"\">Riks\u00e5rsm\u00f6tet 2026<\/a>\n\n        <div class=\"wprss-feed-meta\">\n            \n                <span class=\"feed-date\">\n        Publicerad 2026-02-10\n    <\/span>\n            \n        <\/div>\n\n        \n    <\/li>    <li class=\"wpra-item feed-item \">\n        <a href=\"https:\/\/marinkamraterna.se\/aktuellt\/2025\/12\/02\/hemsidorna-har-nu-bytt-adress\/\" class=\"\" target=\"_blank\" rel=\"noopener noreferrer nofollow\" style=\"\">Hemsidorna har nu bytt adress<\/a>\n\n        <div class=\"wprss-feed-meta\">\n            \n                <span class=\"feed-date\">\n        Publicerad 2025-12-02\n    <\/span>\n            \n        <\/div>\n\n        \n    <\/li>\n        <\/ul>\n    <\/div> <\/div>[\/et_pb_code][et_pb_button button_url=&#8221;\/kategori\/riksnyheter\/&#8221; url_new_window=&#8221;on&#8221; button_text=&#8221;Se alla f\u00f6rbundsnyheter&#8221; button_alignment=&#8221;right&#8221; _builder_version=&#8221;4.16&#8243; _module_preset=&#8221;default&#8221; custom_button=&#8221;on&#8221; button_text_size=&#8221;15px&#8221; button_on_hover=&#8221;off&#8221; custom_margin=&#8221;||||false|false&#8221; locked=&#8221;on&#8221; global_colors_info=&#8221;{}&#8221;][\/et_pb_button][\/et_pb_column][\/et_pb_section][et_pb_section fb_built=&#8221;1&#8243; _builder_version=&#8221;4.16&#8243; _module_preset=&#8221;default&#8221; global_colors_info=&#8221;{}&#8221;][\/et_pb_section]<\/p>\n","protected":false},"excerpt":{"rendered":"<p>V\u00e4lkommen till Marinkamraterna i Trelleborg Om du forts\u00e4tter Hansagatan s\u00f6derut finns risk att du hamnar i Travem\u00fcnde Kommunens drivhus \u00e4r fulla av exotiska v\u00e4xterTrelleborg har f\u00f6rvisso sina begr\u00e4nsningar, Hit men inte l\u00e4ngre!\u00a0 &nbsp;Porten till kontinenten Klicka p\u00e5 n\u00e5gon av l\u00e4nkarna nedan \u00a0Trelleborg \u2013 porten mot kontinenten Filmarkivet.se \u2014 Hundra \u00e5r i r\u00f6rliga bilder\u00a0 \u00a0 \u00a0 [&hellip;]<\/p>\n","protected":false},"author":24,"featured_media":0,"parent":0,"menu_order":0,"comment_status":"closed","ping_status":"closed","template":"","meta":{"_et_pb_use_builder":"on","_et_pb_old_content":"","_et_gb_content_width":"","iawp_total_views":4041,"footnotes":""},"class_list":["post-23","page","type-page","status-publish","hentry"],"_links":{"self":[{"href":"https:\/\/marinkamraterna.se\/trelleborg\/wp-json\/wp\/v2\/pages\/23","targetHints":{"allow":["GET"]}}],"collection":[{"href":"https:\/\/marinkamraterna.se\/trelleborg\/wp-json\/wp\/v2\/pages"}],"about":[{"href":"https:\/\/marinkamraterna.se\/trelleborg\/wp-json\/wp\/v2\/types\/page"}],"author":[{"embeddable":true,"href":"https:\/\/marinkamraterna.se\/trelleborg\/wp-json\/wp\/v2\/users\/24"}],"replies":[{"embeddable":true,"href":"https:\/\/marinkamraterna.se\/trelleborg\/wp-json\/wp\/v2\/comments?post=23"}],"version-history":[{"count":13,"href":"https:\/\/marinkamraterna.se\/trelleborg\/wp-json\/wp\/v2\/pages\/23\/revisions"}],"predecessor-version":[{"id":42939,"href":"https:\/\/marinkamraterna.se\/trelleborg\/wp-json\/wp\/v2\/pages\/23\/revisions\/42939"}],"wp:attachment":[{"href":"https:\/\/marinkamraterna.se\/trelleborg\/wp-json\/wp\/v2\/media?parent=23"}],"curies":[{"name":"wp","href":"https:\/\/api.w.org\/{rel}","templated":true}]}}