{"id":33353,"date":"2021-04-05T13:38:35","date_gmt":"2021-04-05T11:38:35","guid":{"rendered":"https:\/\/andersa6.sg-host.com\/?page_id=33353"},"modified":"2023-01-24T18:53:38","modified_gmt":"2023-01-24T17:53:38","slug":"program","status":"publish","type":"page","link":"https:\/\/marinkamraterna.se\/trelleborg\/startsidan\/program\/","title":{"rendered":"Program"},"content":{"rendered":"<p>[et_pb_section fb_built=&#8221;1&#8243; specialty=&#8221;on&#8221; padding_top_1=&#8221;45px&#8221; padding_top_2=&#8221;45px&#8221; padding_top_bottom_link_1=&#8221;false&#8221; padding_top_bottom_link_2=&#8221;false&#8221; padding_left_right_link_1=&#8221;false&#8221; padding_left_right_link_2=&#8221;false&#8221; admin_label=&#8221;Sektion&#8221; _builder_version=&#8221;4.16&#8243; _module_preset=&#8221;default&#8221; custom_margin=&#8221;||||false|false&#8221; custom_padding=&#8221;0px||||false|false&#8221; locked=&#8221;off&#8221; global_colors_info=&#8221;{}&#8221;][et_pb_column type=&#8221;3_4&#8243; specialty_columns=&#8221;3&#8243; _builder_version=&#8221;4.16&#8243; custom_padding=&#8221;|||&#8221; global_colors_info=&#8221;{}&#8221; custom_padding__hover=&#8221;|||&#8221;][et_pb_row_inner _builder_version=&#8221;4.16&#8243; _module_preset=&#8221;default&#8221; custom_padding=&#8221;0px||||false|false&#8221; global_colors_info=&#8221;{}&#8221;][et_pb_column_inner saved_specialty_column_type=&#8221;3_4&#8243; _builder_version=&#8221;4.16&#8243; _module_preset=&#8221;default&#8221; global_colors_info=&#8221;{}&#8221;][et_pb_post_title meta=&#8221;off&#8221; featured_image=&#8221;off&#8221; _builder_version=&#8221;4.16&#8243; _module_preset=&#8221;default&#8221; title_font_size=&#8221;35px&#8221; global_colors_info=&#8221;{}&#8221;][\/et_pb_post_title][et_pb_text _builder_version=&#8221;4.18.0&#8243; _module_preset=&#8221;default&#8221; global_colors_info=&#8221;{}&#8221;]<\/p>\n<h1><\/h1>\n<p>&nbsp;<\/p>\n<p>&nbsp;<\/p>\n<h1>Program 2023 f\u00f6r Flottans M\u00e4n, Trelleborg<\/h1>\n<p>&nbsp;<\/p>\n<p><em>V\u00e5ra medlemsm\u00f6ten h\u00e5lls klockan 18.30 i m\u00f6teslokalen, Maskingatan 2, Trelleborg.<\/em><\/p>\n<p><em>Programmet tj\u00e4nar ocks\u00e5 som kallelse till dessa m\u00f6ten. <\/em><\/p>\n<p><em>\u00a0<\/em><\/p>\n<p><em>Varm mat serveras vid v\u00e5ra m\u00f6ten.\u00a0 F\u00f6r att Jonny ska kunna ber\u00e4kna \u00e5tg\u00e5ngen av mat och f\u00f6rbereda tillagningen b\u00f6r anm\u00e4lan om deltagande g\u00f6ras senast klockan 18:00 m\u00e5ndagen f\u00f6re aktuellt m\u00f6te.<\/em><\/p>\n<p><em>\u00a0<\/em><\/p>\n<p><em>OBS! Anm\u00e4lan g\u00f6rs till Klubbm\u00e4staren, Jonny Svenning, mobiltelefon 0709\u2013503206.<\/em><\/p>\n<p><em>\u00a0<\/em><\/p>\n<p>&nbsp;<\/p>\n<p>Torsdagen 12 januari<\/p>\n<p><strong>Ub\u00e5tsk\u00e5serier.<\/strong> Hans (Ub\u00e5ts-Hasse) Carlsson ber\u00e4ttar om Ub\u00e5tsskolan 1911.<\/p>\n<p><em>(Programansvarig Maths Witt).<\/em><\/p>\n<p><em>\u00a0<\/em><\/p>\n<p>Torsdagen 9 februari, <strong>NB! M\u00f6tet startar kl. 18.00.<\/strong><\/p>\n<p><strong>\u00c5rsm\u00f6te.<\/strong> Stadgeenliga \u00e5rsm\u00f6tesf\u00f6rhandlingar enligt s\u00e4rskild dagordning. Efter m\u00f6tet serveras \u00e4rtsoppa och pannkaka med sylt.<\/p>\n<p>&nbsp;<\/p>\n<p>Fredagen 10 februari.<\/p>\n<p><strong>FM Trelleborg 20-\u00e5rsjubileum<\/strong>.<br \/>Festen avh\u00e5lls i Odd Fellow-lokalen, J\u00e4rnv\u00e4gsgatan, Trelleborg kl. 18.00.<\/p>\n<p>&nbsp;<\/p>\n<p>Torsdagen 9 mars<\/p>\n<p><strong>Flottans M\u00e4n inf\u00f6r framtiden och uppdatering situationsanalys f\u00f6r Marinen.<\/strong><\/p>\n<p>FM nye ordf\u00f6rande Konteramiral Thomas Engevall ber\u00e4ttar.<\/p>\n<p><em>(Programansvarig Sonny Spurr) <\/em><\/p>\n<p>&nbsp;<\/p>\n<p>Torsdagen 13 april<\/p>\n<p><strong>Potatisbr\u00e4nnvin fr\u00e5n Sm\u00e5land<\/strong>. Anders Wendt fr\u00e5n Kyrkeby Br\u00e4nneri ber\u00e4ttar om \u00e4dla drycker.<\/p>\n<p><em>(Programansvarig Maths Witt)<\/em><\/p>\n<p>&nbsp;<\/p>\n<p>S\u00f6ndag \u2013 Tisdag 7 \u2013 9 maj<\/p>\n<p><strong>FM Riks\u00e5rsm\u00f6te<\/strong>, Stockholm \u2013 Helsingfors med Silja Symphony. Se \u00e4ven Flottans M\u00e4n Tidning.<\/p>\n<p>&nbsp;<\/p>\n<p>Torsdagen 11 maj<\/p>\n<p><strong>SSRS Sj\u00f6r\u00e4ddningen. <\/strong>Representanter f\u00f6r SSRS ber\u00e4ttar om verksamheten.<\/p>\n<p><em>(Programansvarig Bengt \u00c5kesson)<\/em><\/p>\n<p>&nbsp;<\/p>\n<p>Torsdagen 8 juni<\/p>\n<p><strong>Skeppslaget Sirmione.<\/strong> Representanter f\u00f6r Skeppslaget ber\u00e4ttar om verksamheten.<\/p>\n<p><em>(Programansvarig Thomas Ohlsson)<\/em><\/p>\n<p>&nbsp;<\/p>\n<p><strong>Sommaruppeh\u00e5ll<\/strong><\/p>\n<p>9 juni &#8211; 9 augusti<\/p>\n<p>&nbsp;<\/p>\n<p>Torsdagen 10 augusti<\/p>\n<p><strong>V\u00e5rt Trelleborg. <\/strong>Representanter f\u00f6r F\u00f6reningen Gamla Trelleborg ber\u00e4ttar om Rune Andersson, Trelleborg AB och TFF.<\/p>\n<p><em>(Programansvarig Sonny Spurr)<\/em><\/p>\n<p>&nbsp;<\/p>\n<p>Torsdagen 14 september<\/p>\n<p><strong>Minor och annat otrevligt i svenska vatten.<\/strong> Chefen f\u00f6r 33 minr\u00f6jningsdivisionen kommend\u00f6rkapten Bengt Forssman ber\u00e4ttar.<\/p>\n<p><em>(Programansvarig Maths Witt) <\/em><\/p>\n<p>&nbsp;<\/p>\n<p>Torsdagen 12 oktober<\/p>\n<p><strong>H\u00f6stm\u00f6te och ljugarkv\u00e4ll.<\/strong> Efter m\u00f6tet serveras tyska l\u00e4ckerheter.<\/p>\n<p><em>(Programansvariga Sonny Spurr och Jonny Svenning).<\/em><\/p>\n<p><em>\u00a0<\/em><\/p>\n<p>L\u00f6rdagen 4 november klockan 14.00<\/p>\n<p><strong>Minnesstund vid den Ok\u00e4nde Sj\u00f6mannens Grav. <\/strong>Med v\u00e5r kaplan N.N.<\/p>\n<p>V\u00e5ra damer \u00e4r v\u00e4lkomna att deltaga. Plats Norra Kyrkog\u00e5rden.<\/p>\n<p><em>(Programansvarig Bengt Grip)<\/em><\/p>\n<p>&nbsp;<\/p>\n<p>Torsdagen 9 november<\/p>\n<p><strong>Resor med gamla fartyg i handelsflottan. <\/strong>Tommy Gyllin ber\u00e4ttar.<\/p>\n<p>(Programansvarig Jan Ohls\u00e9n)<\/p>\n<p>&nbsp;<\/p>\n<p>Torsdagen 14 december<\/p>\n<p><strong>Ub\u00e5tsk\u00e5serier.<\/strong> Hans (Ub\u00e5ts-Hasse) Carlsson ber\u00e4ttar.<\/p>\n<p><em>(Programansvarig Maths Witt).<\/em><\/p>\n<p>&nbsp;<\/p>\n<p>Torsdagen 11 januari 2024<\/p>\n<p><strong>Fartyg genom historien<\/strong>. Bertil Palm fr\u00e5n Sj\u00f6fartsmuseet ber\u00e4ttar.<\/p>\n<p><em>(Programansvarig Thomas Ohlsson)<\/em><\/p>\n<p>&nbsp;<\/p>\n<p>Torsdagen 8 februari 2024<\/p>\n<p><strong>\u00c5rsm\u00f6te.<\/strong> Stadgeenliga \u00e5rsm\u00f6tesf\u00f6rhandlingar enligt s\u00e4rskild dagordning. Efter m\u00f6tet serveras \u00e4rtsoppa och pannkaka med sylt.<\/p>\n<p>&nbsp;<\/p>\n<p>&nbsp;<\/p>\n<p>&nbsp;<\/p>\n<p>&nbsp;<\/p>\n<p>&nbsp;<\/p>\n<p><strong><em>NB! Vissa \u00e4ndringar i programmet \u00e4r n\u00e4rmast oundvikliga.<\/em><\/strong> \u00a0Information om s\u00e5dana \u00e4ndringar \u00e5terfinns p\u00e5 v\u00e5r hemsida i uppdaterade versioner av detta programblad.\u00a0<\/p>\n<p>&nbsp;<\/p>\n<p>&nbsp;<\/p>\n<p><strong><em>Eventuella ytterligare studiebes\u00f6k och\/eller utflykter informeras om separat.<br \/><\/em><\/strong><em>Ny resa till K\u00f6penhamn f\u00f6r observation av startandet av <strong>Burmeister &amp; Wains superstora dieselmotor <\/strong>inplaneras under v\u00e5ren 2023. <\/em><em>(Programansvariga Sonny Spurr och Bengt \u00c5kesson).<\/em><\/p>\n<h1><\/h1>\n<h1><\/h1>\n<h1><\/h1>\n<h1><\/h1>\n<p>&nbsp;<\/p>\n<p>[\/et_pb_text][\/et_pb_column_inner][\/et_pb_row_inner][\/et_pb_column][et_pb_column type=&#8221;1_4&#8243; _builder_version=&#8221;4.16&#8243; custom_padding=&#8221;|||&#8221; global_colors_info=&#8221;{}&#8221; custom_padding__hover=&#8221;|||&#8221;][et_pb_sidebar orientation=&#8221;right&#8221; admin_label=&#8221;Sidof\u00e4lt&#8221; _builder_version=&#8221;4.9.4&#8243; _module_preset=&#8221;default&#8221; header_font=&#8221;|600||on|||||&#8221; header_font_size=&#8221;20px&#8221; global_module=&#8221;33531&#8243; saved_tabs=&#8221;all&#8221; locked=&#8221;on&#8221; global_colors_info=&#8221;{}&#8221;][\/et_pb_sidebar][\/et_pb_column][\/et_pb_section]<\/p>\n","protected":false},"excerpt":{"rendered":"<p>&nbsp; &nbsp; Program 2023 f\u00f6r Flottans M\u00e4n, Trelleborg &nbsp; V\u00e5ra medlemsm\u00f6ten h\u00e5lls klockan 18.30 i m\u00f6teslokalen, Maskingatan 2, Trelleborg. Programmet tj\u00e4nar ocks\u00e5 som kallelse till dessa m\u00f6ten. \u00a0 Varm mat serveras vid v\u00e5ra m\u00f6ten.\u00a0 F\u00f6r att Jonny ska kunna ber\u00e4kna \u00e5tg\u00e5ngen av mat och f\u00f6rbereda tillagningen b\u00f6r anm\u00e4lan om deltagande g\u00f6ras senast klockan 18:00 m\u00e5ndagen [&hellip;]<\/p>\n","protected":false},"author":1,"featured_media":0,"parent":23,"menu_order":4,"comment_status":"closed","ping_status":"closed","template":"","meta":{"_et_pb_use_builder":"on","_et_pb_old_content":"[wpforms id=\"2000\" title=\"false\" description=\"false\"]","_et_gb_content_width":"","iawp_total_views":153,"footnotes":""},"class_list":["post-33353","page","type-page","status-publish","hentry"],"_links":{"self":[{"href":"https:\/\/marinkamraterna.se\/trelleborg\/wp-json\/wp\/v2\/pages\/33353","targetHints":{"allow":["GET"]}}],"collection":[{"href":"https:\/\/marinkamraterna.se\/trelleborg\/wp-json\/wp\/v2\/pages"}],"about":[{"href":"https:\/\/marinkamraterna.se\/trelleborg\/wp-json\/wp\/v2\/types\/page"}],"author":[{"embeddable":true,"href":"https:\/\/marinkamraterna.se\/trelleborg\/wp-json\/wp\/v2\/users\/1"}],"replies":[{"embeddable":true,"href":"https:\/\/marinkamraterna.se\/trelleborg\/wp-json\/wp\/v2\/comments?post=33353"}],"version-history":[{"count":17,"href":"https:\/\/marinkamraterna.se\/trelleborg\/wp-json\/wp\/v2\/pages\/33353\/revisions"}],"predecessor-version":[{"id":42818,"href":"https:\/\/marinkamraterna.se\/trelleborg\/wp-json\/wp\/v2\/pages\/33353\/revisions\/42818"}],"up":[{"embeddable":true,"href":"https:\/\/marinkamraterna.se\/trelleborg\/wp-json\/wp\/v2\/pages\/23"}],"wp:attachment":[{"href":"https:\/\/marinkamraterna.se\/trelleborg\/wp-json\/wp\/v2\/media?parent=33353"}],"curies":[{"name":"wp","href":"https:\/\/api.w.org\/{rel}","templated":true}]}}