{"id":33992,"date":"2021-06-04T19:14:35","date_gmt":"2021-06-04T17:14:35","guid":{"rendered":"http:\/\/andersa6.sg-host.com\/trelleborg\/?page_id=33992"},"modified":"2026-04-15T14:45:47","modified_gmt":"2026-04-15T12:45:47","slug":"verksamhet","status":"publish","type":"page","link":"https:\/\/marinkamraterna.se\/trelleborg\/startsidan\/om-foreningen\/verksamhet\/","title":{"rendered":"Verksamheter"},"content":{"rendered":"<p>[et_pb_section fb_built=&#8221;1&#8243; _builder_version=&#8221;4.19.4&#8243; _module_preset=&#8221;default&#8221; global_colors_info=&#8221;{}&#8221;][et_pb_row _builder_version=&#8221;4.20.4&#8243; _module_preset=&#8221;default&#8221; global_colors_info=&#8221;{}&#8221;][et_pb_column type=&#8221;4_4&#8243; _builder_version=&#8221;4.20.4&#8243; _module_preset=&#8221;default&#8221; global_colors_info=&#8221;{}&#8221;][et_pb_text _builder_version=&#8221;4.20.4&#8243; _module_preset=&#8221;default&#8221; global_colors_info=&#8221;{}&#8221;]<\/p>\n<h1><u>Program 2026 f\u00f6r Marinkamraterna, Trelleborg <\/u><\/h1>\n<p>&nbsp;<\/p>\n<p><em>V\u00e5ra medlemsm\u00f6ten h\u00e5lls klockan 18.30 i m\u00f6teslokalen, Maskingatan 2, Trelleborg.<\/em><\/p>\n<p><em>Programmet tj\u00e4nar ocks\u00e5 som kallelse till dessa m\u00f6ten. <\/em><\/p>\n<p><em>\u00a0V<\/em><em>arm mat serveras vid v\u00e5ra m\u00f6ten.\u00a0 F\u00f6r att Bengt Grip ska kunna ber\u00e4kna \u00e5tg\u00e5ngen av mat b\u00f6r anm\u00e4lan om deltagande g\u00f6ras senast klockan 18:00 m\u00e5ndagen f\u00f6re aktuellt m\u00f6te.<\/em><\/p>\n<p><em>\u00a0<\/em><\/p>\n<p><strong><em>OBS!<\/em><\/strong><em> Anm\u00e4lan g\u00f6rs till Klubbm\u00e4staren, Bengt Grip, mobiltelefon 0702\u2013103485.<\/em><\/p>\n<p><em>\u00a0<\/em><\/p>\n<p>&nbsp;<\/p>\n<p>Torsdagen 8 januari<\/p>\n<p><strong>Titans Haveri \u2013 Hur kunde det h\u00e4nda och vad kan vi oss l\u00e4ra av det. <\/strong>Chefsingenj\u00f6r Jan Stenvall Kockums redovisar h\u00e4ndelsen vid Titanic.<\/p>\n<p><em>(Programansvarig Maths Witt)<\/em><\/p>\n<p>&nbsp;<\/p>\n<p>Torsdagen 12 februari, <strong>NB! M\u00f6tet startar kl. 18.00.<\/strong><\/p>\n<p><strong>\u00c5rsm\u00f6te.<\/strong> Stadgeenliga \u00e5rsm\u00f6tesf\u00f6rhandlingar enligt s\u00e4rskild dagordning. Efter m\u00f6tet serveras \u00e4rtsoppa och pannkaka med sylt.<\/p>\n<p>&nbsp;<\/p>\n<p>Torsdagen 12 mars<br \/><strong>Fartyg med anknytning till Trelleborg<\/strong>. V\u00e5r egen Bertil Palm visar och ber\u00e4ttar.<\/p>\n<p><em>(Programansvarig Maths Witt)<\/em><\/p>\n<p>&nbsp;<\/p>\n<p>Torsdagen 9 april<\/p>\n<p><strong>Vad nytt i Trelleborgs hamn<\/strong><strong>.<\/strong> VD Malin Collin ber\u00e4ttar.<\/p>\n<p><em>(Programansvarig Maths Witt)<\/em><\/p>\n<p>&nbsp;<\/p>\n<p>Fredag \u2013 L\u00f6rdag 10 \u2013 11 april<\/p>\n<p><strong>M\u00f6te LOF Syd<\/strong>, Karlskrona<\/p>\n<p>&nbsp;<\/p>\n<p>S\u00f6ndag \u2013 Tisdag 3 \u2013 5 maj<\/p>\n<p><strong>FM Riks\u00e5rsm\u00f6te<\/strong>, Marstrand. Se \u00e4ven V\u00e5r Marin Tidning.<\/p>\n<p>&nbsp;<\/p>\n<p>Torsdagen 7 maj<\/p>\n<p><strong>Whiskyprovning. <\/strong>Dryckesentusiasten Johny Westerg\u00e5rd ber\u00e4ttar och l\u00e5ter oss smaka p\u00e5 Livets Vatten.<span style=\"text-decoration: line-through\"> <\/span><\/p>\n<p><em>(Programansvarig Maths Witt)<\/em><\/p>\n<p>&nbsp;<\/p>\n<p>Fredagen 29 maj<\/p>\n<p><strong>Veterandagen med Flaggvakt. <\/strong>Mer information delges inf\u00f6r veterandagen.<\/p>\n<p><em>(Programansvarig Bengt Grip)<\/em><\/p>\n<p><em><\/em><\/p>\n<p><em><\/em><\/p>\n<p>Onsdagen 10 juni <strong>(NB! Onsdag, ej torsdag)<\/strong><\/p>\n<p><strong>Sj\u00f6staden \u2013 en ny del av Trelleborg. <\/strong>Representant fr\u00e5n Trelleborg V\u00e4xer ber\u00e4ttar om planerna.<\/p>\n<p><em>(Programansvarig Maths Witt)<\/em><\/p>\n<p><em>\u00a0<\/em><\/p>\n<p>L\u00f6rdagen 27 juni<\/p>\n<p><strong>Grisfest. <\/strong>Tillsammans med FM Malm\u00f6 anordnas grillfest i v\u00e5r lokal.<\/p>\n<p><em>(Programansvarig Bengt och Katarina Grip)<\/em><\/p>\n<p><strong>\u00a0<\/strong><\/p>\n<p><strong>Sommaruppeh\u00e5ll<\/strong><\/p>\n<p>28 juni &#8211; 12 augusti<\/p>\n<p>&nbsp;<\/p>\n<p>Torsdagen 13 augusti<\/p>\n<p><strong>V\u00e5r Marin av idag<\/strong>. Chefen f\u00f6r F\u00f6rsvarsmaktens operationsledning, Viceamiral Ewa Skoog Haslum ber\u00e4ttar. FM Malm\u00f6 inbjudes.<\/p>\n<p><em>(Programansvarig Katarina Grip)<\/em><\/p>\n<p>&nbsp;<\/p>\n<p>L\u00f6rdagen x september<\/p>\n<p><strong>Hamnens Dag.<\/strong><\/p>\n<p><em>(Programansvarig Bengt Grip)<\/em><\/p>\n<p>&nbsp;<\/p>\n<p>Torsdagen 10 september<\/p>\n<p><strong>Mount Everest \u2013 V\u00e4rldens Tak<\/strong>. Lotta Wahlqvist och Anette Fredlund ber\u00e4ttar om sitt \u00e4ventyr.<\/p>\n<p><em>(Programansvarig Katarina Grip) <\/em><\/p>\n<p>&nbsp;<\/p>\n<p>Torsdagen 8 oktober<\/p>\n<p><strong>H\u00f6stm\u00f6te och ljugarkv\u00e4ll.<\/strong> Efter m\u00f6tet serveras tyska l\u00e4ckerheter.<\/p>\n<p><em>(Programansvarig Bengt Grip).<\/em><\/p>\n<p><em>\u00a0<\/em><\/p>\n<p>L\u00f6rdagen 31 oktober klockan 14.00<\/p>\n<p><strong>Minnesstund vid den Ok\u00e4nde Sj\u00f6mannens Grav. <\/strong>Med v\u00e5r Kaplan Hans Rochester.<\/p>\n<p>V\u00e5ra damer \u00e4r v\u00e4lkomna att deltaga. Plats Norra Kyrkog\u00e5rden.<\/p>\n<p><em>(Programansvarig Bengt Grip)<\/em><\/p>\n<p>&nbsp;<\/p>\n<p>Torsdagen 12 november<\/p>\n<p><strong>\u201dBlannevann\u201d. <\/strong>Mauritz Laneryd ber\u00e4ttar om f\u00f6renings- och idrottslivet i Trelleborg under 1960-, 70- och 80-talet.<\/p>\n<p>(<em>Programansvarig Bengt \u00c5kesson<\/em>)<\/p>\n<p><span style=\"text-decoration: line-through\">\u00a0<\/span><\/p>\n<p>Torsdagen 10 december<\/p>\n<p><strong>Julfest.<\/strong> Tillsammans med v\u00e5ra respektive firar vi julen.<\/p>\n<p><em>(Programansvarig Bengt Grip).<\/em><\/p>\n<p>&nbsp;<\/p>\n<p>Torsdagen 14 januari 2027<\/p>\n<p><strong>Sound VTS \u2013 \u00f6vervakning av \u00d6resund. <\/strong>Chefen f\u00f6r Sound VTS, Marco Svantesson ber\u00e4ttar om verksamheten.<\/p>\n<p><em>(Programansvarig Maths Witt)<\/em><\/p>\n<p>&nbsp;<\/p>\n<p>Torsdagen 11 februari 2027, <strong>NB! M\u00f6tet startar kl. 18.00.<\/strong><\/p>\n<p><strong>\u00c5rsm\u00f6te.<\/strong> Stadgeenliga \u00e5rsm\u00f6tesf\u00f6rhandlingar enligt s\u00e4rskild dagordning. Efter m\u00f6tet serveras \u00e4rtsoppa och pannkaka med sylt.<\/p>\n<p>&nbsp;<\/p>\n<p><strong><em>NB! Vissa \u00e4ndringar i programmet \u00e4r n\u00e4rmast oundvikliga.<\/em><\/strong> \u00a0Information om s\u00e5dana \u00e4ndringar \u00e5terfinns p\u00e5 v\u00e5r hemsida i uppdaterade versioner av detta programblad.\u00a0<\/p>\n<p>&nbsp;<\/p>\n<p><strong><em>Eventuella ytterligare studiebes\u00f6k och\/eller utflykter informeras om separat.<br \/><\/em><\/strong><em>Bes\u00f6k till Saab Kockums produktionsenhet i Landskrona; Bes\u00f6k ombord U3 Malm\u00f6 Museum, inplaneras under 2026. <\/em><em>(Programansvarig Maths Witt).<\/em><\/p>\n<p>&nbsp;<\/p>\n<p>[\/et_pb_text][\/et_pb_column][\/et_pb_row][\/et_pb_section]<\/p>\n","protected":false},"excerpt":{"rendered":"<p>Program 2026 f\u00f6r Marinkamraterna, Trelleborg &nbsp; V\u00e5ra medlemsm\u00f6ten h\u00e5lls klockan 18.30 i m\u00f6teslokalen, Maskingatan 2, Trelleborg. Programmet tj\u00e4nar ocks\u00e5 som kallelse till dessa m\u00f6ten. \u00a0Varm mat serveras vid v\u00e5ra m\u00f6ten.\u00a0 F\u00f6r att Bengt Grip ska kunna ber\u00e4kna \u00e5tg\u00e5ngen av mat b\u00f6r anm\u00e4lan om deltagande g\u00f6ras senast klockan 18:00 m\u00e5ndagen f\u00f6re aktuellt m\u00f6te. \u00a0 OBS! Anm\u00e4lan [&hellip;]<\/p>\n","protected":false},"author":1,"featured_media":0,"parent":33152,"menu_order":5,"comment_status":"closed","ping_status":"closed","template":"","meta":{"_et_pb_use_builder":"on","_et_pb_old_content":"","_et_gb_content_width":"","iawp_total_views":400,"footnotes":""},"class_list":["post-33992","page","type-page","status-publish","hentry"],"_links":{"self":[{"href":"https:\/\/marinkamraterna.se\/trelleborg\/wp-json\/wp\/v2\/pages\/33992","targetHints":{"allow":["GET"]}}],"collection":[{"href":"https:\/\/marinkamraterna.se\/trelleborg\/wp-json\/wp\/v2\/pages"}],"about":[{"href":"https:\/\/marinkamraterna.se\/trelleborg\/wp-json\/wp\/v2\/types\/page"}],"author":[{"embeddable":true,"href":"https:\/\/marinkamraterna.se\/trelleborg\/wp-json\/wp\/v2\/users\/1"}],"replies":[{"embeddable":true,"href":"https:\/\/marinkamraterna.se\/trelleborg\/wp-json\/wp\/v2\/comments?post=33992"}],"version-history":[{"count":11,"href":"https:\/\/marinkamraterna.se\/trelleborg\/wp-json\/wp\/v2\/pages\/33992\/revisions"}],"predecessor-version":[{"id":42934,"href":"https:\/\/marinkamraterna.se\/trelleborg\/wp-json\/wp\/v2\/pages\/33992\/revisions\/42934"}],"up":[{"embeddable":true,"href":"https:\/\/marinkamraterna.se\/trelleborg\/wp-json\/wp\/v2\/pages\/33152"}],"wp:attachment":[{"href":"https:\/\/marinkamraterna.se\/trelleborg\/wp-json\/wp\/v2\/media?parent=33992"}],"curies":[{"name":"wp","href":"https:\/\/api.w.org\/{rel}","templated":true}]}}