{"id":34162,"date":"2021-06-06T18:06:11","date_gmt":"2021-06-06T16:06:11","guid":{"rendered":"http:\/\/andersa6.sg-host.com\/trelleborg\/?page_id=34162"},"modified":"2026-03-13T14:31:33","modified_gmt":"2026-03-13T13:31:33","slug":"kontakt","status":"publish","type":"page","link":"https:\/\/marinkamraterna.se\/trelleborg\/startsidan\/om-foreningen\/kontakt\/","title":{"rendered":"Kontakt"},"content":{"rendered":"<p>[et_pb_section fb_built=&#8221;1&#8243; _builder_version=&#8221;4.16&#8243; _module_preset=&#8221;default&#8221; global_colors_info=&#8221;{}&#8221;][et_pb_row _builder_version=&#8221;4.16&#8243; _module_preset=&#8221;default&#8221; global_colors_info=&#8221;{}&#8221;][et_pb_column type=&#8221;4_4&#8243; _builder_version=&#8221;4.16&#8243; _module_preset=&#8221;default&#8221; global_colors_info=&#8221;{}&#8221;][et_pb_text _builder_version=&#8221;4.16&#8243; _module_preset=&#8221;default&#8221; global_colors_info=&#8221;{}&#8221;]<\/p>\n<h1>Kontakt<span style=\"font-size: large\"><\/span><\/h1>\n<p><span style=\"font-size: large\"><\/span><\/p>\n<p><span style=\"font-size: large\">Om du vill meddela n\u00e5got till hela styrelsen kan du anv\u00e4nda v\u00e5r gemensamma mailadress:<br \/><\/span><span style=\"text-decoration: underline\"><span style=\"font-size: xx-large\"><a href=\"mailto:fmtrelleborg@gmail.com\"><span style=\"color: #0c71c3;text-decoration: underline\"><span style=\"font-size: x-large\"><\/span><\/span><\/a><span style=\"font-size: x-large\"><a href=\"mailto:Trelleborg@flottansman.se\">trelleborg@<span>marinkamraterna.se<\/span><\/a><\/span><\/span><\/span><\/p>\n<p><span style=\"font-size: large\">Du \u00e4r \u00e4ven v\u00e4lkommen att kontakta n\u00e5gon i styrelsen, se under flik &#8221;Styrelse&#8221;, i allehanda fr\u00e5gor som r\u00f6r v\u00e5r f\u00f6rening.<\/span><\/p>\n<p><span style=\"font-size: large\">Fr\u00e5gor som r\u00f6r uthyrning av lokalen kan st\u00e4llas till lokalv\u00e4rd:<br \/><\/span><span style=\"font-size: x-large\"><span style=\"font-size: large\">Bengt \u00c5kesson 0735 73 94 52, akessonbengtarne@gmail.com<\/span><\/span><\/p>\n<p><span style=\"font-size: x-large\"><br \/><\/span><span style=\"font-size: large\">Fr\u00e5gor som r\u00f6r hemsidan kan st\u00e4llas till v\u00e5r IT-ansvarig:<br \/><\/span><span style=\"font-size: large\">Lars Sigurdh, 072 72 72 484, lars@sigurdh.nu<\/span><\/p>\n<p>&nbsp;<\/p>\n<p>&nbsp;<\/p>\n<p>[\/et_pb_text][\/et_pb_column][\/et_pb_row][\/et_pb_section]<\/p>\n","protected":false},"excerpt":{"rendered":"<p>Kontakt Om du vill meddela n\u00e5got till hela styrelsen kan du anv\u00e4nda v\u00e5r gemensamma mailadress:trelleborg@marinkamraterna.se Du \u00e4r \u00e4ven v\u00e4lkommen att kontakta n\u00e5gon i styrelsen, se under flik &#8221;Styrelse&#8221;, i allehanda fr\u00e5gor som r\u00f6r v\u00e5r f\u00f6rening. Fr\u00e5gor som r\u00f6r uthyrning av lokalen kan st\u00e4llas till lokalv\u00e4rd:Bengt \u00c5kesson 0735 73 94 52, akessonbengtarne@gmail.com Fr\u00e5gor som r\u00f6r hemsidan [&hellip;]<\/p>\n","protected":false},"author":1,"featured_media":0,"parent":33152,"menu_order":1,"comment_status":"closed","ping_status":"closed","template":"","meta":{"_et_pb_use_builder":"on","_et_pb_old_content":"","_et_gb_content_width":"","iawp_total_views":585,"footnotes":""},"class_list":["post-34162","page","type-page","status-publish","hentry"],"_links":{"self":[{"href":"https:\/\/marinkamraterna.se\/trelleborg\/wp-json\/wp\/v2\/pages\/34162","targetHints":{"allow":["GET"]}}],"collection":[{"href":"https:\/\/marinkamraterna.se\/trelleborg\/wp-json\/wp\/v2\/pages"}],"about":[{"href":"https:\/\/marinkamraterna.se\/trelleborg\/wp-json\/wp\/v2\/types\/page"}],"author":[{"embeddable":true,"href":"https:\/\/marinkamraterna.se\/trelleborg\/wp-json\/wp\/v2\/users\/1"}],"replies":[{"embeddable":true,"href":"https:\/\/marinkamraterna.se\/trelleborg\/wp-json\/wp\/v2\/comments?post=34162"}],"version-history":[{"count":15,"href":"https:\/\/marinkamraterna.se\/trelleborg\/wp-json\/wp\/v2\/pages\/34162\/revisions"}],"predecessor-version":[{"id":42947,"href":"https:\/\/marinkamraterna.se\/trelleborg\/wp-json\/wp\/v2\/pages\/34162\/revisions\/42947"}],"up":[{"embeddable":true,"href":"https:\/\/marinkamraterna.se\/trelleborg\/wp-json\/wp\/v2\/pages\/33152"}],"wp:attachment":[{"href":"https:\/\/marinkamraterna.se\/trelleborg\/wp-json\/wp\/v2\/media?parent=34162"}],"curies":[{"name":"wp","href":"https:\/\/api.w.org\/{rel}","templated":true}]}}