{"id":35596,"date":"2021-10-12T13:46:53","date_gmt":"2021-10-12T11:46:53","guid":{"rendered":"https:\/\/andersa6.sg-host.com\/trelleborg\/?page_id=35596"},"modified":"2022-02-14T13:41:09","modified_gmt":"2022-02-14T12:41:09","slug":"havsutsikt","status":"publish","type":"page","link":"https:\/\/marinkamraterna.se\/trelleborg\/startsidan\/bilder\/havsutsikt\/","title":{"rendered":"Havsutsikt"},"content":{"rendered":"<p>[et_pb_section fb_built=&#8221;1&#8243; admin_label=&#8221;section&#8221; _builder_version=&#8221;3.22&#8243; global_colors_info=&#8221;{}&#8221;][et_pb_row admin_label=&#8221;row&#8221; _builder_version=&#8221;3.25&#8243; background_size=&#8221;initial&#8221; background_position=&#8221;top_left&#8221; background_repeat=&#8221;repeat&#8221; global_colors_info=&#8221;{}&#8221;][et_pb_column type=&#8221;4_4&#8243; _builder_version=&#8221;3.25&#8243; custom_padding=&#8221;|||&#8221; global_colors_info=&#8221;{}&#8221; custom_padding__hover=&#8221;|||&#8221;][et_pb_text admin_label=&#8221;Text&#8221; _builder_version=&#8221;4.14.7&#8243; background_size=&#8221;initial&#8221; background_position=&#8221;top_left&#8221; background_repeat=&#8221;repeat&#8221; global_colors_info=&#8221;{}&#8221;]<\/p>\n<p><span style=\"font-size: x-large\">Du som &#8221;g\u00e5tt iland&#8221; men \u00e4n en g\u00e5ng vill sitta och se solnedg\u00e5ng <\/span><span style=\"font-size: x-large\">\u00f6ver havet finns en bra b\u00e4nk p\u00e5 v\u00e4stra piren i Sk\u00e5re hamn.<\/span><\/p>\n<p>[\/et_pb_text][et_pb_image src=&#8221;https:\/\/marinkamraterna.se\/trelleborg\/wp-content\/uploads\/sites\/27\/2021\/10\/IMG_1043-1.jpg&#8221; _builder_version=&#8221;4.14.7&#8243; _module_preset=&#8221;default&#8221; alt=&#8221;Mira Mar&#8221; title_text=&#8221;Havsutsikt&#8221; hover_enabled=&#8221;0&#8243; sticky_enabled=&#8221;0&#8243;][\/et_pb_image][\/et_pb_column][\/et_pb_row][\/et_pb_section]<\/p>\n","protected":false},"excerpt":{"rendered":"<p>Du som &#8221;g\u00e5tt iland&#8221; men \u00e4n en g\u00e5ng vill sitta och se solnedg\u00e5ng \u00f6ver havet finns en bra b\u00e4nk p\u00e5 v\u00e4stra piren i Sk\u00e5re hamn.<\/p>\n","protected":false},"author":24,"featured_media":0,"parent":33357,"menu_order":0,"comment_status":"closed","ping_status":"closed","template":"","meta":{"_et_pb_use_builder":"on","_et_pb_old_content":"<img class=\"alignnone size-medium wp-image-35587\" src=\"http:\/\/marinkamraterna.se\/trelleborg\/wp-content\/uploads\/sites\/27\/2021\/10\/IMG_1043-600x450.jpg\" alt=\"\" width=\"600\" height=\"450\" \/>","_et_gb_content_width":"","iawp_total_views":21,"footnotes":""},"class_list":["post-35596","page","type-page","status-publish","hentry"],"_links":{"self":[{"href":"https:\/\/marinkamraterna.se\/trelleborg\/wp-json\/wp\/v2\/pages\/35596","targetHints":{"allow":["GET"]}}],"collection":[{"href":"https:\/\/marinkamraterna.se\/trelleborg\/wp-json\/wp\/v2\/pages"}],"about":[{"href":"https:\/\/marinkamraterna.se\/trelleborg\/wp-json\/wp\/v2\/types\/page"}],"author":[{"embeddable":true,"href":"https:\/\/marinkamraterna.se\/trelleborg\/wp-json\/wp\/v2\/users\/24"}],"replies":[{"embeddable":true,"href":"https:\/\/marinkamraterna.se\/trelleborg\/wp-json\/wp\/v2\/comments?post=35596"}],"version-history":[{"count":6,"href":"https:\/\/marinkamraterna.se\/trelleborg\/wp-json\/wp\/v2\/pages\/35596\/revisions"}],"predecessor-version":[{"id":40264,"href":"https:\/\/marinkamraterna.se\/trelleborg\/wp-json\/wp\/v2\/pages\/35596\/revisions\/40264"}],"up":[{"embeddable":true,"href":"https:\/\/marinkamraterna.se\/trelleborg\/wp-json\/wp\/v2\/pages\/33357"}],"wp:attachment":[{"href":"https:\/\/marinkamraterna.se\/trelleborg\/wp-json\/wp\/v2\/media?parent=35596"}],"curies":[{"name":"wp","href":"https:\/\/api.w.org\/{rel}","templated":true}]}}